{"id":10296,"date":"2025-06-04T11:34:23","date_gmt":"2025-06-04T14:34:23","guid":{"rendered":"https:\/\/www.fafich.ufmg.br\/psicogcom\/wordpress\/?page_id=10296"},"modified":"2025-06-04T11:38:28","modified_gmt":"2025-06-04T14:38:28","slug":"parcerias-internacionais","status":"publish","type":"page","link":"https:\/\/www.fafich.ufmg.br\/psicogcom\/parcerias-internacionais\/","title":{"rendered":"Parcerias internacionais"},"content":{"rendered":"\n<div class=\"wp-block-columns is-layout-flex wp-container-core-columns-is-layout-28f84493 wp-block-columns-is-layout-flex\">\n<div class=\"wp-block-column is-layout-flow wp-container-core-column-is-layout-9f77543f wp-block-column-is-layout-flow\">\n<div class=\"wp-block-group is-layout-constrained wp-block-group-is-layout-constrained\">\n<h2 class=\"wp-block-heading has-medium-font-size\"><a href=\"https:\/\/dyslexia-international.org\/\" target=\"_blank\" rel=\"noreferrer noopener\">Dyslexia international<\/a><\/h2>\n\n\n\n<p>Colabora\u00e7\u00e3o da professora Dra. \u00c2ngela Maria Vieira Pinheiro, do Departamento de Psicologia da UFMG, no projeto Dyslexia Internacional, coordenado pelo professor Dr. Vincent Goetry.<\/p>\n<\/div>\n\n\n\n<div class=\"wp-block-group is-layout-constrained wp-block-group-is-layout-constrained\">\n<h2 class=\"wp-block-heading has-medium-font-size\"><a href=\"https:\/\/www.iwm-tuebingen.de\/www\/de\/index.html\" target=\"_blank\" rel=\"noreferrer noopener\">Leibniz-Institut f\u00fcrWissensmedien (Alemanha)<\/a><\/h2>\n\n\n\n<p>Parceria do LND-UFMG, coordenado pelo professor Dr. Vitor Geraldi Haase, com o professor Dr. Korbinian Moeller, do Neurocognition Lab do Leibniz-Institut f\u00fcr Wissensmedien.<\/p>\n<\/div>\n\n\n\n<div class=\"wp-block-group is-layout-constrained wp-block-group-is-layout-constrained\">\n<h2 class=\"wp-block-heading has-medium-font-size\"><a href=\"https:\/\/www.rwth-aachen.de\/cms\/root\/Die-RWTH\/Einrichtungen\/Einrichtungen-A-Z\/~unk\/Hochschulaerztliche-Einrichtung\/\" target=\"_blank\" rel=\"noreferrer noopener\">Rheinische-Westphalische TechnischeHochschule Aachen (Alemanha)<\/a><\/h2>\n\n\n\n<p>Parceria do LND-UFMG, coordenado pelo professor Dr. Vitor Geraldi Haase, com os professores Dra. Helga Krinzinger, da Section Child Neuropsychology do Department of Child and Adolescent Psychiatry, e Dr. Klaus Willmes, do Department of Neurology da Rheinische-Westphalische Technische Hochschule.<\/p>\n<\/div>\n\n\n\n<div class=\"wp-block-group is-layout-constrained wp-block-group-is-layout-constrained\">\n<h2 class=\"wp-block-heading has-medium-font-size\"><a href=\"https:\/\/www.unipd.it\/\" target=\"_blank\" rel=\"noreferrer noopener\">Universit\u00e0 degli Studidi Padova (It\u00e1lia)<\/a><\/h2>\n\n\n\n<p>Parceria do LND-UFMG, coordenado pelo Professor Dr. Vitor Geraldi Haase, com a professora Dra. Irene Mammarella, do Dipartimento di Psicologia dello Sviluppo e della Socializzazione da Universit\u00e0 degli Studi di Padova.<\/p>\n<\/div>\n\n\n\n<div class=\"wp-block-group is-layout-constrained wp-block-group-is-layout-constrained\">\n<h2 class=\"wp-block-heading has-medium-font-size\"><a href=\"https:\/\/uqam.ca\/information\/presentation\/\" target=\"_blank\" rel=\"noreferrer noopener\">Universit\u00e9 du Qu\u00e9bec \u00e0Montr\u00e9al (Canad\u00e1)<\/a><\/h2>\n\n\n\n<p>Colabora\u00e7\u00e3o em projetos de pesquisa entre os professores Dr. Cristiano Mauro Assis Gomes, do Departamento de Psicologia da UFMG, e Dra. Carla Barroso da Costa, do D\u00e9partement d\u2019\u00c9ducation et P\u00e9dagogie da Universit\u00e9 du Qu\u00e9bec \u00e0 Montr\u00e9al.<\/p>\n<\/div>\n\n\n\n<div class=\"wp-block-group is-layout-constrained wp-block-group-is-layout-constrained\">\n<h2 class=\"wp-block-heading has-medium-font-size\"><a href=\"https:\/\/louisville.edu\/\" target=\"_blank\" rel=\"noreferrer noopener\">University of Loisville(EUA)<\/a><\/h2>\n\n\n\n<p>Colabora\u00e7\u00e3o em projetos de pesquisa entre as professoras Dra. Cl\u00e1udia Cardoso-Martins, do Departamento de Psicologia da UFMG, e Dra. Carolyn B. Mervys, do Department of Psychological and Brain Sciences da University of Loisville.<\/p>\n<\/div>\n\n\n\n<div class=\"wp-block-group is-layout-constrained wp-block-group-is-layout-constrained\">\n<h2 class=\"wp-block-heading has-medium-font-size\"><a href=\"https:\/\/www.utexas.edu\/\" target=\"_blank\" rel=\"noreferrer noopener\">University of Texasat Austin (EUA)<\/a><\/h2>\n\n\n\n<p>Colabora\u00e7\u00e3o em projetos de pesquisa entre as professoras Dra. Cl\u00e1udia Cardoso-Martins, do Departamento de Psicologia da UFMG, e Dra. Catharine H. Echols, do Department of Psychology University of Texas at Austin.<\/p>\n<\/div>\n<\/div>\n\n\n\n<div class=\"wp-block-column is-layout-flow wp-container-core-column-is-layout-9f77543f wp-block-column-is-layout-flow\">\n<div class=\"wp-block-group is-layout-constrained wp-block-group-is-layout-constrained\">\n<h2 class=\"wp-block-heading has-medium-font-size\"><a href=\"https:\/\/www.uni-graz.at\/de\/\" target=\"_blank\" rel=\"noreferrer noopener\">Karl-Franzens-Universit\u00e4tGraz (\u00c1ustria)<\/a><\/h2>\n\n\n\n<p>Parceria do LND-UFMG, coordenado pelo professor Dr. Vitor Geraldi Haase, com os professores Dr. Guilherme Wood, da Section for Neuropsychology, e Dra. Karin Landerl, do Institute of Psychology da Karl-Fransens-Universit\u00e4t Graz.<\/p>\n<\/div>\n\n\n\n<div class=\"wp-block-group is-layout-constrained wp-block-group-is-layout-constrained\">\n<h2 class=\"wp-block-heading has-medium-font-size\"><a href=\"https:\/\/www.uc.cl\/\" target=\"_blank\" rel=\"noreferrer noopener\">Pontificia UniversidadCat\u00f3lica de Chile<\/a><\/h2>\n\n\n\n<p>Colabora\u00e7\u00e3o em projetos de pesquisa entre os professores Dra. Marcela Mansur Alves, do Departamento de Psicologia da UFMG, e Dr. Ricardo Rosas, do Centro de Desarrollo de Tecnolog\u00edas de Inclusi\u00f3n da PUC-Chile.<\/p>\n<\/div>\n\n\n\n<div class=\"wp-block-group is-layout-constrained wp-block-group-is-layout-constrained\">\n<h2 class=\"wp-block-heading has-medium-font-size\"><a href=\"https:\/\/www.uminho.pt\/PT\" target=\"_blank\" rel=\"noreferrer noopener\">Universidade doMinho (Portugal)<\/a><\/h2>\n\n\n\n<p>Colabora\u00e7\u00e3o em projetos de pesquisa entre os professores Dr. Cristiano Mauro Assis Gomes, do Departamento de Psicologia da UFMG, e Dr. Leandro da Silva Almeida, do Departamento de Psicologia da Educa\u00e7\u00e3o e Educa\u00e7\u00e3o Especial da Universidade do Minho.<\/p>\n<\/div>\n\n\n\n<div class=\"wp-block-group is-layout-constrained wp-block-group-is-layout-constrained\">\n<h2 class=\"wp-block-heading has-medium-font-size\"><a href=\"https:\/\/www.uni-due.de\/\" target=\"_blank\" rel=\"noreferrer noopener\">Universit\u00e4t Duisburg-Essen(Alemanha)<\/a><\/h2>\n\n\n\n<p>Parceria do LND-UFMG, coordenado pelo Professor Dr. Vitor Geraldi Haase, com a professora Annemarie Fritz-Stratmann, da Faculty of Educational Sciences da Universit\u00e4t Duisburg-Essen.<\/p>\n<\/div>\n\n\n\n<div class=\"wp-block-group is-layout-constrained wp-block-group-is-layout-constrained\">\n<h2 class=\"wp-block-heading has-medium-font-size\"><a href=\"https:\/\/www.jyu.fi\/en\" target=\"_blank\" rel=\"noreferrer noopener\">University of Jyv\u00e4skyl\u00e4(Finl\u00e2ndia)<\/a><\/h2>\n\n\n\n<p>Parceria do LND-UFMG, coordenado pelo professor Dr. Vitor Geraldi Haase, com o professor Pekka R\u00e4s\u00e4nen, do Niilo M\u00e4ki Instituutti da University of Jyv\u00e4skyl\u00e4.<\/p>\n<\/div>\n\n\n\n<div class=\"wp-block-group is-layout-constrained wp-block-group-is-layout-constrained\">\n<h2 class=\"wp-block-heading has-medium-font-size\"><a href=\"https:\/\/umich.edu\/\" target=\"_blank\" rel=\"noreferrer noopener\">University of Michigan(EUA)<\/a><\/h2>\n\n\n\n<p>Colabora\u00e7\u00e3o em projetos de pesquisa entre os professores Dr. Maycoln Le\u00f4ni Martins Teodoro, do Departamento de Psicologia da UFMG, e Dr. Edward Chang, do Department of Psychology da University of Michigan.<\/p>\n<\/div>\n\n\n\n<div class=\"wp-block-group is-layout-constrained wp-block-group-is-layout-constrained\">\n<h2 class=\"wp-block-heading has-medium-font-size\"><a href=\"https:\/\/www.as.virginia.edu\/\" target=\"_blank\" rel=\"noreferrer noopener\">University of Virginia(EUA)<\/a><\/h2>\n\n\n\n<p>Colabora\u00e7\u00e3o em projetos de pesquisa entre os professores Dr. Cristiano Mauro Assis Gomes, do Departamento de Psicologia da UFMG, e Dr. Hudson Fernandes Golino, do Departamento de Psicologia da University of Virginia.<\/p>\n<\/div>\n\n\n\n<div class=\"wp-block-group is-layout-constrained wp-block-group-is-layout-constrained\">\n<h3 class=\"wp-block-heading has-medium-font-size\"><a href=\"https:\/\/wustl.edu\/\" target=\"_blank\" rel=\"noreferrer noopener\">Universidade de Washington in St Louis (EUA)<\/a><\/h3>\n\n\n\n<p>Colabora\u00e7\u00e3o em projetos de pesquisa entre os professores Ant\u00f4nio Jaeger, do departamento de psicologia da UFMG, e do professor Ian G. Dobbins, do departamento de psicologia da Universidade de Washington in St Louis.<\/p>\n<\/div>\n<\/div>\n<\/div>\n","protected":false},"excerpt":{"rendered":"<p>Dyslexia international Colabora\u00e7\u00e3o da professora Dra. \u00c2ngela Maria Vieira Pinheiro, do Departamento de Psicologia da UFMG, no projeto Dyslexia Internacional, coordenado pelo professor Dr. Vincent Goetry. Leibniz-Institut f\u00fcrWissensmedien (Alemanha) Parceria do LND-UFMG, coordenado pelo professor Dr. Vitor Geraldi Haase, com o professor Dr. Korbinian Moeller, do Neurocognition Lab do Leibniz-Institut f\u00fcr Wissensmedien. Rheinische-Westphalische TechnischeHochschule Aachen [&hellip;]<\/p>\n","protected":false},"author":2,"featured_media":0,"parent":0,"menu_order":0,"comment_status":"closed","ping_status":"closed","template":"","meta":{"_acf_changed":false,"footnotes":""},"class_list":["post-10296","page","type-page","status-publish","hentry"],"acf":[],"meta_box":[],"_links":{"self":[{"href":"https:\/\/www.fafich.ufmg.br\/psicogcom\/wp-json\/wp\/v2\/pages\/10296","targetHints":{"allow":["GET"]}}],"collection":[{"href":"https:\/\/www.fafich.ufmg.br\/psicogcom\/wp-json\/wp\/v2\/pages"}],"about":[{"href":"https:\/\/www.fafich.ufmg.br\/psicogcom\/wp-json\/wp\/v2\/types\/page"}],"author":[{"embeddable":true,"href":"https:\/\/www.fafich.ufmg.br\/psicogcom\/wp-json\/wp\/v2\/users\/2"}],"replies":[{"embeddable":true,"href":"https:\/\/www.fafich.ufmg.br\/psicogcom\/wp-json\/wp\/v2\/comments?post=10296"}],"version-history":[{"count":6,"href":"https:\/\/www.fafich.ufmg.br\/psicogcom\/wp-json\/wp\/v2\/pages\/10296\/revisions"}],"predecessor-version":[{"id":10303,"href":"https:\/\/www.fafich.ufmg.br\/psicogcom\/wp-json\/wp\/v2\/pages\/10296\/revisions\/10303"}],"wp:attachment":[{"href":"https:\/\/www.fafich.ufmg.br\/psicogcom\/wp-json\/wp\/v2\/media?parent=10296"}],"curies":[{"name":"wp","href":"https:\/\/api.w.org\/{rel}","templated":true}]}}