{"id":10438,"date":"2025-06-11T16:13:12","date_gmt":"2025-06-11T19:13:12","guid":{"rendered":"https:\/\/www.fafich.ufmg.br\/psicogcom\/wordpress\/?page_id=10438"},"modified":"2025-09-19T10:23:25","modified_gmt":"2025-09-19T13:23:25","slug":"posgrado-en-psicologia-cognicion-y-comportamiento","status":"publish","type":"page","link":"https:\/\/www.fafich.ufmg.br\/psicogcom\/posgrado-en-psicologia-cognicion-y-comportamiento\/","title":{"rendered":"Posgrado en Psicolog\u00eda: Cognici\u00f3n y Comportamiento"},"content":{"rendered":"\n<figure data-wp-context=\"{&quot;imageId&quot;:&quot;69e178960f543&quot;}\" data-wp-interactive=\"core\/image\" class=\"wp-block-image size-large wp-lightbox-container\"><img loading=\"lazy\" decoding=\"async\" width=\"1024\" height=\"118\" data-wp-class--hide=\"state.isContentHidden\" data-wp-class--show=\"state.isContentVisible\" data-wp-init=\"callbacks.setButtonStyles\" data-wp-on-async--click=\"actions.showLightbox\" data-wp-on-async--load=\"callbacks.setButtonStyles\" data-wp-on-async-window--resize=\"callbacks.setButtonStyles\" src=\"https:\/\/www.fafich.ufmg.br\/psicogcom\/wp-content\/uploads\/2025\/06\/Spain-1300-1024x118.jpg\" alt=\"\" class=\"wp-image-10439\" srcset=\"https:\/\/www.fafich.ufmg.br\/psicogcom\/wp-content\/uploads\/2025\/06\/Spain-1300-1024x118.jpg 1024w, https:\/\/www.fafich.ufmg.br\/psicogcom\/wp-content\/uploads\/2025\/06\/Spain-1300-300x35.jpg 300w, https:\/\/www.fafich.ufmg.br\/psicogcom\/wp-content\/uploads\/2025\/06\/Spain-1300-768x89.jpg 768w, https:\/\/www.fafich.ufmg.br\/psicogcom\/wp-content\/uploads\/2025\/06\/Spain-1300.jpg 1300w\" sizes=\"auto, (max-width: 1024px) 100vw, 1024px\" \/><button\n\t\t\tclass=\"lightbox-trigger\"\n\t\t\ttype=\"button\"\n\t\t\taria-haspopup=\"dialog\"\n\t\t\taria-label=\"Ampliar\"\n\t\t\tdata-wp-init=\"callbacks.initTriggerButton\"\n\t\t\tdata-wp-on-async--click=\"actions.showLightbox\"\n\t\t\tdata-wp-style--right=\"state.imageButtonRight\"\n\t\t\tdata-wp-style--top=\"state.imageButtonTop\"\n\t\t>\n\t\t\t<svg xmlns=\"http:\/\/www.w3.org\/2000\/svg\" width=\"12\" height=\"12\" fill=\"none\" viewBox=\"0 0 12 12\">\n\t\t\t\t<path fill=\"#fff\" d=\"M2 0a2 2 0 0 0-2 2v2h1.5V2a.5.5 0 0 1 .5-.5h2V0H2Zm2 10.5H2a.5.5 0 0 1-.5-.5V8H0v2a2 2 0 0 0 2 2h2v-1.5ZM8 12v-1.5h2a.5.5 0 0 0 .5-.5V8H12v2a2 2 0 0 1-2 2H8Zm2-12a2 2 0 0 1 2 2v2h-1.5V2a.5.5 0 0 0-.5-.5H8V0h2Z\" \/>\n\t\t\t<\/svg>\n\t\t<\/button><\/figure>\n\n\n\n<div style=\"height:50px\" aria-hidden=\"true\" class=\"wp-block-spacer\"><\/div>\n\n\n\n<h3 class=\"wp-block-heading\">Bien<strong>venida<\/strong><\/h3>\n\n\n\n<p>El programa de&nbsp;<em>Posgrado en Psicolog\u00eda: Cognici\u00f3n y Comporamiento&nbsp;<\/em>de la Universidad Federal de Minas Gerais (PPGCOGCOM\/UFMG) surgi\u00f3 en 2017, a partir del deseo de un grupo de profesores del&nbsp;<em>Programa de Posgrado en Psicolog\u00eda<\/em>&nbsp;de la UFMG de crear un espacio de investigaci\u00f3n especializada, enfocada en estudios que involucren la investigaci\u00f3n de procesos cognitivos y comportamentales, a partir de diferentes perspectivas te\u00f3ricas y metodol\u00f3gicas, dentro del campo de la Psicolog\u00eda y \u00e1reas afines.<\/p>\n\n\n\n<p>Entre los objetos de estudio contemplados se destacan la memoria, el lenguaje, la atenci\u00f3n, el comportamiento simb\u00f3lico y las dem\u00e1s funciones mentales superiores. Incluye, adem\u00e1s, investigaciones que contemplan la intervenci\u00f3n y evaluaci\u00f3n de los procesos b\u00e1sicos y superiores anteriormente citados, la evaluaci\u00f3n de patrones comportamentales y cognitivos que caracterizan la personalidad, as\u00ed como las diferencias individuales en inteligencia. Los aspectos cognitivos y conductuales citados se estudian tanto en individuos con desarrollo saludable, como en individuos con trastornos psicol\u00f3gicos y cognitivos espec\u00edficos.<\/p>\n\n\n\n<div style=\"height:50px\" aria-hidden=\"true\" class=\"wp-block-spacer\"><\/div>\n\n\n\n<h3 class=\"wp-block-heading\">Sobre <strong>nosotros<\/strong><\/h3>\n\n\n\n<p>El programa de&nbsp;<em>Posgrado en Psicolog\u00eda: Cognici\u00f3n y Comportamiento<\/em>&nbsp;(PPGCOGCOM\/UFMG) est\u00e1 formado por profesores del Departamento de Psicolog\u00eda de la Universidad Federal de Minas Gerais y est\u00e1 ubicado en la Facultad de Filosof\u00eda y Ciencias Humanas (FAFICH\/UFMG). Ofrece los cursos de Maestr\u00eda y Doctorado y sus investigaciones se organizan en dos l\u00edneas: Medici\u00f3n e Intervenci\u00f3n Psicol\u00f3gica y Neuropsicolog\u00eda del Desarrollo.<\/p>\n\n\n\n<p>El PPGCOGCOM\/UFMG tiene como objetivo la formaci\u00f3n de personal cualificado en el \u00e1rea de conocimientos de la psicolog\u00eda, con interfaz con las \u00e1reas de la salud y humanidades, para el ejercicio de actividades de ense\u00f1anza y de investigaci\u00f3n.<\/p>\n\n\n\n<p>El curso de Maestr\u00eda, con una duraci\u00f3n m\u00ednima de 12 meses y m\u00e1xima de 24 meses, tiene como objetivo la profundizaci\u00f3n del conocimiento acad\u00e9mico, as\u00ed como el desarrollo de habilidades para actividades de docencia superior y para la ejecuci\u00f3n de investigaciones que involucren las \u00e1reas de conocimiento asociadas al desarrollo neuropsicol\u00f3gico y cognitivo, procesos psicol\u00f3gicos b\u00e1sicos y medici\u00f3n en Psicolog\u00eda.<\/p>\n\n\n\n<p>El curso de Doctorado, cuya duraci\u00f3n m\u00ednima es de 24 meses y m\u00e1xima de 48 meses, tiene como objetivos, adem\u00e1s de las definidas para la Maestr\u00eda, el desarrollo de habilidades para realizar investigaciones originales e independientes en las mismas \u00e1reas de conocimiento.<\/p>\n\n\n\n<p>El PPGCOGCOM\/UFMG incentiva el establecimiento de colaboraciones nacionales e internacionales por parte de sus docentes y laboratorios. De esta forma, estimula la producci\u00f3n de investigaciones de excelencia con impacto tanto para la realidad brasile\u00f1a como mundial.<\/p>\n\n\n\n<div style=\"height:50px\" aria-hidden=\"true\" class=\"wp-block-spacer\"><\/div>\n\n\n\n<h3 class=\"wp-block-heading\">Colaboraciones <strong>internacionales<\/strong><\/h3>\n\n\n\n<ul class=\"wp-block-list\">\n<li>Profa. Annemarie Fritz-Stratmann,&nbsp;<a href=\"https:\/\/www.uni-due.de\/\" target=\"_blank\" rel=\"noreferrer noopener\">Universit\u00e4t Duisburg-Essen<\/a>&nbsp;(Alemanha)<\/li>\n\n\n\n<li>Profa. Carolyn B. Mervys,&nbsp;<a href=\"https:\/\/louisville.edu\/\">University of Loisville<\/a>&nbsp;(EUA)<\/li>\n\n\n\n<li>Profa. Carla Barroso da Costa,&nbsp;<a href=\"https:\/\/uqam.ca\/\">Universit\u00e9du Qu\u00e9bec \u00e0 Montr\u00e9al<\/a>&nbsp;(Canad\u00e1)<\/li>\n\n\n\n<li>Profa. Catharine H. Echols,&nbsp;<a href=\"https:\/\/www.utexas.edu\/\">University of Texas at Austin<\/a>&nbsp;(EUA)<\/li>\n\n\n\n<li><a href=\"https:\/\/translate.google.com\/translate?hl=en&amp;prev=_t&amp;sl=auto&amp;tl=en&amp;u=https:\/\/www.dyslexia-international.org\/\">Dyslexia International<\/a>&nbsp;(B\u00e9lgica)<\/li>\n\n\n\n<li>Prof. Edward Chang,&nbsp;<a href=\"https:\/\/www.umich.edu\/\">University of Michigan<\/a>&nbsp;(EUA)<\/li>\n\n\n\n<li>Prof. Guilherme Wood,&nbsp;<a href=\"https:\/\/www.uni-graz.at\/\" target=\"_blank\" rel=\"noreferrer noopener\">Karl-Franzens-Universit\u00e4t Graz<\/a>&nbsp;(\u00c1ustria)<\/li>\n\n\n\n<li>Profa. Helga Krinzinge,&nbsp;<a href=\"http:\/\/www.rwth-aachen.de\/cms\/~a\/root\/\" target=\"_blank\" rel=\"noreferrer noopener\">Rheinische-Westphalische Technische Hochschule Aachen<\/a>&nbsp;(Alemanha)<\/li>\n\n\n\n<li>Prof. Hudson Fernandes Golino,&nbsp;<a href=\"https:\/\/www.virginia.edu\/\">Universityof Virginia<\/a>&nbsp;(EUA)<\/li>\n\n\n\n<li>Profa. Irene Mammarella,&nbsp;<a href=\"http:\/\/www.unipd.it\/\" target=\"_blank\" rel=\"noreferrer noopener\">Universit\u00e0 degli Studi di Padova<\/a>&nbsp;(Italia)<\/li>\n\n\n\n<li>Profa. Karin Landerl,&nbsp;<a href=\"https:\/\/www.uni-graz.at\/\" target=\"_blank\" rel=\"noreferrer noopener\">Karl-Franzens-Universit\u00e4t Graz<\/a>&nbsp;(\u00c1ustria)<\/li>\n\n\n\n<li>Prof. Klaus Willmes,&nbsp;<a href=\"http:\/\/www.rwth-aachen.de\/cms\/~a\/root\/\" target=\"_blank\" rel=\"noreferrer noopener\">Rheinische-Westphalische Technische Hochschule Aachen<\/a>&nbsp;(Alemanha)<\/li>\n\n\n\n<li>Prof. Korbinian Moeller,&nbsp;<a href=\"https:\/\/www.iwm-tuebingen.de\/www\/de\/index.html\" target=\"_blank\" rel=\"noreferrer noopener\">Leibnizt-Institut f\u00fcr Wissensmedien<\/a>&nbsp;(Alemanha)<\/li>\n\n\n\n<li>Prof. Leandro S. Almeida,&nbsp;<a href=\"https:\/\/www.uminho.pt\/PT\">Universidade do Minho<\/a>&nbsp;(Portugal)<\/li>\n\n\n\n<li>Prof. Pekka R\u00e4s\u00e4nen,&nbsp;<a href=\"https:\/\/www.jyu.fi\/en\" target=\"_blank\" rel=\"noreferrer noopener\">University of Jyv\u00e4skyl\u00e4<\/a>&nbsp;(Finl\u00e2ndia)<\/li>\n\n\n\n<li>Prof. Ricardo Rosas,&nbsp;<a href=\"http:\/\/www.uc.cl\/\" target=\"_blank\" rel=\"noreferrer noopener\">Pontificia Universidad Cat\u00f3lica de Chile<\/a><\/li>\n<\/ul>\n","protected":false},"excerpt":{"rendered":"<p>Bienvenida El programa de&nbsp;Posgrado en Psicolog\u00eda: Cognici\u00f3n y Comporamiento&nbsp;de la Universidad Federal de Minas Gerais (PPGCOGCOM\/UFMG) surgi\u00f3 en 2017, a partir del deseo de un grupo de profesores del&nbsp;Programa de Posgrado en Psicolog\u00eda&nbsp;de la UFMG de crear un espacio de investigaci\u00f3n especializada, enfocada en estudios que involucren la investigaci\u00f3n de procesos cognitivos y comportamentales, a [&hellip;]<\/p>\n","protected":false},"author":2,"featured_media":0,"parent":0,"menu_order":0,"comment_status":"closed","ping_status":"closed","template":"","meta":{"_acf_changed":false,"footnotes":""},"class_list":["post-10438","page","type-page","status-publish","hentry"],"acf":[],"meta_box":[],"_links":{"self":[{"href":"https:\/\/www.fafich.ufmg.br\/psicogcom\/wp-json\/wp\/v2\/pages\/10438","targetHints":{"allow":["GET"]}}],"collection":[{"href":"https:\/\/www.fafich.ufmg.br\/psicogcom\/wp-json\/wp\/v2\/pages"}],"about":[{"href":"https:\/\/www.fafich.ufmg.br\/psicogcom\/wp-json\/wp\/v2\/types\/page"}],"author":[{"embeddable":true,"href":"https:\/\/www.fafich.ufmg.br\/psicogcom\/wp-json\/wp\/v2\/users\/2"}],"replies":[{"embeddable":true,"href":"https:\/\/www.fafich.ufmg.br\/psicogcom\/wp-json\/wp\/v2\/comments?post=10438"}],"version-history":[{"count":2,"href":"https:\/\/www.fafich.ufmg.br\/psicogcom\/wp-json\/wp\/v2\/pages\/10438\/revisions"}],"predecessor-version":[{"id":10739,"href":"https:\/\/www.fafich.ufmg.br\/psicogcom\/wp-json\/wp\/v2\/pages\/10438\/revisions\/10739"}],"wp:attachment":[{"href":"https:\/\/www.fafich.ufmg.br\/psicogcom\/wp-json\/wp\/v2\/media?parent=10438"}],"curies":[{"name":"wp","href":"https:\/\/api.w.org\/{rel}","templated":true}]}}