{"id":10441,"date":"2025-06-11T16:14:35","date_gmt":"2025-06-11T19:14:35","guid":{"rendered":"https:\/\/www.fafich.ufmg.br\/psicogcom\/wordpress\/?page_id=10441"},"modified":"2025-09-19T10:24:43","modified_gmt":"2025-09-19T13:24:43","slug":"objetivos","status":"publish","type":"page","link":"https:\/\/www.fafich.ufmg.br\/psicogcom\/posgrado-en-psicologia-cognicion-y-comportamiento\/objetivos\/","title":{"rendered":"Objetivos"},"content":{"rendered":"\n<figure data-wp-context=\"{&quot;imageId&quot;:&quot;69d0ce44dbe3d&quot;}\" data-wp-interactive=\"core\/image\" class=\"wp-block-image size-large wp-lightbox-container\"><img decoding=\"async\" data-wp-class--hide=\"state.isContentHidden\" data-wp-class--show=\"state.isContentVisible\" data-wp-init=\"callbacks.setButtonStyles\" data-wp-on-async--click=\"actions.showLightbox\" data-wp-on-async--load=\"callbacks.setButtonStyles\" data-wp-on-async-window--resize=\"callbacks.setButtonStyles\" src=\"https:\/\/www.fafich.ufmg.br\/psicogcom\/wp-content\/uploads\/2025\/06\/Spain-1300-1024x118.jpg\" alt=\"\"\/><button\n\t\t\tclass=\"lightbox-trigger\"\n\t\t\ttype=\"button\"\n\t\t\taria-haspopup=\"dialog\"\n\t\t\taria-label=\"Ampliar\"\n\t\t\tdata-wp-init=\"callbacks.initTriggerButton\"\n\t\t\tdata-wp-on-async--click=\"actions.showLightbox\"\n\t\t\tdata-wp-style--right=\"state.imageButtonRight\"\n\t\t\tdata-wp-style--top=\"state.imageButtonTop\"\n\t\t>\n\t\t\t<svg xmlns=\"http:\/\/www.w3.org\/2000\/svg\" width=\"12\" height=\"12\" fill=\"none\" viewBox=\"0 0 12 12\">\n\t\t\t\t<path fill=\"#fff\" d=\"M2 0a2 2 0 0 0-2 2v2h1.5V2a.5.5 0 0 1 .5-.5h2V0H2Zm2 10.5H2a.5.5 0 0 1-.5-.5V8H0v2a2 2 0 0 0 2 2h2v-1.5ZM8 12v-1.5h2a.5.5 0 0 0 .5-.5V8H12v2a2 2 0 0 1-2 2H8Zm2-12a2 2 0 0 1 2 2v2h-1.5V2a.5.5 0 0 0-.5-.5H8V0h2Z\" \/>\n\t\t\t<\/svg>\n\t\t<\/button><\/figure>\n\n\n\n<div style=\"height:50px\" aria-hidden=\"true\" class=\"wp-block-spacer\"><\/div>\n\n\n\n<ul class=\"wp-block-list\">\n<li>Formar investigadores y profesores de nivel superior e investigadores con alta calificaci\u00f3n, para el ejercicio de actividades de ense\u00f1anza e investigaci\u00f3n relacionadas con la psicolog\u00eda y \u00e1reas afines.<\/li>\n\n\n\n<li>Desarrollar actividades de investigaci\u00f3n relevantes en las \u00e1reas de conocimiento del desarrollo neuropsicol\u00f3gico y cognitivo, procesos psicol\u00f3gicos b\u00e1sicos y medici\u00f3n en Psicolog\u00eda.<\/li>\n\n\n\n<li>Contribuir, a trav\u00e9s del conocimiento producido y de la formaci\u00f3n de personal calificado, al ofrecimiento de servicios de excelencia en las \u00e1reas de psicolog\u00eda, salud y humanidades dirigidos a la poblaci\u00f3n en general.<\/li>\n<\/ul>\n","protected":false},"excerpt":{"rendered":"","protected":false},"author":2,"featured_media":0,"parent":10438,"menu_order":0,"comment_status":"closed","ping_status":"closed","template":"","meta":{"_acf_changed":false,"footnotes":""},"class_list":["post-10441","page","type-page","status-publish","hentry"],"acf":[],"meta_box":[],"_links":{"self":[{"href":"https:\/\/www.fafich.ufmg.br\/psicogcom\/wp-json\/wp\/v2\/pages\/10441","targetHints":{"allow":["GET"]}}],"collection":[{"href":"https:\/\/www.fafich.ufmg.br\/psicogcom\/wp-json\/wp\/v2\/pages"}],"about":[{"href":"https:\/\/www.fafich.ufmg.br\/psicogcom\/wp-json\/wp\/v2\/types\/page"}],"author":[{"embeddable":true,"href":"https:\/\/www.fafich.ufmg.br\/psicogcom\/wp-json\/wp\/v2\/users\/2"}],"replies":[{"embeddable":true,"href":"https:\/\/www.fafich.ufmg.br\/psicogcom\/wp-json\/wp\/v2\/comments?post=10441"}],"version-history":[{"count":2,"href":"https:\/\/www.fafich.ufmg.br\/psicogcom\/wp-json\/wp\/v2\/pages\/10441\/revisions"}],"predecessor-version":[{"id":10745,"href":"https:\/\/www.fafich.ufmg.br\/psicogcom\/wp-json\/wp\/v2\/pages\/10441\/revisions\/10745"}],"up":[{"embeddable":true,"href":"https:\/\/www.fafich.ufmg.br\/psicogcom\/wp-json\/wp\/v2\/pages\/10438"}],"wp:attachment":[{"href":"https:\/\/www.fafich.ufmg.br\/psicogcom\/wp-json\/wp\/v2\/media?parent=10441"}],"curies":[{"name":"wp","href":"https:\/\/api.w.org\/{rel}","templated":true}]}}