{"id":10445,"date":"2025-06-11T16:20:07","date_gmt":"2025-06-11T19:20:07","guid":{"rendered":"https:\/\/www.fafich.ufmg.br\/psicogcom\/wordpress\/?page_id=10445"},"modified":"2025-09-19T10:24:21","modified_gmt":"2025-09-19T13:24:21","slug":"docentes","status":"publish","type":"page","link":"https:\/\/www.fafich.ufmg.br\/psicogcom\/posgrado-en-psicologia-cognicion-y-comportamiento\/docentes\/","title":{"rendered":"Docentes"},"content":{"rendered":"\n<figure data-wp-context=\"{&quot;imageId&quot;:&quot;69df9d143fc44&quot;}\" data-wp-interactive=\"core\/image\" class=\"wp-block-image size-large wp-lightbox-container\"><img decoding=\"async\" data-wp-class--hide=\"state.isContentHidden\" data-wp-class--show=\"state.isContentVisible\" data-wp-init=\"callbacks.setButtonStyles\" data-wp-on-async--click=\"actions.showLightbox\" data-wp-on-async--load=\"callbacks.setButtonStyles\" data-wp-on-async-window--resize=\"callbacks.setButtonStyles\" src=\"https:\/\/www.fafich.ufmg.br\/psicogcom\/wp-content\/uploads\/2025\/06\/Spain-1300-1024x118.jpg\" alt=\"\"\/><button\n\t\t\tclass=\"lightbox-trigger\"\n\t\t\ttype=\"button\"\n\t\t\taria-haspopup=\"dialog\"\n\t\t\taria-label=\"Ampliar\"\n\t\t\tdata-wp-init=\"callbacks.initTriggerButton\"\n\t\t\tdata-wp-on-async--click=\"actions.showLightbox\"\n\t\t\tdata-wp-style--right=\"state.imageButtonRight\"\n\t\t\tdata-wp-style--top=\"state.imageButtonTop\"\n\t\t>\n\t\t\t<svg xmlns=\"http:\/\/www.w3.org\/2000\/svg\" width=\"12\" height=\"12\" fill=\"none\" viewBox=\"0 0 12 12\">\n\t\t\t\t<path fill=\"#fff\" d=\"M2 0a2 2 0 0 0-2 2v2h1.5V2a.5.5 0 0 1 .5-.5h2V0H2Zm2 10.5H2a.5.5 0 0 1-.5-.5V8H0v2a2 2 0 0 0 2 2h2v-1.5ZM8 12v-1.5h2a.5.5 0 0 0 .5-.5V8H12v2a2 2 0 0 1-2 2H8Zm2-12a2 2 0 0 1 2 2v2h-1.5V2a.5.5 0 0 0-.5-.5H8V0h2Z\" \/>\n\t\t\t<\/svg>\n\t\t<\/button><\/figure>\n\n\n\n<div style=\"height:50px\" aria-hidden=\"true\" class=\"wp-block-spacer\"><\/div>\n\n\n\n<div class=\"wp-block-group is-layout-constrained wp-container-core-group-is-layout-346627ba wp-block-group-is-layout-constrained\">\n<h2 class=\"wp-block-heading has-medium-font-size\" id=\"mensuracao-intervencao\">Linha de pesquisa: <a href=\"https:\/\/www.fafich.ufmg.br\/psicogcom\/linhas\/#mensuracao-intervencao\">mensura\u00e7\u00e3o e interven\u00e7\u00e3o psicol\u00f3gica<\/a><\/h2>\n\n\n\n<details class=\"wp-block-details is-layout-flow wp-block-details-is-layout-flow\"><summary>Bruno Luiz Avelino Cardoso \u2022 maestr\u00eda<\/summary>\n<p><strong>Contacto:<\/strong> <a href=\"mailto:brunolacardoso@gmail.com\">brunolacardoso@gmail.com<\/a><\/p>\n<\/details>\n\n\n\n<details class=\"wp-block-details is-layout-flow wp-block-details-is-layout-flow\"><summary>Cristiano Mauro Assis Gomes \u2022 maestr\u00eda y doctorado<\/summary>\n<p>Act\u00faa principalmente en los siguientes temas: investigaci\u00f3n sobre la arquitectura y el desarrollo cognitivo, construcci\u00f3n y validaci\u00f3n de instrumentos de medici\u00f3n psicol\u00f3gicos y educativos, intervenci\u00f3n y desarrollo cognitivo.<\/p>\n\n\n\n<p><a href=\"https:\/\/scholar.google.com.br\/citations?user=rJq4G18AAAAJ&amp;hl=pt-BR\">Scholar<\/a> \u2022 <a href=\"https:\/\/scholar.google.com.br\/citations?user=rJq4G18AAAAJ&amp;hl=pt-BR\">ResearchGate<\/a> \u2022 <a href=\"http:\/\/lattes.cnpq.br\/2458326202205195\">Lattes<\/a><\/p>\n\n\n\n<p><strong>Contacto:<\/strong>&nbsp;<a href=\"mailto:cristianomaurogomes@gmail.com\">cristianomaurogomes@gmail.com<\/a><\/p>\n<\/details>\n\n\n\n<details class=\"wp-block-details is-layout-flow wp-block-details-is-layout-flow\"><summary>Elizabeth do Nascimento \u2022 maestr\u00eda y doctorado<\/summary>\n<p>Tiene experiencia en el \u00e1rea de Psicolog\u00eda, con \u00e9nfasis en construcci\u00f3n y validaci\u00f3n de pruebas, escalas y otras medidas psicol\u00f3gicas, actuando principalmente en los siguientes temas: inteligencia, personalidad, WAIS-III, psicometr\u00eda, evaluaci\u00f3n psicol\u00f3gica, envejecimiento. Recientemente se ha dedicado a temas relacionados con salud ocupacional.<\/p>\n\n\n\n<p><a href=\"https:\/\/scholar.google.com.br\/citations?user=bUlJn04AAAAJ&amp;hl=pt-BR\">Scholar<\/a> \u2022 <a href=\"https:\/\/www.researchgate.net\/profile\/Elizabeth_Nascimento5\">ResearchGate<\/a> \u2022 <a href=\"http:\/\/buscatextual.cnpq.br\/buscatextual\/visualizacv.do?id=K4700448Z0\">Lattes<\/a><\/p>\n\n\n\n<p><strong>Contacto:<\/strong>&nbsp;<a href=\"mailto:bethdonascimento@gmail.com\">bethdonascimento@gmail.com<\/a><\/p>\n<\/details>\n\n\n\n<details class=\"wp-block-details is-layout-flow wp-block-details-is-layout-flow\"><summary>Karina da Silva Oliveira \u2022 maestr\u00eda<\/summary>\n<p><a href=\"https:\/\/scholar.google.com.br\/citations?user=09QJRF4AAAAJ&amp;hl=pt-BR\">Scholar<\/a> \u2022 <a href=\"https:\/\/www.researchgate.net\/profile\/Karina-Da-Silva-Oliveira\">ResearchGate<\/a> \u2022 <a href=\"http:\/\/lattes.cnpq.br\/1279397861485288\">Lattes<\/a><\/p>\n\n\n\n<p><strong>Contacto:<\/strong>&nbsp;<a href=\"mailto:karina_oliv@yahoo.com.br\" target=\"_blank\" rel=\"noreferrer noopener\">karina_oliv@yahoo.com.br<\/a><\/p>\n<\/details>\n\n\n\n<details class=\"wp-block-details is-layout-flow wp-block-details-is-layout-flow\"><summary>Maycoln Le\u00f4ni Martins Teodoro \u2022 maestr\u00eda y doctorado<\/summary>\n<p>Mi formaci\u00f3n acad\u00e9mica fue en psicolog\u00eda cl\u00ednica y evaluaci\u00f3n psicol\u00f3gica. Desde entonces, he organizado mis intereses de investigaci\u00f3n en dos l\u00edneas. La primera involucra temas relacionados con el suicidio, depresi\u00f3n y otros problemas internalizantes. Dentro de este \u00e1mbito, est\u00e1n proyectos que vinculan el efecto del estr\u00e9s en la activaci\u00f3n de creencias y de pensamientos disfuncionales, basado en el concepto de vulnerabilidad cognitiva. Tambi\u00e9n tengo inter\u00e9s en investigaciones que involucren el estudio de la eficacia y efectividad en intervenciones cl\u00ednicas (restringidas al doctorado). La segunda l\u00ednea de investigaci\u00f3n trata del desarrollo y de la adaptaci\u00f3n de instrumentos ligados a la Terapia Cognitiva y Psicolog\u00eda de la Familia.<\/p>\n\n\n\n<p><a href=\"https:\/\/scholar.google.com.br\/citations?user=GGcwnPsAAAAJ&amp;hl=pt-BR\">Scholar<\/a> \u2022 <a href=\"https:\/\/www.researchgate.net\/profile\/Maycoln_Teodoro3\">ResearchGate<\/a> \u2022 <a href=\"http:\/\/lattes.cnpq.br\/2192951085538374\">Lattes<\/a><\/p>\n\n\n\n<p><strong>Contato:<\/strong>&nbsp;<a href=\"mailto:mlmteodoro@hotmail.com\">mlmteodoro@hotmail.com<\/a><\/p>\n<\/details>\n\n\n\n<details class=\"wp-block-details is-layout-flow wp-block-details-is-layout-flow\"><summary>Marcela Mansur Alves \u2022 maestr\u00eda y doctorado<\/summary>\n<p>Tengo formaci\u00f3n y background en el \u00e1rea de evaluaci\u00f3n psicol\u00f3gica, diferencias individuales y neurociencias, con investigaciones dirigidas en su mayor\u00eda a los contextos de educaci\u00f3n y salud. Mis intereses de investigaci\u00f3n actuales se concentran en dos l\u00edneas de investigaci\u00f3n principales: personalidad, perfeccionismo y salud mental, con estudios orientados a la adaptaci\u00f3n y construcci\u00f3n de medidas para la evaluaci\u00f3n del perfeccionismo, en sus aspectos positivos y negativos, y c\u00f3mo se relaciona con la personalidad, lazos parentales, desempe\u00f1o, procrastinaci\u00f3n, motivaci\u00f3n, emoci\u00f3n y salud; y evaluaci\u00f3n y entrenamiento cognitivo, con investigaciones dirigidas a la adaptaci\u00f3n y construcci\u00f3n de medidas para evaluaci\u00f3n digital\/informatizada de procesos cognitivos\/inteligencia y desarrollo de programas inform\u00e1ticos o no para entrenamiento cognitivo en ni\u00f1os, adolescentes, adultos y ancianos.<\/p>\n\n\n\n<p>Estoy abierta a contactos de potenciales posgraduados interesados \u200b\u200ben estos temas o en temas relacionados.<\/p>\n\n\n\n<p><a href=\"https:\/\/scholar.google.com.br\/citations?user=E-2-6b8AAAAJ&amp;hl=pt-BR\">Scholar<\/a> \u2022 <a href=\"https:\/\/www.researchgate.net\/profile\/Marcela_Mansur-Alves\">ResearchGate<\/a> \u2022 <a href=\"http:\/\/lattes.cnpq.br\/6802808535904211\">Lattes<\/a><\/p>\n\n\n\n<p><strong>Contacto<\/strong>: <a href=\"mailto:marmansura@gmail.com\">marmansura@gmail.com<\/a><\/p>\n<\/details>\n\n\n\n<details class=\"wp-block-details is-layout-flow wp-block-details-is-layout-flow\"><summary>Pricila Cristina Correa Ribeiro \u2022 maestr\u00eda<\/summary>\n<p>Tengo formaci\u00f3n en Gerontolog\u00eda y Salud Colectiva. Mis principales intereses de estudio son en el \u00e1rea de la psicolog\u00eda del envejecimiento y en aspectos epidemiol\u00f3gicos de la salud del adulto y del anciano.<\/p>\n\n\n\n<p>Actualmente, conduzco investigaciones cl\u00ednicas y de base poblacional dirigidas a la intervenci\u00f3n e identificaci\u00f3n de factores conductuales, sociales y de estilo de vida relacionados con los desenlaces desfavorables en la vejez como la dependencia funcional, la declinaci\u00f3n cognitiva, el s\u00edndrome demencial y la depresi\u00f3n. Adem\u00e1s, tengo inter\u00e9s en el estudio de factores psicosociales del curso de vida asociados a resultados positivos en la vejez como la satisfacci\u00f3n con la vida y la funcionalidad cognitiva.<\/p>\n\n\n\n<p><a href=\"https:\/\/scholar.google.com.br\/citations?hl=pt-BR&amp;user=Z_opMJsAAAAJ\">Scholar<\/a> \u2022 <a href=\"https:\/\/www.researchgate.net\/profile\/Pricila_Ribeiro\">ResearchGate<\/a> \u2022 <a href=\"http:\/\/lattes.cnpq.br\/7438450022515859\">Lattes<\/a><\/p>\n\n\n\n<p><strong>Contacto: <\/strong><a href=\"mailto:pricilaribeiro@ufmg.br\">pricilaribeiro@ufmg.br<\/a><\/p>\n<\/details>\n\n\n\n<details class=\"wp-block-details is-layout-flow wp-block-details-is-layout-flow\"><summary>Silvia Miranda Amorim \u2022 maestr\u00eda<\/summary>\n<p><a href=\"https:\/\/scholar.google.com.br\/citations?user=L7HemicAAAAJ&amp;hl=pt-BR\">Scholar<\/a> \u2022 <a href=\"https:\/\/www.researchgate.net\/profile\/Silvia-Amorim-2\">ResearchGate<\/a> \u2022 <a href=\"http:\/\/lattes.cnpq.br\/2332689722457028\">Lattes<\/a><\/p>\n\n\n\n<p><strong>Contacto: <\/strong><a href=\"mailto:silvia-amorim@ufmg.br\" target=\"_blank\" rel=\"noreferrer noopener\">silvia-amorim@ufmg.br<\/a><\/p>\n<\/details>\n<\/div>\n\n\n\n<div style=\"height:50px\" aria-hidden=\"true\" class=\"wp-block-spacer\"><\/div>\n\n\n\n<div class=\"wp-block-group is-layout-constrained wp-container-core-group-is-layout-346627ba wp-block-group-is-layout-constrained\">\n<h2 class=\"wp-block-heading has-medium-font-size\" id=\"neuropsicologia-comportamento\">Linha de pesquisa: <a href=\"https:\/\/www.fafich.ufmg.br\/psicogcom\/linhas\/#neuropsicologia-comportamento\">neuropsicologia e comportamento<\/a><\/h2>\n\n\n\n<details class=\"wp-block-details is-layout-flow wp-block-details-is-layout-flow\"><summary>\u00c2ngela Maria Vieira Pinheiro \u2022 maestr\u00eda y doctorado<\/summary>\n<p>Intereses de investigaci\u00f3n: aprendizaje y desarrollo de la lectura y la escritura, construcci\u00f3n de medidas de reconocimiento de palabras, dislexia del desarrollo y la prueba experimental de DislexiaBrasil y del curso Dislexia: Causas y Consecuencias como herramientas de formaci\u00f3n a distancia de profesores de educaci\u00f3n b\u00e1sica.<\/p>\n\n\n\n<p><a href=\"https:\/\/scholar.google.com.br\/citations?user=TXr0csAAAAAJ&amp;hl=pt-BR\">Scholar<\/a> \u2022 <a href=\"https:\/\/www.researchgate.net\/profile\/Angela_Pinheiro4\">ResearchGate<\/a> \u2022 <a href=\"http:\/\/buscatextual.cnpq.br\/buscatextual\/visualizacv.do?id=K4797866Z0\">Lattes<\/a><\/p>\n\n\n\n<p><strong>Contacto<\/strong>: <a href=\"mailto:pinheiroamva@gmail.com\">pinheiroamva@gmail.com<\/a><\/p>\n<\/details>\n\n\n\n<details class=\"wp-block-details is-layout-flow wp-block-details-is-layout-flow\"><summary>Ant\u00f4nio Jaeger \u2022 doctorado<\/summary>\n<p>Tengo inter\u00e9s en orientar trabajos con enfoque en psicolog\u00eda cognitiva y neurociencia cognitiva, con \u00e9nfasis especial en la investigaci\u00f3n de los procesos cognitivos y neurales subyacentes a la codificaci\u00f3n y evocaci\u00f3n de memorias epis\u00f3dicas. Entre los trabajos que desarrollamos, algunos poseen aplicaciones en el \u00e1rea jur\u00eddica (psicolog\u00eda del testimonio) y en el \u00e1rea de la educaci\u00f3n, siendo que los \u00faltimos buscan descubrir estrategias de memorizaci\u00f3n que promuevan el aprendizaje. En los trabajos con enfoque neurocient\u00edfico, buscamos investigar la actividad neural subyacente a procesos de evocaci\u00f3n de memorias por medio de electroencefalograf\u00eda y t\u00e9cnicas de potenciales relacionados con eventos (EEG-ERP).<\/p>\n\n\n\n<p><a href=\"http:\/\/lattes.cnpq.br\/3412064229607053\">Scholar<\/a> \u2022 <a href=\"https:\/\/www.researchgate.net\/profile\/Antonio_Jaeger\">ResearchGate<\/a> \u2022 <a href=\"https:\/\/scholar.google.com.br\/citations?user=23jXVvAAAAAJ&amp;hl=pt-BR\">Lattes<\/a><\/p>\n\n\n\n<p><strong>Contacto:<\/strong> <a href=\"mailto:antonio.jaeger@gmail.com\">antonio.jaeger@gmail.com<\/a><\/p>\n<\/details>\n\n\n\n<details class=\"wp-block-details is-layout-flow wp-block-details-is-layout-flow\"><summary>Cl\u00e1udia Cardoso-Martins \u2022 maestr\u00eda y doctorado<\/summary>\n<p>Intereses de investigaci\u00f3n: desarrollo socio-cognitivo; desarrollo del lenguaje oral y escrito y trastornos del aprendizaje.<\/p>\n\n\n\n<p><a href=\"https:\/\/www.researchgate.net\/profile\/Claudia_Cardoso-Martins\">ResearchGate<\/a> \u2022 <a href=\"http:\/\/lattes.cnpq.br\/9555963022676364\">Lattes<\/a><\/p>\n\n\n\n<p><strong>Contacto:<\/strong> <a href=\"mailto:cardosomartins.c@gmail.com\">cardosomartins.c@gmail.com<\/a><\/p>\n<\/details>\n\n\n\n<details class=\"wp-block-details is-layout-flow wp-block-details-is-layout-flow\"><summary>Edson Massayuki Huziwara \u2022 maestr\u00eda y doctorado<\/summary>\n<p>Tengo experiencia en Psicolog\u00eda Experimental, actuando principalmente con temas relacionados a control de est\u00edmulos, discriminaciones condicionales y equivalencia de est\u00edmulos. En la actualidad, los experimentos conducidos por mi equipo de investigaci\u00f3n est\u00e1n relacionados con la investigaci\u00f3n de procesos de aprendizaje que involucran habilidades musicales rudimentarias, estudio de se\u00f1ales electrofisiol\u00f3gicas en la formaci\u00f3n de clases de est\u00edmulos equivalentes y tambi\u00e9n el estudio de redes relacionales a trav\u00e9s del IRAP (Implicit Relational Assessment Procedure).<\/p>\n\n\n\n<p><a href=\"https:\/\/scholar.google.com.br\/citations?user=0o4pdJ0AAAAJ&amp;hl=en\">Scholar<\/a> \u2022 <a href=\"https:\/\/www.researchgate.net\/profile\/Edson_Huziwara\">ResearchGate<\/a> \u2022 <a href=\"http:\/\/lattes.cnpq.br\/4671775690334406\">Lattes<\/a><\/p>\n\n\n\n<p><strong>Contacto:<\/strong>&nbsp;<a href=\"mailto:huziwara.edson@gmail.com\">huziwara.edson@gmail.com<\/a><\/p>\n<\/details>\n\n\n\n<details class=\"wp-block-details is-layout-flow wp-block-details-is-layout-flow\"><summary>J\u00falia Beatriz Lopes-Silva \u2022 maestr\u00eda<\/summary>\n<p><a href=\"https:\/\/scholar.google.com\/citations?user=ikcF3i0AAAAJ&amp;hl=pt-BR\">Scholar<\/a> \u2022 <a href=\"https:\/\/www.researchgate.net\/profile\/Julia-Lopes-Silva\">ResearchGate<\/a> \u2022 <a href=\"http:\/\/lattes.cnpq.br\/2230882428520970\">Lattes<\/a><\/p>\n\n\n\n<p><strong>Contacto:<\/strong> <a href=\"mailto:silvajbls@gmail.com\" target=\"_blank\" rel=\"noreferrer noopener\">silvajbls@gmail.com<\/a><\/p>\n<\/details>\n\n\n\n<details class=\"wp-block-details is-layout-flow wp-block-details-is-layout-flow\"><summary>Maicon Rodriques Albuquerque \u2022 maestr\u00eda y doctorado<\/summary>\n<p><a href=\"https:\/\/scholar.google.com.br\/citations?user=JRq7A1EAAAAJ&amp;hl=pt-BR\">Scholar<\/a> \u2022 <a href=\"https:\/\/www.researchgate.net\/profile\/Maicon_Albuquerque\">ResearchGate<\/a> \u2022 <a href=\"http:\/\/lattes.cnpq.br\/6882672148403531\">Lattes<\/a><\/p>\n\n\n\n<p><strong>Contacto:<\/strong> <a href=\"mailto:lin.maicon@gmail.com\">lin.maicon@gmail.com<\/a><\/p>\n<\/details>\n\n\n\n<details class=\"wp-block-details is-layout-flow wp-block-details-is-layout-flow\"><summary>Renato Bortoloti \u2022 maestr\u00eda<\/summary>\n<p>Tengo formaci\u00f3n y experiencia en An\u00e1lisis Experimental del Comportamiento, con \u00e9nfasis en el an\u00e1lisis conductual de procesos cognitivos. Trabajo con modelos comportamentales que simulan el establecimiento de relaciones simb\u00f3licas en variadas condiciones experimentales. Mis intereses de investigaci\u00f3n se centran principalmente en procesos psicol\u00f3gicos involucrados en la producci\u00f3n del lenguaje y de otros comportamientos simb\u00f3licos. Tengo disponibilidad para orientar a alumnos de posgrado con intereses similares.<\/p>\n\n\n\n<p><a href=\"https:\/\/scholar.google.com.br\/citations?user=eXgIPIcAAAAJ&amp;hl=en\">Scholar<\/a> \u2022 <a href=\"https:\/\/www.researchgate.net\/profile\/Renato_Bortoloti\">ResearchGate<\/a> \u2022 <a href=\"http:\/\/lattes.cnpq.br\/4872607031009070\">Lattes<\/a><\/p>\n\n\n\n<p><strong>Contacto:<\/strong> <a href=\"mailto:renatobortoloti@gmail.com\">renatobortoloti@gmail.com<\/a><\/p>\n<\/details>\n\n\n\n<details class=\"wp-block-details is-layout-flow wp-block-details-is-layout-flow\"><summary>Thais Porlan de Oliveira \u2022 maestr\u00eda y doctorado<\/summary>\n<p>Mi formaci\u00f3n e inter\u00e9s de investigaci\u00f3n est\u00e1n centrados en el \u00e1rea del An\u00e1lisis del Comportamiento y en la interlocuci\u00f3n con la Psicolog\u00eda del Desarrollo, especialmente con foco en la adquisici\u00f3n de procesos b\u00e1sicos del habla y del desarrollo de la funci\u00f3n simb\u00f3lica en general. Mis intereses de investigaci\u00f3n actuales se concentran en investigaciones experimentales dirigidas a la poblaci\u00f3n de ni\u00f1os peque\u00f1os, con o sin discapacidad, con estudios orientados a la comprensi\u00f3n de procesos interactivos educativos, desarrollo del habla y de sus requisitos, desarrollo sociocognitivo (como imitaci\u00f3n y cooperaci\u00f3n entre pares) y procesos b\u00e1sicos en el desarrollo de la cognici\u00f3n y funci\u00f3n simb\u00f3lica (como repertorios de discriminaci\u00f3n simple y compleja, adquisici\u00f3n y desarrollo de repertorios de categorizar, por ejemplo).<\/p>\n\n\n\n<p>Estoy abierta a contactos de posibles posgraduandos interesados \u200b\u200ben estos t\u00f3picos, sea para investigaciones experimentales o estudios te\u00f3rico-conceptuales orientados hacia esos temas. Se puede evaluar el inter\u00e9s en temas relacionados con otros asuntos dentro del abordaje anal\u00edtico comportamental, una vez que se centren en la investigaci\u00f3n del desarrollo de repertorios involucrados en procesos de cognici\u00f3n y lenguaje con implicaci\u00f3n para el \u00e1rea de educaci\u00f3n y salud.<\/p>\n\n\n\n<p><a href=\"https:\/\/scholar.google.com.br\/citations?user=gM8HjuMAAAAJ&amp;hl=en\">Scholar<\/a> \u2022 <a href=\"http:\/\/lattes.cnpq.br\/4681384589017435\">Lattes<\/a><\/p>\n\n\n\n<p><strong>Contacto:<\/strong> <a href=\"mailto:thais.porlan@gmail.com\">thais.porlan@gmail.com<\/a><\/p>\n<\/details>\n\n\n\n<details class=\"wp-block-details is-layout-flow wp-block-details-is-layout-flow\"><summary>Vitor Geraldi Haase \u2022 maestr\u00eda y doctorado<\/summary>\n<p>Colabora con tres blogs:<a href=\"http:\/\/npsi-dev.blogspot.com\/\">http:\/\/npsi-dev.blogspot.com<\/a>(informaci\u00f3n acad\u00e9mica), <a href=\"http:\/\/npsi-reha.blogspot.com\/\">http:\/\/npsi-reha.blogspot.com<\/a> (informaci\u00f3n para pacientes y familiares), <a href=\"http:\/\/lndufmg.wordpress.com\/\">http:\/\/lndufmg.wordpress.com\/<\/a><\/p>\n\n\n\n<p>Tiene experiencia en el \u00e1rea de neuropsicolog\u00eda, teniendo inter\u00e9s por correlaci\u00f3n estructura-funci\u00f3n en neuropsicolog\u00eda, modelos de procesamiento de informaci\u00f3n en neuropsicolog\u00eda (cognici\u00f3n matem\u00e1tica, procesamiento l\u00e9xico, procesamiento visoespacial, funciones ejecutivas), rehabilitaci\u00f3n neuropsicol\u00f3gica, desarrollo humano y calidad de vida, epidemiolog\u00eda cl\u00ednica y psicolog\u00eda evolucionista.<\/p>\n\n\n\n<p><a href=\"https:\/\/scholar.google.com.br\/citations?user=Ml5UvW0AAAAJ&amp;hl=pt-BR\">Scholar<\/a> \u2022 <a href=\"https:\/\/www.researchgate.net\/profile\/Vitor_Geraldi_Haase\">ResearchGate<\/a> \u2022 <a href=\"http:\/\/lattes.cnpq.br\/2208591466035438\">Lattes<\/a><\/p>\n\n\n\n<p><strong>Contacto:<\/strong> <a href=\"mailto:vghaase@gmail.com\" target=\"_blank\" rel=\"noreferrer noopener\">vghaase@gmail.com<\/a><\/p>\n<\/details>\n\n\n\n<details class=\"wp-block-details is-layout-flow wp-block-details-is-layout-flow\"><summary>Viviane Verdu Rico \u2022 docente colaboradora \u2022 maestr\u00eda<\/summary>\n<p>Con formaci\u00f3n en Psicolog\u00eda Experimental en An\u00e1lisis del Comportamiento, posee inter\u00e9s de investigaci\u00f3n en procesos b\u00e1sicos y cuestiones aplicadas en el \u00e1rea de cognici\u00f3n y lenguaje, con \u00e9nfasis en el estudio de la funci\u00f3n simb\u00f3lica, en la investigaci\u00f3n de procesos b\u00e1sicos de aprendizaje y en el desarrollo de procedimientos de ense\u00f1anza de las habilidades involucrando comportamiento simb\u00f3lico, en especial, las habilidades de lectura y escritura, de acuerdo con la perspectiva te\u00f3rica del An\u00e1lisis del Comportamiento.<\/p>\n\n\n\n<p><a href=\"https:\/\/scholar.google.com.br\/citations?user=Qz1zqGQAAAAJ&amp;hl=en\">Scholar<\/a> \u2022 <a href=\"https:\/\/www.researchgate.net\/profile\/Viviane_Verdu_Rico\/info\">ResearchGate<\/a> \u2022 <a href=\"http:\/\/lattes.cnpq.br\/1772206576101173\">Lattes<\/a><\/p>\n\n\n\n<p><strong>Contacto:<\/strong> <a href=\"mailto:viviane.verdu@gmail.com\">viviane.verdu@gmail.com<\/a><\/p>\n<\/details>\n<\/div>\n","protected":false},"excerpt":{"rendered":"<p>Linha de pesquisa: mensura\u00e7\u00e3o e interven\u00e7\u00e3o psicol\u00f3gica Linha de pesquisa: neuropsicologia e comportamento<\/p>\n","protected":false},"author":2,"featured_media":0,"parent":10438,"menu_order":0,"comment_status":"closed","ping_status":"closed","template":"","meta":{"_acf_changed":false,"footnotes":""},"class_list":["post-10445","page","type-page","status-publish","hentry"],"acf":[],"meta_box":[],"_links":{"self":[{"href":"https:\/\/www.fafich.ufmg.br\/psicogcom\/wp-json\/wp\/v2\/pages\/10445","targetHints":{"allow":["GET"]}}],"collection":[{"href":"https:\/\/www.fafich.ufmg.br\/psicogcom\/wp-json\/wp\/v2\/pages"}],"about":[{"href":"https:\/\/www.fafich.ufmg.br\/psicogcom\/wp-json\/wp\/v2\/types\/page"}],"author":[{"embeddable":true,"href":"https:\/\/www.fafich.ufmg.br\/psicogcom\/wp-json\/wp\/v2\/users\/2"}],"replies":[{"embeddable":true,"href":"https:\/\/www.fafich.ufmg.br\/psicogcom\/wp-json\/wp\/v2\/comments?post=10445"}],"version-history":[{"count":5,"href":"https:\/\/www.fafich.ufmg.br\/psicogcom\/wp-json\/wp\/v2\/pages\/10445\/revisions"}],"predecessor-version":[{"id":10744,"href":"https:\/\/www.fafich.ufmg.br\/psicogcom\/wp-json\/wp\/v2\/pages\/10445\/revisions\/10744"}],"up":[{"embeddable":true,"href":"https:\/\/www.fafich.ufmg.br\/psicogcom\/wp-json\/wp\/v2\/pages\/10438"}],"wp:attachment":[{"href":"https:\/\/www.fafich.ufmg.br\/psicogcom\/wp-json\/wp\/v2\/media?parent=10445"}],"curies":[{"name":"wp","href":"https:\/\/api.w.org\/{rel}","templated":true}]}}