{"id":10456,"date":"2025-06-11T16:29:18","date_gmt":"2025-06-11T19:29:18","guid":{"rendered":"https:\/\/www.fafich.ufmg.br\/psicogcom\/wordpress\/?page_id=10456"},"modified":"2025-09-19T10:23:59","modified_gmt":"2025-09-19T13:23:59","slug":"contactos","status":"publish","type":"page","link":"https:\/\/www.fafich.ufmg.br\/psicogcom\/posgrado-en-psicologia-cognicion-y-comportamiento\/contactos\/","title":{"rendered":"Contactos"},"content":{"rendered":"\n<figure data-wp-context=\"{&quot;imageId&quot;:&quot;69e0aff7af6a7&quot;}\" data-wp-interactive=\"core\/image\" class=\"wp-block-image size-large wp-lightbox-container\"><img decoding=\"async\" data-wp-class--hide=\"state.isContentHidden\" data-wp-class--show=\"state.isContentVisible\" data-wp-init=\"callbacks.setButtonStyles\" data-wp-on-async--click=\"actions.showLightbox\" data-wp-on-async--load=\"callbacks.setButtonStyles\" data-wp-on-async-window--resize=\"callbacks.setButtonStyles\" src=\"https:\/\/www.fafich.ufmg.br\/psicogcom\/wp-content\/uploads\/2025\/06\/Spain-1300-1024x118.jpg\" alt=\"\"\/><button\n\t\t\tclass=\"lightbox-trigger\"\n\t\t\ttype=\"button\"\n\t\t\taria-haspopup=\"dialog\"\n\t\t\taria-label=\"Ampliar\"\n\t\t\tdata-wp-init=\"callbacks.initTriggerButton\"\n\t\t\tdata-wp-on-async--click=\"actions.showLightbox\"\n\t\t\tdata-wp-style--right=\"state.imageButtonRight\"\n\t\t\tdata-wp-style--top=\"state.imageButtonTop\"\n\t\t>\n\t\t\t<svg xmlns=\"http:\/\/www.w3.org\/2000\/svg\" width=\"12\" height=\"12\" fill=\"none\" viewBox=\"0 0 12 12\">\n\t\t\t\t<path fill=\"#fff\" d=\"M2 0a2 2 0 0 0-2 2v2h1.5V2a.5.5 0 0 1 .5-.5h2V0H2Zm2 10.5H2a.5.5 0 0 1-.5-.5V8H0v2a2 2 0 0 0 2 2h2v-1.5ZM8 12v-1.5h2a.5.5 0 0 0 .5-.5V8H12v2a2 2 0 0 1-2 2H8Zm2-12a2 2 0 0 1 2 2v2h-1.5V2a.5.5 0 0 0-.5-.5H8V0h2Z\" \/>\n\t\t\t<\/svg>\n\t\t<\/button><\/figure>\n\n\n\n<div style=\"height:50px\" aria-hidden=\"true\" class=\"wp-block-spacer\"><\/div>\n\n\n\n<p><strong>Coordinador del programa:<\/strong> Prof. Dr. Maycoln Le\u00f4ni Martins Teodoro<br><strong>Vice-coordinador del programa:<\/strong> Prof. Dr. Ant\u00f4nio Jaeger<br><strong>Secretaria del programa:<\/strong> Carina Serpa<\/p>\n\n\n\n<p><strong>E-mail:&nbsp;<\/strong><a href=\"mailto:ppg.psi.cogcom@gmail.com\">ppg.psi.cogcom@gmail.com<\/a><br><strong>Tel\u00e9fon:<\/strong> (31) 3409-5042<br><strong>Direcci\u00f3n:<\/strong> Faculdade de Filosofia e Ci\u00eancias Humanas (FAFICH) \u2013 UFMG<\/p>\n\n\n\n<p>Av. Ant\u00f4nio Carlos, 6.627 \u2013 Caixa Postal N\u00ba 253 \u2013 CEP: 31270-901 \u2013&nbsp;Belo Horizonte \u2013 MG<\/p>\n","protected":false},"excerpt":{"rendered":"<p>Coordinador del programa: Prof. Dr. Maycoln Le\u00f4ni Martins TeodoroVice-coordinador del programa: Prof. Dr. Ant\u00f4nio JaegerSecretaria del programa: Carina Serpa E-mail:&nbsp;ppg.psi.cogcom@gmail.comTel\u00e9fon: (31) 3409-5042Direcci\u00f3n: Faculdade de Filosofia e Ci\u00eancias Humanas (FAFICH) \u2013 UFMG Av. Ant\u00f4nio Carlos, 6.627 \u2013 Caixa Postal N\u00ba 253 \u2013 CEP: 31270-901 \u2013&nbsp;Belo Horizonte \u2013 MG<\/p>\n","protected":false},"author":2,"featured_media":0,"parent":10438,"menu_order":0,"comment_status":"closed","ping_status":"closed","template":"","meta":{"_acf_changed":false,"footnotes":""},"class_list":["post-10456","page","type-page","status-publish","hentry"],"acf":[],"meta_box":[],"_links":{"self":[{"href":"https:\/\/www.fafich.ufmg.br\/psicogcom\/wp-json\/wp\/v2\/pages\/10456","targetHints":{"allow":["GET"]}}],"collection":[{"href":"https:\/\/www.fafich.ufmg.br\/psicogcom\/wp-json\/wp\/v2\/pages"}],"about":[{"href":"https:\/\/www.fafich.ufmg.br\/psicogcom\/wp-json\/wp\/v2\/types\/page"}],"author":[{"embeddable":true,"href":"https:\/\/www.fafich.ufmg.br\/psicogcom\/wp-json\/wp\/v2\/users\/2"}],"replies":[{"embeddable":true,"href":"https:\/\/www.fafich.ufmg.br\/psicogcom\/wp-json\/wp\/v2\/comments?post=10456"}],"version-history":[{"count":3,"href":"https:\/\/www.fafich.ufmg.br\/psicogcom\/wp-json\/wp\/v2\/pages\/10456\/revisions"}],"predecessor-version":[{"id":10742,"href":"https:\/\/www.fafich.ufmg.br\/psicogcom\/wp-json\/wp\/v2\/pages\/10456\/revisions\/10742"}],"up":[{"embeddable":true,"href":"https:\/\/www.fafich.ufmg.br\/psicogcom\/wp-json\/wp\/v2\/pages\/10438"}],"wp:attachment":[{"href":"https:\/\/www.fafich.ufmg.br\/psicogcom\/wp-json\/wp\/v2\/media?parent=10456"}],"curies":[{"name":"wp","href":"https:\/\/api.w.org\/{rel}","templated":true}]}}