{"id":10472,"date":"2025-06-13T09:48:04","date_gmt":"2025-06-13T12:48:04","guid":{"rendered":"https:\/\/www.fafich.ufmg.br\/psicogcom\/wordpress\/?page_id=10472"},"modified":"2025-09-19T10:31:32","modified_gmt":"2025-09-19T13:31:32","slug":"psychology-graduate-program-cognition-and-behavior","status":"publish","type":"page","link":"https:\/\/www.fafich.ufmg.br\/psicogcom\/psychology-graduate-program-cognition-and-behavior\/","title":{"rendered":"Psychology Graduate Program: Cognition and Behavior"},"content":{"rendered":"\n<figure data-wp-context=\"{&quot;imageId&quot;:&quot;69e147eb16698&quot;}\" data-wp-interactive=\"core\/image\" class=\"wp-block-image size-large wp-lightbox-container\"><img decoding=\"async\" data-wp-class--hide=\"state.isContentHidden\" data-wp-class--show=\"state.isContentVisible\" data-wp-init=\"callbacks.setButtonStyles\" data-wp-on-async--click=\"actions.showLightbox\" data-wp-on-async--load=\"callbacks.setButtonStyles\" data-wp-on-async-window--resize=\"callbacks.setButtonStyles\" src=\"https:\/\/www.fafich.ufmg.br\/psicogcom\/wp-content\/uploads\/2025\/06\/ingles-1300-1024x118.jpg\" alt=\"\"\/><button\n\t\t\tclass=\"lightbox-trigger\"\n\t\t\ttype=\"button\"\n\t\t\taria-haspopup=\"dialog\"\n\t\t\taria-label=\"Ampliar\"\n\t\t\tdata-wp-init=\"callbacks.initTriggerButton\"\n\t\t\tdata-wp-on-async--click=\"actions.showLightbox\"\n\t\t\tdata-wp-style--right=\"state.imageButtonRight\"\n\t\t\tdata-wp-style--top=\"state.imageButtonTop\"\n\t\t>\n\t\t\t<svg xmlns=\"http:\/\/www.w3.org\/2000\/svg\" width=\"12\" height=\"12\" fill=\"none\" viewBox=\"0 0 12 12\">\n\t\t\t\t<path fill=\"#fff\" d=\"M2 0a2 2 0 0 0-2 2v2h1.5V2a.5.5 0 0 1 .5-.5h2V0H2Zm2 10.5H2a.5.5 0 0 1-.5-.5V8H0v2a2 2 0 0 0 2 2h2v-1.5ZM8 12v-1.5h2a.5.5 0 0 0 .5-.5V8H12v2a2 2 0 0 1-2 2H8Zm2-12a2 2 0 0 1 2 2v2h-1.5V2a.5.5 0 0 0-.5-.5H8V0h2Z\" \/>\n\t\t\t<\/svg>\n\t\t<\/button><\/figure>\n\n\n\n<div style=\"height:50px\" aria-hidden=\"true\" class=\"wp-block-spacer\"><\/div>\n\n\n\n<h3 class=\"wp-block-heading\">Wel<strong>come<\/strong><\/h3>\n\n\n\n<p>Created in 2017 by a group of Professors from the Department of Psychology of the Federal University of Minas Gerais (UFMG), the Psychology Graduate Program: Cognition and Behavior (PPG: CogCom\/UFMG) specializes in teaching and research focused on the investigation of cognitive and behavioral processes. The Program develops theoretical and applied research in the areas of evaluation and intervention in cognitive and behavioral patterns, personality, intelligence and learning disabilities.<\/p>\n\n\n\n<h3 class=\"wp-block-heading\">About <strong>us<\/strong><\/h3>\n\n\n\n<p>The <em>Psychology Graduate Program: Cognition and Behavior<\/em> (PPGCOGCOM \/ UFMG) is located at the <a href=\"https:\/\/translate.google.com\/translate?hl=en&amp;prev=_t&amp;sl=auto&amp;tl=en&amp;u=http:\/\/www.fafich.ufmg.br\/\">Faculty of Philosophy and Human Sciences<\/a> (FAFICH), at the Federal University of Minas Gerais, in Belo Horizonte. It offers Masters degree&nbsp; and PhD courses in two lines of research: Psychological Measurement and Intervention; and Developmental Neuropsychology.<\/p>\n\n\n\n<p>The Master\u2019s Degree (minimum of 12 and maximum of 24 months), aims to promote the deepening of academic knowledge, as well as the development of skills for higher teaching activities and research. The PhD degree (minimum of 24 and maximum 48 months), tagerts the development of the ability to perform original and independent research.<\/p>\n\n\n\n<p>Our Program encourages excellence in research through the establishment of national and international partnerships.<\/p>\n\n\n\n<p><strong>International partnerships<\/strong><\/p>\n\n\n\n<ul class=\"wp-block-list\">\n<li>Prof. Annemarie Fritz-Stratmann, <a href=\"https:\/\/www.uni-due.de\/\">Universit\u00e4t Duisburg-Essen<\/a> (Germany)<\/li>\n\n\n\n<li>Prof. Carolyn B. Mervys, <a href=\"https:\/\/louisville.edu\/\">University of Loisville<\/a> (USA)<\/li>\n\n\n\n<li>Prof. Carla Barroso da Costa, <a href=\"https:\/\/uqam.ca\/\">Universit\u00e9du Qu\u00e9bec \u00e0 Montr\u00e9al<\/a> (Canada)<\/li>\n\n\n\n<li>Prof. Catharine H. Echols, <a href=\"https:\/\/www.utexas.edu\/\">University of Texas at Austin<\/a> (USA)<\/li>\n\n\n\n<li><a href=\"https:\/\/translate.google.com\/translate?hl=en&amp;prev=_t&amp;sl=auto&amp;tl=en&amp;u=https:\/\/www.dyslexia-international.org\/\">Dyslexia International<\/a> (Belgium)<\/li>\n\n\n\n<li>Prof. Edward Chang, <a href=\"https:\/\/www.umich.edu\/\">University of Michigan<\/a> (USA)<\/li>\n\n\n\n<li>Prof. Guilherme Wood, <a href=\"https:\/\/www.uni-graz.at\/\">Karl-Franzens-Universit\u00e4t Graz<\/a> (Austria)<\/li>\n\n\n\n<li>Prof. Helga Krinzinge, <a href=\"http:\/\/www.rwth-aachen.de\/cms\/~a\/root\/\">Rheinische-Westphalische Technische Hochschule Aachen<\/a> (Germany)<\/li>\n\n\n\n<li>Prof. Hudson Fernandes Golino, <a href=\"https:\/\/www.virginia.edu\/\">Universityof Virginia<\/a> (USA)<\/li>\n\n\n\n<li>Prof. Irene Mammarella, <a href=\"http:\/\/www.unipd.it\/\">Universit\u00e0 degli Studi di Padova<\/a> (Italy)<\/li>\n\n\n\n<li>Prof. Karin Landerl, <a href=\"https:\/\/www.uni-graz.at\/\">Karl-Franzens-Universit\u00e4t Graz<\/a> (Austria)<\/li>\n\n\n\n<li>Prof. Klaus Willmes, <a href=\"http:\/\/www.rwth-aachen.de\/cms\/~a\/root\/\">Rheinische-Westphalische Technische Hochschule Aachen<\/a> (Alemanha)<\/li>\n\n\n\n<li>Prof. Korbinian Moeller, <a href=\"https:\/\/www.iwm-tuebingen.de\/www\/de\/index.html\">Leibnizt-Institut f\u00fcr Wissensmedien<\/a> (Germany)<\/li>\n\n\n\n<li>Prof. Leandro S. Almeida, <a href=\"https:\/\/www.uminho.pt\/PT\">Universidade do Minho<\/a> (Portugal)<\/li>\n\n\n\n<li>Prof. Pekka R\u00e4s\u00e4nen, <a href=\"https:\/\/www.jyu.fi\/en\">University of Jyv\u00e4skyl\u00e4<\/a> (Finland)<\/li>\n\n\n\n<li>Prof. Ricardo Rosas, <a href=\"http:\/\/www.uc.cl\/\">Pontificia Universidad Cat\u00f3lica de Chile<\/a> (Chile)<\/li>\n<\/ul>\n","protected":false},"excerpt":{"rendered":"<p>Welcome Created in 2017 by a group of Professors from the Department of Psychology of the Federal University of Minas Gerais (UFMG), the Psychology Graduate Program: Cognition and Behavior (PPG: CogCom\/UFMG) specializes in teaching and research focused on the investigation of cognitive and behavioral processes. The Program develops theoretical and applied research in the areas [&hellip;]<\/p>\n","protected":false},"author":2,"featured_media":0,"parent":0,"menu_order":0,"comment_status":"closed","ping_status":"closed","template":"","meta":{"_acf_changed":false,"footnotes":""},"class_list":["post-10472","page","type-page","status-publish","hentry"],"acf":[],"meta_box":[],"_links":{"self":[{"href":"https:\/\/www.fafich.ufmg.br\/psicogcom\/wp-json\/wp\/v2\/pages\/10472","targetHints":{"allow":["GET"]}}],"collection":[{"href":"https:\/\/www.fafich.ufmg.br\/psicogcom\/wp-json\/wp\/v2\/pages"}],"about":[{"href":"https:\/\/www.fafich.ufmg.br\/psicogcom\/wp-json\/wp\/v2\/types\/page"}],"author":[{"embeddable":true,"href":"https:\/\/www.fafich.ufmg.br\/psicogcom\/wp-json\/wp\/v2\/users\/2"}],"replies":[{"embeddable":true,"href":"https:\/\/www.fafich.ufmg.br\/psicogcom\/wp-json\/wp\/v2\/comments?post=10472"}],"version-history":[{"count":3,"href":"https:\/\/www.fafich.ufmg.br\/psicogcom\/wp-json\/wp\/v2\/pages\/10472\/revisions"}],"predecessor-version":[{"id":10754,"href":"https:\/\/www.fafich.ufmg.br\/psicogcom\/wp-json\/wp\/v2\/pages\/10472\/revisions\/10754"}],"wp:attachment":[{"href":"https:\/\/www.fafich.ufmg.br\/psicogcom\/wp-json\/wp\/v2\/media?parent=10472"}],"curies":[{"name":"wp","href":"https:\/\/api.w.org\/{rel}","templated":true}]}}