{"id":10694,"date":"2025-09-04T12:52:51","date_gmt":"2025-09-04T15:52:51","guid":{"rendered":"https:\/\/www.fafich.ufmg.br\/psicogcom\/wordpress\/?page_id=10694"},"modified":"2025-09-19T10:29:17","modified_gmt":"2025-09-19T13:29:17","slug":"processo-seletivo-2021","status":"publish","type":"page","link":"https:\/\/www.fafich.ufmg.br\/psicogcom\/processo-seletivo\/processo-seletivo-2021\/","title":{"rendered":"Processo seletivo 2021"},"content":{"rendered":"\n<h2 class=\"wp-block-heading\">Sele\u00e7\u00e3o regular: mestrado e doutorado<\/h2>\n\n\n\n<p><a href=\"https:\/\/www.fafich.ufmg.br\/psicogcom\/antigo\/wp-content\/uploads\/2022\/06\/Edital-Regular_Psicogcom_2021.10dezembro2020.pdf\">Edital Regular \u2013 Mestrado e Doutorado<\/a><\/p>\n\n\n\n<p><a href=\"https:\/\/www.fafich.ufmg.br\/psicogcom\/antigo\/wp-content\/uploads\/2022\/06\/Extrato-Regular_Psicogcom_2021.-10dezembro2020.pdf\">Extrato do Edital Regular \u2013 Mestrado e Doutorado<\/a><\/p>\n\n\n\n<p><strong>Documentos para inscri\u00e7\u00e3o<\/strong>: Os documentos abaixo devem ser preenchidos, salvos em pdf e enviados no formul\u00e1rio de inscri\u00e7\u00f5es on-line. No caso dos candidatos do edital suplementar, estes documentos devem tamb\u00e9m ser enviados por e-mail.<\/p>\n\n\n\n<p><a href=\"http:\/\/www.fafich.ufmg.br\/selecaoppgcogcom\/\">Formul\u00e1rio de inscri\u00e7\u00e3o online<\/a>:&nbsp;&nbsp;Dispon\u00edvel a partir de 06 de janeiro de 2021 at\u00e9 05 de fevereiro de 2021.<\/p>\n\n\n\n<p><a href=\"http:\/\/www.fafich.ufmg.br\/psicogcom\/formulario-de-inscricao-2021\/\">Formul\u00e1rio de inscri\u00e7\u00e3o 2021 em word \u2013 salve em pdf<\/a><\/p>\n\n\n\n<p><a href=\"https:\/\/www.fafich.ufmg.br\/psicogcom\/antigo\/wp-content\/uploads\/2022\/06\/carta-de-intencoes-2022-1.docx\">Modelo de Carta de Inten\u00e7\u00f5es<\/a><\/p>\n\n\n\n<p><a href=\"http:\/\/www.fafich.ufmg.br\/psicogcom\/antigo\/wp-content\/uploads\/2021\/02\/Sele%C3%A7%C3%A3o-2021-%E2%80%93-Barema-%E2%80%93-MESTRADO-PROTEGIDO-1.docx\">Barema \u2013 Mestrado<\/a><\/p>\n\n\n\n<p><a href=\"https:\/\/www.fafich.ufmg.br\/psicogcom\/antigo\/wp-content\/uploads\/2022\/06\/Selecao-2021-\u2013-Barema-\u2013-DOUTORADO-2021-PROTEGIDO-1.docx\">Barema \u2013 Doutorado<\/a><\/p>\n\n\n\n<p><a href=\"http:\/\/www.fafich.ufmg.br\/psicogcom\/antigo\/wp-content\/uploads\/2021\/02\/Autodeclara%C3%A7%C3%A3o-%C3%89tnico-Racial-Negro-31-01-2018-1.pdf\">Autodeclara\u00e7\u00e3o \u00e9tnico-racial (pessoas pretas ou pardas)&nbsp;<\/a><\/p>\n\n\n\n<div style=\"height:50px\" aria-hidden=\"true\" class=\"wp-block-spacer\"><\/div>\n\n\n\n<p><a href=\"https:\/\/www.fafich.ufmg.br\/psicogcom\/antigo\/wp-content\/uploads\/2022\/06\/homologados-SEI_23072.207017_2021_81.pdf\">Lista de inscritos homologados<\/a><\/p>\n\n\n\n<p><a href=\"http:\/\/www.fafich.ufmg.br\/psicogcom\/antigo\/wp-content\/uploads\/2021\/02\/SEI_23072.207017_2021_81-1-1.pdf\">Declara\u00e7\u00e3o de n\u00e3o impedimento<\/a><\/p>\n\n\n\n<p><a href=\"https:\/\/www.fafich.ufmg.br\/psicogcom\/antigo\/wp-content\/uploads\/2022\/06\/Resultado-primeira-etapa-doutorado.pdf\">Resultado primeira etapa Doutorado<\/a><\/p>\n\n\n\n<p><a href=\"http:\/\/www.fafich.ufmg.br\/psicogcom\/antigo\/wp-content\/uploads\/2021\/03\/Resultado_recurso.pdf\">Resultado primeira etapa Doutorado (ap\u00f3s recurso)<\/a><\/p>\n\n\n\n<p><a href=\"http:\/\/www.fafich.ufmg.br\/psicogcom\/antigo\/wp-content\/uploads\/2021\/03\/Sele%C3%A7%C3%A3o_Doutorado_PPGCOGCOM.docx\">Bancas segunda etapa \u2013 Doutorado<\/a><\/p>\n\n\n\n<p><a href=\"https:\/\/www.fafich.ufmg.br\/psicogcom\/antigo\/wp-content\/uploads\/2022\/06\/Resultado-mestrado.pdf\">Resultado primeira etapa Mestrado<\/a><\/p>\n\n\n\n<p><a href=\"https:\/\/www.fafich.ufmg.br\/psicogcom\/antigo\/wp-content\/uploads\/2022\/06\/Resultado-mestrado-1.pdf\">Resultado primeira etapa Mestrado (ap\u00f3s recurso)<\/a><\/p>\n\n\n\n<p><a href=\"https:\/\/www.fafich.ufmg.br\/psicogcom\/antigo\/wp-content\/uploads\/2022\/06\/Selecao_Mestrado_MensuracaoIntervencao-Arguicao-1.docx\">Segunda etapa Mestrado (Cronograma de argui\u00e7\u00e3o \u2013 Linha: Mensura\u00e7\u00e3o e Interven\u00e7\u00e3o em Psicologia)<\/a><\/p>\n\n\n\n<p><a href=\"https:\/\/www.fafich.ufmg.br\/psicogcom\/antigo\/wp-content\/uploads\/2022\/06\/Selecao-Mestrado-2021-Arguicao-Neuropsicologia-do-Desenvolvimento.docx\">Segunda etapa Mestrado (Cronograma de argui\u00e7\u00e3o \u2013 Linha: Neuropsicologia do Desenvolvimento)<\/a><\/p>\n\n\n\n<p><a href=\"https:\/\/www.fafich.ufmg.br\/psicogcom\/antigo\/wp-content\/uploads\/2022\/06\/Resultado-1.pdf\">Resultado final \u2013 Doutorado<\/a><\/p>\n\n\n\n<p><a href=\"https:\/\/www.fafich.ufmg.br\/psicogcom\/antigo\/wp-content\/uploads\/2022\/06\/resultado-final-1.pdf\">Resultado final \u2013 Mestrado<\/a><\/p>\n\n\n\n<p><a href=\"https:\/\/www.fafich.ufmg.br\/psicogcom\/antigo\/wp-content\/uploads\/2022\/06\/Resultado-1.pdf\">Resultado final \u2013 Doutorado (ap\u00f3s recurso)<\/a><\/p>\n\n\n\n<p><a href=\"https:\/\/www.fafich.ufmg.br\/psicogcom\/antigo\/wp-content\/uploads\/2022\/06\/resultado-final-1.pdf\">Resultado final \u2013 Mestrado (ap\u00f3s recurso)<\/a><\/p>\n\n\n\n<div style=\"height:50px\" aria-hidden=\"true\" class=\"wp-block-spacer\"><\/div>\n\n\n\n<h2 class=\"wp-block-heading\">Sele\u00e7\u00e3o Suplementar: Mestrado e Doutorado<\/h2>\n\n\n\n<p><a href=\"https:\/\/www.fafich.ufmg.br\/psicogcom\/antigo\/wp-content\/uploads\/2022\/06\/Edital-Suplementar_Psicogcom_2021.10dezembro2020.pdf\">Edital Suplementar\u2013 Mestrado e Doutorado<\/a><\/p>\n\n\n\n<p><a href=\"https:\/\/www.fafich.ufmg.br\/psicogcom\/antigo\/wp-content\/uploads\/2022\/06\/Extrato-Suplementar_Psicogcom_2021.-10dezembro2020.pdf\">Extrato do Edital Suplementar \u2013 Mestrado e Doutorado<\/a><\/p>\n\n\n\n<p>Documentos para inscri\u00e7\u00e3o: Os documentos abaixo devem ser preenchidos, salvos em pdf e enviados no formul\u00e1rio de inscri\u00e7\u00f5es on-line. No caso dos candidatos do edital suplementar, estes documentos devem tamb\u00e9m ser enviados por e-mail.<\/p>\n\n\n\n<p><a href=\"http:\/\/www.fafich.ufmg.br\/selecaoppgcogcom\/\">Formul\u00e1rio de inscri\u00e7\u00e3o online<\/a>:&nbsp;&nbsp;Dispon\u00edvel a partir de 06 de janeiro de 2021 at\u00e9 05 de fevereiro de 2021.<\/p>\n\n\n\n<p><a href=\"http:\/\/www.fafich.ufmg.br\/psicogcom\/formulario-de-inscricao-2021\/\">Formul\u00e1rio de inscri\u00e7\u00e3o 2021 em word \u2013 salve em pdf<\/a><\/p>\n\n\n\n<p><a href=\"https:\/\/www.fafich.ufmg.br\/psicogcom\/antigo\/wp-content\/uploads\/2022\/06\/carta-de-intencoes-2022-1.docx\">Modelo de Carta de Inten\u00e7\u00f5es<\/a><\/p>\n\n\n\n<p><a href=\"http:\/\/www.fafich.ufmg.br\/psicogcom\/antigo\/wp-content\/uploads\/2021\/02\/Sele%C3%A7%C3%A3o-2021-%E2%80%93-Barema-%E2%80%93-MESTRADO-PROTEGIDO-1.docx\">Barema \u2013 Mestrado<\/a><\/p>\n\n\n\n<p><a href=\"https:\/\/www.fafich.ufmg.br\/psicogcom\/antigo\/wp-content\/uploads\/2022\/06\/Selecao-2021-\u2013-Barema-\u2013-DOUTORADO-2021-PROTEGIDO-1.docx\">Barema \u2013 Doutorado<\/a><\/p>\n\n\n\n<div style=\"height:25px\" aria-hidden=\"true\" class=\"wp-block-spacer\"><\/div>\n\n\n\n<p><strong>Anexos \u2013 Ind\u00edgenas<\/strong><\/p>\n\n\n\n<p><a href=\"https:\/\/www.fafich.ufmg.br\/psicogcom\/antigo\/wp-content\/uploads\/2022\/06\/Indigena-1-de-3-Declaracao-de-Autorreconhecimento-11-09-2018.pdf\">Declara\u00e7\u00e3o de autorreconhecimento ind\u00edgena<\/a><\/p>\n\n\n\n<p><a href=\"https:\/\/www.fafich.ufmg.br\/psicogcom\/antigo\/wp-content\/uploads\/2022\/06\/Indigena-2-de-3-Declaracao-de-Liderancas-11-09-2018.pdf\">Declara\u00e7\u00e3o de lideran\u00e7as ind\u00edgenas<\/a><\/p>\n\n\n\n<div style=\"height:25px\" aria-hidden=\"true\" class=\"wp-block-spacer\"><\/div>\n\n\n\n<p><strong>Anexos \u2013 Pessoa com defici\u00eancia<\/strong><\/p>\n\n\n\n<p><a href=\"https:\/\/www.fafich.ufmg.br\/psicogcom\/antigo\/wp-content\/uploads\/2022\/06\/AUTODECLARACAO-DE-PESSOA-COM-DEFICIENCIA10-02-2020.docx\">Autodeclara\u00e7\u00e3o de pessoa com defici\u00eancia<\/a><\/p>\n\n\n\n<p><a href=\"https:\/\/www.fafich.ufmg.br\/psicogcom\/antigo\/wp-content\/uploads\/2022\/06\/MODELO-DE-RELATORIO-DO-MEDICO-ASSISTENTE_Dast.docx\">Modelo de relat\u00f3rio do m\u00e9dico assistente<\/a><\/p>\n\n\n\n<p><a href=\"https:\/\/www.fafich.ufmg.br\/psicogcom\/antigo\/wp-content\/uploads\/2022\/06\/FORMULARIO-DE-SOLICITACAO-DE-CONDICOES-ESPECIAIS_10_02_2020.docx\">Formul\u00e1rio de solicita\u00e7\u00e3o de condi\u00e7\u00f5es especiais<\/a><\/p>\n\n\n\n<div style=\"height:25px\" aria-hidden=\"true\" class=\"wp-block-spacer\"><\/div>\n\n\n\n<p><a href=\"https:\/\/www.fafich.ufmg.br\/psicogcom\/antigo\/wp-content\/uploads\/2022\/06\/homologados-SEI_23072.207017_2021_81.pdf\">Lista de inscritos homologados<\/a><\/p>\n\n\n\n<p><a href=\"http:\/\/www.fafich.ufmg.br\/psicogcom\/antigo\/wp-content\/uploads\/2021\/02\/SEI_23072.207017_2021_81-1-1.pdf\">Declara\u00e7\u00e3o de n\u00e3o impedimento<\/a><\/p>\n\n\n\n<p><a href=\"https:\/\/www.fafich.ufmg.br\/psicogcom\/antigo\/wp-content\/uploads\/2022\/06\/Resultado-primeira-etapa-doutorado.pdf\">Resultado primeira etapa Doutorado<\/a><\/p>\n\n\n\n<p><a href=\"http:\/\/www.fafich.ufmg.br\/psicogcom\/antigo\/wp-content\/uploads\/2021\/03\/Resultado_recurso.pdf\">Resultado primeira etapa Doutorado (ap\u00f3s recurso)<\/a><\/p>\n\n\n\n<p><a href=\"http:\/\/www.fafich.ufmg.br\/psicogcom\/antigo\/wp-content\/uploads\/2021\/03\/Sele%C3%A7%C3%A3o_Doutorado_PPGCOGCOM.docx\">Bancas segunda etapa \u2013 Doutorado<\/a><\/p>\n\n\n\n<p><a href=\"https:\/\/www.fafich.ufmg.br\/psicogcom\/antigo\/wp-content\/uploads\/2022\/06\/Resultado-mestrado.pdf\">Resultado primeira etapa Mestrado<\/a><\/p>\n\n\n\n<p><a href=\"https:\/\/www.fafich.ufmg.br\/psicogcom\/antigo\/wp-content\/uploads\/2022\/06\/Resultado-mestrado-1.pdf\">Resultado primeira etapa Mestrado (ap\u00f3s recurso)<\/a><\/p>\n\n\n\n<p><a href=\"https:\/\/www.fafich.ufmg.br\/psicogcom\/antigo\/wp-content\/uploads\/2022\/06\/Selecao_Mestrado_MensuracaoIntervencao-Arguicao-1.docx\">Segunda etapa Mestrado (Cronograma de argui\u00e7\u00e3o \u2013 Linha: Mensura\u00e7\u00e3o e Interven\u00e7\u00e3o em Psicologia)<\/a><\/p>\n\n\n\n<p><a href=\"https:\/\/www.fafich.ufmg.br\/psicogcom\/antigo\/wp-content\/uploads\/2022\/06\/Selecao-Mestrado-2021-Arguicao-Neuropsicologia-do-Desenvolvimento.docx\">Segunda etapa Mestrado (Cronograma de argui\u00e7\u00e3o \u2013 Linha: Neuropsicologia do Desenvolvimento)<\/a><\/p>\n\n\n\n<p><a href=\"https:\/\/www.fafich.ufmg.br\/psicogcom\/antigo\/wp-content\/uploads\/2022\/06\/Resultado-1.pdf\">Resultado final \u2013 Doutorado<\/a><\/p>\n\n\n\n<p><a href=\"https:\/\/www.fafich.ufmg.br\/psicogcom\/antigo\/wp-content\/uploads\/2022\/06\/resultado-final-1.pdf\">Resultado final \u2013 Mestrado<\/a><\/p>\n\n\n\n<p><a href=\"https:\/\/www.fafich.ufmg.br\/psicogcom\/antigo\/wp-content\/uploads\/2022\/06\/Resultado-1.pdf\">Resultado final \u2013 Doutorado (ap\u00f3s recurso)<\/a><\/p>\n\n\n\n<p><a href=\"https:\/\/www.fafich.ufmg.br\/psicogcom\/antigo\/wp-content\/uploads\/2022\/06\/resultado-final-1.pdf\">Resultado final \u2013 Mestrado (ap\u00f3s recurso)<\/a><\/p>\n","protected":false},"excerpt":{"rendered":"<p>Sele\u00e7\u00e3o regular: mestrado e doutorado Edital Regular \u2013 Mestrado e Doutorado Extrato do Edital Regular \u2013 Mestrado e Doutorado Documentos para inscri\u00e7\u00e3o: Os documentos abaixo devem ser preenchidos, salvos em pdf e enviados no formul\u00e1rio de inscri\u00e7\u00f5es on-line. No caso dos candidatos do edital suplementar, estes documentos devem tamb\u00e9m ser enviados por e-mail. Formul\u00e1rio de [&hellip;]<\/p>\n","protected":false},"author":4,"featured_media":0,"parent":10601,"menu_order":0,"comment_status":"closed","ping_status":"closed","template":"","meta":{"_acf_changed":false,"footnotes":""},"class_list":["post-10694","page","type-page","status-publish","hentry"],"acf":[],"meta_box":[],"_links":{"self":[{"href":"https:\/\/www.fafich.ufmg.br\/psicogcom\/wp-json\/wp\/v2\/pages\/10694","targetHints":{"allow":["GET"]}}],"collection":[{"href":"https:\/\/www.fafich.ufmg.br\/psicogcom\/wp-json\/wp\/v2\/pages"}],"about":[{"href":"https:\/\/www.fafich.ufmg.br\/psicogcom\/wp-json\/wp\/v2\/types\/page"}],"author":[{"embeddable":true,"href":"https:\/\/www.fafich.ufmg.br\/psicogcom\/wp-json\/wp\/v2\/users\/4"}],"replies":[{"embeddable":true,"href":"https:\/\/www.fafich.ufmg.br\/psicogcom\/wp-json\/wp\/v2\/comments?post=10694"}],"version-history":[{"count":3,"href":"https:\/\/www.fafich.ufmg.br\/psicogcom\/wp-json\/wp\/v2\/pages\/10694\/revisions"}],"predecessor-version":[{"id":10753,"href":"https:\/\/www.fafich.ufmg.br\/psicogcom\/wp-json\/wp\/v2\/pages\/10694\/revisions\/10753"}],"up":[{"embeddable":true,"href":"https:\/\/www.fafich.ufmg.br\/psicogcom\/wp-json\/wp\/v2\/pages\/10601"}],"wp:attachment":[{"href":"https:\/\/www.fafich.ufmg.br\/psicogcom\/wp-json\/wp\/v2\/media?parent=10694"}],"curies":[{"name":"wp","href":"https:\/\/api.w.org\/{rel}","templated":true}]}}