{"id":10697,"date":"2025-09-04T12:56:02","date_gmt":"2025-09-04T15:56:02","guid":{"rendered":"https:\/\/www.fafich.ufmg.br\/psicogcom\/wordpress\/?page_id=10697"},"modified":"2025-09-19T10:28:46","modified_gmt":"2025-09-19T13:28:46","slug":"processo-seletivo-2022","status":"publish","type":"page","link":"https:\/\/www.fafich.ufmg.br\/psicogcom\/processo-seletivo\/processo-seletivo-2022\/","title":{"rendered":"Processo seletivo 2022"},"content":{"rendered":"\n<h2 class=\"wp-block-heading\">Sele\u00e7\u00e3o Regular: Mestrado e Doutorado<\/h2>\n\n\n\n<p><a href=\"https:\/\/www.fafich.ufmg.br\/psicogcom\/antigo\/wp-content\/uploads\/2022\/05\/Edital-regular_Psicogcom_2022_FINAL-FLAVIA_Rev03_Marcela-08-de-setembro-de-2021_150921.pdf\">Edital Regular \u2013 Mestrado e Doutorado<\/a><\/p>\n\n\n\n<p><a href=\"https:\/\/www.fafich.ufmg.br\/psicogcom\/antigo\/wp-content\/uploads\/2022\/05\/Edital-regular_Psicogcom_2022_FINAL-FLAVIA_Rev03_Marcela-08-de-setembro-de-2021_150921.pdf\">Extrato do Edital Regular \u2013 Mestrado e Doutorado<\/a><\/p>\n\n\n\n<p><a href=\"https:\/\/www.fafich.ufmg.br\/psicogcom\/antigo\/wp-content\/uploads\/2022\/05\/Extrato-do-Edital-Regular-1.pdf\">Errata \u2013 Edital Regular (Mestrado e Doutorado)<\/a><\/p>\n\n\n\n<p><a href=\"https:\/\/www.fafich.ufmg.br\/psicogcom\/antigo\/wp-content\/uploads\/2022\/05\/carta-1.docx\">Modelo de Carta de Inten\u00e7\u00f5es<\/a><\/p>\n\n\n\n<p><a href=\"https:\/\/www.fafich.ufmg.br\/psicogcom\/antigo\/wp-content\/uploads\/2022\/05\/barema_mestrado.docx\">Barema \u2013 Mestrado<\/a><\/p>\n\n\n\n<p><a href=\"https:\/\/www.fafich.ufmg.br\/psicogcom\/antigo\/wp-content\/uploads\/2022\/05\/barema_doutorado.docx\">Barema \u2013 Doutorado<\/a><\/p>\n\n\n\n<p><a href=\"http:\/\/www.fafich.ufmg.br\/psicogcom\/selecao\">Formul\u00e1rio de inscri\u00e7\u00e3o online<\/a>:&nbsp;&nbsp;Dispon\u00edvel a partir das 00h00min do dia 17 de outubro de 2021 at\u00e9 as 23h59min do dia 15 de novembro de 2021.<\/p>\n\n\n\n<p><a href=\"https:\/\/www.fafich.ufmg.br\/psicogcom\/antigo\/wp-content\/uploads\/2022\/05\/Copia-de-formulario_de_inscricao.docx\">Formul\u00e1rio de Inscri\u00e7\u00e3o em word \u2013 salve em pdf<\/a><\/p>\n\n\n\n<div style=\"height:25px\" aria-hidden=\"true\" class=\"wp-block-spacer\"><\/div>\n\n\n\n<p><a href=\"https:\/\/www.fafich.ufmg.br\/psicogcom\/antigo\/wp-content\/uploads\/2022\/05\/LISTA-DE-INSCRITOS-HOMOLOGADOS.pdf\">Lista de inscritos homologados<\/a><\/p>\n\n\n\n<p><a href=\"https:\/\/www.fafich.ufmg.br\/psicogcom\/antigo\/wp-content\/uploads\/2022\/05\/SEI_23072.260821_2021_98-2.pdf\">Lista final de inscritos homologados<\/a><\/p>\n\n\n\n<p><a href=\"https:\/\/www.fafich.ufmg.br\/psicogcom\/antigo\/wp-content\/uploads\/2022\/05\/D-E-C-L-A-R-A-C-A-O-DE-NAO-IMPEDIMENTO.pdf\">Declara\u00e7\u00e3o de n\u00e3o impedimento dos professores<\/a><\/p>\n\n\n\n<p><a href=\"https:\/\/www.fafich.ufmg.br\/psicogcom\/antigo\/wp-content\/uploads\/2022\/05\/COMUNICACAO-SOBRE-A-COMPOSICAO-DA-BANCA-EXAMINADORA.pdf\">Comunica\u00e7\u00e3o sobre a composi\u00e7\u00e3o da banca examinadora<\/a><\/p>\n\n\n\n<p><a href=\"https:\/\/www.fafich.ufmg.br\/psicogcom\/antigo\/wp-content\/uploads\/2022\/05\/Selecao_Mestrado_2022_Arguicao_MensuracaoIntervencao-1.docx\">Segunda etapa Mestrado (Cronograma de argui\u00e7\u00e3o \u2013&nbsp; Linha: Mensura\u00e7\u00e3o e Interven\u00e7\u00e3o em Psicologia)<\/a><\/p>\n\n\n\n<p><a href=\"https:\/\/www.fafich.ufmg.br\/psicogcom\/antigo\/wp-content\/uploads\/2022\/05\/Selecao_Mestrado_2022-Arguicao-Neuropsicologia-do-Desenvolvimento.docx\">Segunda etapa Mestrado (Cronograma de argui\u00e7\u00e3o \u2013&nbsp; Linha: Neuropsicologia do Desenvolvimento)<\/a><\/p>\n\n\n\n<p><a href=\"https:\/\/www.fafich.ufmg.br\/psicogcom\/antigo\/wp-content\/uploads\/2022\/05\/Selecao_Doutorado_2022_Arguicao.docx\">Segunda etapa Doutorado (Cronograma de argui\u00e7\u00e3o)<\/a><\/p>\n\n\n\n<p><a href=\"https:\/\/www.fafich.ufmg.br\/psicogcom\/antigo\/wp-content\/uploads\/2022\/05\/segunda-etapa-mestrado-SEI_23072.260821_2021_98-8.pdf\">Resultado segunda etapa &#8211; Mestrado&nbsp;<\/a><\/p>\n\n\n\n<p><a href=\"https:\/\/www.fafich.ufmg.br\/psicogcom\/antigo\/wp-content\/uploads\/2022\/05\/RESULTADO-SEGUNDA-ETAPA-doutorado.pdf\">Resultado segunda etapa &#8211; Doutorado<\/a><\/p>\n\n\n\n<p><a href=\"https:\/\/www.fafich.ufmg.br\/psicogcom\/antigo\/wp-content\/uploads\/2022\/05\/final-mestrado-SEI_23072.260821_2021_98-9.pdf\">Resultado final &#8211; Mestrado<\/a><\/p>\n\n\n\n<p><a href=\"https:\/\/www.fafich.ufmg.br\/psicogcom\/antigo\/wp-content\/uploads\/2022\/05\/final-doutorado.pdf\">Resultado final &#8211; Doutorado<\/a><\/p>\n\n\n\n<p><a href=\"https:\/\/www.fafich.ufmg.br\/psicogcom\/antigo\/wp-content\/uploads\/2022\/05\/RECURSOS-RECEBIDOS-CONTRA-O-RESULTADO-FINAL-DO-PROCESSO-SELETIVO-2022.pdf\">Recursos recebidos contra o resultado final do processo seletivo 2022<\/a><\/p>\n\n\n\n<p><a href=\"https:\/\/www.fafich.ufmg.br\/psicogcom\/antigo\/wp-content\/uploads\/2022\/05\/final_mestrado.pdf\">Resultado final &#8211; Mestrado (ap\u00f3s recursos)<\/a><\/p>\n\n\n\n<p><a href=\"https:\/\/www.fafich.ufmg.br\/psicogcom\/antigo\/wp-content\/uploads\/2022\/05\/final__doutorado.pdf\">Resultado final &#8211; Doutorado (ap\u00f3s recursos)<\/a><\/p>\n\n\n\n<div style=\"height:50px\" aria-hidden=\"true\" class=\"wp-block-spacer\"><\/div>\n\n\n\n<h2 class=\"wp-block-heading\">Sele\u00e7\u00e3o Suplementar: Mestrado e Doutorado<\/h2>\n\n\n\n<p><a href=\"https:\/\/www.fafich.ufmg.br\/psicogcom\/antigo\/wp-content\/uploads\/2022\/05\/Edital-suplementar_Psicogcom_2022_FINAL-FLAVIA_Rev03-Marcela_150921.pdf\">Edital Suplementar \u2013 Mestrado e Doutorado<\/a><\/p>\n\n\n\n<p><a href=\"https:\/\/www.fafich.ufmg.br\/psicogcom\/antigo\/wp-content\/uploads\/2022\/05\/Extrato-do-Edital-Suplementar.pdf\">Extrato do Edital Suplementar \u2013 Mestrado e Doutorado<\/a><\/p>\n\n\n\n<p><a href=\"https:\/\/www.fafich.ufmg.br\/psicogcom\/antigo\/wp-content\/uploads\/2022\/05\/Extrato-do-Edital-Regular-1.pdf\">Errata \u2013 Edital Suplementar (Mestrado e Doutorado)<\/a><\/p>\n\n\n\n<p><a href=\"https:\/\/www.fafich.ufmg.br\/psicogcom\/antigo\/wp-content\/uploads\/2022\/05\/carta-1.docx\">Modelo de Carta de Inten\u00e7\u00f5es<\/a><\/p>\n\n\n\n<p><a href=\"https:\/\/www.fafich.ufmg.br\/psicogcom\/antigo\/wp-content\/uploads\/2022\/05\/barema_mestrado.docx\">Barema \u2013 Mestrado<\/a><\/p>\n\n\n\n<p><a href=\"https:\/\/www.fafich.ufmg.br\/psicogcom\/antigo\/wp-content\/uploads\/2022\/05\/barema_doutorado.docx\">Barema \u2013 Doutorado<\/a><\/p>\n\n\n\n<p><a href=\"http:\/\/www.fafich.ufmg.br\/psicogcom\/selecao\">Formul\u00e1rio de inscri\u00e7\u00e3o online<\/a>:&nbsp;&nbsp;Dispon\u00edvel a partir das 00h00min do dia 17 de outubro de 2021 at\u00e9 as 23h59min do dia 15 de novembro de 2021.<\/p>\n\n\n\n<p><a href=\"https:\/\/www.fafich.ufmg.br\/psicogcom\/antigo\/wp-content\/uploads\/2022\/05\/Copia-de-formulario_de_inscricao.docx\">Formul\u00e1rio de Inscri\u00e7\u00e3o em word \u2013 salve em pdf<\/a><\/p>\n\n\n\n<div style=\"height:25px\" aria-hidden=\"true\" class=\"wp-block-spacer\"><\/div>\n\n\n\n<p><a href=\"https:\/\/www.fafich.ufmg.br\/psicogcom\/antigo\/wp-content\/uploads\/2022\/05\/LISTA-DE-INSCRITOS-HOMOLOGADOS.pdf\">Lista de inscritos homologados<\/a><\/p>\n\n\n\n<p><a href=\"https:\/\/www.fafich.ufmg.br\/psicogcom\/antigo\/wp-content\/uploads\/2022\/05\/SEI_23072.260821_2021_98-2.pdf\">Lista final de inscritos homologados<\/a><\/p>\n\n\n\n<p><a href=\"https:\/\/www.fafich.ufmg.br\/psicogcom\/antigo\/wp-content\/uploads\/2022\/05\/D-E-C-L-A-R-A-C-A-O-DE-NAO-IMPEDIMENTO.pdf\">Declara\u00e7\u00e3o de n\u00e3o impedimento dos professores<\/a><\/p>\n\n\n\n<p><a href=\"https:\/\/www.fafich.ufmg.br\/psicogcom\/antigo\/wp-content\/uploads\/2022\/05\/COMUNICACAO-SOBRE-A-COMPOSICAO-DA-BANCA-EXAMINADORA.pdf\">Comunica\u00e7\u00e3o sobre a composi\u00e7\u00e3o da banca examinadora<\/a><\/p>\n\n\n\n<p><a href=\"https:\/\/www.fafich.ufmg.br\/psicogcom\/antigo\/wp-content\/uploads\/2022\/05\/Selecao_Mestrado_2022_Arguicao_MensuracaoIntervencao-1.docx\">Segunda etapa Mestrado (Cronograma de argui\u00e7\u00e3o \u2013&nbsp; Linha: Mensura\u00e7\u00e3o e Interven\u00e7\u00e3o em Psicologia)<\/a><\/p>\n\n\n\n<p><a href=\"https:\/\/www.fafich.ufmg.br\/psicogcom\/antigo\/wp-content\/uploads\/2022\/05\/Selecao_Mestrado_2022-Arguicao-Neuropsicologia-do-Desenvolvimento.docx\">Segunda etapa Mestrado (Cronograma de argui\u00e7\u00e3o \u2013&nbsp; Linha: Neuropsicologia do Desenvolvimento)<\/a><\/p>\n\n\n\n<p><a href=\"https:\/\/www.fafich.ufmg.br\/psicogcom\/antigo\/wp-content\/uploads\/2022\/05\/Selecao_Doutorado_2022_Arguicao.docx\">Segunda etapa Doutorado (Cronograma de argui\u00e7\u00e3o)<\/a><\/p>\n\n\n\n<p><a href=\"https:\/\/www.fafich.ufmg.br\/psicogcom\/antigo\/wp-content\/uploads\/2022\/05\/segunda-etapa-mestrado-SEI_23072.260821_2021_98-8.pdf\">Resultado segunda etapa &#8211; Mestrado&nbsp;<\/a><\/p>\n\n\n\n<p><a href=\"https:\/\/www.fafich.ufmg.br\/psicogcom\/antigo\/wp-content\/uploads\/2022\/05\/RESULTADO-SEGUNDA-ETAPA-doutorado.pdf\">Resultado segunda etapa &#8211; Doutorado<\/a><\/p>\n\n\n\n<p><a href=\"https:\/\/www.fafich.ufmg.br\/psicogcom\/antigo\/wp-content\/uploads\/2022\/05\/final-mestrado-SEI_23072.260821_2021_98-9.pdf\">Resultado final &#8211; Mestrado<\/a><\/p>\n\n\n\n<p><a href=\"https:\/\/www.fafich.ufmg.br\/psicogcom\/antigo\/wp-content\/uploads\/2022\/05\/final-doutorado.pdf\">Resultado final &#8211; Doutorado<\/a><\/p>\n\n\n\n<p><a href=\"https:\/\/www.fafich.ufmg.br\/psicogcom\/antigo\/wp-content\/uploads\/2022\/05\/RECURSOS-RECEBIDOS-CONTRA-O-RESULTADO-FINAL-DO-PROCESSO-SELETIVO-2022.pdf\">Recursos recebidos contra o resultado final do processo seletivo 2022<\/a><\/p>\n\n\n\n<p><a href=\"https:\/\/www.fafich.ufmg.br\/psicogcom\/antigo\/wp-content\/uploads\/2022\/05\/final_mestrado.pdf\">Resultado final &#8211; Mestrado (ap\u00f3s recursos)<\/a><\/p>\n\n\n\n<p><a href=\"https:\/\/www.fafich.ufmg.br\/psicogcom\/antigo\/wp-content\/uploads\/2022\/05\/final__doutorado.pdf\">Resultado final &#8211; Doutorado (ap\u00f3s recursos)<\/a><\/p>\n","protected":false},"excerpt":{"rendered":"<p>Sele\u00e7\u00e3o Regular: Mestrado e Doutorado Edital Regular \u2013 Mestrado e Doutorado Extrato do Edital Regular \u2013 Mestrado e Doutorado Errata \u2013 Edital Regular (Mestrado e Doutorado) Modelo de Carta de Inten\u00e7\u00f5es Barema \u2013 Mestrado Barema \u2013 Doutorado Formul\u00e1rio de inscri\u00e7\u00e3o online:&nbsp;&nbsp;Dispon\u00edvel a partir das 00h00min do dia 17 de outubro de 2021 at\u00e9 as 23h59min [&hellip;]<\/p>\n","protected":false},"author":4,"featured_media":0,"parent":10601,"menu_order":0,"comment_status":"closed","ping_status":"closed","template":"","meta":{"_acf_changed":false,"footnotes":""},"class_list":["post-10697","page","type-page","status-publish","hentry"],"acf":[],"meta_box":[],"_links":{"self":[{"href":"https:\/\/www.fafich.ufmg.br\/psicogcom\/wp-json\/wp\/v2\/pages\/10697","targetHints":{"allow":["GET"]}}],"collection":[{"href":"https:\/\/www.fafich.ufmg.br\/psicogcom\/wp-json\/wp\/v2\/pages"}],"about":[{"href":"https:\/\/www.fafich.ufmg.br\/psicogcom\/wp-json\/wp\/v2\/types\/page"}],"author":[{"embeddable":true,"href":"https:\/\/www.fafich.ufmg.br\/psicogcom\/wp-json\/wp\/v2\/users\/4"}],"replies":[{"embeddable":true,"href":"https:\/\/www.fafich.ufmg.br\/psicogcom\/wp-json\/wp\/v2\/comments?post=10697"}],"version-history":[{"count":2,"href":"https:\/\/www.fafich.ufmg.br\/psicogcom\/wp-json\/wp\/v2\/pages\/10697\/revisions"}],"predecessor-version":[{"id":10752,"href":"https:\/\/www.fafich.ufmg.br\/psicogcom\/wp-json\/wp\/v2\/pages\/10697\/revisions\/10752"}],"up":[{"embeddable":true,"href":"https:\/\/www.fafich.ufmg.br\/psicogcom\/wp-json\/wp\/v2\/pages\/10601"}],"wp:attachment":[{"href":"https:\/\/www.fafich.ufmg.br\/psicogcom\/wp-json\/wp\/v2\/media?parent=10697"}],"curies":[{"name":"wp","href":"https:\/\/api.w.org\/{rel}","templated":true}]}}