{"id":107,"date":"2024-08-02T11:59:05","date_gmt":"2024-08-02T14:59:05","guid":{"rendered":"http:\/\/localhost\/incubadora\/institucional\/?page_id=107"},"modified":"2025-05-08T14:13:32","modified_gmt":"2025-05-08T17:13:32","slug":"acessibilidade","status":"publish","type":"page","link":"https:\/\/www.fafich.ufmg.br\/psicogcom\/acessibilidade\/","title":{"rendered":"Acessibilidade"},"content":{"rendered":"\n<p>O termo<strong> acessibilidade<\/strong>&nbsp;significa incluir a pessoa com defici\u00eancia na participa\u00e7\u00e3o de atividades como o uso de produtos, servi\u00e7os e informa\u00e7\u00f5es. Alguns exemplos s\u00e3o os pr\u00e9dios com rampas de acesso para cadeira de rodas, banheiros adaptados para deficientes e pol\u00edticas espec\u00edficas que, na UFMG, s\u00e3o coordenadas pelo&nbsp;<a href=\"https:\/\/www.ufmg.br\/nai\/\" target=\"_blank\" rel=\"noreferrer noopener\">N\u00facleo de Acessibilidade e Inclus\u00e3o<\/a> (NAI) e constituem compromisso com o respeito ao acesso da informa\u00e7\u00e3o e \u00e0 diversidade.<\/p>\n\n\n\n<p>Na internet, acessibilidade se refere sobretudo \u00e0s recomenda\u00e7\u00f5es do World Content Accessibility Guide (WCAG) do W3C e, no caso do governo federal, ao e-MAG (<a href=\"https:\/\/www.gov.br\/governodigital\/pt-br\/acessibilidade-digital\/modelo-de-acessibilidade\" target=\"_blank\" rel=\"noreferrer noopener\">Modelo de Acessibilidade em Governo Eletr\u00f4nico<\/a>). O e-MAG est\u00e1 alinhado \u00e0s recomenda\u00e7\u00f5es internacionais, mas estabelece padr\u00f5es de comportamento acess\u00edvel para sites da administra\u00e7\u00e3o p\u00fablica federal.<\/p>\n\n\n\n<p>Na barra superior do site o usu\u00e1rio encontra a op\u00e7\u00e3o para alterar o contraste e o mapa do site. <strong>Os padr\u00f5es de atalhos adotados pelo site s\u00e3o os mesmos em todas as suas p\u00e1ginas internas, mas variam conforme o navegador e o sistema operacional utilizados.<\/strong><\/p>\n\n\n\n<p>Para chegar ao <strong>conte\u00fado principal<\/strong> de qualquer p\u00e1gina do portal:<\/p>\n\n\n\n<ul class=\"wp-block-list\">\n<li>Com <strong>Windows<\/strong> e <strong>Chrome, Edge ou Opera<\/strong>, deve-se teclar <strong>Alt + 1<\/strong><\/li>\n\n\n\n<li>Com <strong>Windows<\/strong> e <strong>Firefox<\/strong>, deve-se teclar <strong>Alt + Shift + 1<\/strong><\/li>\n\n\n\n<li>Com <strong>Linux<\/strong> ou <strong>Mac<\/strong> e <strong>Chrome, Edge, Firefox ou Safari<\/strong>, deve-se teclar <strong>Control + Option + 1<\/strong><\/li>\n\n\n\n<li>Com <strong>Linux<\/strong> ou <strong>Mac<\/strong> e <strong>Opera<\/strong>, deve-se teclar <strong>Control + Alt + 1<\/strong><\/li>\n<\/ul>\n\n\n\n<p>Para chegar ao <strong>menu principal<\/strong> de qualquer p\u00e1gina do portal:<\/p>\n\n\n\n<ul class=\"wp-block-list\">\n<li>Com <strong>Windows<\/strong> e <strong>Chrome, Edge ou Opera<\/strong>, deve-se teclar <strong>Alt + 2<\/strong><\/li>\n\n\n\n<li>Com <strong>Windows<\/strong> e <strong>Firefox<\/strong>, deve-se teclar <strong>Alt + Shift + 2<\/strong><\/li>\n\n\n\n<li>Com <strong>Linux<\/strong> ou <strong>Mac<\/strong> e <strong>Chrome, Edge, Firefox ou Safari<\/strong>, deve-se teclar <strong>Control + Option + 2<\/strong><\/li>\n\n\n\n<li>Com <strong>Linux<\/strong> ou <strong>Mac<\/strong> e <strong>Opera<\/strong>, deve-se teclar <strong>Control + Alt + 2<\/strong><\/li>\n\n\n\n<li><\/li>\n<\/ul>\n\n\n\n<p>Para chegar \u00e0 <strong>busca interna<\/strong> de qualquer p\u00e1gina do portal:<\/p>\n\n\n\n<ul class=\"wp-block-list\">\n<li>Com <strong>Windows<\/strong> e <strong>Chrome, Edge ou Opera<\/strong>, deve-se teclar <strong>Alt + 3<\/strong><\/li>\n\n\n\n<li>Com <strong>Windows<\/strong> e <strong>Firefox<\/strong>, deve-se teclar <strong>Alt + Shift + 3<\/strong><\/li>\n\n\n\n<li>Com <strong>Linux<\/strong> ou <strong>Mac<\/strong> e <strong>Chrome, Edge, Firefox ou Safari<\/strong>, deve-se teclar <strong>Control + Option + 3<\/strong><\/li>\n\n\n\n<li>Com <strong>Linux<\/strong> ou <strong>Mac<\/strong> e <strong>Opera<\/strong>, deve-se teclar <strong>Control + Alt + 3<\/strong><\/li>\n<\/ul>\n\n\n\n<p>Para chegar ao <strong>rodap\u00e9<\/strong> de qualquer p\u00e1gina do portal:<\/p>\n\n\n\n<ul class=\"wp-block-list\">\n<li>Com <strong>Windows<\/strong> e <strong>Chrome, Edge ou Opera<\/strong>, deve-se teclar <strong>Alt + 4<\/strong><\/li>\n\n\n\n<li>Com <strong>Windows<\/strong> e <strong>Firefox<\/strong>, deve-se teclar <strong>Alt + Shift + 4<\/strong><\/li>\n\n\n\n<li>Com <strong>Linux<\/strong> ou <strong>Mac<\/strong> e <strong>Chrome, Edge, Firefox ou Safari<\/strong>, deve-se teclar <strong>Control + Option + 4<\/strong><\/li>\n\n\n\n<li>Com <strong>Linux<\/strong> ou <strong>Mac<\/strong> e <strong>Opera<\/strong>, deve-se teclar <strong>Control + Alt + 4<\/strong><\/li>\n<\/ul>\n\n\n\n<p>Para acionar o <strong>alto contraste<\/strong> em qualquer p\u00e1gina do portal:<\/p>\n\n\n\n<ul class=\"wp-block-list\">\n<li>Com <strong>Windows<\/strong> e <strong>Chrome, Edge ou Opera<\/strong>, deve-se teclar <strong>Alt + 5<\/strong><\/li>\n\n\n\n<li>Com <strong>Windows<\/strong> e <strong>Firefox<\/strong>, deve-se teclar <strong>Alt + Shift + 5<\/strong><\/li>\n\n\n\n<li>Com <strong>Linux<\/strong> ou <strong>Mac<\/strong> e <strong>Chrome, Edge, Firefox ou Safari<\/strong>, deve-se teclar <strong>Control + Option + 5<\/strong><\/li>\n\n\n\n<li>Com <strong>Linux<\/strong> ou <strong>Mac<\/strong> e <strong>Opera<\/strong>, deve-se teclar <strong>Control + Alt + 5<\/strong><\/li>\n<\/ul>\n\n\n\n<p><\/p>\n\n\n\n<p><strong>Tecnologias assistivas<\/strong><\/p>\n\n\n\n<p>Parte dos testes de navega\u00e7\u00e3o no site foram realizados com o software leitor de tela NVDA.<\/p>\n\n\n\n<p><strong>Libras<\/strong><\/p>\n\n\n\n<p>A ferramenta VLibras \u00e9 indicada pelo governo federal para acessibilidade de seus sites. Obtenha informa\u00e7\u00f5es sobre o recurso e como adicion\u00e1-lo no navegador&nbsp;<a href=\"http:\/\/www.vlibras.gov.br\/\" target=\"_blank\" rel=\"noreferrer noopener\">por meio deste link<\/a>.<\/p>\n\n\n\n<p><strong>Acessibilidade digital<\/strong><\/p>\n\n\n\n<p><a rel=\"noreferrer noopener\" href=\"https:\/\/www.gov.br\/governodigital\/pt-br\/acessibilidade-digital\" target=\"_blank\">Acesse neste link<\/a>&nbsp;arquivos do site Governo Brasileiro com recomenda\u00e7\u00f5es de acessibilidade.<\/p>\n\n\n\n<p>[Texto adaptado da aba Acessibilidade do portal do governo federal]<\/p>\n","protected":false},"excerpt":{"rendered":"<p>O termo acessibilidade&nbsp;significa incluir a pessoa com defici\u00eancia na participa\u00e7\u00e3o de atividades como o uso de produtos, servi\u00e7os e informa\u00e7\u00f5es. Alguns exemplos s\u00e3o os pr\u00e9dios com rampas de acesso para cadeira de rodas, banheiros adaptados para deficientes e pol\u00edticas espec\u00edficas que, na UFMG, s\u00e3o coordenadas pelo&nbsp;N\u00facleo de Acessibilidade e Inclus\u00e3o (NAI) e constituem compromisso com [&hellip;]<\/p>\n","protected":false},"author":1,"featured_media":0,"parent":0,"menu_order":0,"comment_status":"closed","ping_status":"closed","template":"","meta":{"_acf_changed":false,"footnotes":""},"class_list":["post-107","page","type-page","status-publish","hentry"],"acf":[],"meta_box":[],"_links":{"self":[{"href":"https:\/\/www.fafich.ufmg.br\/psicogcom\/wp-json\/wp\/v2\/pages\/107","targetHints":{"allow":["GET"]}}],"collection":[{"href":"https:\/\/www.fafich.ufmg.br\/psicogcom\/wp-json\/wp\/v2\/pages"}],"about":[{"href":"https:\/\/www.fafich.ufmg.br\/psicogcom\/wp-json\/wp\/v2\/types\/page"}],"author":[{"embeddable":true,"href":"https:\/\/www.fafich.ufmg.br\/psicogcom\/wp-json\/wp\/v2\/users\/1"}],"replies":[{"embeddable":true,"href":"https:\/\/www.fafich.ufmg.br\/psicogcom\/wp-json\/wp\/v2\/comments?post=107"}],"version-history":[{"count":2,"href":"https:\/\/www.fafich.ufmg.br\/psicogcom\/wp-json\/wp\/v2\/pages\/107\/revisions"}],"predecessor-version":[{"id":10136,"href":"https:\/\/www.fafich.ufmg.br\/psicogcom\/wp-json\/wp\/v2\/pages\/107\/revisions\/10136"}],"wp:attachment":[{"href":"https:\/\/www.fafich.ufmg.br\/psicogcom\/wp-json\/wp\/v2\/media?parent=107"}],"curies":[{"name":"wp","href":"https:\/\/api.w.org\/{rel}","templated":true}]}}