{"id":10700,"date":"2025-09-04T12:58:25","date_gmt":"2025-09-04T15:58:25","guid":{"rendered":"https:\/\/www.fafich.ufmg.br\/psicogcom\/wordpress\/?page_id=10700"},"modified":"2025-09-19T10:28:11","modified_gmt":"2025-09-19T13:28:11","slug":"processo-seletivo-2023","status":"publish","type":"page","link":"https:\/\/www.fafich.ufmg.br\/psicogcom\/processo-seletivo\/processo-seletivo-2023\/","title":{"rendered":"Processo seletivo 2023"},"content":{"rendered":"\n<h2 class=\"wp-block-heading\">Sele\u00e7\u00e3o Regular: Mestrado e Doutorado<\/h2>\n\n\n\n<p><a href=\"https:\/\/www.fafich.ufmg.br\/psicogcom\/antigo\/wp-content\/uploads\/2022\/06\/Edital_Regular_PsiCogCom_MD_24jun2023-Copia.pdf\">Edital Regular \u2013 Mestrado e Doutorado<\/a><\/p>\n\n\n\n<p><a href=\"https:\/\/www.fafich.ufmg.br\/psicogcom\/antigo\/wp-content\/uploads\/2022\/06\/Extrato_Edital_Regular_PsiCogCom_MD_24jun2023-Copia.pdf\">Extrato do Edital Regular \u2013 Mestrado e Doutorado<\/a><\/p>\n\n\n\n<p><a href=\"http:\/\/www.fafich.ufmg.br\/selecaoppgcogcom\/\">Formul\u00e1rio de inscri\u00e7\u00e3o online<\/a>: &nbsp;Dispon\u00edvel a partir do dia 01 de agosto de 2022.<\/p>\n\n\n\n<p><a href=\"https:\/\/www.fafich.ufmg.br\/psicogcom\/antigo\/wp-content\/uploads\/2022\/08\/Autodeclaracao-Etnico-Racial-Candidatos-optantes-Negros.pdf\">Autodeclara\u00e7\u00e3o \u00c9tnico-Racial<\/a><\/p>\n\n\n\n<p><a href=\"https:\/\/www.fafich.ufmg.br\/psicogcom\/antigo\/wp-content\/uploads\/2022\/09\/Processo-seletivo-Cogcom-2023_inscricoes-homologadas.pdf\">Inscri\u00e7\u00f5es homologadas &#8211; Edital Regular e Suplementar<\/a><\/p>\n\n\n\n<p><a href=\"https:\/\/www.fafich.ufmg.br\/psicogcom\/antigo\/wp-content\/uploads\/2022\/09\/incricoes-homologadas-processo-seletivo.pdf\">OF\u00cdCIO N\u00ba 29\/2022 &#8211; Inscri\u00e7\u00f5es homologadas (Edital Regular e Suplementar)<\/a><\/p>\n\n\n\n<div style=\"height:25px\" aria-hidden=\"true\" class=\"wp-block-spacer\"><\/div>\n\n\n\n<p><strong>Informa\u00e7\u00f5es &#8211; Prova escrita:<\/strong> A prova ter\u00e1 dura\u00e7\u00e3o de at\u00e9 3 horas e ser\u00e1 realizada no dia 03 de outubro de 2022 \u00e0s 9:00 horas, na SALA 2060 da Faculdade de Filosofia e Ci\u00eancias Humanas (FAFICH) . Os(as) candidatos(as) dever\u00e3o trazer l\u00e1pis, borracha, caneta, \u00e1gua e documentos de identifica\u00e7\u00e3o. \u00c9 permitida a utiliza\u00e7\u00e3o de dicion\u00e1rios ingl\u00eas-portugu\u00eas ou ingl\u00eas-ingl\u00eas, desde que sejam f\u00edsicos, sendo vedado o uso de programas de tradu\u00e7\u00e3o ou computadores.<\/p>\n\n\n\n<div style=\"height:25px\" aria-hidden=\"true\" class=\"wp-block-spacer\"><\/div>\n\n\n\n<p><a href=\"https:\/\/www.fafich.ufmg.br\/psicogcom\/antigo\/wp-content\/uploads\/2022\/10\/Resultado-Doutorado-Primeira-Etapa.pdf\">Resultado primeira etapa &#8211; Doutorado<\/a><\/p>\n\n\n\n<p><a href=\"https:\/\/www.fafich.ufmg.br\/psicogcom\/antigo\/wp-content\/uploads\/2022\/10\/SEI_UFMG-1817160-Oficio-Resultados-doutorado-primeira-etapa-pos-recursos.pdf\">Resultado primeira etapa &#8211; Doutorado (ap\u00f3s recursos)<\/a><\/p>\n\n\n\n<p><a href=\"https:\/\/www.fafich.ufmg.br\/psicogcom\/antigo\/wp-content\/uploads\/2022\/10\/Cronograma_Selecao_Doutorado_2023_Arguicao.pdf\">Segunda etapa Doutorado &#8211; Cronograma de argui\u00e7\u00e3o<\/a><\/p>\n\n\n\n<p><a href=\"https:\/\/www.fafich.ufmg.br\/psicogcom\/antigo\/wp-content\/uploads\/2022\/10\/SEI_UFMG-1802460-Oficio.impedimento.pdf\">Declara\u00e7\u00e3o de n\u00e3o impedimento dos professores<\/a><\/p>\n\n\n\n<p><a href=\"https:\/\/www.fafich.ufmg.br\/psicogcom\/antigo\/wp-content\/uploads\/2022\/10\/SEI_UFMG-1826602-Oficio.bancas.pdf\">Comunica\u00e7\u00e3o sobre a composi\u00e7\u00e3o da banca examinadora<\/a><\/p>\n\n\n\n<p><a href=\"https:\/\/www.fafich.ufmg.br\/psicogcom\/antigo\/wp-content\/uploads\/2022\/10\/SEI_UFMG-1826577-Oficio_mestrado.pdf\">Resultado primeira etapa &#8211; Mestrado<\/a><\/p>\n\n\n\n<p><a href=\"https:\/\/www.fafich.ufmg.br\/psicogcom\/antigo\/wp-content\/uploads\/2022\/10\/resultado-mestrado-primeira-etapa-apos-recursos.pdf\">Resultado primeira etapa &#8211; Mestrado (ap\u00f3s recursos)<\/a><\/p>\n\n\n\n<p><a href=\"https:\/\/www.fafich.ufmg.br\/psicogcom\/antigo\/wp-content\/uploads\/2022\/10\/Cronograma_Selecao_MestradoMIP_2023_Arguicao.docx\">Segunda etapa Mestrado &#8211; Cronograma de argui\u00e7\u00e3o (Linha: Mensura\u00e7\u00e3o e Interven\u00e7\u00e3o em Psicologia)<\/a><\/p>\n\n\n\n<p><a href=\"https:\/\/www.fafich.ufmg.br\/psicogcom\/antigo\/wp-content\/uploads\/2022\/10\/Cronograma_Selecao_Mestrado023_Arguicao-Neuropsicologia1.docx\">Segunda etapa Mestrado &#8211; Cronograma de argui\u00e7\u00e3o (Linha: Neuropsicologia do Desenvolvimento)<\/a><\/p>\n\n\n\n<p><a href=\"https:\/\/www.fafich.ufmg.br\/psicogcom\/antigo\/wp-content\/uploads\/2022\/10\/resultado-doutorado-segunda-etapa.pdf\">Resultado segundo etapa &#8211; Doutorado<\/a><\/p>\n\n\n\n<p><a href=\"https:\/\/www.fafich.ufmg.br\/psicogcom\/antigo\/wp-content\/uploads\/2022\/10\/Cronograma_Selecao_MestradoMIP_2023_Arguicao-4.docx\">Segunda etapa Mestrado &#8211; Cronograma de argui\u00e7\u00e3o <strong>Retificado<\/strong> (Linha: Mensura\u00e7\u00e3o e Interven\u00e7\u00e3o em Psicologia)<\/a><\/p>\n\n\n\n<p><a href=\"https:\/\/www.fafich.ufmg.br\/psicogcom\/antigo\/wp-content\/uploads\/2022\/11\/resultado-segunda-etapa-mestrado-PPG-PsiCogCom-1.pdf\">Resultado segunda etapa &#8211; Mestrado<\/a><\/p>\n\n\n\n<p><a href=\"https:\/\/www.fafich.ufmg.br\/psicogcom\/antigo\/wp-content\/uploads\/2022\/11\/Resultado-final-Mestrado-PPG-Cogcom-2023.pdf\">Resultado final &#8211; Mestrado<\/a><\/p>\n\n\n\n<p><a href=\"https:\/\/www.fafich.ufmg.br\/psicogcom\/antigo\/wp-content\/uploads\/2022\/11\/Resultado-final-Doutorado-PPG-Cogcom-2023.pdf\">Resultado final &#8211; Doutorado<\/a><\/p>\n\n\n\n<p><a href=\"https:\/\/www.fafich.ufmg.br\/psicogcom\/antigo\/wp-content\/uploads\/2022\/11\/SEI_UFMG-1920195-Oficio-resultado-mestrado-final.pdf\">Resultado final &#8211; Mestrado (ap\u00f3s recursos)<\/a><\/p>\n\n\n\n<p><a href=\"https:\/\/www.fafich.ufmg.br\/psicogcom\/antigo\/wp-content\/uploads\/2022\/11\/SEI_UFMG-1920168-Oficio-resulatdo-doutorado-final.pdf\">Resultado final &#8211; Doutorado (ap\u00f3s recursos)<\/a><\/p>\n\n\n\n<div style=\"height:50px\" aria-hidden=\"true\" class=\"wp-block-spacer\"><\/div>\n\n\n\n<h2 class=\"wp-block-heading\">Sele\u00e7\u00e3o Suplementar: Mestrado e Doutorado<\/h2>\n\n\n\n<p><a href=\"https:\/\/www.fafich.ufmg.br\/psicogcom\/antigo\/wp-content\/uploads\/2022\/06\/Edital_Suplementar_PsiCogCom_MD_24jun2023.pdf\">Edital Suplementar \u2013 Mestrado e Doutorado<\/a><\/p>\n\n\n\n<p><a href=\"https:\/\/www.fafich.ufmg.br\/psicogcom\/antigo\/wp-content\/uploads\/2022\/06\/Extrato_Suplementar_PsiCogCom_MD_24jun2023.pdf\">Extrato do Edital Suplementar \u2013 Mestrado e Doutorado<\/a><\/p>\n\n\n\n<p><a href=\"http:\/\/www.fafich.ufmg.br\/selecaoppgcogcom\/\">Formul\u00e1rio de inscri\u00e7\u00e3o online<\/a>: &nbsp;Dispon\u00edvel a partir do dia 01 de agosto de 2022.<\/p>\n\n\n\n<div style=\"height:25px\" aria-hidden=\"true\" class=\"wp-block-spacer\"><\/div>\n\n\n\n<p><strong>Anexos \u2013 Ind\u00edgenas<\/strong><\/p>\n\n\n\n<p><a href=\"https:\/\/www.fafich.ufmg.br\/psicogcom\/antigo\/wp-content\/uploads\/2022\/06\/Indigena-1-de-3-Declaracao-de-Autorreconhecimento-11-09-2018.pdf\">Declara\u00e7\u00e3o de autorreconhecimento ind\u00edgena<\/a><\/p>\n\n\n\n<p><a href=\"https:\/\/www.fafich.ufmg.br\/psicogcom\/antigo\/wp-content\/uploads\/2022\/06\/Indigena-2-de-3-Declaracao-de-Liderancas-11-09-2018.pdf\">Declara\u00e7\u00e3o de lideran\u00e7as ind\u00edgenas<\/a><\/p>\n\n\n\n<p><a href=\"https:\/\/www.fafich.ufmg.br\/psicogcom\/antigo\/wp-content\/uploads\/2022\/08\/Declaracao-de-Residencia-em-Comunidade-Indigena-1.pdf\">Formul\u00e1rio de declara\u00e7\u00e3o de resid\u00eancia em comunidade ind\u00edgena<\/a><\/p>\n\n\n\n<p><a href=\"https:\/\/www.fafich.ufmg.br\/psicogcom\/antigo\/wp-content\/uploads\/2022\/09\/Processo-seletivo-Cogcom-2023_inscricoes-homologadas.pdf\">Inscri\u00e7\u00f5es homologadas &#8211; Edital Regular e Suplementar<\/a><\/p>\n\n\n\n<div style=\"height:25px\" aria-hidden=\"true\" class=\"wp-block-spacer\"><\/div>\n\n\n\n<p><strong>Anexos \u2013 Pessoa com defici\u00eancia<\/strong><\/p>\n\n\n\n<p><a href=\"https:\/\/www.fafich.ufmg.br\/psicogcom\/antigo\/wp-content\/uploads\/2022\/06\/AUTODECLARACAO-DE-PESSOA-COM-DEFICIENCIA10-02-2020.docx\">Autodeclara\u00e7\u00e3o de pessoa com defici\u00eancia<\/a><\/p>\n\n\n\n<p><a href=\"https:\/\/www.fafich.ufmg.br\/psicogcom\/antigo\/wp-content\/uploads\/2022\/06\/MODELO-DE-RELATORIO-DO-MEDICO-ASSISTENTE_Dast.docx\">Modelo de relat\u00f3rio do m\u00e9dico assistente<\/a><\/p>\n\n\n\n<p><a href=\"https:\/\/www.fafich.ufmg.br\/psicogcom\/antigo\/wp-content\/uploads\/2022\/06\/FORMULARIO-DE-SOLICITACAO-DE-CONDICOES-ESPECIAIS_10_02_2020.docx\">Formul\u00e1rio de solicita\u00e7\u00e3o de condi\u00e7\u00f5es especiais<\/a><\/p>\n\n\n\n<p><a href=\"https:\/\/www.fafich.ufmg.br\/psicogcom\/antigo\/wp-content\/uploads\/2022\/09\/incricoes-homologadas-processo-seletivo.pdf\">OF\u00cdCIO N\u00ba 29\/2022 &#8211; Inscri\u00e7\u00f5es homologadas (Edital Regular e Suplementar)<\/a><\/p>\n\n\n\n<div style=\"height:25px\" aria-hidden=\"true\" class=\"wp-block-spacer\"><\/div>\n\n\n\n<p><strong>Informa\u00e7\u00f5es &#8211; Prova escrita:<\/strong> A prova ter\u00e1 dura\u00e7\u00e3o de at\u00e9 3 horas e ser\u00e1 realizada no dia 03 de outubro de 2022 \u00e0s 9:00 horas, na SALA 2060 da Faculdade de Filosofia e Ci\u00eancias Humanas (FAFICH) .<\/p>\n\n\n\n<p>Os(as) candidatos(as) dever\u00e3o trazer l\u00e1pis, borracha, caneta, \u00e1gua e documentos de identifica\u00e7\u00e3o. \u00c9 permitida a utiliza\u00e7\u00e3o de dicion\u00e1rios ingl\u00eas-portugu\u00eas ou ingl\u00eas-ingl\u00eas, desde que sejam f\u00edsicos, sendo vedado o uso de programas de tradu\u00e7\u00e3o ou computadores.<\/p>\n\n\n\n<div style=\"height:25px\" aria-hidden=\"true\" class=\"wp-block-spacer\"><\/div>\n\n\n\n<p><a href=\"https:\/\/www.fafich.ufmg.br\/psicogcom\/antigo\/wp-content\/uploads\/2022\/10\/Resultado-Doutorado-Primeira-Etapa.pdf\">Resultado primeira etapa &#8211; Doutorado<\/a><\/p>\n\n\n\n<p><a href=\"https:\/\/www.fafich.ufmg.br\/psicogcom\/antigo\/wp-content\/uploads\/2022\/10\/SEI_UFMG-1817160-Oficio-Resultados-doutorado-primeira-etapa-pos-recursos.pdf\">Resultado primeira etapa &#8211; Doutorado (ap\u00f3s recursos)<\/a><\/p>\n\n\n\n<p><a href=\"https:\/\/www.fafich.ufmg.br\/psicogcom\/antigo\/wp-content\/uploads\/2022\/10\/Cronograma_Selecao_Doutorado_2023_Arguicao.pdf\">Segunda etapa Doutorado &#8211; Cronograma de argui\u00e7\u00e3o<\/a><\/p>\n\n\n\n<p><a href=\"https:\/\/www.fafich.ufmg.br\/psicogcom\/antigo\/wp-content\/uploads\/2022\/10\/SEI_UFMG-1802460-Oficio.impedimento.pdf\">Declara\u00e7\u00e3o de n\u00e3o impedimento dos professores<\/a><\/p>\n\n\n\n<p><a href=\"https:\/\/www.fafich.ufmg.br\/psicogcom\/antigo\/wp-content\/uploads\/2022\/10\/SEI_UFMG-1826602-Oficio.bancas.pdf\">Comunica\u00e7\u00e3o sobre a composi\u00e7\u00e3o da banca examinadora<\/a><\/p>\n\n\n\n<p><a href=\"https:\/\/www.fafich.ufmg.br\/psicogcom\/antigo\/wp-content\/uploads\/2022\/10\/SEI_UFMG-1826577-Oficio_mestrado.pdf\">Resultado primeira etapa &#8211; Mestrado<\/a><\/p>\n\n\n\n<p><a href=\"https:\/\/www.fafich.ufmg.br\/psicogcom\/antigo\/wp-content\/uploads\/2022\/10\/resultado-mestrado-primeira-etapa-apos-recursos.pdf\">Resultado primeira etapa &#8211; Mestrado (ap\u00f3s recursos)<\/a><\/p>\n\n\n\n<p><a href=\"https:\/\/www.fafich.ufmg.br\/psicogcom\/antigo\/wp-content\/uploads\/2022\/10\/Cronograma_Selecao_MestradoMIP_2023_Arguicao.docx\">Segunda etapa Mestrado &#8211; Cronograma de argui\u00e7\u00e3o (Linha: Mensura\u00e7\u00e3o e Interven\u00e7\u00e3o em Psicologia)<\/a><\/p>\n\n\n\n<p><a href=\"https:\/\/www.fafich.ufmg.br\/psicogcom\/antigo\/wp-content\/uploads\/2022\/10\/Cronograma_Selecao_Mestrado023_Arguicao-Neuropsicologia1.docx\">Segunda etapa Mestrado &#8211; Cronograma de argui\u00e7\u00e3o (Linha: Neuropsicologia do Desenvolvimento)<\/a><\/p>\n\n\n\n<p><a href=\"https:\/\/www.fafich.ufmg.br\/psicogcom\/antigo\/wp-content\/uploads\/2022\/10\/resultado-doutorado-segunda-etapa.pdf\">Resultado segundo etapa &#8211; Doutorado<\/a><\/p>\n\n\n\n<p><a href=\"https:\/\/www.fafich.ufmg.br\/psicogcom\/antigo\/wp-content\/uploads\/2022\/10\/Cronograma_Selecao_MestradoMIP_2023_Arguicao-4.docx\">Segunda etapa Mestrado &#8211; Cronograma de argui\u00e7\u00e3o <strong>Retificado<\/strong> (Linha: Mensura\u00e7\u00e3o e Interven\u00e7\u00e3o em Psicologia)<\/a><\/p>\n\n\n\n<p><a href=\"https:\/\/www.fafich.ufmg.br\/psicogcom\/antigo\/wp-content\/uploads\/2022\/11\/resultado-segunda-etapa-mestrado-PPG-PsiCogCom-1.pdf\">Resultado segunda etapa &#8211; Mestrado<\/a><\/p>\n\n\n\n<p><a href=\"https:\/\/www.fafich.ufmg.br\/psicogcom\/antigo\/wp-content\/uploads\/2022\/11\/Resultado-final-Mestrado-PPG-Cogcom-2023.pdf\">Resultado final &#8211; Mestrado<\/a><\/p>\n\n\n\n<p><a href=\"https:\/\/www.fafich.ufmg.br\/psicogcom\/antigo\/wp-content\/uploads\/2022\/11\/Resultado-final-Doutorado-PPG-Cogcom-2023.pdf\">Resultado final &#8211; Doutorado<\/a><\/p>\n\n\n\n<p><a href=\"https:\/\/www.fafich.ufmg.br\/psicogcom\/antigo\/wp-content\/uploads\/2022\/11\/SEI_UFMG-1920195-Oficio-resultado-mestrado-final.pdf\">Resultado final &#8211; Mestrado (ap\u00f3s recursos)<\/a><\/p>\n\n\n\n<p><a href=\"https:\/\/www.fafich.ufmg.br\/psicogcom\/antigo\/wp-content\/uploads\/2022\/11\/SEI_UFMG-1920168-Oficio-resulatdo-doutorado-final.pdf\">Resultado final &#8211; Doutorado (ap\u00f3s recursos)<\/a><\/p>\n","protected":false},"excerpt":{"rendered":"<p>Sele\u00e7\u00e3o Regular: Mestrado e Doutorado Edital Regular \u2013 Mestrado e Doutorado Extrato do Edital Regular \u2013 Mestrado e Doutorado Formul\u00e1rio de inscri\u00e7\u00e3o online: &nbsp;Dispon\u00edvel a partir do dia 01 de agosto de 2022. Autodeclara\u00e7\u00e3o \u00c9tnico-Racial Inscri\u00e7\u00f5es homologadas &#8211; Edital Regular e Suplementar OF\u00cdCIO N\u00ba 29\/2022 &#8211; Inscri\u00e7\u00f5es homologadas (Edital Regular e Suplementar) Informa\u00e7\u00f5es &#8211; Prova [&hellip;]<\/p>\n","protected":false},"author":4,"featured_media":0,"parent":10601,"menu_order":0,"comment_status":"closed","ping_status":"closed","template":"","meta":{"_acf_changed":false,"footnotes":""},"class_list":["post-10700","page","type-page","status-publish","hentry"],"acf":[],"meta_box":[],"_links":{"self":[{"href":"https:\/\/www.fafich.ufmg.br\/psicogcom\/wp-json\/wp\/v2\/pages\/10700","targetHints":{"allow":["GET"]}}],"collection":[{"href":"https:\/\/www.fafich.ufmg.br\/psicogcom\/wp-json\/wp\/v2\/pages"}],"about":[{"href":"https:\/\/www.fafich.ufmg.br\/psicogcom\/wp-json\/wp\/v2\/types\/page"}],"author":[{"embeddable":true,"href":"https:\/\/www.fafich.ufmg.br\/psicogcom\/wp-json\/wp\/v2\/users\/4"}],"replies":[{"embeddable":true,"href":"https:\/\/www.fafich.ufmg.br\/psicogcom\/wp-json\/wp\/v2\/comments?post=10700"}],"version-history":[{"count":2,"href":"https:\/\/www.fafich.ufmg.br\/psicogcom\/wp-json\/wp\/v2\/pages\/10700\/revisions"}],"predecessor-version":[{"id":10751,"href":"https:\/\/www.fafich.ufmg.br\/psicogcom\/wp-json\/wp\/v2\/pages\/10700\/revisions\/10751"}],"up":[{"embeddable":true,"href":"https:\/\/www.fafich.ufmg.br\/psicogcom\/wp-json\/wp\/v2\/pages\/10601"}],"wp:attachment":[{"href":"https:\/\/www.fafich.ufmg.br\/psicogcom\/wp-json\/wp\/v2\/media?parent=10700"}],"curies":[{"name":"wp","href":"https:\/\/api.w.org\/{rel}","templated":true}]}}