{"id":10702,"date":"2025-09-04T13:01:40","date_gmt":"2025-09-04T16:01:40","guid":{"rendered":"https:\/\/www.fafich.ufmg.br\/psicogcom\/wordpress\/?page_id=10702"},"modified":"2025-09-19T10:27:51","modified_gmt":"2025-09-19T13:27:51","slug":"processo-seletivo-2024","status":"publish","type":"page","link":"https:\/\/www.fafich.ufmg.br\/psicogcom\/processo-seletivo\/processo-seletivo-2024\/","title":{"rendered":"Processo seletivo 2024"},"content":{"rendered":"\n<h2 class=\"wp-block-heading\">Sele\u00e7\u00e3o regular: mestrado e doutorado<\/h2>\n\n\n\n<p><a href=\"https:\/\/www.fafich.ufmg.br\/psicogcom\/antigo\/wp-content\/uploads\/2023\/07\/Edital-Regular-Selecao-Mestrado-Doutorado-2024_versao-16-de-junho-2023_Rev03_REVcoord_jbls_06072023-1-1.pdf\">Edital Regular \u2013 Mestrado e Doutorado<\/a><\/p>\n\n\n\n<p><a href=\"https:\/\/www.fafich.ufmg.br\/psicogcom\/antigo\/wp-content\/uploads\/2023\/07\/Extrato_Edital_Regular_PsiCogCom_MD_06jul2023.pdf\">Extrato do Edital Regular \u2013 Mestrado e Doutorado<\/a><\/p>\n\n\n\n<p><a href=\"https:\/\/www.fafich.ufmg.br\/selecaoppgcogcom\/\">Formul\u00e1rio de inscri\u00e7\u00e3o online<\/a><\/p>\n\n\n\n<p><a href=\"https:\/\/www.fafich.ufmg.br\/psicogcom\/antigo\/wp-content\/uploads\/2023\/07\/Autodeclaracao-Etnico-Racial-Candidatos-optantes-Negros-1_copia.pdf\">Autodeclara\u00e7\u00e3o \u00c9tnico-Racial&nbsp;<\/a><\/p>\n\n\n\n<p><a href=\"https:\/\/www.fafich.ufmg.br\/psicogcom\/antigo\/wp-content\/uploads\/2023\/09\/Inscricoes-Homologadas-Edital-Regular-e-Suplementar.pdf\">Inscri\u00e7\u00f5es homologadas \u2013 Edital Regular e Suplementar<\/a><\/p>\n\n\n\n<p><a href=\"https:\/\/www.fafich.ufmg.br\/psicogcom\/antigo\/wp-content\/uploads\/2023\/09\/Lista-final-de-inscricoes-homologadas-apos-analise-de-recurso.-Selecao-2024.pdf\">Lista final de inscri\u00e7\u00f5es homologadas ap\u00f3s an\u00e1lise de recurso. Sele\u00e7\u00e3o 2024<\/a><\/p>\n\n\n\n<p><a href=\"https:\/\/www.fafich.ufmg.br\/psicogcom\/antigo\/wp-content\/uploads\/2023\/10\/SALAS-PARA-A-REALIZACAO-DAS-PROVAS-regular.pdf\">Sala para&nbsp; a realiza\u00e7\u00e3o da prova &#8211; Clique aqui&nbsp;<\/a><\/p>\n\n\n\n<div style=\"height:25px\" aria-hidden=\"true\" class=\"wp-block-spacer\"><\/div>\n\n\n\n<p><a href=\"https:\/\/www.fafich.ufmg.br\/psicogcom\/antigo\/wp-content\/uploads\/2023\/10\/RESULTADO-PRIMEIRA-ETAPA-DOUTORADO.pdf\">Resultado primeira etapa &#8211; Doutorado<\/a><\/p>\n\n\n\n<p><a href=\"https:\/\/www.fafich.ufmg.br\/psicogcom\/antigo\/wp-content\/uploads\/2023\/10\/RESULTADO-PRIMEIRA-ETAPA-DOUTORADO-APOS-RECURSOS-.pdf\">Resultado primeira etapa \u2013 Doutorado (ap\u00f3s recursos)<\/a><\/p>\n\n\n\n<p><a href=\"https:\/\/www.fafich.ufmg.br\/psicogcom\/antigo\/wp-content\/uploads\/2023\/11\/resultado-segunda-etapa-doutorado.pdf\">Resultado segunda etapa &#8211; Doutorado<\/a><\/p>\n\n\n\n<p><a href=\"https:\/\/www.fafich.ufmg.br\/psicogcom\/antigo\/wp-content\/uploads\/2023\/10\/RESULTADO-PRIMEIRA-ETAPA-\u2013-MESTRADO.pdf\">Resultado primeira etapa &#8211; Mestrado&nbsp;<\/a><\/p>\n\n\n\n<p><a href=\"https:\/\/www.fafich.ufmg.br\/psicogcom\/antigo\/wp-content\/uploads\/2023\/11\/processo-23072258870202322-SEI_23072.258870_2023_22-3.pdf\">Resultado primeira etapa &#8211; Mestrado (ap\u00f3s recursos)<\/a><\/p>\n\n\n\n<p><a href=\"https:\/\/www.fafich.ufmg.br\/psicogcom\/antigo\/wp-content\/uploads\/2023\/11\/Resultado-segunda-etapa-Mestrado.pdf\">Resultado segunda etapa &#8211; Mestrado<\/a><\/p>\n\n\n\n<p><a href=\"https:\/\/www.fafich.ufmg.br\/psicogcom\/antigo\/wp-content\/uploads\/2023\/11\/Mestrado-selecao-SEI_UFMG-2853142-Oficio.pdf\">Resultado final &#8211; Mestrado<\/a><\/p>\n\n\n\n<p><a href=\"https:\/\/www.fafich.ufmg.br\/psicogcom\/antigo\/wp-content\/uploads\/2023\/12\/RESULTADO-FINAL-APOS-RECURSO-MESTRADO.pdf\">Resultado final ap\u00f3s recurso &#8211; Mestrado&nbsp;<\/a><\/p>\n\n\n\n<p><a href=\"https:\/\/www.fafich.ufmg.br\/psicogcom\/antigo\/wp-content\/uploads\/2023\/11\/Doutorado-selecao-SEI_UFMG-2852141-Oficio-2.pdf\">Resultado final &#8211; Doutorado<\/a><\/p>\n\n\n\n<p><a href=\"https:\/\/www.fafich.ufmg.br\/psicogcom\/antigo\/wp-content\/uploads\/2023\/12\/resultado-final-apos-recurso-doutorado.pdf\">Resultado final ap\u00f3s recurso &#8211; Doutorado&nbsp;<\/a><\/p>\n\n\n\n<p><a href=\"https:\/\/www.fafich.ufmg.br\/psicogcom\/antigo\/wp-content\/uploads\/2023\/11\/SEI_23072.258870_2023_22-1.pdf\">Banca Examinadora de Argui\u00e7\u00e3o Oral do mestrado e doutorado<\/a><\/p>\n\n\n\n<p><a href=\"https:\/\/www.fafich.ufmg.br\/psicogcom\/antigo\/wp-content\/uploads\/2023\/11\/SEI_23072.258870_2023_22-2.pdf\">Cronograma de Argui\u00e7\u00e3o &#8211; Doutorado&nbsp;<\/a><\/p>\n\n\n\n<p><a href=\"https:\/\/www.fafich.ufmg.br\/psicogcom\/antigo\/wp-content\/uploads\/2023\/11\/CRONOGRAMA-ARGUICAO-MESTRADO-MENSURACAO-E-INTERVENCAO-EM-PSICOLOGIA.pdf\">Cronograma de Argui\u00e7\u00e3o Mestrado &#8211; Linha: Mensura\u00e7\u00e3o e Interven\u00e7\u00e3o em Psicologia<\/a><\/p>\n\n\n\n<p><a href=\"https:\/\/www.fafich.ufmg.br\/psicogcom\/antigo\/wp-content\/uploads\/2023\/11\/CRONOGRAMA-ARGUICAO-MESTRADO-NEUROPSICOLOGIA-DO-DESENVOLVIMENTO.pdf\">Cronograma de Argui\u00e7\u00e3o Mestrado &#8211; Linha Neuropsicologia do Desenvolvimento<\/a><\/p>\n\n\n\n<div style=\"height:50px\" aria-hidden=\"true\" class=\"wp-block-spacer\"><\/div>\n\n\n\n<h2 class=\"wp-block-heading\">Sele\u00e7\u00e3o Suplementar: mestrado e doutorado<\/h2>\n\n\n\n<p><a href=\"https:\/\/www.fafich.ufmg.br\/psicogcom\/antigo\/wp-content\/uploads\/2023\/07\/Edital-suplementar_Selecao-mestrado-e-doutorado-2024_versao-16-de-junho-de-2023_Rev03_REVcoord_jbls_06072023.pdf\">Edital Suplementar \u2013 Mestrado e Doutorado<\/a><\/p>\n\n\n\n<p><a href=\"https:\/\/www.fafich.ufmg.br\/psicogcom\/antigo\/wp-content\/uploads\/2023\/07\/Extrato_Edital_Regular_PsiCogCom_MD_06jul2023.pdf\">Extrato do Edital Suplementar \u2013 Mestrado e Doutorado<\/a><\/p>\n\n\n\n<p><a href=\"https:\/\/www.fafich.ufmg.br\/psicogcom\/antigo\/wp-content\/uploads\/2023\/09\/Inscricoes-Homologadas-Edital-Regular-e-Suplementar.pdf\">Inscri\u00e7\u00f5es homologadas \u2013 Edital Regular e Suplementar<\/a><\/p>\n\n\n\n<p><a href=\"https:\/\/www.fafich.ufmg.br\/psicogcom\/antigo\/wp-content\/uploads\/2023\/09\/Lista-final-de-inscricoes-homologadas-apos-analise-de-recurso.-Selecao-2024.pdf\">Lista final de inscri\u00e7\u00f5es homologadas ap\u00f3s an\u00e1lise de recurso. Sele\u00e7\u00e3o 2024<\/a><\/p>\n\n\n\n<p><a href=\"https:\/\/www.fafich.ufmg.br\/psicogcom\/antigo\/wp-content\/uploads\/2023\/10\/SALAS-PARA-A-REALIZACAO-DAS-PROVAS-prova-Suplementar-para-Mestrado.pdf\">Sala para&nbsp; a realiza\u00e7\u00e3o da prova &#8211; Clique aqui<\/a><\/p>\n\n\n\n<p><a href=\"https:\/\/www.fafich.ufmg.br\/psicogcom\/antigo\/wp-content\/uploads\/2023\/10\/RESULTADO-PRIMEIRA-ETAPA-DOUTORADO.pdf\">Resultado primeira etapa &#8211; Doutorado<\/a><\/p>\n\n\n\n<p><a href=\"https:\/\/www.fafich.ufmg.br\/psicogcom\/antigo\/wp-content\/uploads\/2023\/10\/RESULTADO-PRIMEIRA-ETAPA-DOUTORADO-APOS-RECURSOS-.pdf\">Resultado primeira etapa \u2013 Doutorado (ap\u00f3s recursos)<\/a><\/p>\n\n\n\n<p><a href=\"https:\/\/www.fafich.ufmg.br\/psicogcom\/antigo\/wp-content\/uploads\/2023\/11\/resultado-segunda-etapa-doutorado.pdf\">Resultado segunda etapa &#8211; Doutorado<\/a><\/p>\n\n\n\n<p><a href=\"https:\/\/www.fafich.ufmg.br\/psicogcom\/antigo\/wp-content\/uploads\/2023\/10\/RESULTADO-PRIMEIRA-ETAPA-\u2013-MESTRADO.pdf\">Resultado primeira etapa &#8211; Mestrado<\/a><\/p>\n\n\n\n<p><a href=\"https:\/\/www.fafich.ufmg.br\/psicogcom\/antigo\/wp-content\/uploads\/2023\/11\/processo-23072258870202322-SEI_23072.258870_2023_22-3.pdf\">Resultado primeira etapa &#8211; Mestrado (ap\u00f3s recursos)<\/a><\/p>\n\n\n\n<p><a href=\"https:\/\/www.fafich.ufmg.br\/psicogcom\/antigo\/wp-content\/uploads\/2023\/11\/Resultado-segunda-etapa-Mestrado.pdf\">Resultado segunda etapa &#8211; Mestrado<\/a><\/p>\n\n\n\n<p><a href=\"https:\/\/www.fafich.ufmg.br\/psicogcom\/antigo\/wp-content\/uploads\/2023\/11\/Mestrado-selecao-SEI_UFMG-2853142-Oficio.pdf\">Resultado final &#8211; Mestrado<\/a><\/p>\n\n\n\n<p><a href=\"https:\/\/www.fafich.ufmg.br\/psicogcom\/antigo\/wp-content\/uploads\/2023\/12\/RESULTADO-FINAL-APOS-RECURSO-MESTRADO.pdf\">Resultado final ap\u00f3s recurso &#8211; Mestrado&nbsp;<\/a><\/p>\n\n\n\n<p><a href=\"https:\/\/www.fafich.ufmg.br\/psicogcom\/antigo\/wp-content\/uploads\/2023\/11\/Doutorado-selecao-SEI_UFMG-2852141-Oficio-2.pdf\">Resultado final &#8211; Doutorado&nbsp;<\/a><\/p>\n\n\n\n<p><a href=\"https:\/\/www.fafich.ufmg.br\/psicogcom\/antigo\/wp-content\/uploads\/2023\/12\/resultado-final-apos-recurso-doutorado.pdf\">Resultado final ap\u00f3s recurso &#8211; Doutorado&nbsp;<\/a><\/p>\n\n\n\n<p><a href=\"https:\/\/www.fafich.ufmg.br\/psicogcom\/antigo\/wp-content\/uploads\/2023\/11\/SEI_23072.258870_2023_22-1.pdf\">Banca Examinadora de Argui\u00e7\u00e3o Oral do mestrado e doutorado<\/a><\/p>\n\n\n\n<p><a href=\"https:\/\/www.fafich.ufmg.br\/psicogcom\/antigo\/wp-content\/uploads\/2023\/11\/SEI_23072.258870_2023_22-2.pdf\">Cronograma de Argui\u00e7\u00e3o &#8211; Doutorado&nbsp;<\/a><\/p>\n\n\n\n<p><a href=\"https:\/\/www.fafich.ufmg.br\/psicogcom\/antigo\/wp-content\/uploads\/2023\/11\/CRONOGRAMA-ARGUICAO-MESTRADO-MENSURACAO-E-INTERVENCAO-EM-PSICOLOGIA.pdf\">Cronograma de Argui\u00e7\u00e3o Mestrado &#8211; Linha: Mensura\u00e7\u00e3o e Interven\u00e7\u00e3o em Psicologia<\/a><\/p>\n\n\n\n<p><a href=\"https:\/\/www.fafich.ufmg.br\/psicogcom\/antigo\/wp-content\/uploads\/2023\/11\/CRONOGRAMA-ARGUICAO-MESTRADO-NEUROPSICOLOGIA-DO-DESENVOLVIMENTO.pdf\">Cronograma de Argui\u00e7\u00e3o Mestrado &#8211; Linha Neuropsicologia do Desenvolvimento<\/a><\/p>\n\n\n\n<div style=\"height:25px\" aria-hidden=\"true\" class=\"wp-block-spacer\"><\/div>\n\n\n\n<p><strong>Anexos \u2013 Ind\u00edgenas<\/strong><\/p>\n\n\n\n<p><a href=\"https:\/\/www.fafich.ufmg.br\/psicogcom\/antigo\/wp-content\/uploads\/2023\/07\/Indigena-1-de-3-Declaracao-de-Autorreconhecimento-11-09-2018.pdf\">Declara\u00e7\u00e3o de autorreconhecimento ind\u00edgena<\/a><\/p>\n\n\n\n<p><a href=\"https:\/\/www.fafich.ufmg.br\/psicogcom\/antigo\/wp-content\/uploads\/2023\/07\/Indigena-2-de-3-Declaracao-de-Liderancas-11-09-2018.pdf\">Declara\u00e7\u00e3o de lideran\u00e7as ind\u00edgenas<\/a><\/p>\n\n\n\n<p><a href=\"https:\/\/www.fafich.ufmg.br\/psicogcom\/antigo\/wp-content\/uploads\/2023\/07\/Declaracao-de-Residencia-em-Comunidade-Indigena-1.pdf\">Formul\u00e1rio de declara\u00e7\u00e3o de resid\u00eancia em comunidade ind\u00edgena<\/a><\/p>\n\n\n\n<div style=\"height:25px\" aria-hidden=\"true\" class=\"wp-block-spacer\"><\/div>\n\n\n\n<p><strong>Anexos \u2013 Pessoa com defici\u00eancia<\/strong><\/p>\n\n\n\n<p><a href=\"https:\/\/www.fafich.ufmg.br\/psicogcom\/antigo\/wp-content\/uploads\/2023\/07\/AUTODECLARACAO-DE-PESSOA-COM-DEFICIENCIA10-02-2020-3.docx\">Autodeclara\u00e7\u00e3o de pessoa com defici\u00eancia<\/a><\/p>\n\n\n\n<p><a href=\"https:\/\/www.fafich.ufmg.br\/psicogcom\/antigo\/wp-content\/uploads\/2023\/07\/Modelo-do-relatorio-do-medico-assitente.pdf\">Modelo de relat\u00f3rio do m\u00e9dico assistente<\/a><\/p>\n\n\n\n<p><a href=\"https:\/\/www.fafich.ufmg.br\/psicogcom\/antigo\/wp-content\/uploads\/2022\/06\/FORMULARIO-DE-SOLICITACAO-DE-CONDICOES-ESPECIAIS_10_02_2020.docx\">Formul\u00e1rio de solicita\u00e7\u00e3o de condi\u00e7\u00f5es especiais<\/a><\/p>\n\n\n\n<p><\/p>\n","protected":false},"excerpt":{"rendered":"<p>Sele\u00e7\u00e3o regular: mestrado e doutorado Edital Regular \u2013 Mestrado e Doutorado Extrato do Edital Regular \u2013 Mestrado e Doutorado Formul\u00e1rio de inscri\u00e7\u00e3o online Autodeclara\u00e7\u00e3o \u00c9tnico-Racial&nbsp; Inscri\u00e7\u00f5es homologadas \u2013 Edital Regular e Suplementar Lista final de inscri\u00e7\u00f5es homologadas ap\u00f3s an\u00e1lise de recurso. Sele\u00e7\u00e3o 2024 Sala para&nbsp; a realiza\u00e7\u00e3o da prova &#8211; Clique aqui&nbsp; Resultado primeira etapa [&hellip;]<\/p>\n","protected":false},"author":4,"featured_media":0,"parent":10601,"menu_order":0,"comment_status":"closed","ping_status":"closed","template":"","meta":{"_acf_changed":false,"footnotes":""},"class_list":["post-10702","page","type-page","status-publish","hentry"],"acf":[],"meta_box":[],"_links":{"self":[{"href":"https:\/\/www.fafich.ufmg.br\/psicogcom\/wp-json\/wp\/v2\/pages\/10702","targetHints":{"allow":["GET"]}}],"collection":[{"href":"https:\/\/www.fafich.ufmg.br\/psicogcom\/wp-json\/wp\/v2\/pages"}],"about":[{"href":"https:\/\/www.fafich.ufmg.br\/psicogcom\/wp-json\/wp\/v2\/types\/page"}],"author":[{"embeddable":true,"href":"https:\/\/www.fafich.ufmg.br\/psicogcom\/wp-json\/wp\/v2\/users\/4"}],"replies":[{"embeddable":true,"href":"https:\/\/www.fafich.ufmg.br\/psicogcom\/wp-json\/wp\/v2\/comments?post=10702"}],"version-history":[{"count":2,"href":"https:\/\/www.fafich.ufmg.br\/psicogcom\/wp-json\/wp\/v2\/pages\/10702\/revisions"}],"predecessor-version":[{"id":10750,"href":"https:\/\/www.fafich.ufmg.br\/psicogcom\/wp-json\/wp\/v2\/pages\/10702\/revisions\/10750"}],"up":[{"embeddable":true,"href":"https:\/\/www.fafich.ufmg.br\/psicogcom\/wp-json\/wp\/v2\/pages\/10601"}],"wp:attachment":[{"href":"https:\/\/www.fafich.ufmg.br\/psicogcom\/wp-json\/wp\/v2\/media?parent=10702"}],"curies":[{"name":"wp","href":"https:\/\/api.w.org\/{rel}","templated":true}]}}