{"id":10704,"date":"2025-09-04T13:18:15","date_gmt":"2025-09-04T16:18:15","guid":{"rendered":"https:\/\/www.fafich.ufmg.br\/psicogcom\/wordpress\/?page_id=10704"},"modified":"2025-12-18T14:41:36","modified_gmt":"2025-12-18T17:41:36","slug":"processo-seletivo-2026","status":"publish","type":"page","link":"https:\/\/www.fafich.ufmg.br\/psicogcom\/processo-seletivo\/processo-seletivo-2026\/","title":{"rendered":"Processo seletivo 2026"},"content":{"rendered":"\n<p><\/p>\n\n\n\n<p><\/p>\n\n\n\n<p style=\"font-size:14px\"><a href=\"https:\/\/www.fafich.ufmg.br\/psicogcom\/?page_id=10781\" data-type=\"page\" data-id=\"10781\"><strong>INSCRI\u00c7\u00d5ES HOMOLOGADAS<\/strong><\/a><\/p>\n\n\n\n<div style=\"height:23px\" aria-hidden=\"true\" class=\"wp-block-spacer\"><\/div>\n\n\n\n<p style=\"font-size:14px\"><a href=\"https:\/\/www.fafich.ufmg.br\/psicogcom\/?page_id=10867\" data-type=\"page\" data-id=\"10867\"><strong>RESULTADO INSCRI\u00c7\u00d5ES HOMOLOGADAS AP\u00d3S RECURSOS<\/strong><\/a><\/p>\n\n\n\n<div style=\"height:22px\" aria-hidden=\"true\" class=\"wp-block-spacer\"><\/div>\n\n\n\n<div class=\"wp-block-file\" style=\"padding-top:0;padding-bottom:0\"><a id=\"wp-block-file--media-efe0c7b0-461b-411e-b711-27030993f9e3\" href=\"https:\/\/www.fafich.ufmg.br\/psicogcom\/wp-content\/uploads\/2025\/10\/LOCAL-DE-REALIZACAO-DAS-PROVAS-DISTRIBUICAO-DE-CANDIDATOS-POR-SALA.pdf\"><strong>LOCAL DE  REALIZA\u00c7\u00c3O DAS PROVAS DE MESTRADO- DISTRIBUI\u00c7\u00c3O DE CANDIDATOS POR SALA<\/strong><\/a><\/div>\n\n\n\n<div style=\"height:19px\" aria-hidden=\"true\" class=\"wp-block-spacer\"><\/div>\n\n\n\n<div class=\"wp-block-file\" style=\"border-radius:0px;margin-right:0;margin-left:0;padding-right:0;padding-left:0\"><a id=\"wp-block-file--media-ae22377a-82b3-4271-9192-6398bf490685\" href=\"https:\/\/www.fafich.ufmg.br\/psicogcom\/wp-content\/uploads\/2025\/11\/Resultado-Prova-Escrita-Mestrado.pdf\"><strong>RESULTADO 1\u00aa ETAPA &#8211; MESTRADO<\/strong> <\/a><\/div>\n\n\n\n<div style=\"height:21px\" aria-hidden=\"true\" class=\"wp-block-spacer\"><\/div>\n\n\n\n<div class=\"wp-block-file\"><a id=\"wp-block-file--media-23220ab1-3f10-4a34-b642-31693da48312\" href=\"https:\/\/www.fafich.ufmg.br\/psicogcom\/wp-content\/uploads\/2025\/11\/Resultado-1a-Etapa-DOUTORADO.pdf\"><strong>RESULTADO 1\u00aa ETAPA &#8211; DOUTORADO<\/strong><\/a><\/div>\n\n\n\n<div style=\"height:18px\" aria-hidden=\"true\" class=\"wp-block-spacer\"><\/div>\n\n\n\n<div class=\"wp-block-file\"><a id=\"wp-block-file--media-14e955de-a80b-4848-a626-17e1ffdbb5dc\" href=\"https:\/\/www.fafich.ufmg.br\/psicogcom\/wp-content\/uploads\/2025\/11\/Apos-recursos-Resultado-Prova-Escrita-Mestrado.pdf\"><strong> RESULTADO 1\u00aa ETAPA &#8211; MESTRADO &#8211; AP\u00d3S RECURSOS<\/strong><\/a><\/div>\n\n\n\n<div style=\"height:18px\" aria-hidden=\"true\" class=\"wp-block-spacer\"><\/div>\n\n\n\n<div class=\"wp-block-file\"><a id=\"wp-block-file--media-55f517ad-4780-4011-969e-d6e2f15c7081\" href=\"https:\/\/www.fafich.ufmg.br\/psicogcom\/wp-content\/uploads\/2025\/11\/Apos-recursos-Resultado-1a-Etapa-DOUTORADO.pdf\"><strong>RESULTADO 1\u00aa ETAPA &#8211; DOUTORADO<\/strong> &#8211; <strong>AP\u00d3S RECURSOS &#8211;<\/strong><\/a><\/div>\n\n\n\n<div style=\"height:23px\" aria-hidden=\"true\" class=\"wp-block-spacer\"><\/div>\n\n\n\n<div class=\"wp-block-file\"><a id=\"wp-block-file--media-e3a528a1-37c3-42ae-93d4-16bcbf5b4ebe\" href=\"https:\/\/www.fafich.ufmg.br\/psicogcom\/wp-content\/uploads\/2025\/11\/DECLARACAO-DE-INEXISTENCIA-DE-IMPEDIMENTO-OU-SUSPEICAO-DA-BANCA-EXAMINADORA.pdf\"><strong>DECLARA\u00c7\u00c3O DE INEXIST\u00caNCIA DE IMPEDIMENTO OU SUSPEI\u00c7\u00c3O DA BANCA EXAMINADOR<\/strong>A<\/a><\/div>\n\n\n\n<div style=\"height:20px\" aria-hidden=\"true\" class=\"wp-block-spacer\"><\/div>\n\n\n\n<div class=\"wp-block-file\"><a id=\"wp-block-file--media-43861b0d-1fb4-487e-9243-58c6b985fe6f\" href=\"https:\/\/www.fafich.ufmg.br\/psicogcom\/wp-content\/uploads\/2025\/11\/COMPOSICAO-DAS-BANCAS-EXAMINADORAS.pdf\"><strong>COMPOSI\u00c7\u00c3O DAS BANCAS EXAMINADORAS<\/strong><\/a><\/div>\n\n\n\n<div style=\"height:22px\" aria-hidden=\"true\" class=\"wp-block-spacer\"><\/div>\n\n\n\n<div class=\"wp-block-buttons is-layout-flex wp-block-buttons-is-layout-flex\"><\/div>\n\n\n\n<p style=\"font-size:14px\"><a href=\"https:\/\/www.fafich.ufmg.br\/psicogcom\/cronograma-entrevistas\/\" data-type=\"page\" data-id=\"10894\"><strong>CRONOGRAMAS DE ENTREVISTAS- MESTRADO E DOUTORADO<\/strong><\/a><\/p>\n\n\n\n<div style=\"height:26px\" aria-hidden=\"true\" class=\"wp-block-spacer\"><\/div>\n\n\n\n<div class=\"wp-block-file\"><a id=\"wp-block-file--media-821a7be1-6d6b-4d8a-b961-59fbed433548\" href=\"https:\/\/www.fafich.ufmg.br\/psicogcom\/wp-content\/uploads\/2025\/12\/Resultado-segunda-etapa-Mestrado.pdf\"><strong>RESULTADO SEGUNDA ETAPA &#8211; MESTRADO<\/strong><\/a><\/div>\n\n\n\n<div style=\"height:26px\" aria-hidden=\"true\" class=\"wp-block-spacer\"><\/div>\n\n\n\n<div class=\"wp-block-file\"><a id=\"wp-block-file--media-a316680b-8b80-437e-812e-b64de9bdeee0\" href=\"https:\/\/www.fafich.ufmg.br\/psicogcom\/wp-content\/uploads\/2025\/12\/Resultado-segunda-etapa-Doutorado.pdf\"><strong>RESULTADO SEGUNDA ETAPA &#8211; DOUTORADO<\/strong><\/a><\/div>\n\n\n\n<div style=\"height:23px\" aria-hidden=\"true\" class=\"wp-block-spacer\"><\/div>\n\n\n\n<div class=\"wp-block-file\"><a id=\"wp-block-file--media-57ddcc61-52cb-44ce-a7d0-e3d6445526db\" href=\"https:\/\/www.fafich.ufmg.br\/psicogcom\/wp-content\/uploads\/2025\/12\/RESULTADO-FINAL-MESTRADO.pdf\"><strong>RESULTADO FINAL &#8211; MESTRADO<\/strong><\/a><\/div>\n\n\n\n<div style=\"height:25px\" aria-hidden=\"true\" class=\"wp-block-spacer\"><\/div>\n\n\n\n<div class=\"wp-block-file\"><a id=\"wp-block-file--media-b7b084fe-3f7f-4a4f-b8cd-f1b91915d366\" href=\"https:\/\/www.fafich.ufmg.br\/psicogcom\/wp-content\/uploads\/2025\/12\/RESULTADO-FINAL-DOUTORADO.pdf\"><strong>RESULTADO FINAL &#8211; DOUTORADO<\/strong><\/a><\/div>\n\n\n\n<div style=\"height:21px\" aria-hidden=\"true\" class=\"wp-block-spacer\"><\/div>\n\n\n\n<div class=\"wp-block-file\"><a id=\"wp-block-file--media-090e4a0a-9af4-406f-8236-5e77ce0df146\" href=\"https:\/\/www.fafich.ufmg.br\/psicogcom\/wp-content\/uploads\/2025\/12\/RESULTADO-FINAL-MESTRADO-APOS-RECURSOS.pdf\"><strong>RESULTADO FINAL  MESTRADO &#8211; AP\u00d3S RECURSOS<\/strong><\/a><\/div>\n\n\n\n<div style=\"height:22px\" aria-hidden=\"true\" class=\"wp-block-spacer\"><\/div>\n\n\n\n<div class=\"wp-block-file\"><a id=\"wp-block-file--media-be340c17-e338-4892-9928-43c7bdb13be7\" href=\"https:\/\/www.fafich.ufmg.br\/psicogcom\/wp-content\/uploads\/2025\/12\/RESULTADO-FINAL-DOUTORADO-APOS-RECURSOS.pdf\"><strong>RESULTADO FINAL DOUTORADO &#8211; AP\u00d3S RECURSOS<\/strong><\/a><\/div>\n\n\n\n<div style=\"height:78px\" aria-hidden=\"true\" class=\"wp-block-spacer\"><\/div>\n\n\n\n<p><strong>INSCRI\u00c7\u00d5ES AT\u00c9 08\/10\/25<\/strong><\/p>\n\n\n<div class=\"wp-block-archives-list wp-block-archives\">N\u00e3o h\u00e1 arquivos para mostrar.<\/div>\n\n\n<p><strong>ATEN\u00c7\u00c3O<\/strong>: o endere\u00e7o eletr\u00f4nico <a href=\"mailto:ppg-psicogom@fafich.ufmg.br\" target=\"_blank\" rel=\"noreferrer noopener\">psicogcom@fafich.ufmg.br<\/a>, apresentado nos editais regular e suplementar, n\u00e3o est\u00e1 em funcionamento. As inscri\u00e7\u00f5es para o Processo Seletivo 2026 devem ser feitas <strong>exclusivamente <\/strong>pelo e-mail <a href=\"mailto:ppg-psicogom@fafich.ufmg.br\" target=\"_blank\" rel=\"noreferrer noopener\">ppg-psicogcom@fafich.ufmg.br<\/a>, conforme descrito nos editais de retifica\u00e7\u00e3o. TODA A DOCUMENTA\u00c7\u00c3O NECESS\u00c1RIA \u00c0 INSCRI\u00c7\u00c3O, <strong>INCLUSIVE COMPROVANTES CURRICULARES<\/strong>, DEVE SER ENCAMINHADA PARA ESTE E-MAIL.<\/p>\n\n\n\n<p><\/p>\n\n\n\n<h2 class=\"wp-block-heading has-pale-cyan-blue-background-color has-background has-medium-font-size\">Sele\u00e7\u00e3o regular: mestrado e doutorado<\/h2>\n\n\n\n<p>A sele\u00e7\u00e3o regular de mestrado e doutorado contempla duas modalidades: <strong>ampla concorr\u00eancia<\/strong> e <strong>reserva de vagas para negros<\/strong>.<\/p>\n\n\n\n<p>As inscri\u00e7\u00f5es devem ser feitas <strong>exclusivamente <\/strong>pelo e-mail <a href=\"mailto:ppg-psicogom@fafich.ufmg.br\" target=\"_blank\" rel=\"noreferrer noopener\">ppg-psicogcom@fafich.ufmg.br<\/a>.<\/p>\n\n\n\n<div class=\"wp-block-file\"><a id=\"wp-block-file--media-1c371794-87e5-418a-8635-0aed040e166f\" href=\"https:\/\/www.fafich.ufmg.br\/psicogcom\/wp-content\/uploads\/2025\/09\/SEI_4568051_Edital_de_Retificacao-Regular.pdf\">Edital de retifica\u00e7\u00e3o: Sele\u00e7\u00e3o Regular<\/a><\/div>\n\n\n\n<div class=\"wp-block-file\"><a id=\"wp-block-file--media-6236baa1-7651-43a5-9932-babc2acaef5f\" href=\"https:\/\/www.fafich.ufmg.br\/psicogcom\/wp-content\/uploads\/2025\/09\/SEI_4458677_Edital-Regular_2074.pdf\">Edital Regular<\/a><\/div>\n\n\n\n<div class=\"wp-block-file\"><a id=\"wp-block-file--media-ae4acdcf-d8f2-40ff-bfc4-6bfcb2aaf4b7\" href=\"https:\/\/www.fafich.ufmg.br\/psicogcom\/wp-content\/uploads\/2025\/09\/Autodeclaracao-Etnico-Racial-Candidatos-optantes-Negros-1_copia.pdf\">Autodeclara\u00e7\u00e3o \u00e9tnico-racial para candidatos optantes negros<\/a><\/div>\n\n\n\n<div style=\"height:50px\" aria-hidden=\"true\" class=\"wp-block-spacer\"><\/div>\n\n\n\n<h2 class=\"wp-block-heading has-pale-cyan-blue-background-color has-background has-medium-font-size\">Sele\u00e7\u00e3o suplementar: mestrado e doutorado<\/h2>\n\n\n\n<p>A sele\u00e7\u00e3o suplementar contempla vagas espec\u00edficas de mestrado e doutorado para <strong>ind\u00edgenas e pessoas com defici\u00eancia<\/strong>.<\/p>\n\n\n\n<p>As inscri\u00e7\u00f5es devem ser feitas <strong>exclusivamente <\/strong>pelo e-mail <a href=\"mailto:ppg-psicogom@fafich.ufmg.br\" target=\"_blank\" rel=\"noreferrer noopener\">ppg-psicogcom@fafich.ufmg.br<\/a>.<\/p>\n\n\n\n<div class=\"wp-block-file\"><a id=\"wp-block-file--media-9708f272-3b3b-438f-a772-64caa7570d39\" href=\"https:\/\/www.fafich.ufmg.br\/psicogcom\/wp-content\/uploads\/2025\/09\/SEI_4568237_Edital_de_Retificacao-Suplementar.pdf\">Edital de retifica\u00e7\u00e3o: Sele\u00e7\u00e3o Suplementar<\/a><\/div>\n\n\n\n<div class=\"wp-block-file\"><a id=\"wp-block-file--media-0a5499d1-14a6-46cc-84c7-0e98cc99d7c4\" href=\"https:\/\/www.fafich.ufmg.br\/psicogcom\/wp-content\/uploads\/2025\/09\/SEI_4458680_Edital-Suplementar_2075-2.pdf\">Edital Suplementar<\/a><\/div>\n\n\n\n<div style=\"height:50px\" aria-hidden=\"true\" class=\"wp-block-spacer\"><\/div>\n\n\n\n<h2 class=\"wp-block-heading has-medium-font-size\" id=\"bolsas\">Sele\u00e7\u00e3o de bolsas<\/h2>\n\n\n\n<p>A concess\u00e3o de bolsas a estudantes de mestrado e doutorado decorre do processo seletivo que ser\u00e1 apresentado em documentos abaixo.<\/p>\n\n\n\n<div style=\"height:50px\" aria-hidden=\"true\" class=\"wp-block-spacer\"><\/div>\n","protected":false},"excerpt":{"rendered":"<p>INSCRI\u00c7\u00d5ES HOMOLOGADAS RESULTADO INSCRI\u00c7\u00d5ES HOMOLOGADAS AP\u00d3S RECURSOS CRONOGRAMAS DE ENTREVISTAS- MESTRADO E DOUTORADO INSCRI\u00c7\u00d5ES AT\u00c9 08\/10\/25 ATEN\u00c7\u00c3O: o endere\u00e7o eletr\u00f4nico psicogcom@fafich.ufmg.br, apresentado nos editais regular e suplementar, n\u00e3o est\u00e1 em funcionamento. As inscri\u00e7\u00f5es para o Processo Seletivo 2026 devem ser feitas exclusivamente pelo e-mail ppg-psicogcom@fafich.ufmg.br, conforme descrito nos editais de retifica\u00e7\u00e3o. TODA A DOCUMENTA\u00c7\u00c3O NECESS\u00c1RIA [&hellip;]<\/p>\n","protected":false},"author":4,"featured_media":0,"parent":10601,"menu_order":0,"comment_status":"closed","ping_status":"closed","template":"","meta":{"_acf_changed":false,"footnotes":""},"class_list":["post-10704","page","type-page","status-publish","hentry"],"acf":[],"meta_box":[],"_links":{"self":[{"href":"https:\/\/www.fafich.ufmg.br\/psicogcom\/wp-json\/wp\/v2\/pages\/10704","targetHints":{"allow":["GET"]}}],"collection":[{"href":"https:\/\/www.fafich.ufmg.br\/psicogcom\/wp-json\/wp\/v2\/pages"}],"about":[{"href":"https:\/\/www.fafich.ufmg.br\/psicogcom\/wp-json\/wp\/v2\/types\/page"}],"author":[{"embeddable":true,"href":"https:\/\/www.fafich.ufmg.br\/psicogcom\/wp-json\/wp\/v2\/users\/4"}],"replies":[{"embeddable":true,"href":"https:\/\/www.fafich.ufmg.br\/psicogcom\/wp-json\/wp\/v2\/comments?post=10704"}],"version-history":[{"count":45,"href":"https:\/\/www.fafich.ufmg.br\/psicogcom\/wp-json\/wp\/v2\/pages\/10704\/revisions"}],"predecessor-version":[{"id":10944,"href":"https:\/\/www.fafich.ufmg.br\/psicogcom\/wp-json\/wp\/v2\/pages\/10704\/revisions\/10944"}],"up":[{"embeddable":true,"href":"https:\/\/www.fafich.ufmg.br\/psicogcom\/wp-json\/wp\/v2\/pages\/10601"}],"wp:attachment":[{"href":"https:\/\/www.fafich.ufmg.br\/psicogcom\/wp-json\/wp\/v2\/media?parent=10704"}],"curies":[{"name":"wp","href":"https:\/\/api.w.org\/{rel}","templated":true}]}}