{"id":10789,"date":"2025-10-08T14:56:41","date_gmt":"2025-10-08T17:56:41","guid":{"rendered":"https:\/\/www.fafich.ufmg.br\/psicogcom\/?page_id=10789"},"modified":"2025-10-08T16:41:56","modified_gmt":"2025-10-08T19:41:56","slug":"diretrizes-para-marcacao-de-bancas","status":"publish","type":"page","link":"https:\/\/www.fafich.ufmg.br\/psicogcom\/diretrizes-para-marcacao-de-bancas\/","title":{"rendered":"DIRETRIZES PARA MARCA\u00c7\u00c3O DE BANCAS"},"content":{"rendered":"\n<figure class=\"wp-block-table\"><table class=\"has-light-green-cyan-background-color has-background has-fixed-layout\"><tbody><tr><td><strong>PASSO A PASSO PARA MARCA\u00c7\u00c3O DE BANCAS DE QUALIFICA\u00c7\u00c3O E DEFESA<\/strong><\/td><\/tr><\/tbody><\/table><\/figure>\n\n\n\n<p>&nbsp;&nbsp;&nbsp;&nbsp;&nbsp;&nbsp;&nbsp;&nbsp;&nbsp; &nbsp;As bancas de qualifica\u00e7\u00e3o e de defesa (disserta\u00e7\u00e3o e tese) s\u00e3o avalia\u00e7\u00f5es e partes da forma\u00e7\u00e3o do pesquisador. \u00c9 um momento no qual, simultaneamente, o aluno aprende com pesquisadores mais experientes e s\u00e3o arguidos sobre o trabalho desenvolvido durante o curso. Neste documento, ser\u00e3o tratados os processos de marca\u00e7\u00e3o de bancas de defesas e de qualifica\u00e7\u00e3o de mestrado e doutorado. A composi\u00e7\u00e3o das bancas \u00e9 distinta e depende do grau e da fase do curso:<\/p>\n\n\n\n<figure class=\"wp-block-table\"><table class=\"has-pale-cyan-blue-background-color has-background has-fixed-layout\"><tbody><tr><td><strong><u>A qualifica\u00e7\u00e3o do mestrado<\/u> se far\u00e1 perante Banca Examinadora indicada pelo orientador e aprovada pela coordena\u00e7\u00e3o do PPG COGCOM. A banca examinadora ser\u00e1 integrada pelo orientador, que a presidir\u00e1, e por 02 (dois) membros titulares, sendo 01 (um) deles &nbsp;obrigatoriamente externo ao PPG COGCOM. Tamb\u00e9m \u00e9 indispens\u00e1vel que a banca possua, no m\u00ednimo, 01 (um) membro suplente necessariamente externo ao PPG COGCOM.<\/strong> <strong><u>A defesa p\u00fablica de disserta\u00e7\u00e3o<\/u> de mestrado se far\u00e1 perante Banca Examinadora indicada pelo orientador e aprovada pelo colegiado do PPG COGCOM. A banca examinadora ser\u00e1 integrada pelo orientador, que a presidir\u00e1, e por 02 (dois) membros titulares, sendo&nbsp; 01 (um) deles &nbsp;obrigatoriamente externo ao PPG COGCOM. Tamb\u00e9m \u00e9 indispens\u00e1vel que a banca possua, no m\u00ednimo, 01 (um) membro suplente necessariamente externo ao PPG COGCOM.<\/strong> <strong><u>A qualifica\u00e7\u00e3o de doutorado<\/u> se far\u00e1 perante Banca Examinadora indicada pelo orientador e aprovada pela coordena\u00e7\u00e3o do PPG COGCOM. A banca examinadora ser\u00e1 integrada pelo orientador, que a presidir\u00e1, e por 02 (dois) membros titulares, sendo 01 (um) deles &nbsp;obrigatoriamente externo \u00e0 UFMG. Tamb\u00e9m \u00e9 indispens\u00e1vel que a banca possua, no m\u00ednimo, &nbsp;01 (um) membro suplente necessariamente externo \u00e0 UFMG.<\/strong> <strong><u>A defesa p\u00fablica de tese de doutorado<\/u> se far\u00e1 perante Banca Examinadora indicada pelo orientador e aprovada pelo colegiado do PPG COGCOM. A banca examinadora ser\u00e1 integrada pelo orientador, que a presidir\u00e1, e por 04 (quatro) membros titulares, &nbsp;sendo 02 (dois) deles &nbsp;obrigatoriamente externos \u00e0 UFMG. Tamb\u00e9m \u00e9 indispens\u00e1vel que a banca possua, no m\u00ednimo, 02 (dois) membros suplentes necessariamente externos<\/strong> <strong>\u00e0 UFMG.<\/strong><\/td><\/tr><\/tbody><\/table><\/figure>\n\n\n\n<p>Os n\u00fameros dos membros externos descritos anteriormente referem-se ao m\u00ednimo exigido. Alternativamente, as bancas podem ser compostas por mais membros externos, diminuindo a quantidade de pesquisadores internos. Toda banca \u00e9 presidida pelo orientador que, assim como o coorientador (se houver),<strong> n\u00e3o comp\u00f5em a parte avaliativa da comiss\u00e3o.<\/strong> &nbsp;A decis\u00e3o dos nomes que compor\u00e3o a banca deve ser feita pelo orientador e discente. <strong>Para mais informa\u00e7\u00f5es, ver a Resolu\u00e7\u00e3o 03\/2022 do PPG CogCom (dispon\u00edvel no site), que estabelece os crit\u00e9rios para a composi\u00e7\u00e3o de bancas no programa.<\/strong><\/p>\n\n\n\n<p>Ap\u00f3s a decis\u00e3o dos nomes, o discente deve seguir os seguintes passos:<\/p>\n\n\n\n<figure class=\"wp-block-table\"><table class=\"has-background has-fixed-layout\" style=\"background-color:#a32e2e8a\"><tbody><tr><td>1) Envio dos nomes com os respectivos links do curr\u00edculo Lattes, t\u00edtulo e resumo do projeto, para aprova\u00e7\u00e3o da banca pelo coordenador do curso para o e-mail: (bancas.cogcom@gmail.com). Para as bancas de doutorado o discente deve enviar, juntamente com os nomes dos membros da banca para aprova\u00e7\u00e3o, o comprovante de aceite ou publica\u00e7\u00e3o de artigo decorrente de sua tese, conforme consta no Regimento do Programa. 2) Ap\u00f3s a aprova\u00e7\u00e3o dos nomes, o orientador e\/ou o discente dever\u00e3o fazer o convite, combinando a data da banca com os membros. Neste momento, dever\u00e1 solicitar ao membro da banca as seguintes informa\u00e7\u00f5es: nome, CPF, e-mail, curr\u00edculo Lattes, institui\u00e7\u00e3o de v\u00ednculo, titula\u00e7\u00e3o e institui\u00e7\u00e3o de titula\u00e7\u00e3o. 3) Ap\u00f3s defini\u00e7\u00e3o das datas, o pedido de marca\u00e7\u00e3o de exame de qualifica\u00e7\u00e3o e de defesa (mestrado e doutorado) dever\u00e1 ser solicitado atrav\u00e9s do portal minhaUFMG. Esse processo \u00e9 dividido em tr\u00eas partes: <strong>&#8211; Parte 1: Aluno: O aluno ter\u00e1 acesso \u00e0 funcionalidade \u201cSolicita\u00e7\u00e3o de Marca\u00e7\u00e3o de Defesa\u201d, do Sistema Acad\u00eamico da P\u00f3s-Gradua\u00e7\u00e3o, atrav\u00e9s do portal minhaUFMG, ap\u00f3s autentica\u00e7\u00e3o com login e senha e preencher\u00e1 os campos solicitados (dados pessoais e do projeto).<\/strong> <strong>&#8211; Parte 2: O orientador receber\u00e1 um email autom\u00e1tico, solicitando que confirme a banca. Neste momento, o orientador dever\u00e1 inserir os nomes e informa\u00e7\u00f5es sobre os membros da banca, atrav\u00e9s da funcionalidade \u201cAprova\u00e7\u00e3o de Marca\u00e7\u00e3o de Defesa\u201d, do Sistema Acad\u00eamico da P\u00f3s-Gradua\u00e7\u00e3o, atrav\u00e9s do portal minhaUFMG. Ap\u00f3s autentica\u00e7\u00e3o com login e senha, preencher\u00e1 os campos solicitados. Esta etapa dever\u00e1 estar cumprida com pelo menos 20 dias de anteced\u00eancia ao dia da banca;<\/strong> <strong>&#8211; Parte 3: A Secretaria do Curso confirmar\u00e1 a banca via sistema acad\u00eamico. Ap\u00f3s finaliza\u00e7\u00e3o desta etapa, o sistema enviar\u00e1 uma mensagem autom\u00e1tica com os dados da banca (local, hor\u00e1rio, etc.) para os membros da banca.<\/strong><\/td><\/tr><\/tbody><\/table><\/figure>\n\n\n\n<p class=\"has-text-align-left\">\u00c9 fundamental destacar que, no caso de realiza\u00e7\u00e3o da banca por meio de videoconfer\u00eancia, \u00e9 de responsabilidade do discente e\/ou do orientador assegurar o pleno funcionamento da plataforma digital utilizada.<\/p>\n\n\n\n<p class=\"has-text-align-left\">Ap\u00f3s a realiza\u00e7\u00e3o da banca, o(a) orientador(a) dever\u00e1 encaminhar um e-mail \u00e0 secretaria do curso, confirmando a realiza\u00e7\u00e3o da avalia\u00e7\u00e3o com os membros previamente designados, bem como informando o resultado obtido pelo(a) discente (aprovado ou reprovado). Na sequ\u00eancia, a secretaria enviar\u00e1 um comunicado aos integrantes da banca contendo as orienta\u00e7\u00f5es finais referentes \u00e0 assinatura da ata via Plataforma SEI.<\/p>\n\n\n\n<p class=\"has-text-align-left\"><strong>Nos casos de defesa de disserta\u00e7\u00e3o ou tese, o(a) discente disp\u00f5e do prazo de at\u00e9 um m\u00eas, a contar da data da banca, para encaminhar \u00e0 secretaria uma c\u00f3pia do trabalho, a fim de viabilizar o envio das informa\u00e7\u00f5es \u00e0 Plataforma Sucupira da CAPES.<\/strong> <strong>Qualquer declara\u00e7\u00e3o sobre conclus\u00e3o de curso ou defesa de disserta\u00e7\u00e3o ou tese s\u00f3 ser\u00e1 emitida ap\u00f3s o envio da c\u00f3pia do trabalho \u00e0 secretaria.<\/strong><\/p>\n\n\n\n<p>D\u00favidas dever\u00e3o ser enviadas para o email: <a href=\"file:\/\/\/C:\\Users\\Antonio\\Downloads\\bancas.cogcom@gmail.com\">bancas.cogcom@gmail.com<\/a><\/p>\n\n\n\n<p><\/p>\n","protected":false},"excerpt":{"rendered":"<p>PASSO A PASSO PARA MARCA\u00c7\u00c3O DE BANCAS DE QUALIFICA\u00c7\u00c3O E DEFESA &nbsp;&nbsp;&nbsp;&nbsp;&nbsp;&nbsp;&nbsp;&nbsp;&nbsp; &nbsp;As bancas de qualifica\u00e7\u00e3o e de defesa (disserta\u00e7\u00e3o e tese) s\u00e3o avalia\u00e7\u00f5es e partes da forma\u00e7\u00e3o do pesquisador. \u00c9 um momento no qual, simultaneamente, o aluno aprende com pesquisadores mais experientes e s\u00e3o arguidos sobre o trabalho desenvolvido durante o curso. Neste documento, [&hellip;]<\/p>\n","protected":false},"author":5,"featured_media":0,"parent":0,"menu_order":0,"comment_status":"closed","ping_status":"closed","template":"","meta":{"_acf_changed":false,"footnotes":""},"class_list":["post-10789","page","type-page","status-publish","hentry"],"acf":[],"meta_box":[],"_links":{"self":[{"href":"https:\/\/www.fafich.ufmg.br\/psicogcom\/wp-json\/wp\/v2\/pages\/10789","targetHints":{"allow":["GET"]}}],"collection":[{"href":"https:\/\/www.fafich.ufmg.br\/psicogcom\/wp-json\/wp\/v2\/pages"}],"about":[{"href":"https:\/\/www.fafich.ufmg.br\/psicogcom\/wp-json\/wp\/v2\/types\/page"}],"author":[{"embeddable":true,"href":"https:\/\/www.fafich.ufmg.br\/psicogcom\/wp-json\/wp\/v2\/users\/5"}],"replies":[{"embeddable":true,"href":"https:\/\/www.fafich.ufmg.br\/psicogcom\/wp-json\/wp\/v2\/comments?post=10789"}],"version-history":[{"count":5,"href":"https:\/\/www.fafich.ufmg.br\/psicogcom\/wp-json\/wp\/v2\/pages\/10789\/revisions"}],"predecessor-version":[{"id":10802,"href":"https:\/\/www.fafich.ufmg.br\/psicogcom\/wp-json\/wp\/v2\/pages\/10789\/revisions\/10802"}],"wp:attachment":[{"href":"https:\/\/www.fafich.ufmg.br\/psicogcom\/wp-json\/wp\/v2\/media?parent=10789"}],"curies":[{"name":"wp","href":"https:\/\/api.w.org\/{rel}","templated":true}]}}