{"id":10867,"date":"2025-10-20T18:14:25","date_gmt":"2025-10-20T21:14:25","guid":{"rendered":"https:\/\/www.fafich.ufmg.br\/psicogcom\/?page_id=10867"},"modified":"2025-10-20T18:14:25","modified_gmt":"2025-10-20T21:14:25","slug":"resultado-inscricoes-homologadas-apos-recursos","status":"publish","type":"page","link":"https:\/\/www.fafich.ufmg.br\/psicogcom\/resultado-inscricoes-homologadas-apos-recursos\/","title":{"rendered":"RESULTADO INSCRI\u00c7\u00d5ES HOMOLOGADAS  AP\u00d3S RECURSOS"},"content":{"rendered":"\n<p><\/p>\n\n\n\n<p><\/p>\n\n\n\n<div style=\"height:24px\" aria-hidden=\"true\" class=\"wp-block-spacer\"><\/div>\n\n\n\n<div class=\"wp-block-file\"><a id=\"wp-block-file--media-3cc4cd4c-f8f3-490c-be6d-e89dc8b8a68e\" href=\"https:\/\/www.fafich.ufmg.br\/psicogcom\/wp-content\/uploads\/2025\/10\/RESULTADO-INSCRICOES-HOMOLOGADAS-APOS-RECURSOS-MESTRADO.pdf\">RESULTADO INSCRI\u00c7\u00d5ES HOMOLOGADAS AP\u00d3S RECURSOS &#8211;  MESTRADO<\/a><a href=\"https:\/\/www.fafich.ufmg.br\/psicogcom\/wp-content\/uploads\/2025\/10\/RESULTADO-INSCRICOES-HOMOLOGADAS-APOS-RECURSOS-MESTRADO.pdf\" class=\"wp-block-file__button wp-element-button\" download aria-describedby=\"wp-block-file--media-3cc4cd4c-f8f3-490c-be6d-e89dc8b8a68e\">Baixar<\/a><\/div>\n\n\n\n<div style=\"height:28px\" aria-hidden=\"true\" class=\"wp-block-spacer\"><\/div>\n\n\n\n<div class=\"wp-block-file\"><a id=\"wp-block-file--media-cd8beea6-1a1b-4064-b4ce-5f7013690a2b\" href=\"https:\/\/www.fafich.ufmg.br\/psicogcom\/wp-content\/uploads\/2025\/10\/RESULTADO-INSCRICOES-HOMOLOGADAS-APOS-RECURSOS-DOUTORADO.pdf\">RESULTADO INSCRI\u00c7\u00d5ES HOMOLOGADAS AP\u00d3S RECURSOS &#8211;  DOUTORADO<\/a><a href=\"https:\/\/www.fafich.ufmg.br\/psicogcom\/wp-content\/uploads\/2025\/10\/RESULTADO-INSCRICOES-HOMOLOGADAS-APOS-RECURSOS-DOUTORADO.pdf\" class=\"wp-block-file__button wp-element-button\" download aria-describedby=\"wp-block-file--media-cd8beea6-1a1b-4064-b4ce-5f7013690a2b\">Baixar<\/a><\/div>\n\n\n\n<div style=\"height:100px\" aria-hidden=\"true\" class=\"wp-block-spacer\"><\/div>\n","protected":false},"excerpt":{"rendered":"","protected":false},"author":5,"featured_media":0,"parent":0,"menu_order":0,"comment_status":"closed","ping_status":"closed","template":"","meta":{"_acf_changed":false,"footnotes":""},"class_list":["post-10867","page","type-page","status-publish","hentry"],"acf":[],"meta_box":[],"_links":{"self":[{"href":"https:\/\/www.fafich.ufmg.br\/psicogcom\/wp-json\/wp\/v2\/pages\/10867","targetHints":{"allow":["GET"]}}],"collection":[{"href":"https:\/\/www.fafich.ufmg.br\/psicogcom\/wp-json\/wp\/v2\/pages"}],"about":[{"href":"https:\/\/www.fafich.ufmg.br\/psicogcom\/wp-json\/wp\/v2\/types\/page"}],"author":[{"embeddable":true,"href":"https:\/\/www.fafich.ufmg.br\/psicogcom\/wp-json\/wp\/v2\/users\/5"}],"replies":[{"embeddable":true,"href":"https:\/\/www.fafich.ufmg.br\/psicogcom\/wp-json\/wp\/v2\/comments?post=10867"}],"version-history":[{"count":2,"href":"https:\/\/www.fafich.ufmg.br\/psicogcom\/wp-json\/wp\/v2\/pages\/10867\/revisions"}],"predecessor-version":[{"id":10871,"href":"https:\/\/www.fafich.ufmg.br\/psicogcom\/wp-json\/wp\/v2\/pages\/10867\/revisions\/10871"}],"wp:attachment":[{"href":"https:\/\/www.fafich.ufmg.br\/psicogcom\/wp-json\/wp\/v2\/media?parent=10867"}],"curies":[{"name":"wp","href":"https:\/\/api.w.org\/{rel}","templated":true}]}}