{"id":10894,"date":"2025-11-18T16:51:20","date_gmt":"2025-11-18T19:51:20","guid":{"rendered":"https:\/\/www.fafich.ufmg.br\/psicogcom\/?page_id=10894"},"modified":"2025-11-18T16:59:50","modified_gmt":"2025-11-18T19:59:50","slug":"cronograma-entrevistas","status":"publish","type":"page","link":"https:\/\/www.fafich.ufmg.br\/psicogcom\/cronograma-entrevistas\/","title":{"rendered":"Cronograma Entrevistas"},"content":{"rendered":"\n<p>As entrevistas do mestrado e doutorado ocorrer\u00e3o na sala sala 4009, 4\u00b0andar &#8211; FAFICH &#8211;<br>Campus Pampulha UFMG em Belo Horizonte. As bancas examinadoras, j\u00e1 definidas, seguir\u00e3o o cronograma abaixo:<\/p>\n\n\n\n<p class=\"has-pale-cyan-blue-background-color has-background\"><strong>MESTRADO<br>QUARTA-FEIRA, 26 DE NOVEMBRO (MANH\u00c3)<\/strong><br><strong>8h00 <\/strong>ANA CAROLINA CORDEIRO ALVES<br><strong>8h15 <\/strong>ANA LUISA GUIMARAES FREDERICO XAVIER<br><strong>8h30 <\/strong>ANDRE NASCIMENTO LADEIRA<br><strong>8h45 <\/strong>ANNA GABRIELA BRASIL SALAMA<br><strong>9h00<\/strong> ARIANE ROSENO DA SILVA<br><strong>9h15<\/strong> ARTHUR RODRIGUES DE ASSIS MARRA<br><strong>9h30 <\/strong>ARTUR CASTRO SILVA<br><strong>9h45 <\/strong>BEATRIZ COSTA ABRANTES<br><strong>10h00 INTERVALO<\/strong><br><strong>10h15<\/strong> BRUNO MOREIRA SILVA<br><strong>10h30<\/strong> CAMILA COSTA GON\u00c7ALVES<br><strong>10h45<\/strong> CAROLINA GERASEEV FERNANDES<br><strong>11h00 <\/strong>CAROLINA SOUSA AZULAY<br><strong>11h15<\/strong> CAROLINE SALERNO MATTIOLI TEIXEIRA<\/p>\n\n\n\n<p class=\"has-pale-cyan-blue-background-color has-background\"><strong>QUARTA-FEIRA, 26 DE NOVEMBRO (TARDE)<\/strong><br><strong>13h00 <\/strong>CLARISSA ASSIS PEREIRA GOMES<br><strong>13h15<\/strong> DANIEL DOS SANTOS SALDANHA DE FREITAS CAMILO<br><strong>13h30 <\/strong>DENISE FUNDARO<br><strong>13h45<\/strong> GABRIELA CORREA ROCHA<br><strong>14h00<\/strong> GABRIELA VILLA\u00c7A ZANNINI DE SANTO ANDRE<br><strong>14h15 <\/strong>GILMAR HOMEM ARAUJO DE FERREIRA SILVA<br><strong>14h30<\/strong> GRAZIELLE TORRES LAURINDO<br><strong>15h00<\/strong> INTERVALO<br><strong>15h15<\/strong> HELENA DE SOUZA SOARES<br><strong>15h30 <\/strong>HENRIQUE MAZZUTTI BASTIAN SOLE<br><strong>15h45<\/strong> JACQUELINE PEREIRA RESENDE<br><strong>16h00<\/strong> JEFFERSON MARTINS OLIVEIRA CAMPOS<br><strong>16h15<\/strong> JULIA MILAGRES DE DEUS RIMAS<br><strong>16h30<\/strong> JUNELIO BORGES FERREIRA JUNIOR<\/p>\n\n\n\n<p class=\"has-pale-cyan-blue-background-color has-background\"><strong>QUINTA-FEIRA, 27 DE NOVEMBRO (TARDE)<\/strong><br><strong>13h00<\/strong> LAHIS WALKIRIA LUIZ DE CARVALHO<br><strong>13h15<\/strong> LEONARDO SALVADOR ASSUN\u00c7\u00c3O AZEVEDO<br><strong>13h30<\/strong> LETICIA PEREIRA MOUR\u00c3O SOARES<br><strong>13h45<\/strong> LUANA DE JESUS AMORIM<br><strong>14h00<\/strong> MARINA GARCIA LORENZO AGUIAR<br><strong>14h15 <\/strong>MAYCON SANTOS FERREIRA<br><strong>14h30 <\/strong>MEYLANE BELCHIOR DE S\u00c1 MENEZES<br><strong>15h00<\/strong> INTERVALO<br><strong>15h15<\/strong> PAULO HENRIQUE SILVA GAMA<br><strong>15h30<\/strong> RAFAEL J\u00daNIO DE OLIVEIRA<br><strong>15h45<\/strong> RICARDO BARBOSA LEITE SERGIO FERREIRA<br><strong>16h00 <\/strong>SABRINA AZEVEDO MIRANDA ARAUJO<br><strong>16h15<\/strong> VITORIA COSTA LISBOA BARBOSA<\/p>\n\n\n\n<p class=\"has-cyan-bluish-gray-background-color has-background\"><strong>DOUTORADO<\/strong><br><strong>TER\u00c7A-FEIRA, 25 DE NOVEMBRO<\/strong><br><strong>8h00 <\/strong>AILLA PACHECO BORGES DE OLIVEIRA<br><strong>8h15<\/strong> ALISSON JUNIOR BUENO NASCIMENTO ALVES<br><strong>8h30 <\/strong>ANA FL\u00c1VIA AZEVEDO LIMA<br><strong>8h45<\/strong> ANTONIO CARLOS DA SILVA NETO<br><strong>9h00<\/strong> DANIEL AFFONSO VASCONCELOS<br><strong>9h15<\/strong> FABIO DOS SANTOS RODRIGUES<br><strong>9h30 <\/strong>FAGNER CRUZ OLIVEIRA<br><strong>9h45<\/strong> GABRIEL FELIPE MARTINS MAGALH\u00c3ES<br><strong>10h00 INTERVALO<\/strong><br><strong>10h15 <\/strong>GLEICIANE APARECIDA TEODORO<br><strong>10h30<\/strong> GUILHERME NOGUEIRA DE SOUZA<br><strong>10h45<\/strong> JULIA GABRIELA SILVA MACHADO<br><strong>11h00<\/strong> KAROLAYNE RODRIGUES SILVA<br><strong>11h15<\/strong> KEISIANY KIMBERLY CARLOS MENDES<br><strong>11h30 <\/strong>LAURA BEATRIZ DE JESUS SOUZA<br><strong>11h45<\/strong> LUANA MARTINS BITTENCOURT<br><strong>12h00<\/strong> ROBERT SANTOS MESSIAS DE JESUS<br><strong>12h15<\/strong> RODRIGO LUIS SOUZA SILVA<\/p>\n\n\n\n<p><\/p>\n","protected":false},"excerpt":{"rendered":"<p>As entrevistas do mestrado e doutorado ocorrer\u00e3o na sala sala 4009, 4\u00b0andar &#8211; FAFICH &#8211;Campus Pampulha UFMG em Belo Horizonte. As bancas examinadoras, j\u00e1 definidas, seguir\u00e3o o cronograma abaixo: MESTRADOQUARTA-FEIRA, 26 DE NOVEMBRO (MANH\u00c3)8h00 ANA CAROLINA CORDEIRO ALVES8h15 ANA LUISA GUIMARAES FREDERICO XAVIER8h30 ANDRE NASCIMENTO LADEIRA8h45 ANNA GABRIELA BRASIL SALAMA9h00 ARIANE ROSENO DA SILVA9h15 ARTHUR [&hellip;]<\/p>\n","protected":false},"author":5,"featured_media":0,"parent":0,"menu_order":0,"comment_status":"closed","ping_status":"closed","template":"","meta":{"_acf_changed":false,"footnotes":""},"class_list":["post-10894","page","type-page","status-publish","hentry"],"acf":[],"meta_box":[],"_links":{"self":[{"href":"https:\/\/www.fafich.ufmg.br\/psicogcom\/wp-json\/wp\/v2\/pages\/10894","targetHints":{"allow":["GET"]}}],"collection":[{"href":"https:\/\/www.fafich.ufmg.br\/psicogcom\/wp-json\/wp\/v2\/pages"}],"about":[{"href":"https:\/\/www.fafich.ufmg.br\/psicogcom\/wp-json\/wp\/v2\/types\/page"}],"author":[{"embeddable":true,"href":"https:\/\/www.fafich.ufmg.br\/psicogcom\/wp-json\/wp\/v2\/users\/5"}],"replies":[{"embeddable":true,"href":"https:\/\/www.fafich.ufmg.br\/psicogcom\/wp-json\/wp\/v2\/comments?post=10894"}],"version-history":[{"count":7,"href":"https:\/\/www.fafich.ufmg.br\/psicogcom\/wp-json\/wp\/v2\/pages\/10894\/revisions"}],"predecessor-version":[{"id":10902,"href":"https:\/\/www.fafich.ufmg.br\/psicogcom\/wp-json\/wp\/v2\/pages\/10894\/revisions\/10902"}],"wp:attachment":[{"href":"https:\/\/www.fafich.ufmg.br\/psicogcom\/wp-json\/wp\/v2\/media?parent=10894"}],"curies":[{"name":"wp","href":"https:\/\/api.w.org\/{rel}","templated":true}]}}