{"id":10949,"date":"2026-01-19T15:23:37","date_gmt":"2026-01-19T18:23:37","guid":{"rendered":"https:\/\/www.fafich.ufmg.br\/psicogcom\/?page_id=10949"},"modified":"2026-01-20T11:51:53","modified_gmt":"2026-01-20T14:51:53","slug":"bolsas-institucionais","status":"publish","type":"page","link":"https:\/\/www.fafich.ufmg.br\/psicogcom\/bolsas-institucionais\/","title":{"rendered":"Bolsas institucionais"},"content":{"rendered":"\n<p class=\"has-text-align-left has-pale-cyan-blue-background-color has-background\">A distribui\u00e7\u00e3o de bolsas institucionais \u00e9 definida por \u00f3rg\u00e3os de fomento como a CAPES e  FAPEMIG, tendo a quantidade, os prazos e regras gerenciadas por estas ag\u00eancias de fomento.<\/p>\n\n\n\n<p class=\"has-text-align-left has-pale-cyan-blue-background-color has-background\">O Programa disponibiliza uma vez ao ano o &#8220;Edital de Bolsas&#8221; para classificar e selecionar os alunos candidatos a este benef\u00edcio.<\/p>\n\n\n\n<div style=\"height:14px\" aria-hidden=\"true\" class=\"wp-block-spacer\"><\/div>\n\n\n\n<h2 class=\"wp-block-heading\">EDITAL 2026<\/h2>\n\n\n\n<div class=\"wp-block-file\" style=\"border-style:none;border-width:0px\"><a id=\"wp-block-file--media-561f104e-4e8f-4a13-90be-d7b0a3ad051b\" href=\"https:\/\/www.fafich.ufmg.br\/psicogcom\/wp-content\/uploads\/2026\/01\/Chamada-para-selecao-de-bolsistas-de-mestrado-e-doutorado-2026-1.pdf\"><strong>EDITAL DE BOLSAS  2026 &#8211; MESTRADO E DOUTORADO <\/strong><\/a><\/div>\n\n\n\n<div style=\"height:0px\" aria-hidden=\"true\" class=\"wp-block-spacer\"><\/div>\n\n\n\n<p><\/p>\n","protected":false},"excerpt":{"rendered":"<p>A distribui\u00e7\u00e3o de bolsas institucionais \u00e9 definida por \u00f3rg\u00e3os de fomento como a CAPES e FAPEMIG, tendo a quantidade, os prazos e regras gerenciadas por estas ag\u00eancias de fomento. O Programa disponibiliza uma vez ao ano o &#8220;Edital de Bolsas&#8221; para classificar e selecionar os alunos candidatos a este benef\u00edcio. EDITAL 2026<\/p>\n","protected":false},"author":5,"featured_media":0,"parent":0,"menu_order":0,"comment_status":"closed","ping_status":"closed","template":"","meta":{"_acf_changed":false,"footnotes":""},"class_list":["post-10949","page","type-page","status-publish","hentry"],"acf":[],"meta_box":[],"_links":{"self":[{"href":"https:\/\/www.fafich.ufmg.br\/psicogcom\/wp-json\/wp\/v2\/pages\/10949","targetHints":{"allow":["GET"]}}],"collection":[{"href":"https:\/\/www.fafich.ufmg.br\/psicogcom\/wp-json\/wp\/v2\/pages"}],"about":[{"href":"https:\/\/www.fafich.ufmg.br\/psicogcom\/wp-json\/wp\/v2\/types\/page"}],"author":[{"embeddable":true,"href":"https:\/\/www.fafich.ufmg.br\/psicogcom\/wp-json\/wp\/v2\/users\/5"}],"replies":[{"embeddable":true,"href":"https:\/\/www.fafich.ufmg.br\/psicogcom\/wp-json\/wp\/v2\/comments?post=10949"}],"version-history":[{"count":8,"href":"https:\/\/www.fafich.ufmg.br\/psicogcom\/wp-json\/wp\/v2\/pages\/10949\/revisions"}],"predecessor-version":[{"id":10963,"href":"https:\/\/www.fafich.ufmg.br\/psicogcom\/wp-json\/wp\/v2\/pages\/10949\/revisions\/10963"}],"wp:attachment":[{"href":"https:\/\/www.fafich.ufmg.br\/psicogcom\/wp-json\/wp\/v2\/media?parent=10949"}],"curies":[{"name":"wp","href":"https:\/\/api.w.org\/{rel}","templated":true}]}}