{"id":180,"date":"2024-11-01T17:21:02","date_gmt":"2024-11-01T20:21:02","guid":{"rendered":"https:\/\/servweb.fafich.ufmg.br\/cich\/?page_id=180"},"modified":"2026-03-05T16:15:51","modified_gmt":"2026-03-05T19:15:51","slug":"disciplinas-ofertadas","status":"publish","type":"page","link":"https:\/\/www.fafich.ufmg.br\/psicogcom\/disciplinas-ofertadas\/","title":{"rendered":"Disciplinas e Ementas"},"content":{"rendered":"\n<h2 class=\"wp-block-heading\">Grades Curriculares e Par\u00e2metros de Integraliza\u00e7\u00e3o<\/h2>\n\n\n\n<p class=\"has-pale-cyan-blue-background-color has-background\">Para concluir os percursos de p\u00f3s-gradua\u00e7\u00e3o <em>stricto sensu<\/em>, deve-se cumprir uma carga m\u00ednima de atividades acad\u00eamicas, prevista conforme os par\u00e2metros de integraliza\u00e7\u00e3o e a grade curricular de cada curso (mestrado e doutorado).<\/p>\n\n\n\n<div class=\"wp-block-buttons is-horizontal is-layout-flex wp-block-buttons-is-layout-flex\">\n<div class=\"wp-block-button\"><a class=\"wp-block-button__link wp-element-button\" href=\"https:\/\/www.fafich.ufmg.br\/psicogcom\/wp-content\/uploads\/2025\/12\/grade-mestrdo.pdf\">Grade Curricular e Par\u00e2metros de Integraliza\u00e7\u00e3o &#8211; Mestrado <\/a><\/div>\n\n\n\n<div class=\"wp-block-button\"><a class=\"wp-block-button__link wp-element-button\" href=\"https:\/\/www.fafich.ufmg.br\/psicogcom\/wp-content\/uploads\/2025\/12\/grade-doutorado.pdf\">Grade Curricular e Par\u00e2metros de Integraliza\u00e7\u00e3o &#8211; Doutorado<\/a><\/div>\n<\/div>\n\n\n\n<div style=\"height:3em\" aria-hidden=\"true\" class=\"wp-block-spacer\"><\/div>\n\n\n\n<h2 class=\"wp-block-heading\">Disciplinas Obrigat\u00f3ria e Optativas<\/h2>\n\n\n\n<p class=\"has-pale-cyan-blue-background-color has-background\">As disciplinas obrigat\u00f3rias e optativas s\u00e3o oferecidas regularmente aos estudantes matriculados nos cursos de mestrado e doutorado do PPG CogCom.<\/p>\n\n\n\n<div class=\"wp-block-buttons is-layout-flex wp-block-buttons-is-layout-flex\"><\/div>\n\n\n\n<div class=\"wp-block-buttons is-layout-flex wp-block-buttons-is-layout-flex\">\n<div class=\"wp-block-button\"><a class=\"wp-block-button__link wp-element-button\" href=\"https:\/\/www.fafich.ufmg.br\/psicogcom\/wp-content\/uploads\/2025\/12\/Oferta-de-disciplinas-2026_1-PPG-Cogcom.pdf\">Oferta de Disciplinas 2026\/01 &#8211; Hor\u00e1rios<\/a><\/div>\n<\/div>\n\n\n\n<div style=\"height:3em\" aria-hidden=\"true\" class=\"wp-block-spacer\"><\/div>\n\n\n\n<h2 class=\"wp-block-heading\">Disciplinas Isoladas (2026\/01)<\/h2>\n\n\n\n<p class=\"has-pale-cyan-blue-background-color has-background\">Membros da comunidade externa e servidores da UFMG podem se matricular em disciplinas do PPG CogCom quando houver vagas. Para tanto, devem preencher o formul\u00e1rio no sistema de inscri\u00e7\u00e3o em disciplina isolada junto com a documenta\u00e7\u00e3o pedida pelo sistema.<\/p>\n\n\n\n<p class=\"has-pale-cyan-blue-background-color has-background\">Os aprovados dever\u00e3o pagar a taxa de inscri\u00e7\u00e3o para se matricular, exceto servidores da UFMG, que s\u00e3o isentos da taxa mediante apresenta\u00e7\u00e3o do \u00faltimo contracheque e de autoriza\u00e7\u00e3o da chefia para cursar a disciplina. Aquele que entregar a documenta\u00e7\u00e3o incompleta ser\u00e1 eliminado automaticamente.<\/p>\n\n\n\n<p>Fa\u00e7a o requerimento online <strong>somente na data informada<\/strong>.<\/p>\n\n\n\n<ul class=\"wp-block-list\">\n<li>Data para inscri\u00e7\u00f5es: Exclusivamente no <strong>dia 02 de mar\u00e7o de                                                                     2026, segunda-feira, at\u00e9 as 23:59h     <\/strong> <\/li>\n\n\n\n<li>Mais informa\u00e7\u00f5es, links e documentos abaixo:<\/li>\n<\/ul>\n\n\n\n<div class=\"wp-block-buttons is-layout-flex wp-block-buttons-is-layout-flex\">\n<div class=\"wp-block-button\"><a class=\"wp-block-button__link wp-element-button\" href=\"https:\/\/www.fafich.ufmg.br\/psicogcom\/wp-content\/uploads\/2026\/03\/RESULTADO-ISOLADA-2026.pdf\">Resultado Isoladas 2026 &#8211; Pedidos Deferidos<\/a><\/div>\n<\/div>\n\n\n\n<div class=\"wp-block-buttons is-layout-flex wp-block-buttons-is-layout-flex\">\n<div class=\"wp-block-button\"><a class=\"wp-block-button__link wp-element-button\" href=\"https:\/\/www.fafich.ufmg.br\/psicogcom\/wp-content\/uploads\/2026\/02\/ISOLADAS-2026-1.pdf\">Oferta de Disciplinas Isoladas<\/a><\/div>\n\n\n\n<div class=\"wp-block-button\"><a class=\"wp-block-button__link wp-element-button\" href=\"https:\/\/www.fafich.ufmg.br\/psicogcom\/wp-content\/uploads\/2026\/02\/Editar-pagina-ORIENTACOES-SOBRE-DISCIPLINA-ISOLADA.pdf\">Orienta\u00e7\u00f5es sobre Isoladas &#8211; Processo de Inscri\u00e7\u00e3o e Matr\u00edcula<\/a><\/div>\n\n\n\n<div class=\"wp-block-button\"><a class=\"wp-block-button__link wp-element-button\" href=\"https:\/\/forms.gle\/qGaEKJFRgksYsGj97\">Formul\u00e1rio de inscri\u00e7\u00e3o<\/a><\/div>\n\n\n\n<div class=\"wp-block-button\"><a class=\"wp-block-button__link wp-element-button\" href=\"https:\/\/sistemas.ufmg.br\/sisarc\/emissaogru\/gerir\/geriremissaogru.seam?codigo=2swdszDHF\">Emiss\u00e3o de GRU para pagamento<\/a><\/div>\n<\/div>\n\n\n\n<p class=\"has-small-font-size\"><strong>*<\/strong> Uma vez que sua inscri\u00e7\u00e3o seja deferida, \u00e9 necess\u00e1rio solicitar acesso ao ambiente virtual da UFMG (UFMG Virtual). Para tanto, envie e-mail para &lt;<a href=\"mailto:suporte@dti.ufmg.br\">suporte@dti.ufmg.br<\/a>&gt;, juntamente com seu <strong>n\u00famero de matr\u00edcula<\/strong> e <strong>documento de identidade<\/strong>.<\/p>\n\n\n\n<div style=\"height:3em\" aria-hidden=\"true\" class=\"wp-block-spacer\"><\/div>\n\n\n\n<h2 class=\"wp-block-heading\">Est\u00e1gio em Doc\u00eancia<\/h2>\n\n\n\n<p>Os matriculados em est\u00e1gio em doc\u00eancia devem entregar o plano de est\u00e1gio por e-mail, conforme a <strong>Resolu\u00e7\u00e3o 01\/2017<\/strong> sobre o assunto.<\/p>\n","protected":false},"excerpt":{"rendered":"<p>Grades Curriculares e Par\u00e2metros de Integraliza\u00e7\u00e3o Para concluir os percursos de p\u00f3s-gradua\u00e7\u00e3o stricto sensu, deve-se cumprir uma carga m\u00ednima de atividades acad\u00eamicas, prevista conforme os par\u00e2metros de integraliza\u00e7\u00e3o e a grade curricular de cada curso (mestrado e doutorado). Disciplinas Obrigat\u00f3ria e Optativas As disciplinas obrigat\u00f3rias e optativas s\u00e3o oferecidas regularmente aos estudantes matriculados nos cursos [&hellip;]<\/p>\n","protected":false},"author":2,"featured_media":0,"parent":0,"menu_order":0,"comment_status":"closed","ping_status":"closed","template":"","meta":{"_acf_changed":false,"footnotes":""},"class_list":["post-180","page","type-page","status-publish","hentry"],"acf":[],"meta_box":[],"_links":{"self":[{"href":"https:\/\/www.fafich.ufmg.br\/psicogcom\/wp-json\/wp\/v2\/pages\/180","targetHints":{"allow":["GET"]}}],"collection":[{"href":"https:\/\/www.fafich.ufmg.br\/psicogcom\/wp-json\/wp\/v2\/pages"}],"about":[{"href":"https:\/\/www.fafich.ufmg.br\/psicogcom\/wp-json\/wp\/v2\/types\/page"}],"author":[{"embeddable":true,"href":"https:\/\/www.fafich.ufmg.br\/psicogcom\/wp-json\/wp\/v2\/users\/2"}],"replies":[{"embeddable":true,"href":"https:\/\/www.fafich.ufmg.br\/psicogcom\/wp-json\/wp\/v2\/comments?post=180"}],"version-history":[{"count":40,"href":"https:\/\/www.fafich.ufmg.br\/psicogcom\/wp-json\/wp\/v2\/pages\/180\/revisions"}],"predecessor-version":[{"id":10978,"href":"https:\/\/www.fafich.ufmg.br\/psicogcom\/wp-json\/wp\/v2\/pages\/180\/revisions\/10978"}],"wp:attachment":[{"href":"https:\/\/www.fafich.ufmg.br\/psicogcom\/wp-json\/wp\/v2\/media?parent=180"}],"curies":[{"name":"wp","href":"https:\/\/api.w.org\/{rel}","templated":true}]}}