{"id":1291,"date":"2021-01-28T11:16:24","date_gmt":"2021-01-28T14:16:24","guid":{"rendered":"http:\/\/www.fafich.ufmg.br\/publicidadeepropaganda\/?page_id=1291\/"},"modified":"2024-05-15T07:53:50","modified_gmt":"2024-05-15T10:53:50","slug":"orientacoes-aos-alunos-de-publicidade","status":"publish","type":"page","link":"https:\/\/www.fafich.ufmg.br\/publicidadeepropaganda\/formacao-complementar\/orientacoes-aos-alunos-de-publicidade\/","title":{"rendered":"Orienta\u00e7\u00f5es aos alunos de Publicidade"},"content":{"rendered":"<p>A Forma\u00e7\u00e3o Complementar Aberta (FCA) \u00e9 um percurso curricular que compreende um conjunto de atividades acad\u00eamicas propostas pelo pr\u00f3prio estudante, com a orienta\u00e7\u00e3o de um docente (tutor) e condicionada \u00e0 autoriza\u00e7\u00e3o do Colegiado de Publicidade e Propaganda.<\/p>\n<p>\u00c9 imprescind\u00edvel que seja preservada uma conex\u00e3o conceitual com a linha b\u00e1sica de atua\u00e7\u00e3o do curso do estudante.<\/p>\n<p>As atividades acad\u00eamicas propostas dever\u00e3o ser compostas por disciplinas ofertadas na UFMG ou em outras institui\u00e7\u00f5es de ensino superior (via interc\u00e2mbio acad\u00eamico) que se articulem \u00e0 linha de forma\u00e7\u00e3o desenvolvida no curso de Publicidade e Propaganda.<\/p>\n<h2>Requisitos<\/h2>\n<p>Estudantes do Curso de Gradua\u00e7\u00e3o em Publicidade e Propaganda poder\u00e3o iniciar esta modalidade de forma\u00e7\u00e3o complementar a partir do 3\u00ba (terceiro) per\u00edodo, devendo perfazer um total de 270 horas (18 cr\u00e9ditos).<\/p>\n<h2>Quando solicitar<\/h2>\n<p>O Calend\u00e1rio Acad\u00eamico da UFMG estabelece, em cada per\u00edodo letivo, o per\u00edodo para requerimento de mudan\u00e7a do percurso curricular.<\/p>\n<p>Documenta\u00e7\u00e3o e onde solicitar<\/p>\n<p><a href=\"https:\/\/www.fafich.ufmg.br\/publicidadeepropaganda\/wp-content\/uploads\/2024\/03\/Requerimento-Mudanca-de-Percurso-Curricular-04_2024.doc\">Requerimento de mudan\u00e7a do percurso curricular.<\/a><\/p>\n<p>O requerimento devidamente preenchido e assinado dever\u00e1 ser enviado via moodle (<a href=\"https:\/\/virtual.ufmg.br\/plataforma\/mod\/assign\/view.php?id=35219\">https:\/\/virtual.ufmg.br\/plataforma\/mod\/assign\/view.php?id=35219<\/a>) no per\u00edodo espec\u00edfico do calend\u00e1rio acad\u00eamico da UFMG.<\/p>\n<p>Para mais informa\u00e7\u00f5es, consulte o\u00a0<a href=\"https:\/\/www.fafich.ufmg.br\/publicidadeepropaganda\/o-curso\/projeto-pedagogico\/\">Projeto Pedag\u00f3gico do Curso<\/a>.<\/p>\n","protected":false},"excerpt":{"rendered":"<p>A Forma\u00e7\u00e3o Complementar Aberta (FCA) \u00e9 um percurso curricular que compreende um conjunto de atividades acad\u00eamicas propostas pelo pr\u00f3prio estudante, com a orienta\u00e7\u00e3o de um docente (tutor) e condicionada \u00e0 autoriza\u00e7\u00e3o do Colegiado de Publicidade e Propaganda. \u00c9 imprescind\u00edvel que seja preservada uma conex\u00e3o conceitual com a linha b\u00e1sica de atua\u00e7\u00e3o do curso do estudante. [&hellip;]<\/p>\n","protected":false},"author":3,"featured_media":0,"parent":1306,"menu_order":0,"comment_status":"closed","ping_status":"closed","template":"","meta":[],"categories":[],"_links":{"self":[{"href":"https:\/\/www.fafich.ufmg.br\/publicidadeepropaganda\/wp-json\/wp\/v2\/pages\/1291"}],"collection":[{"href":"https:\/\/www.fafich.ufmg.br\/publicidadeepropaganda\/wp-json\/wp\/v2\/pages"}],"about":[{"href":"https:\/\/www.fafich.ufmg.br\/publicidadeepropaganda\/wp-json\/wp\/v2\/types\/page"}],"author":[{"embeddable":true,"href":"https:\/\/www.fafich.ufmg.br\/publicidadeepropaganda\/wp-json\/wp\/v2\/users\/3"}],"replies":[{"embeddable":true,"href":"https:\/\/www.fafich.ufmg.br\/publicidadeepropaganda\/wp-json\/wp\/v2\/comments?post=1291"}],"version-history":[{"count":6,"href":"https:\/\/www.fafich.ufmg.br\/publicidadeepropaganda\/wp-json\/wp\/v2\/pages\/1291\/revisions"}],"predecessor-version":[{"id":1989,"href":"https:\/\/www.fafich.ufmg.br\/publicidadeepropaganda\/wp-json\/wp\/v2\/pages\/1291\/revisions\/1989"}],"up":[{"embeddable":true,"href":"https:\/\/www.fafich.ufmg.br\/publicidadeepropaganda\/wp-json\/wp\/v2\/pages\/1306"}],"wp:attachment":[{"href":"https:\/\/www.fafich.ufmg.br\/publicidadeepropaganda\/wp-json\/wp\/v2\/media?parent=1291"}],"wp:term":[{"taxonomy":"category","embeddable":true,"href":"https:\/\/www.fafich.ufmg.br\/publicidadeepropaganda\/wp-json\/wp\/v2\/categories?post=1291"}],"curies":[{"name":"wp","href":"https:\/\/api.w.org\/{rel}","templated":true}]}}