{"id":1294,"date":"2021-01-28T11:07:58","date_gmt":"2021-01-28T14:07:58","guid":{"rendered":"http:\/\/www.fafich.ufmg.br\/publicidadeepropaganda\/?page_id=1294\/"},"modified":"2021-01-28T11:28:14","modified_gmt":"2021-01-28T14:28:14","slug":"formacao-complementar-em-publicidade","status":"publish","type":"page","link":"https:\/\/www.fafich.ufmg.br\/publicidadeepropaganda\/formacao-complementar\/formacao-complementar-em-publicidade\/","title":{"rendered":"Forma\u00e7\u00e3o Complementar em Publicidade"},"content":{"rendered":"<p>Discentes de outros cursos de gradua\u00e7\u00e3o da UFMG interessados em realizar FCA em Publicidade e Propaganda devem seguir os seguintes passos:<\/p>\n<p>1\u00ba) Consultar o seu colegiado de origem e verificar quais os requisitos necess\u00e1rios para requerer a FCA em outro curso;<\/p>\n<p>2\u00ba) O colegiado de origem dever\u00e1 enviar ao Colegiado de Publicidade e Propaganda (FAFICH-CGRPPR), via Sistema Eletr\u00f4nico de Informa\u00e7\u00e3o (SEI) um documento em que o conste o nome completo e matr\u00edcula da\/do discente, o interesse\u00a0da\/do discente\u00a0em realizar FCA no curso de Publicidade e Propaganda, as disciplinas\u00a0a\/o aluna\/aluno pretende cursar durante o percurso de FCA e o \u201cde acordo\u201d do colegiado de origem autorizando o(a) estudante realizar a FCA;<\/p>\n<p>3\u00ba) Recebido o requerimento do(a) aluno(a) via SEI, a Coordena\u00e7\u00e3o do curso de Publicidade ir\u00e1 analisar o pedido e, uma vez deferido,\u00a0a\/o estudante dever\u00e1 requisitar a altera\u00e7\u00e3o do seu percurso curricular para FCA em seu colegiado de origem;<\/p>\n<p>4\u00ba) Ap\u00f3s a altera\u00e7\u00e3o do percurso,\u00a0a\/o discente dever\u00e1, em per\u00edodo especificado no calend\u00e1rio acad\u00eamico da UFMG, fazer a altera\u00e7\u00e3o do seu Plano de Estudos no Siga, incluindo as disciplinas de forma\u00e7\u00e3o complementar.<\/p>\n<p>5\u00ba) Na 3\u00aa fase de matr\u00edcula, em per\u00edodo espec\u00edfico no Calend\u00e1rio Acad\u00eamico da UFMG,\u00a0a\/o aluna\/aluno dever\u00e1 efetuar a matr\u00edcula nas disciplinas de FCA.<\/p>\n<p><strong>Importante:<\/strong><\/p>\n<p>O curso de Publicidade e Propaganda n\u00e3o abre vagas para FCA em disciplinas obrigat\u00f3rias devido \u00e0 lota\u00e7\u00e3o das turmas.<\/p>\n<p>A oferta de algumas disciplinas \u00e9 anual e vari\u00e1vel.<\/p>\n<p>A rela\u00e7\u00e3o das disciplinas ofertadas pelo curso de Publicidade e Propaganda pode ser consultada no <a href=\"https:\/\/www.fafich.ufmg.br\/publicidadeepropaganda\/o-curso\/projeto-pedagogico\/\">Projeto Pedag\u00f3gico do Curso<\/a>.<\/p>\n","protected":false},"excerpt":{"rendered":"<p>Discentes de outros cursos de gradua\u00e7\u00e3o da UFMG interessados em realizar FCA em Publicidade e Propaganda devem seguir os seguintes passos: 1\u00ba) Consultar o seu colegiado de origem e verificar quais os requisitos necess\u00e1rios para requerer a FCA em outro curso; 2\u00ba) O colegiado de origem dever\u00e1 enviar ao Colegiado de Publicidade e Propaganda (FAFICH-CGRPPR), [&hellip;]<\/p>\n","protected":false},"author":3,"featured_media":0,"parent":1306,"menu_order":0,"comment_status":"closed","ping_status":"closed","template":"","meta":[],"categories":[],"_links":{"self":[{"href":"https:\/\/www.fafich.ufmg.br\/publicidadeepropaganda\/wp-json\/wp\/v2\/pages\/1294"}],"collection":[{"href":"https:\/\/www.fafich.ufmg.br\/publicidadeepropaganda\/wp-json\/wp\/v2\/pages"}],"about":[{"href":"https:\/\/www.fafich.ufmg.br\/publicidadeepropaganda\/wp-json\/wp\/v2\/types\/page"}],"author":[{"embeddable":true,"href":"https:\/\/www.fafich.ufmg.br\/publicidadeepropaganda\/wp-json\/wp\/v2\/users\/3"}],"replies":[{"embeddable":true,"href":"https:\/\/www.fafich.ufmg.br\/publicidadeepropaganda\/wp-json\/wp\/v2\/comments?post=1294"}],"version-history":[{"count":3,"href":"https:\/\/www.fafich.ufmg.br\/publicidadeepropaganda\/wp-json\/wp\/v2\/pages\/1294\/revisions"}],"predecessor-version":[{"id":1302,"href":"https:\/\/www.fafich.ufmg.br\/publicidadeepropaganda\/wp-json\/wp\/v2\/pages\/1294\/revisions\/1302"}],"up":[{"embeddable":true,"href":"https:\/\/www.fafich.ufmg.br\/publicidadeepropaganda\/wp-json\/wp\/v2\/pages\/1306"}],"wp:attachment":[{"href":"https:\/\/www.fafich.ufmg.br\/publicidadeepropaganda\/wp-json\/wp\/v2\/media?parent=1294"}],"wp:term":[{"taxonomy":"category","embeddable":true,"href":"https:\/\/www.fafich.ufmg.br\/publicidadeepropaganda\/wp-json\/wp\/v2\/categories?post=1294"}],"curies":[{"name":"wp","href":"https:\/\/api.w.org\/{rel}","templated":true}]}}