{"id":1306,"date":"2021-01-28T11:20:11","date_gmt":"2021-01-28T14:20:11","guid":{"rendered":"http:\/\/www.fafich.ufmg.br\/publicidadeepropaganda\/?page_id=1306\/"},"modified":"2021-06-25T16:07:54","modified_gmt":"2021-06-25T19:07:54","slug":"formacao-complementar","status":"publish","type":"page","link":"https:\/\/www.fafich.ufmg.br\/publicidadeepropaganda\/formacao-complementar\/","title":{"rendered":"Forma\u00e7\u00e3o Complementar"},"content":{"rendered":"\n<p>A Forma\u00e7\u00e3o Complementar Aberta (FCA) \u00e9 um percurso curricular que compreende um conjunto de atividades acad\u00eamicas propostas pelo pr\u00f3prio estudante, com a orienta\u00e7\u00e3o de um docente (tutor) e condicionada \u00e0 autoriza\u00e7\u00e3o do Colegiado de Publicidade e Propaganda.<\/p>\n\n\n\n<p>\u00c9 imprescind\u00edvel que seja preservada uma conex\u00e3o conceitual com a linha b\u00e1sica de atua\u00e7\u00e3o do curso do estudante.<\/p>\n\n\n\n<h2>Requisitos<\/h2>\n\n\n\n<p>As atividades acad\u00eamicas propostas dever\u00e3o ser compostas por disciplinas ofertadas na UFMG ou em outras institui\u00e7\u00f5es de ensino superior (via interc\u00e2mbio acad\u00eamico) que se articulem \u00e0 linha de forma\u00e7\u00e3o desenvolvida no curso de Publicidade e Propaganda.<\/p>\n\n\n\n<p>Estudantes do Curso de Gradua\u00e7\u00e3o em Publicidade e Propaganda poder\u00e3o iniciar esta modalidade de forma\u00e7\u00e3o complementar a partir do 3\u00ba (terceiro) per\u00edodo, devendo perfazer um total de 270 horas (18 cr\u00e9ditos).<\/p>\n\n\n\n<p><strong>Quando solicitar:<\/strong> O Calend\u00e1rio Acad\u00eamico da UFMG estabelece, em cada per\u00edodo letivo, o per\u00edodo para requerimento de mudan\u00e7a do percurso curricular.<\/p>\n\n\n\n<p><strong>Documenta\u00e7\u00e3o e onde solicitar: <\/strong>Requerimento de mudan\u00e7a do percurso curricular.<\/p>\n\n\n\n<p>O requerimento devidamente preenchido e assinado dever\u00e1 ser enviado para o <a href=\"mailto:col-publicidadeepropaganda@fafich.ufmg.br\" data-type=\"mailto\" data-id=\"mailto:col-publicidadeepropaganda@fafich.ufmg.br\">e-mail do Colegiado<\/a>. <\/p>\n\n\n\n<p>Para mais informa\u00e7\u00f5es, consulte o<a href=\"https:\/\/www.fafich.ufmg.br\/publicidadeepropaganda\/o-curso\/projeto-pedagogico\/\" data-type=\"page\" data-id=\"698\">\u00a0Projeto Pedag\u00f3gico do Curso.<\/a><\/p>\n\n\n\n<h2>Discentes de outros cursos de gradua\u00e7\u00e3o da UFMG interessados em realizar FCA em Publicidade e Propaganda devem seguir os seguintes passos:<\/h2>\n\n\n\n<div class=\"wp-block-group\"><div class=\"wp-block-group__inner-container\">\n<ul><li>1\u00ba) Consultar o seu colegiado de origem e verificar quais os requisitos necess\u00e1rios para requerer a FCA em outro curso;<\/li><li>2\u00ba) O colegiado de origem dever\u00e1 enviar ao Colegiado de Publicidade e Propaganda (FAFICH-CGRPPR), via Sistema Eletr\u00f4nico de Informa\u00e7\u00e3o (SEI) um documento em que o conste o nome completo e matr\u00edcula da\/do discente, o interesse\u00a0da\/do discente\u00a0em realizar FCA no curso de Publicidade e Propaganda, as disciplinas\u00a0a\/o aluna\/aluno pretende cursar durante o percurso de FCA e o \u201cde acordo\u201d do colegiado de origem autorizando o(a) estudante realizar a FCA; <\/li><li>3\u00ba) Recebido o requerimento do(a) aluno(a) via SEI, a Coordena\u00e7\u00e3o do curso de Publicidade ir\u00e1 analisar o pedido e, uma vez deferido,\u00a0a\/o estudante dever\u00e1 requisitar a altera\u00e7\u00e3o do seu percurso curricular para FCA em seu colegiado de origem; <\/li><li>4\u00ba) Ap\u00f3s a altera\u00e7\u00e3o do percurso,\u00a0a\/o discente dever\u00e1, em per\u00edodo especificado no calend\u00e1rio acad\u00eamico da UFMG, fazer a altera\u00e7\u00e3o do seu Plano de Estudos no Siga, incluindo as disciplinas de forma\u00e7\u00e3o complementar. <\/li><li>5\u00ba) Na 3\u00aa fase de matr\u00edcula, em per\u00edodo espec\u00edfico no Calend\u00e1rio Acad\u00eamico da UFMG,\u00a0a\/o aluna\/aluno dever\u00e1 efetuar a matr\u00edcula nas disciplinas de FCA.<\/li><\/ul>\n<\/div><\/div>\n\n\n\n<p><strong>Importante:<\/strong><\/p>\n\n\n\n<p>O curso de Publicidade e Propaganda n\u00e3o abre vagas para FCA em disciplinas obrigat\u00f3rias devido \u00e0 lota\u00e7\u00e3o das turmas.<\/p>\n\n\n\n<p>A oferta de algumas disciplinas \u00e9 anual e vari\u00e1vel.<\/p>\n\n\n\n<p>A rela\u00e7\u00e3o das disciplinas ofertadas pelo curso de Publicidade e Propaganda pode ser consultada no <a href=\"https:\/\/www.fafich.ufmg.br\/publicidadeepropaganda\/o-curso\/projeto-pedagogico\/\">Projeto Pedag\u00f3gico do Curso<\/a>.<\/p>\n\n\n\n<p><\/p>\n","protected":false},"excerpt":{"rendered":"<p>A Forma\u00e7\u00e3o Complementar Aberta (FCA) \u00e9 um percurso curricular que compreende um conjunto de atividades acad\u00eamicas propostas pelo pr\u00f3prio estudante, com a orienta\u00e7\u00e3o de um docente (tutor) e condicionada \u00e0 autoriza\u00e7\u00e3o do Colegiado de Publicidade e Propaganda. \u00c9 imprescind\u00edvel que seja preservada uma conex\u00e3o conceitual com a linha b\u00e1sica de atua\u00e7\u00e3o do curso do estudante. [&hellip;]<\/p>\n","protected":false},"author":1,"featured_media":0,"parent":0,"menu_order":0,"comment_status":"closed","ping_status":"closed","template":"","meta":[],"categories":[],"_links":{"self":[{"href":"https:\/\/www.fafich.ufmg.br\/publicidadeepropaganda\/wp-json\/wp\/v2\/pages\/1306"}],"collection":[{"href":"https:\/\/www.fafich.ufmg.br\/publicidadeepropaganda\/wp-json\/wp\/v2\/pages"}],"about":[{"href":"https:\/\/www.fafich.ufmg.br\/publicidadeepropaganda\/wp-json\/wp\/v2\/types\/page"}],"author":[{"embeddable":true,"href":"https:\/\/www.fafich.ufmg.br\/publicidadeepropaganda\/wp-json\/wp\/v2\/users\/1"}],"replies":[{"embeddable":true,"href":"https:\/\/www.fafich.ufmg.br\/publicidadeepropaganda\/wp-json\/wp\/v2\/comments?post=1306"}],"version-history":[{"count":3,"href":"https:\/\/www.fafich.ufmg.br\/publicidadeepropaganda\/wp-json\/wp\/v2\/pages\/1306\/revisions"}],"predecessor-version":[{"id":1521,"href":"https:\/\/www.fafich.ufmg.br\/publicidadeepropaganda\/wp-json\/wp\/v2\/pages\/1306\/revisions\/1521"}],"wp:attachment":[{"href":"https:\/\/www.fafich.ufmg.br\/publicidadeepropaganda\/wp-json\/wp\/v2\/media?parent=1306"}],"wp:term":[{"taxonomy":"category","embeddable":true,"href":"https:\/\/www.fafich.ufmg.br\/publicidadeepropaganda\/wp-json\/wp\/v2\/categories?post=1306"}],"curies":[{"name":"wp","href":"https:\/\/api.w.org\/{rel}","templated":true}]}}