{"id":1313,"date":"2021-01-29T11:38:42","date_gmt":"2021-01-29T14:38:42","guid":{"rendered":"http:\/\/www.fafich.ufmg.br\/publicidadeepropaganda\/?page_id=1313\/"},"modified":"2024-05-15T08:10:16","modified_gmt":"2024-05-15T11:10:16","slug":"aproveitamento-de-estudos","status":"publish","type":"page","link":"https:\/\/www.fafich.ufmg.br\/publicidadeepropaganda\/o-curso\/aproveitamento-de-estudos\/","title":{"rendered":"Aproveitamento de Estudos"},"content":{"rendered":"<p>O Aproveitamento de Estudos \u00e9\u00a0a dispensa de atividade acad\u00eamica constante do percurso curricular discente, por ter cursado disciplinas em outras institui\u00e7\u00f5es de ensino superior, inclusive em mobilidade acad\u00eamica nacional e internacional, desde que a atividade seja considerada equivalente \u00e0 ministrada pela UFMG.<\/p>\n<h2>Legisla\u00e7\u00e3o<\/h2>\n<p><a href=\"https:\/\/www2.ufmg.br\/sods\/content\/download\/2388\/16197\/version\/1\/file\/06rescepe2019.pdf\">RESOLU\u00c7\u00c3O CEPE N\u00ba 06\/2019, DE 11 DE JUNHO DE 2019<\/a><\/p>\n<h2>Como solicitar<\/h2>\n<p>I \u2013 o protocolo do requerimento de aproveitamento de estudos dever\u00e1 ser efetuado, <strong><u>no m\u00e1ximo, at\u00e9 o segundo per\u00edodo letivo de v\u00ednculo no curso<\/u><\/strong> ou na estrutura formativa de tronco comum da UFMG;<\/p>\n<p>II &#8211; no caso de mobilidade acad\u00eamica (nacional ou internacional), o protocolo do requerimento dever\u00e1 ser realizado at\u00e9, no m\u00e1ximo, o segundo semestre letivo ap\u00f3s seu retorno;<\/p>\n<p>III \u2013 \u00e9 necess\u00e1rio haver correspond\u00eancia entre a(s) atividade(s) cursada(s) em outra institui\u00e7\u00e3o de ensino superior e a atividade acad\u00eamica curricular constante do percurso curricular a que se vincula o(a) aluno(a) e para a qual se solicita o aproveitamento;<\/p>\n<p>IV \u2013 \u00e9 necess\u00e1rio ter conclu\u00eddo a atividade acad\u00eamica antes da data de ingresso no curso ou estrutura formativa de tronco comum da UFMG, exceto nos casos de interc\u00e2mbio (nacional ou internacional);<\/p>\n<p>V &#8211; n\u00e3o ter sido reprovado(a) na atividade acad\u00eamica curricular ofertada pela UFMG para a qual requer aproveitamento de estudos;<\/p>\n<p>VI \u2013 n\u00e3o estar matriculado na atividade acad\u00eamica curricular a qual requer aproveitamento de estudos.<\/p>\n<h2>Quando solicitar<\/h2>\n<p>O <a href=\"https:\/\/www.fafich.ufmg.br\/publicidadeepropaganda\/wp-admin\/post.php?post=991&amp;action=edit\">Calend\u00e1rio Acad\u00eamico<\/a> estabelece , em cada per\u00edodo letivo, o per\u00edodo para o(a) estudante requerer aproveitamento de estudos.<\/p>\n<h2>Documenta\u00e7\u00e3o e onde solicitar<\/h2>\n<ul>\n<li>Requerimento de aproveitamento de estudos devidamente preenchido e assinado, <a href=\"https:\/\/www.fafich.ufmg.br\/publicidadeepropaganda\/wp-content\/uploads\/2024\/03\/Aproveitamento-de-Estudos-04_2024.doc\">dispon\u00edvel neste link<\/a>.<\/li>\n<li>Hist\u00f3rico escolar emitido pela institui\u00e7\u00e3o na qual os estudos foram realizados ou documento oficial equivalente;<\/li>\n<li>Programa da atividade cursada, contendo ementa e carga hor\u00e1ria. Se as disciplinas foram cursadas na pr\u00f3pria UFMG, antes de ingressar no curso de Publicidade e Propaganda, n\u00e3o necessita apresentar o Programa.<\/li>\n<li>O requerimento com a documenta\u00e7\u00e3o dever\u00e1 ser enviado em um \u00fanico arquivo via moodle: <a href=\"https:\/\/virtual.ufmg.br\/plataforma\/mod\/assign\/view.php?id=33990\">https:\/\/virtual.ufmg.br\/plataforma\/mod\/assign\/view.php?id=33990<\/a><\/li>\n<li>Deve ser preenchido <strong><u>um requerimento para cada disciplina<\/u><\/strong> a ser dispensada e, junto a este, toda a documenta\u00e7\u00e3o exigida;<\/li>\n<li>Dever\u00e1 ser enviado ao colegiado um \u00fanico arquivo, <strong>em formato PDF<\/strong>, para cada requerimento de dispensa. Neste arquivo dever\u00e1 constar o formul\u00e1rio e a documenta\u00e7\u00e3o comprobat\u00f3ria.<\/li>\n<li>O Colegiado confirmar\u00e1 o recebimento e, posteriormente, o deferimento\/indeferimento via moodle.<\/li>\n<li>O moodle somente estar\u00e1 dispon\u00edvel no per\u00edodo de requerimento do <a href=\"https:\/\/www.fafich.ufmg.br\/publicidadeepropaganda\/wp-admin\/post.php?post=991&amp;action=edit\">Calend\u00e1rio Acad\u00eamico.<\/a><\/li>\n<\/ul>\n","protected":false},"excerpt":{"rendered":"<p>O Aproveitamento de Estudos \u00e9\u00a0a dispensa de atividade acad\u00eamica constante do percurso curricular discente, por ter cursado disciplinas em outras institui\u00e7\u00f5es de ensino superior, inclusive em mobilidade acad\u00eamica nacional e internacional, desde que a atividade seja considerada equivalente \u00e0 ministrada pela UFMG. Legisla\u00e7\u00e3o RESOLU\u00c7\u00c3O CEPE N\u00ba 06\/2019, DE 11 DE JUNHO DE 2019 Como solicitar [&hellip;]<\/p>\n","protected":false},"author":1,"featured_media":0,"parent":690,"menu_order":0,"comment_status":"closed","ping_status":"closed","template":"","meta":[],"categories":[],"_links":{"self":[{"href":"https:\/\/www.fafich.ufmg.br\/publicidadeepropaganda\/wp-json\/wp\/v2\/pages\/1313"}],"collection":[{"href":"https:\/\/www.fafich.ufmg.br\/publicidadeepropaganda\/wp-json\/wp\/v2\/pages"}],"about":[{"href":"https:\/\/www.fafich.ufmg.br\/publicidadeepropaganda\/wp-json\/wp\/v2\/types\/page"}],"author":[{"embeddable":true,"href":"https:\/\/www.fafich.ufmg.br\/publicidadeepropaganda\/wp-json\/wp\/v2\/users\/1"}],"replies":[{"embeddable":true,"href":"https:\/\/www.fafich.ufmg.br\/publicidadeepropaganda\/wp-json\/wp\/v2\/comments?post=1313"}],"version-history":[{"count":5,"href":"https:\/\/www.fafich.ufmg.br\/publicidadeepropaganda\/wp-json\/wp\/v2\/pages\/1313\/revisions"}],"predecessor-version":[{"id":1986,"href":"https:\/\/www.fafich.ufmg.br\/publicidadeepropaganda\/wp-json\/wp\/v2\/pages\/1313\/revisions\/1986"}],"up":[{"embeddable":true,"href":"https:\/\/www.fafich.ufmg.br\/publicidadeepropaganda\/wp-json\/wp\/v2\/pages\/690"}],"wp:attachment":[{"href":"https:\/\/www.fafich.ufmg.br\/publicidadeepropaganda\/wp-json\/wp\/v2\/media?parent=1313"}],"wp:term":[{"taxonomy":"category","embeddable":true,"href":"https:\/\/www.fafich.ufmg.br\/publicidadeepropaganda\/wp-json\/wp\/v2\/categories?post=1313"}],"curies":[{"name":"wp","href":"https:\/\/api.w.org\/{rel}","templated":true}]}}