{"id":1333,"date":"2021-03-01T17:03:09","date_gmt":"2021-03-01T20:03:09","guid":{"rendered":"http:\/\/www.fafich.ufmg.br\/publicidadeepropaganda\/?page_id=1333\/"},"modified":"2021-03-01T17:03:11","modified_gmt":"2021-03-01T20:03:11","slug":"grupos-de-pesquisa","status":"publish","type":"page","link":"https:\/\/www.fafich.ufmg.br\/publicidadeepropaganda\/grupos-de-pesquisa\/","title":{"rendered":"Grupos de Pesquisa"},"content":{"rendered":"\n<p>O curso de Publicidade e Propaganda, por meio do Departamento de Comunica\u00e7\u00e3o Social e do Programa de P\u00f3s-gradua\u00e7\u00e3o em Comunica\u00e7\u00e3o conta com os seguintes grupos de pesquisa:<\/p>\n\n\n\n<p><strong><em>Centro de Converg\u00eancia em Novas M\u00eddias (CCNM)<\/em>:<\/strong> criado em 2005, dedica-se ao estudo das culturas urbanas, das tecnologias digitais de informa\u00e7\u00e3o e comunica\u00e7\u00e3o e sua aplica\u00e7\u00e3o em contextos sociais. Desde 2012, o CCNM articula-se tamb\u00e9m com o NucCon (N\u00facleo de Pesquisa em Conex\u00f5es Intermidi\u00e1ticas) e NucleUrb (N\u00facleo de Pesquisa em Culturas Urbanas). <br><a href=\"https:\/\/ccnm.fafich.ufmg.br\/\">https:\/\/ccnm.fafich.ufmg.br\/<\/a><\/p>\n\n\n\n<p><strong><em>Coletivo de Estudos, Pesquisas Etnogr\u00e1ficas e A\u00e7\u00f5es Comunicacionais em Contextos de Risco (CORISCO)<\/em>:<\/strong> surgiu em 2016 e congrega pessoas interessadas em estudos diversos, pesquisas etnogr\u00e1ficas e a\u00e7\u00e3o no campo comunicacional em contextos de risco. <br><a href=\"https:\/\/coriscosite.wordpress.com\/\">https:\/\/coriscosite.wordpress.com\/<\/a><\/p>\n\n\n\n<p><strong><em>Coletivo Marta (Grupo de Pesquisa em Comunica\u00e7\u00e3o e Culturas Esportivas)<\/em>:<\/strong> constitu\u00eddo em 2018, trabalha na intersec\u00e7\u00e3o entre Comunica\u00e7\u00e3o e Esporte, propondo-se a estudar os fen\u00f4menos dessa interface a partir de perspectivas te\u00f3ricas contempor\u00e2neas da Comunica\u00e7\u00e3o, sobretudo aquelas que dialogam com a cultura, a pol\u00edtica e abordagens cr\u00edticas de an\u00e1lise.<br><a href=\"https:\/\/coletivomarta.org\/\">https:\/\/coletivomarta.org\/<\/a><\/p>\n\n\n\n<p><strong><em>Estudos de Redes Sociot\u00e9cnicas (R-EST)<\/em>: <\/strong>fundado em 2019, tem como objetivo sistematizar um conjunto de estudos te\u00f3ricos, emp\u00edricos e metodol\u00f3gicos que buscam aproximar os estudos de comunica\u00e7\u00e3o\/m\u00eddia com os Estudos de Ci\u00eancia e Tecnologia (STS, em ingl\u00eas). <a href=\"https:\/\/www.instagram.com\/rest_ufmg\/\">https:\/\/www.instagram.com\/rest_ufmg\/<\/a><\/p>\n\n\n\n<p><strong><em>Grupo de Pesquisa Comunica\u00e7\u00e3o e Cultura em Televisualidades (COMCULT)<\/em>:<\/strong> criado em 2008, dedica-se ao estudo das rela\u00e7\u00f5es entre televis\u00e3o e cultura contemplando todos os aspectos e dimens\u00f5es do meio televisivo. Os textos &#8211; programas ficcionais, informativos ou de entretenimento &#8211; s\u00e3o analisados desde uma perspectiva est\u00e9tica bem como a partir de interroga\u00e7\u00f5es hist\u00f3rico-culturais e pol\u00edticas. <a href=\"https:\/\/www.facebook.com\/grupo.comcult\">https:\/\/www.facebook.com\/grupo.comcult<\/a><\/p>\n\n\n\n<p><strong><em>Grupo de Pesquisa e Estudos em Sonoridades, Comunica\u00e7\u00e3o, Textualidades e Sociabilidade [ESCUTAS]<\/em>: <\/strong>criado em 2011, o grupo investiga produ\u00e7\u00f5es simb\u00f3licas relacionadas a elementos sonoros, tais como o ru\u00eddo, as paisagens sonoras e a can\u00e7\u00e3o, tendo como n\u00facleo comum o desenvolvimento de an\u00e1lises perform\u00e1ticas, l\u00edtero-musicais e sonoras dessas produ\u00e7\u00f5es. <br><a href=\"https:\/\/www.instagram.com\/escutasufmg\/\">https:\/\/www.instagram.com\/escutasufmg\/<\/a><\/p>\n\n\n\n<p><strong><em>Grupo de Pesquisa em Comunica\u00e7\u00e3o, Acessibilidade e Vulnerabilidades (AFETOS)<\/em>: <\/strong>criado em 2017, tem como foco reflex\u00f5es te\u00f3rico-conceituais que abarquem os m\u00faltiplos aspectos comunicacionais que interpelam os sujeitos em suas subjetividades, autonomia e nas rela\u00e7\u00f5es com as tecnologias como formas socialmente constru\u00eddas de fornecer condi\u00e7\u00f5es de equidade no mundo. <br><a href=\"https:\/\/afetos.com\/\">https:\/\/afetos.com\/<\/a><\/p>\n\n\n\n<p><strong><em>Grupo de Pesquisa em Comunica\u00e7\u00e3o, Mobiliza\u00e7\u00e3o Social e Opini\u00e3o P\u00fablica (MOBILIZA)<\/em>:<\/strong> constitu\u00eddo em 1999, tem como prop\u00f3sito compreender a comunica\u00e7\u00e3o em processos de mobiliza\u00e7\u00e3o social, a partir dos seguintes eixos de investiga\u00e7\u00e3o: a forma\u00e7\u00e3o e movimenta\u00e7\u00e3o de p\u00fablicos, as din\u00e2micas da opini\u00e3o p\u00fablica, os processos de comunica\u00e7\u00e3o para mobiliza\u00e7\u00e3o social e os processos de comunica\u00e7\u00e3o p\u00fablica. <a href=\"http:\/\/www.fafich.ufmg.br\/mobiliza\/\">http:\/\/www.fafich.ufmg.br\/mobiliza\/<\/a><\/p>\n\n\n\n<p><strong><em>Grupo de Pesquisa em Comunica\u00e7\u00e3o, Ra\u00e7a e G\u00eanero (CORAGEM)<\/em>: <\/strong>o grupo atua desde 2012, inicialmente voltado para a pesquisa e reflex\u00f5es cr\u00edticas sobre publicidade, m\u00eddia e consumo. A partir de 2017, as tem\u00e1ticas foram convergindo para os estudos sobre comunica\u00e7\u00e3o, ra\u00e7a e g\u00eanero, com \u00eanfase nas pr\u00e1ticas comunicativas, principalmente as midi\u00e1ticas, a partir de uma abordagem interacional e interseccional. <a href=\"https:\/\/www.facebook.com\/coragemufmg\/\">https:\/\/www.facebook.com\/coragemufmg\/<\/a><\/p>\n\n\n\n<p><strong><em>Grupo de pesquisa em historicidades das formas comunicacionais (Ex-press)<\/em>:<\/strong>&nbsp; tem como proposta revelar pot\u00eancias no gesto de historicizar formas de comunica\u00e7\u00e3o, tomando o impresso como uma esp\u00e9cie de piv\u00f4 cuja trajet\u00f3ria tratamos como um lugar de transbordamento que (in)forma diferentes processos comunicacionais e os (con)forma em suas configura\u00e7\u00f5es contempor\u00e2neas. <a href=\"https:\/\/encontrohistoricidades.wordpress.com\/\">https:\/\/encontrohistoricidades.wordpress.com\/<\/a><\/p>\n\n\n\n<p><strong><em>Grupo de Pesquisa em Imagem e Sociabilidade (GRIS)<\/em>: <\/strong>criado em 1994, tem como tem\u00e1tica central a inter-rela\u00e7\u00e3o entre imagens e sociabilidade na configura\u00e7\u00e3o dos processos comunicativos. O GRIS comp\u00f5e-se por sub-grupos de pesquisa: GRISPop &#8211; Grupo de Estudos sobre Intera\u00e7\u00f5es Midi\u00e1ticas e Pr\u00e1ticas Culturais Contempor\u00e2neas e GRISom &#8211; Grupo de Estudos sobre Linguagens Sonoras.<br><a href=\"http:\/\/www.fafich.ufmg.br\/gris\/\">http:\/\/www.fafich.ufmg.br\/gris\/<\/a><\/p>\n\n\n\n<p><em><strong>Grupo de Pesquisa em M\u00eddia e Esfera P\u00fablica (EME):<\/strong><\/em> atua desde 1998, explorando o papel da m\u00eddia na promo\u00e7\u00e3o de debates p\u00fablicos e na pr\u00e9-estrutura\u00e7\u00e3o do espa\u00e7o p\u00fablico brasileiro. Investiga as interfaces que os meios de comunica\u00e7\u00e3o estabelecem com a forma\u00e7\u00e3o da opini\u00e3o p\u00fablica, da vontade pol\u00edtica e das identidades sociais, tratando particularmente a express\u00e3o, a atua\u00e7\u00e3o e argumenta\u00e7\u00e3o p\u00fablica de movimentos sociais e grupos c\u00edvicos. <br><a href=\"https:\/\/grupoemeblog.wordpress.com\/\">https:\/\/grupoemeblog.wordpress.com\/<\/a><\/p>\n\n\n\n<p><strong><em>Grupo de Pesquisa Po\u00e9ticas da Experi\u00eancia<\/em>: <\/strong>constitu\u00eddo em 2007, estuda as m\u00faltiplas manifesta\u00e7\u00f5es do audiovisual contempor\u00e2neo &#8211; nos dom\u00ednios da fotografia, do cinema e das artes perform\u00e1ticas &#8211; levando em conta os processos de cria\u00e7\u00e3o, a organiza\u00e7\u00e3o dos elementos expressivos e as formas de frui\u00e7\u00e3o. <br><a href=\"http:\/\/www.poeticasdaexperiencia.org\/\">http:\/\/www.poeticasdaexperiencia.org\/<\/a><\/p>\n\n\n\n<p><strong><em>Grupo de Pesquisa Po\u00e9ticas femininas, pol\u00edticas feministas: a mulher no cinema<\/em>:<\/strong> desenvolve-se como prolongamento do Po\u00e9ticas da Experi\u00eancia e se dedica a estudar e discutir os modos como o feminino se engendra no e com o cinema em seu sentido tanto est\u00e9tico quanto pol\u00edtico, ou seja, como a mulher acontece cinematograficamente seja ela realizadora, personagem ou ambos. <br><a href=\"https:\/\/www.facebook.com\/poeticasfemininas\/\">https:\/\/www.facebook.com\/poeticasfemininas\/<\/a><\/p>\n\n\n\n<p><strong><em>Grupo de Pesquisa em Comunica\u00e7\u00e3o, Redes Textuais (INSURGENTE)<\/em>:<\/strong> o grupo se inspira e se engaja nos pressupostos identificados com a cr\u00edtica \u00e0s diversas formas de colonialidades do saber e do poder, manifestas em produtos e processos comunicacionais, midi\u00e1ticos ou n\u00e3o, em interconex\u00f5es com as redes textuais.<\/p>\n\n\n\n<p><strong><em>N\u00facleo de Estudos em Est\u00e9ticas do Perform\u00e1tico e Experi\u00eancia Comunicacional (NEEPEC)<\/em>: <\/strong>criado em 2013, toma a performance como m\u00e9todo de pesquisa, investigando formas de comunica\u00e7\u00e3o que privilegiam a articula\u00e7\u00e3o entre o corpo, as imagens e as palavras. Este tipo de experi\u00eancia comunicacional irrompe na rela\u00e7\u00e3o autopoi\u00e9tica existente entre as est\u00e9ticas do perform\u00e1tico e a vida ordin\u00e1ria. <a href=\"https:\/\/www.neepec.com.br\/\">https:\/\/www.neepec.com.br\/<\/a><\/p>\n\n\n\n<p><strong><em>N\u00facleo de Estudos Tramas Comunicacionais: Narrativa e Experi\u00eancia (TRAMAS)<\/em>: <\/strong>organiza-se em torno dos fen\u00f4menos comunicacionais a partir da configura\u00e7\u00e3o narrativa dos textos que circulam nos diversos dispositivos sociais e midi\u00e1ticos, abrindo-se ao estudo tanto de tessituras narrativas espec\u00edficas &#8211; e de rela\u00e7\u00f5es a\u00ed presentes &#8211; quanto busca contribuir para a compreens\u00e3o de fen\u00f4menos midi\u00e1ticos peculiares, como o jornalismo e a televis\u00e3o. <br><a href=\"https:\/\/tramas.fafich.ufmg.br\/\">https:\/\/tramas.fafich.ufmg.br\/<\/a><\/p>\n","protected":false},"excerpt":{"rendered":"<p>O curso de Publicidade e Propaganda, por meio do Departamento de Comunica\u00e7\u00e3o Social e do Programa de P\u00f3s-gradua\u00e7\u00e3o em Comunica\u00e7\u00e3o conta com os seguintes grupos de pesquisa: Centro de Converg\u00eancia em Novas M\u00eddias (CCNM): criado em 2005, dedica-se ao estudo das culturas urbanas, das tecnologias digitais de informa\u00e7\u00e3o e comunica\u00e7\u00e3o e sua aplica\u00e7\u00e3o em contextos [&hellip;]<\/p>\n","protected":false},"author":3,"featured_media":0,"parent":0,"menu_order":0,"comment_status":"closed","ping_status":"closed","template":"","meta":[],"categories":[],"_links":{"self":[{"href":"https:\/\/www.fafich.ufmg.br\/publicidadeepropaganda\/wp-json\/wp\/v2\/pages\/1333"}],"collection":[{"href":"https:\/\/www.fafich.ufmg.br\/publicidadeepropaganda\/wp-json\/wp\/v2\/pages"}],"about":[{"href":"https:\/\/www.fafich.ufmg.br\/publicidadeepropaganda\/wp-json\/wp\/v2\/types\/page"}],"author":[{"embeddable":true,"href":"https:\/\/www.fafich.ufmg.br\/publicidadeepropaganda\/wp-json\/wp\/v2\/users\/3"}],"replies":[{"embeddable":true,"href":"https:\/\/www.fafich.ufmg.br\/publicidadeepropaganda\/wp-json\/wp\/v2\/comments?post=1333"}],"version-history":[{"count":2,"href":"https:\/\/www.fafich.ufmg.br\/publicidadeepropaganda\/wp-json\/wp\/v2\/pages\/1333\/revisions"}],"predecessor-version":[{"id":1350,"href":"https:\/\/www.fafich.ufmg.br\/publicidadeepropaganda\/wp-json\/wp\/v2\/pages\/1333\/revisions\/1350"}],"wp:attachment":[{"href":"https:\/\/www.fafich.ufmg.br\/publicidadeepropaganda\/wp-json\/wp\/v2\/media?parent=1333"}],"wp:term":[{"taxonomy":"category","embeddable":true,"href":"https:\/\/www.fafich.ufmg.br\/publicidadeepropaganda\/wp-json\/wp\/v2\/categories?post=1333"}],"curies":[{"name":"wp","href":"https:\/\/api.w.org\/{rel}","templated":true}]}}