{"id":1469,"date":"2021-05-17T12:39:33","date_gmt":"2021-05-17T15:39:33","guid":{"rendered":"https:\/\/www.fafich.ufmg.br\/publicidadeepropaganda\/?page_id=1469"},"modified":"2024-09-06T17:45:06","modified_gmt":"2024-09-06T20:45:06","slug":"toolkit-de-publicidade-e-propaganda","status":"publish","type":"page","link":"https:\/\/www.fafich.ufmg.br\/publicidadeepropaganda\/toolkit-de-publicidade-e-propaganda\/","title":{"rendered":"Toolkit de Publicidade e Propaganda"},"content":{"rendered":"\n<p>O Curso de Publicidade e Propaganda apresenta os tr\u00eas volumes do <strong>Toolkit: Publicidade e Propaganda<\/strong>. Desenvolvido no \u00e2mbito do Programa de Desenvolvimento do Ensino de Gradua\u00e7\u00e3o (PDEG), iniciativa da Pr\u00f3-reitoria de Gradua\u00e7\u00e3o (Prograd), que financiou projetos de ensino que atuassem no apoio ao Ensino Remoto Emergencial, o Toolkit integra o projeto A\u00e7\u00f5es Integradas para o Desenvolvimento do ERE na gradua\u00e7\u00e3o em Publicidade e Propaganda.<\/p>\n\n\n\n<p>O projeto realizou a\u00e7\u00f5es de diagn\u00f3stico, desenvolvimento de materiais instrucionais e a\u00e7\u00f5es de comunica\u00e7\u00e3o do curso de Publicidade e Propaganda.<\/p>\n\n\n\n<p>O <strong>Toolkit vol. 4 &#8211; Tudo sobre Percursos Curriculares<\/strong> est\u00e1 dispon\u00edvel para\u00a0<a href=\"https:\/\/drive.google.com\/file\/d\/1e_f6OBo-woMqoClCe5ZsHLC3IumJgI50\/view?usp=sharing\" target=\"_blank\" rel=\"noopener\">download gratuito neste link.<\/a><\/p>\n\n\n\n<p>O <strong>Toolkit vol. 3 &#8211; Informa\u00e7\u00f5es sobre Pesquisa e Extens\u00e3o<\/strong> est\u00e1 dispon\u00edvel para <a href=\"https:\/\/drive.google.com\/file\/d\/1xRRaGxLIZwwa3I8MQmIz3AZryp_9tSPr\/view?usp=sharing\" target=\"_blank\" rel=\"noreferrer noopener\">download gratuito neste lin<\/a><a rel=\"noreferrer noopener\" href=\"https:\/\/drive.google.com\/file\/d\/1UUBmmL2U99Tnwtq9UTYuC_oTruOXb3ZX\/view\" target=\"_blank\">k<\/a>.<\/p>\n\n\n\n<p>O <strong>Toolkit vol. 2 &#8211; Informa\u00e7\u00f5es sobre est\u00e1gio<\/strong> est\u00e1 dispon\u00edvel para <a href=\"https:\/\/drive.google.com\/file\/d\/1XDmPZv9taMpBD9qaHc7DatvSXmnE13TX\/view?usp=sharing\" target=\"_blank\" rel=\"noreferrer noopener\">download gratuito neste link<\/a>.<\/p>\n\n\n\n<p>O <strong>Toolkit vol. 1 &#8211; Ferramentas e recursos<\/strong> est\u00e1 dispon\u00edvel para <a href=\"https:\/\/drive.google.com\/file\/d\/10VMu0nIvFwxA9NGA7P5oVqm10miFY8Pr\/view?usp=sharing\" target=\"_blank\" rel=\"noreferrer noopener\">download gratuito neste link<\/a>. <\/p>\n\n\n\n<p><\/p>\n\n\n\n<h2>Equipe do Projeto A\u00e7\u00f5es Integradas para o Desenvolvimento do ERE na gradua\u00e7\u00e3o em Publicidade e Propaganda<\/h2>\n\n\n\n<p><strong>Coordenador:<\/strong> Pablo Moreno Fernandes<\/p>\n\n\n\n<p><strong>Orientadores: <\/strong>Ana Carolina Vimieiro e Daniel Melo Ribeiro<\/p>\n\n\n\n<p><strong>Bolsistas da gradua\u00e7\u00e3o: <\/strong><\/p>\n\n\n\n<ul><li>2022\/2023: Juan Pablo de Oliveira Santos, Lucas Sant\u2019ana de Assis Moreira, Marcela Duarte Faria e Vinicius Alves Medeiros<\/li><\/ul>\n\n\n\n<ul><li>2020\/2022\/2022: Beatriz Vasconcellos Diaz, Erick Martins, Giovanni Carlos Vieira, Micael Souza<\/li><\/ul>\n\n\n\n<p><strong>Bolsista da p\u00f3s-gradua\u00e7\u00e3o:<\/strong> Lucianna Furtado<\/p>\n","protected":false},"excerpt":{"rendered":"<p>O Curso de Publicidade e Propaganda apresenta os tr\u00eas volumes do Toolkit: Publicidade e Propaganda. Desenvolvido no \u00e2mbito do Programa de Desenvolvimento do Ensino de Gradua\u00e7\u00e3o (PDEG), iniciativa da Pr\u00f3-reitoria de Gradua\u00e7\u00e3o (Prograd), que financiou projetos de ensino que atuassem no apoio ao Ensino Remoto Emergencial, o Toolkit integra o projeto A\u00e7\u00f5es Integradas para o [&hellip;]<\/p>\n","protected":false},"author":1,"featured_media":0,"parent":0,"menu_order":0,"comment_status":"closed","ping_status":"closed","template":"","meta":[],"categories":[],"_links":{"self":[{"href":"https:\/\/www.fafich.ufmg.br\/publicidadeepropaganda\/wp-json\/wp\/v2\/pages\/1469"}],"collection":[{"href":"https:\/\/www.fafich.ufmg.br\/publicidadeepropaganda\/wp-json\/wp\/v2\/pages"}],"about":[{"href":"https:\/\/www.fafich.ufmg.br\/publicidadeepropaganda\/wp-json\/wp\/v2\/types\/page"}],"author":[{"embeddable":true,"href":"https:\/\/www.fafich.ufmg.br\/publicidadeepropaganda\/wp-json\/wp\/v2\/users\/1"}],"replies":[{"embeddable":true,"href":"https:\/\/www.fafich.ufmg.br\/publicidadeepropaganda\/wp-json\/wp\/v2\/comments?post=1469"}],"version-history":[{"count":5,"href":"https:\/\/www.fafich.ufmg.br\/publicidadeepropaganda\/wp-json\/wp\/v2\/pages\/1469\/revisions"}],"predecessor-version":[{"id":2033,"href":"https:\/\/www.fafich.ufmg.br\/publicidadeepropaganda\/wp-json\/wp\/v2\/pages\/1469\/revisions\/2033"}],"wp:attachment":[{"href":"https:\/\/www.fafich.ufmg.br\/publicidadeepropaganda\/wp-json\/wp\/v2\/media?parent=1469"}],"wp:term":[{"taxonomy":"category","embeddable":true,"href":"https:\/\/www.fafich.ufmg.br\/publicidadeepropaganda\/wp-json\/wp\/v2\/categories?post=1469"}],"curies":[{"name":"wp","href":"https:\/\/api.w.org\/{rel}","templated":true}]}}