{"id":1526,"date":"2021-06-25T16:19:48","date_gmt":"2021-06-25T19:19:48","guid":{"rendered":"https:\/\/www.fafich.ufmg.br\/publicidadeepropaganda\/?page_id=1526"},"modified":"2024-05-15T07:33:23","modified_gmt":"2024-05-15T10:33:23","slug":"aproveitamento-de-estudos-a-posteriori","status":"publish","type":"page","link":"https:\/\/www.fafich.ufmg.br\/publicidadeepropaganda\/aproveitamento-de-estudos-a-posteriori\/","title":{"rendered":"Aproveitamento de Estudos a Posteriori (Atividades Extracurriculares)"},"content":{"rendered":"\n<p>\u00c9 a atribui\u00e7\u00e3o de cr\u00e9ditos em atividades acad\u00eamicas curriculares com registro a posteriori (atividades extracurriculares), at\u00e9 ent\u00e3o denominadas atividades complementares como atividades optativas do Grupo 9 (G9).<\/p>\n\n\n\n<p>Ser\u00e3o consideradas as atividades acad\u00eamicas curriculares realizadas dentro ou fora da UFMG, as seguintes modalidades: Viv\u00eancia Profissional Complementar (atividades de est\u00e1gio), atua\u00e7\u00e3o em Programa de Inicia\u00e7\u00e3o Cient\u00edfica, atua\u00e7\u00e3o em Programa de Inicia\u00e7\u00e3o \u00e0 Doc\u00eancia, atua\u00e7\u00e3o em Programa de Inicia\u00e7\u00e3o \u00e0 Extens\u00e3o; participa\u00e7\u00e3o em discuss\u00f5es tem\u00e1ticas, organiza\u00e7\u00e3o e participa\u00e7\u00e3o em eventos, representa\u00e7\u00e3o discente em \u00f3rg\u00e3os colegiados da UFMG, participa\u00e7\u00e3o em empresa j\u00fanior de Comunica\u00e7\u00e3o Social.<\/p>\n\n\n\n<p>As atividades devem ser realizadas ap\u00f3s o ingresso do(a) estudante no curso de Publicidade e Propagada.<\/p>\n\n\n\n<p>O aproveitamento de estudos a posteriori \u00e9 regulado pela <a href=\"https:\/\/www.fafich.ufmg.br\/publicidadeepropaganda\/wp-content\/uploads\/2019\/12\/2.2-Resoluc%CC%A7a%CC%83o-COL.-PP_01_2020_-ATIVIDADES-COMPLEMENTARES-aprovada-em-29-06-2020.pdf\" data-type=\"URL\" data-id=\"https:\/\/www.fafich.ufmg.br\/publicidadeepropaganda\/wp-content\/uploads\/2019\/12\/2.2-Resoluc%CC%A7a%CC%83o-COL.-PP_01_2020_-ATIVIDADES-COMPLEMENTARES-aprovada-em-29-06-2020.pdf\">Resolu\u00e7\u00e3o Col. PP 001\/2020<\/a>.<\/p>\n\n\n\n<p><strong>Quando solicitar:<\/strong> Em cada per\u00edodo letivo, de acordo com o calend\u00e1rio do Colegiado, haver\u00e1 um prazo para o(a) estudante protocolizar o requerimento de aproveitamento de estudos a posteriori.<\/p>\n\n\n\n<p><strong>Documenta\u00e7\u00e3o e onde solicitar<br><\/strong>I \u2013 <a href=\"https:\/\/www.fafich.ufmg.br\/publicidadeepropaganda\/wp-content\/uploads\/2024\/03\/Requerimento-Aproveitamento-a-Posteriori-Atividades-Extracurriculares-04_2024.doc\" data-type=\"URL\">requerimento de aproveitamento de estudos a posteriori devidamente preenchido e assinado<\/a>;<br>II &#8211; documento comprobat\u00f3rio da atividade realizada. Para cada atividade \u00e9 exigida uma documenta\u00e7\u00e3o que dever\u00e1 constar informa\u00e7\u00f5es espec\u00edficas. A documenta\u00e7\u00e3o exigida na <a href=\"https:\/\/www.fafich.ufmg.br\/publicidadeepropaganda\/wp-content\/uploads\/2019\/12\/2.2-Resoluc%CC%A7a%CC%83o-COL.-PP_01_2020_-ATIVIDADES-COMPLEMENTARES-aprovada-em-29-06-2020.pdf\" data-type=\"URL\" data-id=\"https:\/\/www.fafich.ufmg.br\/publicidadeepropaganda\/wp-content\/uploads\/2019\/12\/2.2-Resoluc%CC%A7a%CC%83o-COL.-PP_01_2020_-ATIVIDADES-COMPLEMENTARES-aprovada-em-29-06-2020.pdf\">Resolu\u00e7\u00e3o COL.PP. 01\/2020, de 09 DE JUNHO DE 2020<\/a>*.<\/p>\n\n\n\n<p>*A documenta\u00e7\u00e3o comprobat\u00f3ria referente \u00e0s atividades de est\u00e1gio devem ser anexadas ao formul\u00e1rio mesmo que o(a) aluno(a) j\u00e1 tenha entregue \u00e0 Comiss\u00e3o de Est\u00e1gio.<\/p>\n\n\n\n<p>O(s) requerimento(s) com a documenta\u00e7\u00e3o dever\u00e3o ser enviados via moodle: <a href=\"https:\/\/virtual.ufmg.br\/plataforma\/mod\/assign\/view.php?id=34084\">https:\/\/virtual.ufmg.br\/plataforma\/mod\/assign\/view.php?id=34084<\/a> pelo(a) pr\u00f3prio(a) estudante. O moodle somente  abrir\u00e1 no per\u00edodo para envio do requerimento.<br><\/p>\n\n\n\n<p><strong>Importante:<\/strong><br><strong>&#8211;<b>\u00a0O(A) estudante poder\u00e1 requerer no m\u00e1ximo <\/b>8 cr\u00e9ditos (120 horas) durante todo o seu percurso curricular.<\/strong> <\/p>\n\n\n\n<p><strong>&#8211; O Colegiado n\u00e3o aceita requerimentos que\u00a0excedam\u00a0o limite de 8 cr\u00e9ditos (120 horas).<\/strong><\/p>\n\n\n\n<p><strong>&#8211; O Colegiado aceita somente as atividades que forem realizadas ap\u00f3s o ingresso do(a) estudante no curso de Publicidade e Propagada.<\/strong><\/p>\n\n\n\n<p>&#8211; O(A) estudante dever\u00e1 preencher&nbsp;<strong>um requerimento para cada atividade&nbsp;acad\u00eamica que requerer o cr\u00e9dito<\/strong>&nbsp;e, junto a este, anexar a documenta\u00e7\u00e3o comprobat\u00f3ria exigida;<\/p>\n\n\n\n<p>&#8211; Algumas atividades possuem um limite de cr\u00e9ditos j\u00e1 definidos. Outras o(a) estudantes consegue requerer mais cr\u00e9ditos de acordo com o tempo que participou da atividade. Nesses casos, o(a) aluno dever\u00e1 preencher a quantidade de cr\u00e9dito requerida.<\/p>\n\n\n\n<p>&#8211; Dever\u00e1 ser submetido no moodle\u00a0<strong>um \u00fanico arquivo para cada requerimento<\/strong>. Neste arquivo dever\u00e1 constar o requerimento e a documenta\u00e7\u00e3o\u00a0comprobat\u00f3ria.<\/p>\n\n\n\n<p><strong>&#8211; O Colegiado somente aceita documenta\u00e7\u00e3o\u00a0em formato PDF<\/strong>.<\/p>\n\n\n\n<p><strong>&#8211; O requerimento dever\u00e1 ser assinado pelo(a) estudante<\/strong>.<\/p>\n\n\n\n<p><strong>&#8211; O moodle somente abrir\u00e1 no per\u00edodo para envio do requerimento.<\/strong><\/p>\n\n\n\n<p>&#8211; O comprovante de recebimento da documenta\u00e7\u00e3o, bem como o deferimento\/indeferimento ap\u00f3s a an\u00e1lise ser\u00e1 retornado diretamente via moodle.<\/p>\n","protected":false},"excerpt":{"rendered":"<p>\u00c9 a atribui\u00e7\u00e3o de cr\u00e9ditos em atividades acad\u00eamicas curriculares com registro a posteriori (atividades extracurriculares), at\u00e9 ent\u00e3o denominadas atividades complementares como atividades optativas do Grupo 9 (G9). Ser\u00e3o consideradas as atividades acad\u00eamicas curriculares realizadas dentro ou fora da UFMG, as seguintes modalidades: Viv\u00eancia Profissional Complementar (atividades de est\u00e1gio), atua\u00e7\u00e3o em Programa de Inicia\u00e7\u00e3o Cient\u00edfica, atua\u00e7\u00e3o [&hellip;]<\/p>\n","protected":false},"author":1,"featured_media":0,"parent":0,"menu_order":0,"comment_status":"closed","ping_status":"closed","template":"","meta":[],"categories":[],"_links":{"self":[{"href":"https:\/\/www.fafich.ufmg.br\/publicidadeepropaganda\/wp-json\/wp\/v2\/pages\/1526"}],"collection":[{"href":"https:\/\/www.fafich.ufmg.br\/publicidadeepropaganda\/wp-json\/wp\/v2\/pages"}],"about":[{"href":"https:\/\/www.fafich.ufmg.br\/publicidadeepropaganda\/wp-json\/wp\/v2\/types\/page"}],"author":[{"embeddable":true,"href":"https:\/\/www.fafich.ufmg.br\/publicidadeepropaganda\/wp-json\/wp\/v2\/users\/1"}],"replies":[{"embeddable":true,"href":"https:\/\/www.fafich.ufmg.br\/publicidadeepropaganda\/wp-json\/wp\/v2\/comments?post=1526"}],"version-history":[{"count":6,"href":"https:\/\/www.fafich.ufmg.br\/publicidadeepropaganda\/wp-json\/wp\/v2\/pages\/1526\/revisions"}],"predecessor-version":[{"id":1978,"href":"https:\/\/www.fafich.ufmg.br\/publicidadeepropaganda\/wp-json\/wp\/v2\/pages\/1526\/revisions\/1978"}],"wp:attachment":[{"href":"https:\/\/www.fafich.ufmg.br\/publicidadeepropaganda\/wp-json\/wp\/v2\/media?parent=1526"}],"wp:term":[{"taxonomy":"category","embeddable":true,"href":"https:\/\/www.fafich.ufmg.br\/publicidadeepropaganda\/wp-json\/wp\/v2\/categories?post=1526"}],"curies":[{"name":"wp","href":"https:\/\/api.w.org\/{rel}","templated":true}]}}