{"id":1767,"date":"2022-08-08T11:24:02","date_gmt":"2022-08-08T14:24:02","guid":{"rendered":"https:\/\/www.fafich.ufmg.br\/publicidadeepropaganda\/?page_id=1767"},"modified":"2022-08-08T12:03:58","modified_gmt":"2022-08-08T15:03:58","slug":"disciplinas-ofertadas","status":"publish","type":"page","link":"https:\/\/www.fafich.ufmg.br\/publicidadeepropaganda\/o-curso\/disciplinas-ofertadas\/","title":{"rendered":"Disciplinas Ofertadas"},"content":{"rendered":"\n<p>O curso de Publicidade oferta, semestralmente, disciplinas obrigat\u00f3rias e disciplinas optativas nos tr\u00eas agrupamentos estabelecidos pelo Projeto Pedag\u00f3gico: Optativas Espec\u00edficas da Comunica\u00e7\u00e3o (G1); Optativas Laboratoriais (G2); Optativas Gerais (G9). Acesse a lista e veja as disciplinas ofertadas em cada ano, desde a implanta\u00e7\u00e3o do Projeto Pedag\u00f3gico atual.<\/p>\n","protected":false},"excerpt":{"rendered":"<p>O curso de Publicidade oferta, semestralmente, disciplinas obrigat\u00f3rias e disciplinas optativas nos tr\u00eas agrupamentos estabelecidos pelo Projeto Pedag\u00f3gico: Optativas Espec\u00edficas da Comunica\u00e7\u00e3o (G1); Optativas Laboratoriais (G2); Optativas Gerais (G9). Acesse a lista e veja as disciplinas ofertadas em cada ano, desde a implanta\u00e7\u00e3o do Projeto Pedag\u00f3gico atual.<\/p>\n","protected":false},"author":1,"featured_media":0,"parent":690,"menu_order":0,"comment_status":"closed","ping_status":"closed","template":"page-sanfona.php","meta":[],"categories":[51],"_links":{"self":[{"href":"https:\/\/www.fafich.ufmg.br\/publicidadeepropaganda\/wp-json\/wp\/v2\/pages\/1767"}],"collection":[{"href":"https:\/\/www.fafich.ufmg.br\/publicidadeepropaganda\/wp-json\/wp\/v2\/pages"}],"about":[{"href":"https:\/\/www.fafich.ufmg.br\/publicidadeepropaganda\/wp-json\/wp\/v2\/types\/page"}],"author":[{"embeddable":true,"href":"https:\/\/www.fafich.ufmg.br\/publicidadeepropaganda\/wp-json\/wp\/v2\/users\/1"}],"replies":[{"embeddable":true,"href":"https:\/\/www.fafich.ufmg.br\/publicidadeepropaganda\/wp-json\/wp\/v2\/comments?post=1767"}],"version-history":[{"count":2,"href":"https:\/\/www.fafich.ufmg.br\/publicidadeepropaganda\/wp-json\/wp\/v2\/pages\/1767\/revisions"}],"predecessor-version":[{"id":1791,"href":"https:\/\/www.fafich.ufmg.br\/publicidadeepropaganda\/wp-json\/wp\/v2\/pages\/1767\/revisions\/1791"}],"up":[{"embeddable":true,"href":"https:\/\/www.fafich.ufmg.br\/publicidadeepropaganda\/wp-json\/wp\/v2\/pages\/690"}],"wp:attachment":[{"href":"https:\/\/www.fafich.ufmg.br\/publicidadeepropaganda\/wp-json\/wp\/v2\/media?parent=1767"}],"wp:term":[{"taxonomy":"category","embeddable":true,"href":"https:\/\/www.fafich.ufmg.br\/publicidadeepropaganda\/wp-json\/wp\/v2\/categories?post=1767"}],"curies":[{"name":"wp","href":"https:\/\/api.w.org\/{rel}","templated":true}]}}