{"id":2078,"date":"2024-11-12T10:01:39","date_gmt":"2024-11-12T13:01:39","guid":{"rendered":"https:\/\/www.fafich.ufmg.br\/publicidadeepropaganda\/?page_id=2078"},"modified":"2024-11-25T18:15:19","modified_gmt":"2024-11-25T21:15:19","slug":"2024-1","status":"publish","type":"page","link":"https:\/\/www.fafich.ufmg.br\/publicidadeepropaganda\/2024-1\/","title":{"rendered":"2024\/1"},"content":{"rendered":"\n<p><strong>Iconicidade e simbolismo em interfaces de navega\u00e7\u00e3o para visualiza\u00e7\u00e3o de dados: um estudo de caso do &#8216;Mapa dos Conflitos<\/strong><\/p>\n<ul>\n<li>Estudante: Iara Luiza Ferreira Gomes<\/li>\n<li>Tema: UX Design<\/li>\n<li>Palavras-chave: Design Centrado no usu\u00e1rio, Usabilidade, \u00cdcones<\/li>\n<li>Orienta\u00e7\u00e3o: Camila Mantovani<\/li>\n<li>Data da banca: 20\/06\/2024<\/li>\n<\/ul>\n\n\n\n<p><span style=\"color: #000000;\"><a style=\"color: #000000;\" href=\"https:\/\/drive.google.com\/file\/d\/1cZNe2Ewh_SU9BMRtW0673hgyihNIUDGh\/view?usp=sharing\"><strong>O aparecimento pol\u00edtico de mulheres negras em imagens: tr\u00eas ensaios<\/strong><\/a><\/span><\/p>\n<ul>\n<li>Estudante: Beatriz Drosdrocky Gon\u00e7alves<\/li>\n<li>Tema: Mulheres negras<\/li>\n<li>Palavras-chave: Imagens; est\u00e9tica; pol\u00edtica; mulheres negras; aparecimento; mem\u00f3ria<\/li>\n<li>Orienta\u00e7\u00e3o: \u00c2ngela Cristina Salgueiro Marques<\/li>\n<li>Data da banca: 21\/06\/2024<\/li>\n<\/ul>\n\n\n\n<p><span style=\"color: #000000;\"><a style=\"color: #000000;\" href=\"https:\/\/drive.google.com\/file\/d\/1vDwe1_Np5KAy1LaU72wA48mCDiAl5bA6\/view?usp=sharing\"><strong>Cabe\u00e7as Flutuantes: uma an\u00e1lise sobre as tend\u00eancias de composi\u00e7\u00e3o visual dos cartazes dos filmes do Homem-Aranha entre 2002 e 2021<\/strong><\/a><\/span><\/p>\n<ul>\n<li>Estudante: Bruno Henrique Vasconcelos Ribeiro<\/li>\n<li>Tema: Composi\u00e7\u00e3o visual<\/li>\n<li>Palavras-chave: Cabe\u00e7as flutuantes. Cartazes. Composi\u00e7\u00e3o visual. Homem-aranha. Super-her\u00f3is.<\/li>\n<li>Orienta\u00e7\u00e3o: Prof. Carlos Magno Camargos Mendon\u00e7a<\/li>\n<li>Data da banca: 21\/06\/2024<\/li>\n<\/ul>\n\n\n\n<p><span style=\"color: #000000;\"><a style=\"color: #000000;\" href=\"https:\/\/drive.google.com\/file\/d\/1pIyJw8iAxUGP-cQik1_PlvmbA7HrVBtG\/view?usp=sharing\"><strong>Vem de Quatro: a celebra\u00e7\u00e3o da diferen\u00e7a por meio da poesia visual<\/strong><\/a><\/span><\/p>\n<ul>\n<li>Estudante: Higor Gabriel Barbosa dos Santos<\/li>\n<li>Tema: Poesia visual<\/li>\n<li>Palavras-chave: Calend\u00e1rio queer; Desconstru\u00e7\u00e3o sexual; Diversidade identit\u00e1ria; Masculinidade; Visibilidade de corpos marginalizados.<\/li>\n<li>Orienta\u00e7\u00e3o: Prof. Carlos Magno Camargos Mendon\u00e7a \/ Co-orientadora: Talita Iasmin Soares Aquino<\/li>\n<li>Data da banca: 21\/06\/2024<\/li>\n<\/ul>\n\n\n\n<p><span style=\"color: #000000;\"><a style=\"color: #000000;\" href=\"https:\/\/drive.google.com\/file\/d\/1uOwEQDRXmHuhWbCLm50I2SuxyMNbeiKO\/view?usp=sharing\"><strong>\u201cActually, my name is Marina\u201d: os discursos de autenticidade no \u00e1lbum The Family Jewels (2010)<\/strong><\/a><\/span><\/p>\n<ul>\n<li>Estudante: Vit\u00f3ria Brunini Sim\u00f4es Padula<\/li>\n<li>Orienta\u00e7\u00e3o:N\u00edsio Ant\u00f4nio Teixeira Ferreira \/ Coorientador: Josu\u00e9 Victor dos Santos Gomes<\/li>\n<li>Data da banca: 05\/07\/2024<\/li>\n<\/ul>\n\n\n\n<p><span style=\"color: #000000;\"><a style=\"color: #000000;\" href=\"https:\/\/drive.google.com\/file\/d\/1dNOJKI7cXb9DOj-GDgr7_xpeNlcZ4V8P\/view?usp=sharing\"><strong>MTV: Eterno Adolescente<\/strong><\/a><\/span><\/p>\n<ul>\n<li>Estudante: \u00cdtalo Franco Peluso Paccacini<\/li>\n<li>Tema: Branding<\/li>\n<li>Palavras-chave: MTV Brasil, Televis\u00e3o, P\u00fablico, Branding, Cultura<\/li>\n<li>Orienta\u00e7\u00e3o: Prof. Andr\u00e9 Guimar\u00e3es Brasil<\/li>\n<li>Data da banca: 11\/07\/2024<\/li>\n<\/ul>\n\n\n\n<p><span style=\"color: #000000;\"><a style=\"color: #000000;\" href=\"https:\/\/drive.google.com\/file\/d\/1FFfBWAhyI7fTaLZgQN1OgiY244TjRNT0\/view?usp=sharing\"><strong>A nostalgia como recurso estrat\u00e9gico de marketing na ind\u00fastria da m\u00fasica.<\/strong><\/a><\/span><\/p>\n<ul>\n<li>Estudante: Gabriel Medezani de Souza Ayala<\/li>\n<li>Tema: Marketing de Nostalgia<\/li>\n<li>Palavras-chave: retromarketing; marketing de nostalgia; nostalgia; m\u00fasica; revis\u00e3o sistem\u00e1tica.<\/li>\n<li>Orienta\u00e7\u00e3o: Juliana Maria Magalh\u00e3es Christino<\/li>\n<li>Data da banca: 11\/07\/2024<\/li>\n<\/ul>\n\n\n\n<p><span style=\"color: #000000;\"><a style=\"color: #000000;\" href=\"_wp_link_placeholder\" data-wplink-edit=\"true\"><strong>Formas da vida cotidiana no cinema negro brasileiro: uma an\u00e1lise de Marte Um, de Gabriel Martins<\/strong><\/a><\/span><\/p>\n<ul>\n<li>Estudante: Rhayrem Esthefany Pereira Barbosa<\/li>\n<li>Tema: Cinema Negro<\/li>\n<li>Palavras-chave: Cinema brasileiro; Cinema Negro; Representa\u00e7\u00e3o social; Cotidiano.<\/li>\n<li>Orienta\u00e7\u00e3o:Prof. Dr. C\u00e9sar Geraldo Guimar\u00e3es \/ Coorientadora: Andriza Maria Teodolino de Andrade<\/li>\n<\/ul>\n\n\n\n<p style=\"text-align: left;\"><span style=\"color: #000000;\"><a style=\"color: #000000;\" href=\"https:\/\/drive.google.com\/file\/d\/17k0oSZDWhQmFfajp4cFquY1EMHJQcYIG\/view?usp=sharing\"><strong>Estrat\u00e9gias criativas da publicidade: um olhar da semi\u00f3tica e do storytelling para a campanha da Brahma vencedora do Cannes Lions 2022.<\/strong><\/a><\/span><\/p>\n<ul>\n<li>Estudante: Raquel Ara\u00fajo Jorge Amorim<\/li>\n<li>Tema: Semi\u00f3tica<\/li>\n<li>Palavras-chave: Semi\u00f3tica, publicidade, storytelling, narrativa, comunica\u00e7\u00e3o.<\/li>\n<li>Orienta\u00e7\u00e3o:Prof. Dr. Juarez Guimar\u00e3es Dias<\/li>\n<\/ul>\n\n\n\n<p><strong><span style=\"color: #000000;\"><a style=\"color: #000000;\" href=\"https:\/\/drive.google.com\/file\/d\/1xXHpdsQal2wGzQ2yx5gQ-iDclE10W0Fz\/view?usp=sharing\">A influ\u00eancia da cultura participativa nas din\u00e2micas de intera\u00e7\u00e3o no TikTok: um estudo de caso sobre a viraliza\u00e7\u00e3o da s\u00e9rie Euphoria.<\/a><\/span><\/strong><\/p>\n<ul>\n<li>Estudantes: Fernanda Moreira de Magalh\u00e3es e Lucas Guimar\u00e3es de Azevedo Silva<\/li>\n<li>Tema: TikTok<\/li>\n<li>Palavras-chave: Cultura Participativa, Consumo Midi\u00e1tico, TikTok, Euphoria, Comunidade de F\u00e3s<\/li>\n<li>Orienta\u00e7\u00e3o: Profa. F\u00e1bia Lima<\/li>\n<\/ul>\n\n\n\n<p><span style=\"color: #000000;\"><a style=\"color: #000000;\" href=\"https:\/\/drive.google.com\/file\/d\/1F6CED3YeOp8EYic2Q29clG2n6Vov-Ecv\/view?usp=sharing\"><strong>No olho do disco: uma miniss\u00e9rie documental sobre o storytelling de \u00e1lbuns visuais enquanto narrativas sensoriais expansivas da m\u00fasica<\/strong><\/a><\/span><\/p>\n<ul>\n<li>Estudante: Henrique da Cruz Schimith<\/li>\n<li>Tema: M\u00fasica e \u00e1lbuns visuais<\/li>\n<li>Palavras-chave: M\u00fasica; Narrativa; \u00c1lbum visual; Miniss\u00e9rie documental;<\/li>\n<li>Orienta\u00e7\u00e3o: Prof. N\u00edsio Ant\u00f4nio Teixeira Ferreira<\/li>\n<\/ul>\n\n\n\n<p><span style=\"color: #000000;\"><a style=\"color: #000000;\" href=\"https:\/\/drive.google.com\/file\/d\/1AFJlfqnVzU1bqgPQE7k7lVMlaZFMQtJ-\/view?usp=sharing\"><strong>G\u00eanero, m\u00eddia e esporte: Uma an\u00e1lise dos perfis femininos e masculinos no Instagram do Cruzeiro Esporte Clube<\/strong><\/a><\/span><\/p>\n<ul>\n<li>Estudante: Ana Paula Vieira Ara\u00fajo<\/li>\n<li>Tema: G\u00eanero, m\u00eddia e esporte<\/li>\n<li>Palavras-chave: G\u00eanero e esporte; Instagram; futebol feminino e masculino; feminilidades; masculinidades.<\/li>\n<li>Orienta\u00e7\u00e3o: Ana Carolina S. C. Vimieiro \/ Coorientadora: Ol\u00edvia Luiza Pilar de Souza<\/li>\n<\/ul>\n\n\n\n<p><span style=\"color: #000000;\"><a style=\"color: #000000;\" href=\"https:\/\/drive.google.com\/file\/d\/1F8nYVeSHnQYMHk_hOaXbuyxHniqIzMqr\/view?usp=sharing\"><strong>Neymar: uma an\u00e1lise imag\u00e9tica atrav\u00e9s das capas de jornal da Copa de 2018<\/strong><\/a><\/span><\/p>\n<ul>\n<li>Estudante: Alex de Oliveira Pinto Teixeira<\/li>\n<li>Tema: Copa do Mundo<\/li>\n<li>Palavras-chave: Neymar Jr., Copa do Mundo, Enquadramentos, Acontecimento, \u00cddolos.<\/li>\n<li>Orienta\u00e7\u00e3o: Prof. Dr. Andr\u00e9 Melo Mendes<\/li>\n<\/ul>\n\n\n\n<p><strong><span style=\"color: #000000;\"><a style=\"color: #000000;\" href=\"https:\/\/drive.google.com\/file\/d\/1Pan7Yal5BmwQceRy5YdLBHHkVMcocAzG\/view?usp=sharing\">Narrativas de proximidade: a intimidade mediada nas produ\u00e7\u00f5es de entretenimento do grupo BTS<\/a><\/span><\/strong><\/p>\n<ul>\n<li>Estudante: Bruna Paiva Dias<\/li>\n<li>Tema: K-Pop<\/li>\n<li>Palavras-chave: Intimidade Mediada; Entretenimento; K-Pop; BTS.<\/li>\n<li>Orienta\u00e7\u00e3o: Prof. Dr. Carlos Frederico de Brito d\u2019Andr\u00e9a Coorientadora: Nat\u00e1lia Santos Dias<\/li>\n<\/ul>\n\n\n\n<p><span style=\"color: #000000;\"><a style=\"color: #000000;\" href=\"https:\/\/drive.google.com\/file\/d\/1taFrl720ivPryrPK3IQ3hIp7nKeYdaRb\/view?usp=sharing\"><strong>Sai da Frente: a experi\u00eancia de artistas LGBTQ+ da cena do Hip-Hop em Belo Horizonte<\/strong><\/a><\/span><\/p>\n<ul>\n<li>Estudantes: Erick Petherson Silva Martins e Victor Luiz Batista Brito<\/li>\n<li>Tema: LGBTQ+<\/li>\n<li>Palavras-chave: Belo Horizonte; Cena musical; Cultura negra; Hip-hop; LGBTQ+.<\/li>\n<li>Orienta\u00e7\u00e3o: Profa. Dra. Lucianna Sousa Furtado Brito<\/li>\n<\/ul>\n\n\n\n<hr class=\"wp-block-separator\"\/>\n\n\n\n\n\n<p><span style=\"color: #ff6600;\"><a style=\"color: #ff6600;\" href=\"https:\/\/www.fafich.ufmg.br\/publicidadeepropaganda\/portifolio-de-tccc\/\">Voltar para a listagem de semestres<\/a><\/span><\/p>\n<p><span style=\"color: #ff6600;\"><a style=\"color: #ff6600;\" href=\"https:\/\/www.fafich.ufmg.br\/publicidadeepropaganda\/o-curso\/trabalho-de-conclusao-de-curso\/\">Ver as regras gerais dos TCCs<\/a><\/span><\/p>\n","protected":false},"excerpt":{"rendered":"<p>Iconicidade e simbolismo em interfaces de navega\u00e7\u00e3o para visualiza\u00e7\u00e3o de dados: um estudo de caso do &#8216;Mapa dos Conflitos Estudante: Iara Luiza Ferreira Gomes Tema: UX Design Palavras-chave: Design Centrado no usu\u00e1rio, Usabilidade, \u00cdcones Orienta\u00e7\u00e3o: Camila Mantovani Data da banca: 20\/06\/2024 O aparecimento pol\u00edtico de mulheres negras em imagens: tr\u00eas ensaios Estudante: Beatriz Drosdrocky Gon\u00e7alves [&hellip;]<\/p>\n","protected":false},"author":1,"featured_media":0,"parent":0,"menu_order":0,"comment_status":"closed","ping_status":"closed","template":"","meta":[],"categories":[],"_links":{"self":[{"href":"https:\/\/www.fafich.ufmg.br\/publicidadeepropaganda\/wp-json\/wp\/v2\/pages\/2078"}],"collection":[{"href":"https:\/\/www.fafich.ufmg.br\/publicidadeepropaganda\/wp-json\/wp\/v2\/pages"}],"about":[{"href":"https:\/\/www.fafich.ufmg.br\/publicidadeepropaganda\/wp-json\/wp\/v2\/types\/page"}],"author":[{"embeddable":true,"href":"https:\/\/www.fafich.ufmg.br\/publicidadeepropaganda\/wp-json\/wp\/v2\/users\/1"}],"replies":[{"embeddable":true,"href":"https:\/\/www.fafich.ufmg.br\/publicidadeepropaganda\/wp-json\/wp\/v2\/comments?post=2078"}],"version-history":[{"count":9,"href":"https:\/\/www.fafich.ufmg.br\/publicidadeepropaganda\/wp-json\/wp\/v2\/pages\/2078\/revisions"}],"predecessor-version":[{"id":2333,"href":"https:\/\/www.fafich.ufmg.br\/publicidadeepropaganda\/wp-json\/wp\/v2\/pages\/2078\/revisions\/2333"}],"wp:attachment":[{"href":"https:\/\/www.fafich.ufmg.br\/publicidadeepropaganda\/wp-json\/wp\/v2\/media?parent=2078"}],"wp:term":[{"taxonomy":"category","embeddable":true,"href":"https:\/\/www.fafich.ufmg.br\/publicidadeepropaganda\/wp-json\/wp\/v2\/categories?post=2078"}],"curies":[{"name":"wp","href":"https:\/\/api.w.org\/{rel}","templated":true}]}}