{"id":2093,"date":"2024-11-13T16:58:58","date_gmt":"2024-11-13T19:58:58","guid":{"rendered":"https:\/\/www.fafich.ufmg.br\/publicidadeepropaganda\/?page_id=2093"},"modified":"2024-12-02T18:15:09","modified_gmt":"2024-12-02T21:15:09","slug":"2023-2","status":"publish","type":"page","link":"https:\/\/www.fafich.ufmg.br\/publicidadeepropaganda\/2023-2\/","title":{"rendered":"2023\/2"},"content":{"rendered":"\n<p><span style=\"color: #000000;\"><a style=\"color: #000000;\" href=\"https:\/\/drive.google.com\/file\/d\/129D9cEx7ZKJvLML6Cphr-BTs_Ywrlgsf\/view?usp=sharing\" target=\"_blank\" rel=\"noopener\"><strong>Padr\u00f5es de beleza e estere\u00f3tipos femininos: uma an\u00e1lise cr\u00edtica do filme \u201cA Pequena Sereia\u201d<\/strong><\/a><\/span><\/p>\n<ul>\n<li>Estudantes: Amanda Karolyne Gon\u00e7alves Lopes e Luiza Dias Alkmim<\/li>\n<li>Tema: <span data-sheets-root=\"1\">Estere\u00f3tipos femininos<\/span><\/li>\n<li>Palavras-chave: <span data-sheets-root=\"1\">A Pequena Sereia. Live Action. Disney. Estere\u00f3tipos femininos. Padr\u00f5es<br>de beleza. Princesa.<\/span><\/li>\n<li>Orienta\u00e7\u00e3o: <span data-sheets-root=\"1\">Prof. Dr. Daniel Melo Ribeiro<\/span><\/li>\n<\/ul>\n\n\n\n<p><span style=\"color: #000000;\"><a style=\"color: #000000;\" href=\"https:\/\/drive.google.com\/file\/d\/1zV4tn48H9fB-Pq687cpEZgpKy4WNYMo8\/view?usp=sharing\" target=\"_blank\" rel=\"noopener\"><strong>Publicidade de Homenagem: A representa\u00e7\u00e3o da maternidade em campanhas de Dia das M\u00e3es da marca Natura<\/strong><\/a><\/span><\/p>\n<ul>\n<li>Estudante: Ran\u00edlia Vit\u00f3ria Muniz Mattos<\/li>\n<li>Tema: Publicidade de Homenagem<\/li>\n<li>Palavras-chave: Publicidade de homenagem; Maternidade; Presente; Consumo; M\u00e3e.<\/li>\n<li>Orienta\u00e7\u00e3o: Prof. Dr. Pablo Moreno Fernandes Viana<\/li>\n<\/ul>\n\n\n\n<p><span style=\"color: #000000;\"><strong><a style=\"color: #000000;\" href=\"https:\/\/drive.google.com\/file\/d\/1mrJJkt-sdasLxlt_c7Vyzz1dvrBJ2cA4\/view?usp=sharing\" target=\"_blank\" rel=\"noopener\"><em>Keeping the caos up<\/em>: O impacto midi\u00e1tico do estilo de vida das Kardashian-Jenner em Keeping Up With the Kardashians e em suas redes sociais<\/a><\/strong><\/span><\/p>\n<ul>\n<li>Estudante: Eduardo Henrique Arcanjo Siqueira<\/li>\n<li>Tema: Kardashians<\/li>\n<li>Palavras-chave: Consumo. Estilo de vida. Impacto. Kardashian-Jenner. Reality show.<\/li>\n<li>Orienta\u00e7\u00e3o: Prof. Dr. Pablo Moreno Fernandes Viana<\/li>\n<\/ul>\n\n\n\n<p><span style=\"color: #000000;\"><strong><a style=\"color: #000000;\" href=\"https:\/\/drive.google.com\/file\/d\/1wIOmOOWqNrTzotB8TC4cc3h99E45BxaL\/view?usp=sharing\" target=\"_blank\" rel=\"noopener\">O vencer \u00e9 negro: A utiliza\u00e7\u00e3o de corpos de atletas negros pela Nike para representar o ideal da vit\u00f3ria<\/a><\/strong><\/span><\/p>\n<ul>\n<li>Estudante: Jo\u00e3o Augusto Porto de Freitas<\/li>\n<li>Tema: Representa\u00e7\u00e3o negra<\/li>\n<li>Palavras-chave: Representa\u00e7\u00e3o; Vencer; Corpos Negros; Nike.<\/li>\n<li>Orienta\u00e7\u00e3o: Prof. Dr. Pablo Moreno Fernandes Viana<\/li>\n<li>Coorienta\u00e7\u00e3o: Tha\u00eds F. de Oliveira<\/li>\n<\/ul>\n\n\n\n<p><span style=\"color: #000000;\"><a style=\"color: #000000;\" href=\"https:\/\/drive.google.com\/file\/d\/1WrVHx1jizZPe_LhGWoJvesna5kpsJgk9\/view?usp=sharing\" target=\"_blank\" rel=\"noopener\"><strong>O <em>College Doprout<\/em> vale \u00e0 pena? Estudo da constru\u00e7\u00e3o imag\u00e9tica de Kanye West enquanto homem negro em seu primeiro \u00e1lbum<\/strong><\/a><\/span><\/p>\n<ul>\n<li>Estudante: L\u00e1zaro Henrique Deusdedith<\/li>\n<li>Tema: Rap<\/li>\n<li>Palavras-chave: Rap; Kanye West; The College Dropout; Decolonialismo; Masculinidades Negras.<\/li>\n<li>Orienta\u00e7\u00e3o: Prof. Dr. Pablo Moreno Fernandes Viana<\/li>\n<\/ul>\n\n\n\n<p><span style=\"color: #000000;\"><strong><a style=\"color: #000000;\" href=\"https:\/\/drive.google.com\/file\/d\/1Bc-B4lhDb36CxK8O6yL9DTz_HfCxDd5g\/view?usp=sharing\" target=\"_blank\" rel=\"noopener\">Gera\u00e7\u00f5es: reflex\u00f5es sobre a experi\u00eancia fotogr\u00e1fica<\/a><\/strong><\/span><\/p>\n<ul>\n<li>Estudante: Luan Cavalcanti Costa<\/li>\n<li>Tema: Fotografia<\/li>\n<li>Palavras-chave: fotografia, gera\u00e7\u00f5es, recortes geracionais, retrato, fotolivro, mem\u00f3ria visual, comportamento.<\/li>\n<li>Orienta\u00e7\u00e3o: Profa. Anna Karina Castanheira Bartolomeu<\/li>\n<\/ul>\n\n\n\n<p><span style=\"color: #000000;\"><strong><a style=\"color: #000000;\" href=\"https:\/\/drive.google.com\/file\/d\/18m64iAP4RR8GzjdyagO_o6Jsfr0oJahC\/view?usp=sharing\" target=\"_blank\" rel=\"noopener\">Quem faz arte? Estudo de uma controv\u00e9rsia entre artistas e IAs geradoras de imagem<\/a><\/strong><\/span><\/p>\n<ul>\n<li>Estudante: Lucas Eduardo Rodrigues dos Santos<\/li>\n<li>Tema: Intelig\u00eancia Artificial<\/li>\n<li>Palavras-chave: Arte; Controv\u00e9rsia; Gera\u00e7\u00e3o de Imagem; Intelig\u00eancia Artificial; Plataforma; Tecnologia; YouTube.<\/li>\n<li>Orienta\u00e7\u00e3o: Prof. Dr. Andr\u00e9 Goes Mintz<\/li>\n<li>Coorienta\u00e7\u00e3o: Prof. Dr. Carlos Frederico de Brito d\u2019Andr\u00e9a<\/li>\n<\/ul>\n\n\n\n<p><span style=\"color: #000000;\"><strong><a style=\"color: #000000;\" href=\"https:\/\/drive.google.com\/file\/d\/1z2NIfM8IknxoRarLtIJqIqF9YBBDqXTz\/view?usp=sharing\" target=\"_blank\" rel=\"noopener\">Identidades Queer em representa\u00e7\u00e3o: uma an\u00e1lise cultural da s\u00e9rie televisiva <em>We are who we are<\/em><\/a><\/strong><\/span><\/p>\n<ul>\n<li>Estudante: Lu\u00eds Eduardo Fran\u00e7a Guimar\u00e3es<\/li>\n<li>Tema: Queer<\/li>\n<li>Palavras-chave: s\u00e9rie televisiva; cultura; g\u00eanero e sexualidade; queer; <em>We are who we are<\/em>.<\/li>\n<li>Orienta\u00e7\u00e3o: Prof. Dr. Juarez Guimar\u00e3es Dias<\/li>\n<\/ul>\n\n\n\n<p><span style=\"color: #000000;\"><strong><a style=\"color: #000000;\" href=\"https:\/\/drive.google.com\/file\/d\/1MI_dtMdBa3LTJi5AcFatuuxdbZhCfqFW\/view?usp=sharing\" target=\"_blank\" rel=\"noopener\">G\u00eanero e consumo na moda: uma an\u00e1lise semi\u00f3tica das campanhas da marca Prada<\/a><\/strong><\/span><\/p>\n<ul>\n<li>Estudante: Marina de Oliveira Raposo<\/li>\n<li>Tema: Consumo, moda e semi\u00f3tica<\/li>\n<li>Palavras-chave: Consumo. G\u00eanero. Moda. Prada. Semi\u00f3tica.<\/li>\n<li>Orienta\u00e7\u00e3o: Daniel Melo Ribeiro<\/li>\n<\/ul>\n\n\n\n<p><span style=\"color: #000000;\"><strong><a style=\"color: #000000;\" href=\"https:\/\/drive.google.com\/file\/d\/1PGiiio3NGyXgHmfbvZcRre8DFeBHbdif\/view?usp=sharing\" target=\"_blank\" rel=\"noopener\"><em>Customer Success<\/em> em uma <em>startup<\/em> SAAS de benef\u00edcio corporativo de sa\u00fade: estudo de caso sobre a empresa VIK<\/a><\/strong><\/span><\/p>\n<ul>\n<li>Estudante: Paula Gon\u00e7alves Gusm\u00e3o<\/li>\n<li>Tema: <em>Customer Success<\/em><\/li>\n<li>Palavras-chave: <em>Customer Success<\/em>; <em>startup<\/em>; Saas; experi\u00eancia do cliente.<\/li>\n<li>Orienta\u00e7\u00e3o: Juliana Maria de Magalh\u00e3es Christino<\/li>\n<\/ul>\n\n\n\n<p><span style=\"color: #000000;\"><strong><a style=\"color: #000000;\" href=\"https:\/\/drive.google.com\/file\/d\/17CIw4eYoW9YrfLAmiguUKhVzAHxcWhnV\/view?usp=sharing\" target=\"_blank\" rel=\"noopener\">Pesquisa de experi\u00eancia de usu\u00e1rio nos games: um estudo de caso sobre o jogo <em>The Legend of Zelda: Tears of the Kingdom<\/em><\/a><\/strong><\/span><\/p>\n<ul>\n<li>Estudante: Camilla Fernanda Delgado Archaga<\/li>\n<li>Tema: Jogos Digitais<\/li>\n<li>Palavras-chave: Experi\u00eancia de usu\u00e1rio; Jogos digitais; <em>The Legend of Zelda: Tears of the Kingdom<\/em>; Mundo aberto.<\/li>\n<li>Orienta\u00e7\u00e3o: Daniel Melo Ribeiro<\/li>\n<\/ul>\n\n\n\n<p><span style=\"color: #000000;\"><strong><a style=\"color: #000000;\" href=\"https:\/\/drive.google.com\/file\/d\/1cZNe2Ewh_SU9BMRtW0673hgyihNIUDGh\/view?usp=sharing\" target=\"_blank\" rel=\"noopener\">Empreendedorismo e Branding: a cria\u00e7\u00e3o de uma marca brasileira autoral de bolsas<\/a><\/strong><\/span><\/p>\n<ul>\n<li>Estudante: Beatriz Drosdrocky Gon\u00e7alves<\/li>\n<li>Tema: Mulheres negras<\/li>\n<li>Palavras-chave: Imagens; est\u00e9tica; pol\u00edtica; mulheres negras; aparecimento; mem\u00f3ria<\/li>\n<li>Orienta\u00e7\u00e3o: Professora Doutora \u00c2ngela Cristina Salgueiro Marques<\/li>\n<\/ul>\n<p>\u00a0<\/p>\n<p><span style=\"color: #ff6600;\"><a style=\"color: #ff6600;\" href=\"https:\/\/www.fafich.ufmg.br\/publicidadeepropaganda\/portifolio-de-tccc\/\">Voltar para a listagem de semestres<\/a><\/span><\/p>\n<p><span style=\"color: #ff6600;\"><a style=\"color: #ff6600;\" href=\"https:\/\/www.fafich.ufmg.br\/publicidadeepropaganda\/o-curso\/trabalho-de-conclusao-de-curso\/\">Ver as regras gerais dos TCCs<\/a><\/span><\/p>\n","protected":false},"excerpt":{"rendered":"<p>Padr\u00f5es de beleza e estere\u00f3tipos femininos: uma an\u00e1lise cr\u00edtica do filme \u201cA Pequena Sereia\u201d Estudantes: Amanda Karolyne Gon\u00e7alves Lopes e Luiza Dias Alkmim Tema: Estere\u00f3tipos femininos Palavras-chave: A Pequena Sereia. Live Action. Disney. Estere\u00f3tipos femininos. Padr\u00f5esde beleza. Princesa. Orienta\u00e7\u00e3o: Prof. Dr. Daniel Melo Ribeiro Publicidade de Homenagem: A representa\u00e7\u00e3o da maternidade em campanhas de Dia [&hellip;]<\/p>\n","protected":false},"author":1,"featured_media":0,"parent":0,"menu_order":0,"comment_status":"closed","ping_status":"closed","template":"","meta":[],"categories":[],"_links":{"self":[{"href":"https:\/\/www.fafich.ufmg.br\/publicidadeepropaganda\/wp-json\/wp\/v2\/pages\/2093"}],"collection":[{"href":"https:\/\/www.fafich.ufmg.br\/publicidadeepropaganda\/wp-json\/wp\/v2\/pages"}],"about":[{"href":"https:\/\/www.fafich.ufmg.br\/publicidadeepropaganda\/wp-json\/wp\/v2\/types\/page"}],"author":[{"embeddable":true,"href":"https:\/\/www.fafich.ufmg.br\/publicidadeepropaganda\/wp-json\/wp\/v2\/users\/1"}],"replies":[{"embeddable":true,"href":"https:\/\/www.fafich.ufmg.br\/publicidadeepropaganda\/wp-json\/wp\/v2\/comments?post=2093"}],"version-history":[{"count":4,"href":"https:\/\/www.fafich.ufmg.br\/publicidadeepropaganda\/wp-json\/wp\/v2\/pages\/2093\/revisions"}],"predecessor-version":[{"id":2170,"href":"https:\/\/www.fafich.ufmg.br\/publicidadeepropaganda\/wp-json\/wp\/v2\/pages\/2093\/revisions\/2170"}],"wp:attachment":[{"href":"https:\/\/www.fafich.ufmg.br\/publicidadeepropaganda\/wp-json\/wp\/v2\/media?parent=2093"}],"wp:term":[{"taxonomy":"category","embeddable":true,"href":"https:\/\/www.fafich.ufmg.br\/publicidadeepropaganda\/wp-json\/wp\/v2\/categories?post=2093"}],"curies":[{"name":"wp","href":"https:\/\/api.w.org\/{rel}","templated":true}]}}