{"id":2113,"date":"2024-11-19T20:43:52","date_gmt":"2024-11-19T23:43:52","guid":{"rendered":"https:\/\/www.fafich.ufmg.br\/publicidadeepropaganda\/?page_id=2113"},"modified":"2024-12-02T18:19:56","modified_gmt":"2024-12-02T21:19:56","slug":"2023-1","status":"publish","type":"page","link":"https:\/\/www.fafich.ufmg.br\/publicidadeepropaganda\/2023-1\/","title":{"rendered":"2023\/1"},"content":{"rendered":"\n<p><span style=\"color: #000000;\"><a style=\"color: #000000;\" href=\"https:\/\/drive.google.com\/file\/d\/1SnMZp-nyYIGJL4g2TwWIv2AoteqRVO0N\/view?usp=sharing\"><strong>Dos 30 ao 600 segundos: a diferen\u00e7a na produ\u00e7\u00e3o de conte\u00fado em plataformas de v\u00eddeos curtos e v\u00eddeos longos<\/strong><\/a><\/span><\/p>\n<ul>\n<li>Estudantes: <span data-sheets-root=\"1\">Fernando Claudio Bisi<\/span><\/li>\n<li>Tema:&nbsp;<span data-sheets-root=\"1\">Consumo de conte\u00fado audiovisual<\/span><\/li>\n<li>Palavras-chave: <span data-sheets-root=\"1\">Affordances. Plataformas online. Produ\u00e7\u00e3o de conte\u00fado. TikTok. Youtube.<\/span><\/li>\n<li>Orienta\u00e7\u00e3o: Prof. Dr. Tiago Barcelos Pereira Salgado<\/li>\n<li>Data de defesa: 19\/06\/2023<\/li>\n<\/ul>\n\n\n\n<p><span style=\"color: #000000;\"><strong><a style=\"color: #000000;\" href=\"https:\/\/drive.google.com\/file\/d\/1NtIdJmvzYmRdFp4PrhncREvsmNTDpaPj\/view?usp=sharing\" target=\"_blank\" rel=\"noopener\">Do \u201cPride\u201d ao \u201cPrice\u201d: O Uso da Comunidade LGBTQ+ Como Estrat\u00e9gia de Marketing<\/a><\/strong><\/span><\/p>\n<ul>\n<li>Estudantes: Matheus Antonio Bento Paix\u00e3o<\/li>\n<li>Tema:\u00a0<span data-sheets-root=\"1\">LGBT+<\/span><\/li>\n<li>Palavras-chave: LGBTQ+; representa\u00e7\u00e3o; representatividade; Marketing; identidade; opini\u00e3o p\u00fablica.<\/li>\n<li>Orienta\u00e7\u00e3o: Prof. Dr. Pablo Moreno Fernandes Viana<\/li>\n<li>Data de defesa: 22\/06\/2023<\/li>\n<\/ul>\n\n\n\n<p><span style=\"color: #000000;\"><strong><a style=\"color: #000000;\" href=\"https:\/\/drive.google.com\/file\/d\/1lpxVDlH_d7BK56agKMdG9YiuuKxDwEfq\/view?usp=sharing\" target=\"_blank\" rel=\"noopener\"><em>Versions<\/em> of Larissa: Uma an\u00e1lise do envolvimento da persona Anitta em ciberacontecimentos no Twitter como ferramenta de publicidade de si<\/a><\/strong><\/span><\/p>\n<ul>\n<li>Estudantes: Iago Cunha Lage<\/li>\n<li>Tema:\u00a0<span data-sheets-root=\"1\">mundo pop<\/span><\/li>\n<li>Palavras-chave: ciberacontecimento; antif\u00e3s; autofic\u00e7\u00e3o; publicidade de si; celebridades.<\/li>\n<li>Orienta\u00e7\u00e3o: Prof. Dr. Juarez Guimar\u00e3es Dias<\/li>\n<li>Data de defesa: 23\/06\/2023<\/li>\n<\/ul>\n\n\n\n<p><span style=\"color: #000000;\"><strong><a style=\"color: #000000;\" href=\"https:\/\/drive.google.com\/file\/d\/1cUgetu3_neECGeie_1v6OOGWAPfwui8w\/view?usp=sharing\" target=\"_blank\" rel=\"noopener\">Feito Acaso: Um olhar por tr\u00e1s da curadoria em brech\u00f3s<\/a><\/strong><\/span><\/p>\n<ul>\n<li>Estudantes: Fernanda Maria Marques Saraiva<\/li>\n<li>Tema:\u00a0<span data-sheets-root=\"1\">Brech\u00f3s<\/span><\/li>\n<li>Palavras-chave: Moda circular. Brech\u00f3. Constru\u00e7\u00e3o de marca.<\/li>\n<li>Orienta\u00e7\u00e3o: Profa. Dra. Camila Mantovani<\/li>\n<li>Data de defesa: 23\/06\/2023<\/li>\n<\/ul>\n\n\n\n<p><span style=\"color: #000000;\"><strong><a style=\"color: #000000;\" href=\"https:\/\/drive.google.com\/file\/d\/1zOH2xzbuePYuOkLG2bmi0sS3W-5xPX4p\/view?usp=sharing\" target=\"_blank\" rel=\"noopener\">De mulheres, para mulheres: uma an\u00e1lise da constru\u00e7\u00e3o de g\u00eanero e da representa\u00e7\u00e3o feminina das protagonistas nos livros dist\u00f3picos Jogos Vorazes e O conto da aia<\/a><\/strong><\/span><\/p>\n<ul>\n<li>Estudantes: Nat\u00e1lia Marinho Fernandes<\/li>\n<li>Tema: Representa\u00e7\u00e3o feminina<\/li>\n<li>Palavras-chave: distopia, representa\u00e7\u00e3o feminina, abordagem feminista, jogos vorazes, o conto da aia.<\/li>\n<li>Orienta\u00e7\u00e3o: Profa. \u00c2ngela Cristina Salgueiro Marques<\/li>\n<li>Data de defesa: 23\/06\/2023<\/li>\n<\/ul>\n\n\n\n<p><span style=\"color: #000000;\"><strong><a style=\"color: #000000;\" href=\"https:\/\/drive.google.com\/file\/d\/1zBEKwP4AUtpmm69hYzDzDNuzG1Q4o2hX\/view?usp=sharing\" target=\"_blank\" rel=\"noopener\">Publicidade, representa\u00e7\u00e3o e defici\u00eancia: an\u00e1lise audiovisual de dois comerciais &#8211; McDonald&#8217;s e Burger King<\/a><\/strong><\/span><\/p>\n<ul>\n<li>Estudantes: Amanda Aparecida Felipelli Rosmaninho<\/li>\n<li>Tema: Publicidade, representa\u00e7\u00e3o e defici\u00eancia<\/li>\n<li>Palavras-chave: Defici\u00eancia. Modelo social. M\u00eddia. Publicidade. Representa\u00e7\u00e3o. Identidade. Cultura. Fast-food. Comercial.<\/li>\n<li>Orienta\u00e7\u00e3o: Ana Carolina Vimieiro<\/li>\n<li>Data de defesa: 23\/06\/2023<\/li>\n<\/ul>\n\n\n\n<p><span style=\"color: #000000;\"><a style=\"color: #000000;\" href=\"https:\/\/drive.google.com\/file\/d\/1C-K4bxISvsv89ebGIJncEl8SOxjKjjPu\/view?usp=sharing\" target=\"_blank\" rel=\"noopener\"><strong>O evento como estrat\u00e9gia de mobiliza\u00e7\u00e3o: um estudo de caso sobre o deixem o on\u00e7a beber \u00e1gua limpa<\/strong><\/a><\/span><\/p>\n<ul>\n<li>Estudantes: Luiza Mello Avelar e Pedro Henrique Mamede Barbosa<\/li>\n<li>Tema: Mobiliza\u00e7\u00e3o Social<\/li>\n<li>Palavras-chave: Mobiliza\u00e7\u00e3o Social. Corresponsabilidade. Evento. Espet\u00e1culo. Festa. Argumenta\u00e7\u00e3o.<\/li>\n<li>Orienta\u00e7\u00e3o: M\u00e1rcio Simeone Henriques<\/li>\n<\/ul>\n\n\n\n<p><span style=\"color: #000000;\"><strong><a style=\"color: #000000;\" href=\"https:\/\/drive.google.com\/file\/d\/1iiSnzG9M7Mhsc2lNxTeMuBEe3u7GPFB9\/view?usp=sharing\" target=\"_blank\" rel=\"noopener\">encruzilhada.mp4 &#8211; Uma experimenta\u00e7\u00e3o audiovisual sobre a paisagem urbana da cidade de Belo Horizonte e seu di\u00e1logo com os corpos que a produzem<\/a><\/strong><\/span><\/p>\n<ul>\n<li>Estudantes: Jo\u00e3o Carlos Rocha e Vinicius Henrique Marques Saraiva<\/li>\n<li>Tema: Paisagem urbana<\/li>\n<li>Palavras-chave: remix, heterotopias, sujeito, espa\u00e7os, ensaio visual, objeto geogr\u00e1fico, manipula\u00e7\u00e3o de imagens.<\/li>\n<li>Orienta\u00e7\u00e3o: Prof. Dr. Eduardo de Jesus<\/li>\n<\/ul>\n\n\n\n<p><span style=\"color: #000000;\"><strong><a style=\"color: #000000;\" href=\"https:\/\/drive.google.com\/file\/d\/1biJMsEZ569qDxBL__QTkFdtjzCSjo-ep\/view?usp=sharing\" target=\"_blank\" rel=\"noopener\">Dentro, fora, entre: outras formas de habitar em Nunca, Raramente, \u00c0s vezes, Sempre<\/a><\/strong><\/span><\/p>\n<ul>\n<li>Estudante: Maria Luana Barroso Miranda<\/li>\n<li>Tema: Materialidade f\u00edlmica<\/li>\n<li>Palavras-chave: Nunca, Raramente, \u00c0s vezes, Sempre, espa\u00e7o, an\u00e1lise f\u00edlmica, materialidade f\u00edlmica.<\/li>\n<li>Orienta\u00e7\u00e3o: Prof. Dr. Eduardo de Jesus<\/li>\n<\/ul>\n<p>\u00a0<\/p>\n<p><span style=\"color: #ff6600;\"><a style=\"color: #ff6600;\" href=\"https:\/\/www.fafich.ufmg.br\/publicidadeepropaganda\/portifolio-de-tccc\/\">Voltar para a listagem de semestres<\/a><\/span><\/p>\n<p><span style=\"color: #ff6600;\"><a style=\"color: #ff6600;\" href=\"https:\/\/www.fafich.ufmg.br\/publicidadeepropaganda\/o-curso\/trabalho-de-conclusao-de-curso\/\">Ver as regras gerais dos TCCs<\/a><\/span><\/p>\n","protected":false},"excerpt":{"rendered":"<p>Dos 30 ao 600 segundos: a diferen\u00e7a na produ\u00e7\u00e3o de conte\u00fado em plataformas de v\u00eddeos curtos e v\u00eddeos longos Estudantes: Fernando Claudio Bisi Tema:&nbsp;Consumo de conte\u00fado audiovisual Palavras-chave: Affordances. Plataformas online. Produ\u00e7\u00e3o de conte\u00fado. TikTok. Youtube. Orienta\u00e7\u00e3o: Prof. Dr. Tiago Barcelos Pereira Salgado Data de defesa: 19\/06\/2023 Do \u201cPride\u201d ao \u201cPrice\u201d: O Uso da Comunidade [&hellip;]<\/p>\n","protected":false},"author":1,"featured_media":0,"parent":0,"menu_order":0,"comment_status":"closed","ping_status":"closed","template":"","meta":[],"categories":[],"_links":{"self":[{"href":"https:\/\/www.fafich.ufmg.br\/publicidadeepropaganda\/wp-json\/wp\/v2\/pages\/2113"}],"collection":[{"href":"https:\/\/www.fafich.ufmg.br\/publicidadeepropaganda\/wp-json\/wp\/v2\/pages"}],"about":[{"href":"https:\/\/www.fafich.ufmg.br\/publicidadeepropaganda\/wp-json\/wp\/v2\/types\/page"}],"author":[{"embeddable":true,"href":"https:\/\/www.fafich.ufmg.br\/publicidadeepropaganda\/wp-json\/wp\/v2\/users\/1"}],"replies":[{"embeddable":true,"href":"https:\/\/www.fafich.ufmg.br\/publicidadeepropaganda\/wp-json\/wp\/v2\/comments?post=2113"}],"version-history":[{"count":3,"href":"https:\/\/www.fafich.ufmg.br\/publicidadeepropaganda\/wp-json\/wp\/v2\/pages\/2113\/revisions"}],"predecessor-version":[{"id":2172,"href":"https:\/\/www.fafich.ufmg.br\/publicidadeepropaganda\/wp-json\/wp\/v2\/pages\/2113\/revisions\/2172"}],"wp:attachment":[{"href":"https:\/\/www.fafich.ufmg.br\/publicidadeepropaganda\/wp-json\/wp\/v2\/media?parent=2113"}],"wp:term":[{"taxonomy":"category","embeddable":true,"href":"https:\/\/www.fafich.ufmg.br\/publicidadeepropaganda\/wp-json\/wp\/v2\/categories?post=2113"}],"curies":[{"name":"wp","href":"https:\/\/api.w.org\/{rel}","templated":true}]}}