{"id":2135,"date":"2024-11-25T10:59:35","date_gmt":"2024-11-25T13:59:35","guid":{"rendered":"https:\/\/www.fafich.ufmg.br\/publicidadeepropaganda\/?page_id=2135"},"modified":"2025-05-06T08:59:20","modified_gmt":"2025-05-06T11:59:20","slug":"2021-1","status":"publish","type":"page","link":"https:\/\/www.fafich.ufmg.br\/publicidadeepropaganda\/2021-1\/","title":{"rendered":"2021\/1"},"content":{"rendered":"\n<p><strong><span style=\"color: #000000;\"><a style=\"color: #000000;\" href=\"https:\/\/drive.google.com\/file\/d\/1Zsp_E1vjAuLZK6D8iuk4mrudy4KZ-cxb\/view?usp=sharing\">Iniciativa Feminina De Impacto Social: Plano de comunica\u00e7\u00e3o para a marca Libertees<\/a><\/span><\/strong><\/p>\n<ul>\n<li>Estudantes: Thais Christina Pereira e Joyce Kristine de Almeida<\/li>\n<li>Palavras-chave: Comunica\u00e7\u00e3o. Empreendedorismo feminino. Iniciativa de impacto social.<\/li>\n<li><span style=\"font-weight: 400;\">Orienta\u00e7\u00e3o: Profa. Juliana Maria Magalh\u00e3es Christino<\/span><\/li>\n<li><span style=\"font-weight: 400;\">Data de Defesa: 17\/06\/2021<\/span><\/li>\n<\/ul>\n\n\n\n<p><span style=\"color: #000000;\"><a style=\"color: #000000;\" href=\"https:\/\/drive.google.com\/file\/d\/11hPoQfS7kExuSqCTPuenXgu1VRy4LNTc\/view?usp=drive_link\"><strong><span data-sheets-root=\"1\">Livro \u201cTempos Verbais\u201d<\/span><\/strong><\/a><\/span><\/p>\n<ul>\n<li>Estudante: <span data-sheets-root=\"1\">D\u00e9bora Raquel Barbosa Maia<\/span><\/li>\n<li>Orienta\u00e7\u00e3o: Prof. Andr\u00e9 Melo Mendes<\/li>\n<li><span style=\"font-weight: 400;\">Data de Defesa: 13\/08\/2021<\/span><\/li>\n<\/ul>\n\n\n\n<p><span style=\"color: #000000;\"><a style=\"color: #000000;\" href=\"https:\/\/drive.google.com\/file\/d\/1W3r2eDL9oKlXigxw09tqo_ufpoF1WQlS\/view?usp=drive_link\"><strong><span data-sheets-root=\"1\">Os conflitos da \u201cGera\u00e7\u00e3o Z\u201d na televis\u00e3o: Uma an\u00e1lise de Sintonia e Euphoria<\/span><\/strong><\/a><\/span><\/p>\n<ul>\n<li>Estudante: <span data-sheets-root=\"1\">Pedro Victor Vieira Marques<\/span><\/li>\n<li>Palavras-chave: Adolesc\u00eancia. Juventudes. S\u00e9ries de TV. Gera\u00e7\u00e3o Z. Televis\u00e3o adolescente.<\/li>\n<li><span style=\"font-weight: 400;\">Orienta\u00e7\u00e3o: Profa. Simone Maria Rocha<\/span><\/li>\n<li><span style=\"font-weight: 400;\">Data de Defesa: <span data-sheets-root=\"1\">24\/08\/2021<\/span><\/span><\/li>\n<\/ul>\n<p><a href=\"https:\/\/drive.google.com\/file\/d\/10Zxc2wUvTmzsGE5tiw5l-CiIyghKE1nW\/view?usp=drive_link\"><span style=\"color: #000000;\"><strong><span data-sheets-root=\"1\">Para as gera\u00e7\u00f5es que vieram antes de mim: Um curta para o resgate da identidade <\/span><\/strong><\/span><\/a><\/p>\n<ul>\n<li>Estudante: <span data-sheets-root=\"1\">Filipe Bretas Lucas<\/span><\/li>\n<li>Palavras-chave: Identidade. Negritude. Escolas Privadas. Cinema Negro Brasileiro. Ancestralidade<\/li>\n<li><span style=\"font-weight: 400;\">Orienta\u00e7\u00e3o: Profa. Luciana de Oliveira<\/span><\/li>\n<li>Coorienta\u00e7\u00e3o: Prof. Pablo Moreno Fernandes Viana<\/li>\n<li><span style=\"font-weight: 400;\">Data de Defesa: <span data-sheets-root=\"1\">26\/08\/2021<\/span><\/span><\/li>\n<\/ul>\n\n\n\n<p><span style=\"color: #000000;\"><a style=\"color: #000000;\" href=\"https:\/\/drive.google.com\/file\/d\/1BPYTlcwP7gjT7ENq8oU0FC1PdD_XYG9K\/view?usp=drive_link\"><strong><span data-sheets-root=\"1\">Retomar e retornar: a presen\u00e7a da mulher ind\u00edgena na universidade <\/span><\/strong><\/a><\/span><\/p>\n<ul>\n<li>Estudantes: <span data-sheets-root=\"1\">Juliana de Toledo Ramos e Luiza Ramalho Filgueiras da Silva<\/span><\/li>\n<li><span style=\"font-weight: 400;\">Orienta\u00e7\u00e3o: Profa. Roberta Oliveira Veiga<\/span><\/li>\n<li><span style=\"font-weight: 400;\">Data de Defesa: <span data-sheets-root=\"1\">27\/08\/2021<\/span><\/span><\/li>\n<\/ul>\n\n\n\n<p><span style=\"color: #000000;\"><a style=\"color: #000000;\" href=\"https:\/\/drive.google.com\/file\/d\/16rUKp-AIbxBR9gFHflyZ-FKxgprDasNS\/view?usp=drive_link\"><strong><span data-sheets-root=\"1\">A VIDA COMO NARRATIVA: UMA HIST\u00d3RIA EM QUADRINHOS SOBRE A FORMA\u00c7\u00c3O DE IDENTIDADES E MEM\u00d3RIA<\/span><\/strong><\/a><\/span><\/p>\n<ul>\n<li>Estudante: <span data-sheets-root=\"1\">Gabriel Marcos de Moura Rios<\/span><\/li>\n<li>Palavras-chave: mem\u00f3ria, narrativa, imagina\u00e7\u00e3o, cultura caipira, quadrinhos.<\/li>\n<li><span style=\"font-weight: 400;\">Orienta\u00e7\u00e3o: Profa. \u00c2ngela Cristina Salgueiro Marques.<\/span><\/li>\n<li><span style=\"font-weight: 400;\">Data de Defesa: <span data-sheets-root=\"1\">27\/08\/2021<\/span><\/span><\/li>\n<\/ul>\n\n\n\n<p><span style=\"color: #000000;\"><a style=\"color: #000000;\" href=\"https:\/\/drive.google.com\/file\/d\/1EQB5mqqMXvAWXnuJ9V-uS_PFQ9LUjurq\/view?usp=drive_link\"><strong><span data-sheets-root=\"1\">Interseccionalidade em Mirabela: Como as mulheres negras percebem o debate racial na TV aberta?<\/span><\/strong><\/a><\/span><\/p>\n<ul>\n<li>Estudante: <span data-sheets-root=\"1\">Poliana Pinto Lima<\/span><\/li>\n<li>Palavras-chave: Identidades; Interseccionalidade; Ra\u00e7a; Racismo; G\u00eanero; Mirabela.<\/li>\n<li><span style=\"font-weight: 400;\">Orienta\u00e7\u00e3o: Prof. Pablo Moreno Fernandes Viana<\/span><\/li>\n<li><span style=\"font-weight: 400;\">Data de Defesa: <span data-sheets-root=\"1\">30\/08\/2021<\/span><\/span><\/li>\n<\/ul>\n\n\n\n<hr class=\"wp-block-separator\"\/>\n\n\n\n<p><span style=\"color: #ff6600;\"><a style=\"color: #ff6600;\" href=\"https:\/\/www.fafich.ufmg.br\/publicidadeepropaganda\/portifolio-de-tccc\/\">Voltar para a listagem de semestres<\/a><\/span><\/p>\n<p><span style=\"color: #ff6600;\"><a style=\"color: #ff6600;\" href=\"https:\/\/www.fafich.ufmg.br\/publicidadeepropaganda\/o-curso\/trabalho-de-conclusao-de-curso\/\">Ver as regras gerais dos TCCs<\/a><\/span><\/p>\n","protected":false},"excerpt":{"rendered":"<p>Iniciativa Feminina De Impacto Social: Plano de comunica\u00e7\u00e3o para a marca Libertees Estudantes: Thais Christina Pereira e Joyce Kristine de Almeida Palavras-chave: Comunica\u00e7\u00e3o. Empreendedorismo feminino. Iniciativa de impacto social. Orienta\u00e7\u00e3o: Profa. Juliana Maria Magalh\u00e3es Christino Data de Defesa: 17\/06\/2021 Livro \u201cTempos Verbais\u201d Estudante: D\u00e9bora Raquel Barbosa Maia Orienta\u00e7\u00e3o: Prof. Andr\u00e9 Melo Mendes Data de Defesa: [&hellip;]<\/p>\n","protected":false},"author":1,"featured_media":0,"parent":0,"menu_order":0,"comment_status":"closed","ping_status":"closed","template":"","meta":[],"categories":[],"_links":{"self":[{"href":"https:\/\/www.fafich.ufmg.br\/publicidadeepropaganda\/wp-json\/wp\/v2\/pages\/2135"}],"collection":[{"href":"https:\/\/www.fafich.ufmg.br\/publicidadeepropaganda\/wp-json\/wp\/v2\/pages"}],"about":[{"href":"https:\/\/www.fafich.ufmg.br\/publicidadeepropaganda\/wp-json\/wp\/v2\/types\/page"}],"author":[{"embeddable":true,"href":"https:\/\/www.fafich.ufmg.br\/publicidadeepropaganda\/wp-json\/wp\/v2\/users\/1"}],"replies":[{"embeddable":true,"href":"https:\/\/www.fafich.ufmg.br\/publicidadeepropaganda\/wp-json\/wp\/v2\/comments?post=2135"}],"version-history":[{"count":17,"href":"https:\/\/www.fafich.ufmg.br\/publicidadeepropaganda\/wp-json\/wp\/v2\/pages\/2135\/revisions"}],"predecessor-version":[{"id":2407,"href":"https:\/\/www.fafich.ufmg.br\/publicidadeepropaganda\/wp-json\/wp\/v2\/pages\/2135\/revisions\/2407"}],"wp:attachment":[{"href":"https:\/\/www.fafich.ufmg.br\/publicidadeepropaganda\/wp-json\/wp\/v2\/media?parent=2135"}],"wp:term":[{"taxonomy":"category","embeddable":true,"href":"https:\/\/www.fafich.ufmg.br\/publicidadeepropaganda\/wp-json\/wp\/v2\/categories?post=2135"}],"curies":[{"name":"wp","href":"https:\/\/api.w.org\/{rel}","templated":true}]}}