{"id":2143,"date":"2024-11-25T11:07:34","date_gmt":"2024-11-25T14:07:34","guid":{"rendered":"https:\/\/www.fafich.ufmg.br\/publicidadeepropaganda\/?page_id=2143"},"modified":"2025-05-06T09:01:31","modified_gmt":"2025-05-06T12:01:31","slug":"2020-2","status":"publish","type":"page","link":"https:\/\/www.fafich.ufmg.br\/publicidadeepropaganda\/2020-2\/","title":{"rendered":"2020\/1"},"content":{"rendered":"\n<p><span style=\"color: #000000;\"><a style=\"color: #000000;\" href=\"https:\/\/drive.google.com\/file\/d\/1XYIwQDsLHM4mT5XfC_NqdKTtWPH92xsR\/view?usp=sharing\"><strong>Entre ruas e interse\u00e7\u00f5es: O grafite das mulheres negras<\/strong><\/a><\/span><\/p>\n<ul>\n<li><span style=\"font-weight: 400;\">Tema: Grafite<\/span><\/li>\n<li>Estudantes: Laryssa Helena e Ludmilla Cabral<\/li>\n<li><span style=\"font-weight: 400;\">Orientadores: Laura Guimar\u00e3es Corr\u00eaa (Orientadora DCS\/UFMG) Ana Karina de Carvalho Oliveira (Co-orientadora Faculdade Promove de Minas Gerais) <\/span><\/li>\n<li><span style=\"font-weight: 400;\">Data de Defesa: 23\/10\/2020<\/span><\/li>\n<\/ul>\n\n\n\n<p><span style=\"color: #000000;\"><a style=\"color: #000000;\" href=\"https:\/\/drive.google.com\/file\/d\/1AVYejMgbxhx-q8PYlfw5AatuLzZbt6zX\/view?usp=sharing\"><strong>Crise no futebol: an\u00e1lise das estrat\u00e9gias de gerenciamento adotadas nas coletivas p\u00f3s- rebaixamento de clubes brasileiros da S\u00e9rie A<\/strong><\/a><\/span><\/p>\n<ul>\n<li><span style=\"font-weight: 400;\">Tema: Crises<\/span><\/li>\n<li>Palavras-chave: Futebol. Gerenciamento de crise. Rebaixamento. Brasileir\u00e3o.<\/li>\n<li>Estudante: Gabriel de Lima Gouveia<\/li>\n<li><span style=\"font-weight: 400;\">Orientadores: Ana Carolina Soares Costa Vimieiro (DCS\/UFMG) Co-orientadora: Vanessa Veiga de Oliveira (DCS\/UFMG) <\/span><\/li>\n<li><span style=\"font-weight: 400;\">Data de Defesa: 20\/10\/2020<\/span><\/li>\n<\/ul>\n\n\n\n<p><span style=\"color: #000000;\"><a style=\"color: #000000;\" href=\"https:\/\/drive.google.com\/file\/d\/1tRfzj2oQUIuHJqjM30JdUiTleLsDykyM\/view?usp=sharing\"><strong>RASTRO: UM FILME SOBRE CORPOS, AFETO E INDENTIDADE<\/strong><\/a><\/span><\/p>\n<ul>\n<li>Estudante: Brenda Maranh\u00e3o de Oliveira Borges<\/li>\n<li><span style=\"font-weight: 400;\">Orientadores: Profa. Hannah Serrat de Souza Santos (orientadora\/doutoranda PPGCOM\/UFMG) Prof. C\u00e9sar Geraldo Guimar\u00e3es (orientador DCS\/UFMG) Leonardo Guimaraes Rabelo do Amaral (co-orientador\/doutorando PPGCOM\/UFMG)<\/span><\/li>\n<li><span style=\"font-weight: 400;\">Data de Defesa: 20\/10\/2020<\/span><\/li>\n<\/ul>\n\n\n\n<p><span style=\"color: #000000;\"><a style=\"color: #000000;\" href=\"https:\/\/drive.google.com\/file\/d\/1hZ2td35qnwWL8rpqcaLkCodoE9vSeyXi\/view?usp=sharing\"><strong>Bonita pra quem?<\/strong><\/a><\/span><\/p>\n<ul>\n<li>Estudante: Ana Cec\u00edlia Duarte Ven\u00e2ncio<\/li>\n<li><span style=\"font-weight: 400;\">Orientadores: Cec\u00edlia Bizerra Sousa (Doutoranda PPGCOM\/UFMG) \/ Co-orientadora: Barbara Cristina Lima (Mestranda PPGCOM\/UFMG) Vera Regina Veiga Fran\u00e7a (PPGCOM\/UFMG)<\/span><\/li>\n<li><span style=\"font-weight: 400;\">Data de Defesa: 25\/08\/2020<\/span><\/li>\n<\/ul>\n\n\n\n<p><span style=\"color: #000000;\"><a style=\"color: #000000;\" href=\"https:\/\/drive.google.com\/file\/d\/1JFqrVis812at6_cpdalLFY552k4C_5NM\/view?usp=sharing\"><strong>PLANEJAMENTO DE MARKETING PARA A SPORTI, STARTUP DO RAMO ESPORTIVO EM BELO HORIZONTE<\/strong><\/a><\/span><\/p>\n<ul>\n<li><span style=\"font-weight: 400;\">Tema: Transm\u00eddia<\/span><\/li>\n<li>Palavras-chave: Comunica\u00e7\u00e3o Transm\u00eddia; Cultura da Converg\u00eancia; Marketing de Conte\u00fado; Marketing Esportivo; Plano de Marketing.<\/li>\n<li>Estudante: Isabelle Michelini Tofani<\/li>\n<li><span style=\"font-weight: 400;\">Orientadores: Ana Carolina Soares Costa Vimieiro (DCS\/UFMG)\u00a0<\/span><\/li>\n<li><span style=\"font-weight: 400;\">Data de Defesa: 14\/08\/2020<\/span><\/li>\n<\/ul>\n\n\n\n<hr class=\"wp-block-separator\"\/>\n\n\n\n<p><span style=\"color: #ff6600;\"><a style=\"color: #ff6600;\" href=\"https:\/\/www.fafich.ufmg.br\/publicidadeepropaganda\/portifolio-de-tccc\/\">Voltar para a listagem de semestres<\/a><\/span><\/p>\n<p><span style=\"color: #ff6600;\"><a style=\"color: #ff6600;\" href=\"https:\/\/www.fafich.ufmg.br\/publicidadeepropaganda\/o-curso\/trabalho-de-conclusao-de-curso\/\">Ver as regras gerais dos TCCs<\/a><\/span><\/p>\n","protected":false},"excerpt":{"rendered":"<p>Entre ruas e interse\u00e7\u00f5es: O grafite das mulheres negras Tema: Grafite Estudantes: Laryssa Helena e Ludmilla Cabral Orientadores: Laura Guimar\u00e3es Corr\u00eaa (Orientadora DCS\/UFMG) Ana Karina de Carvalho Oliveira (Co-orientadora Faculdade Promove de Minas Gerais) Data de Defesa: 23\/10\/2020 Crise no futebol: an\u00e1lise das estrat\u00e9gias de gerenciamento adotadas nas coletivas p\u00f3s- rebaixamento de clubes brasileiros da [&hellip;]<\/p>\n","protected":false},"author":1,"featured_media":0,"parent":0,"menu_order":0,"comment_status":"closed","ping_status":"closed","template":"","meta":[],"categories":[],"_links":{"self":[{"href":"https:\/\/www.fafich.ufmg.br\/publicidadeepropaganda\/wp-json\/wp\/v2\/pages\/2143"}],"collection":[{"href":"https:\/\/www.fafich.ufmg.br\/publicidadeepropaganda\/wp-json\/wp\/v2\/pages"}],"about":[{"href":"https:\/\/www.fafich.ufmg.br\/publicidadeepropaganda\/wp-json\/wp\/v2\/types\/page"}],"author":[{"embeddable":true,"href":"https:\/\/www.fafich.ufmg.br\/publicidadeepropaganda\/wp-json\/wp\/v2\/users\/1"}],"replies":[{"embeddable":true,"href":"https:\/\/www.fafich.ufmg.br\/publicidadeepropaganda\/wp-json\/wp\/v2\/comments?post=2143"}],"version-history":[{"count":5,"href":"https:\/\/www.fafich.ufmg.br\/publicidadeepropaganda\/wp-json\/wp\/v2\/pages\/2143\/revisions"}],"predecessor-version":[{"id":2410,"href":"https:\/\/www.fafich.ufmg.br\/publicidadeepropaganda\/wp-json\/wp\/v2\/pages\/2143\/revisions\/2410"}],"wp:attachment":[{"href":"https:\/\/www.fafich.ufmg.br\/publicidadeepropaganda\/wp-json\/wp\/v2\/media?parent=2143"}],"wp:term":[{"taxonomy":"category","embeddable":true,"href":"https:\/\/www.fafich.ufmg.br\/publicidadeepropaganda\/wp-json\/wp\/v2\/categories?post=2143"}],"curies":[{"name":"wp","href":"https:\/\/api.w.org\/{rel}","templated":true}]}}