{"id":2225,"date":"2025-03-24T09:01:39","date_gmt":"2025-03-24T12:01:39","guid":{"rendered":"https:\/\/www.fafich.ufmg.br\/publicidadeepropaganda\/?page_id=2225"},"modified":"2025-03-31T09:37:59","modified_gmt":"2025-03-31T12:37:59","slug":"programa-de-disciplinas","status":"publish","type":"page","link":"https:\/\/www.fafich.ufmg.br\/publicidadeepropaganda\/programa-de-disciplinas\/","title":{"rendered":"Programa de Disciplinas"},"content":{"rendered":"\n<h2 style=\"text-align: center;\"><strong><span style=\"text-decoration: underline;\">DISCIPLINAS OBRIGAT\u00d3RIAS<\/span> (OB)<\/strong><\/h2>\n<p>&nbsp;<\/p>\n<p><a href=\"https:\/\/drive.google.com\/file\/d\/1FBaBE1JsgzbrnHU48TSNl5Ow4O91MPD3\/view?usp=sharing\">CAD032 &#8211; PESQUISA DE MERCADO<\/a><\/p>\n\n\n\n<p><a href=\"https:\/\/drive.google.com\/file\/d\/1-8UjlKKs5iaGU7APPNxvurRwzAZp6YZN\/view?usp=sharing\">CAD610 &#8211; MERCADOLOGIA<\/a><\/p>\n<p><a href=\"https:\/\/drive.google.com\/file\/d\/1Uf27AjX6B13kG9p21mLbnJe2eOtvZrWB\/view?usp=sharing\">DCP021 &#8211; INTRODU\u00c7\u00c3O \u00c0 TEORIA DEMOCR\u00c1TICA<\/a><\/p>\n<p><a href=\"https:\/\/drive.google.com\/file\/d\/1d-rIyNXHTmvCS7La4xsJaXCNjmu7-yvS\/view?usp=sharing\">COM027 &#8211; HIST\u00d3RIA SOCIAL DOS MEIOS<\/a><\/p>\n<p><a href=\"https:\/\/drive.google.com\/file\/d\/1l_IxRuSgxDTwd2rVxYTR0-ef8R1U50x1\/view?usp=sharing\">FTC051 &#8211; OFICINA DE FOTOGRAFIA<\/a><\/p>\n<p><a href=\"https:\/\/drive.google.com\/file\/d\/1UIEI6EiqN7jqZwXx92vpEITu6EBTjKb6\/view?usp=sharing\">SOA048 &#8211; FUNDAMENTOS DE AN\u00c1LISE SOCIOL\u00d3GICA<\/a><\/p>\n<p><a href=\"https:\/\/drive.google.com\/file\/d\/1vklU8WH4fpjB2rq3lRU1X56lTdbmck7g\/view?usp=sharing\">COM085 &#8211; T\u00c9CNICAS, PROCESSOS E LINGUAGEM DA PUBLICIDADE<\/a><\/p>\n<p><a href=\"https:\/\/drive.google.com\/file\/d\/1bvrm4JNeBbwZ6M0uLDkkwhu4AlpIyu6T\/view?usp=sharing\">COM306 &#8211; INTRODU\u00c7\u00c3O AOS ESTUDOS DA LINGUAGEM<\/a><\/p>\n<p><a href=\"https:\/\/drive.google.com\/file\/d\/17saTriFu0k0K3rc9f-4CuyAiId0QElqY\/view?usp=sharing\">COM309 &#8211; OFICINA DE NARRATIVAS AUDIOVISUAIS<\/a><\/p>\n<p><a href=\"https:\/\/drive.google.com\/file\/d\/1VqisYGjahyNMQ8oBGgCJcVi04RXT0B5U\/view?usp=sharing\">COM310 &#8211; PROJETOS AI<\/a><\/p>\n<p><a href=\"https:\/\/drive.google.com\/file\/d\/1x4UyIFwyW4ic3_200QhkpwaG2nRbAh5h\/view?usp=sharing\">COM313 &#8211; PROJETOS AII<\/a><\/p>\n<p><a href=\"https:\/\/drive.google.com\/file\/d\/1WZgL-hPD_jkZ85pl6uUDEUsQXoz4IbW_\/view?usp=sharing\">COM314 &#8211; PROCESSOS DE CRIA\u00c7\u00c3O EM M\u00cdDIAS DIGITAIS<\/a><\/p>\n<p><a href=\"https:\/\/drive.google.com\/file\/d\/1BOSceN6duqRN6xzaJOhJfN63CsmFj2os\/view?usp=sharing\">COM317 &#8211; PROJETOS BI<\/a><\/p>\n<p><a href=\"https:\/\/drive.google.com\/file\/d\/1brE4VwEuwnWbELT7vcKaw4JeeDjPccYa\/view?usp=sharing\">COM321 &#8211; PROJETOS BII<\/a><\/p>\n<p><a href=\"https:\/\/drive.google.com\/file\/d\/1fELX2Fn1zRR-IgD6fokEzjPUQTyK1poI\/view?usp=sharing\">COM325 &#8211; PROJETOS C<\/a><\/p>\n<p><a href=\"https:\/\/drive.google.com\/file\/d\/1FnQYQ5AM7Rgw0Dom-VMpTA_YPg8Hb0xo\/view?usp=sharing\">COM353 &#8211; REDA\u00c7\u00c3O PUBLICIT\u00c1RIA<\/a><\/p>\n<p><a href=\"https:\/\/drive.google.com\/file\/d\/1WsXVgiw2o__nXcO98RbrEpxgE3xQLS-L\/view?usp=sharing\">COM605 &#8211; COMUNICA\u00c7\u00c3O E CULTURA<\/a><\/p>\n<p><a href=\"https:\/\/drive.google.com\/file\/d\/1aAXbP8J7adni-If00v1tGokf8tUsROUN\/view?usp=sharing\">COM663 &#8211; TEORIAS DA COMUNICA\u00c7\u00c3O<\/a><\/p>\n<p><a href=\"https:\/\/drive.google.com\/file\/d\/1D4mbrWlYYX8oL30rOqfMKJS12SGySuBd\/view?usp=sharing\">COM671 &#8211; DESIGN EM COMUNICA\u00c7\u00c3O<\/a><\/p>\n<p><a href=\"https:\/\/drive.google.com\/file\/d\/14VizL9NOodOSP11Qh8h4hXbyCu3spfJP\/view?usp=sharing\">COM672 &#8211; SOM E SENTIDO<\/a><\/p>\n<p><a href=\"https:\/\/drive.google.com\/file\/d\/1DAj9GTYYfrA7IqesqcHF1NKeg_yY9lHK\/view?usp=sharing\">COM707 &#8211; SEMIN\u00c1RIO DE PROJETO EXPERIMENTAL<\/a><\/p>\n<p><a href=\"https:\/\/drive.google.com\/file\/d\/1rmce0_Qk8UDPhF4LT_aNM3_QW7IdUZuo\/view?usp=sharing\">COM708 &#8211; PROJETO EXPERIMENTAL I<\/a><\/p>\n<p><a href=\"https:\/\/drive.google.com\/file\/d\/1oQy4HbYMzPaU2dRpbhCC5SszdjCUyBU8\/view?usp=sharing\">COM709 &#8211; PROJETO EXPERIMENTAL II<\/a><\/p>\n<h2>\u00a0<\/h2>\n<h2 style=\"text-align: center;\"><span style=\"text-decoration: underline;\"><strong>DISCIPLINAS OPTATIVAS <\/strong><\/span><strong>(OP)<\/strong><\/h2>\n<p>\u00a0<\/p>\n<h2>&#8211; ESPEC\u00cdFICAS DA COMUNICA\u00c7\u00c3O (G1)<\/h2>\n<p><a href=\"https:\/\/drive.google.com\/file\/d\/1L6eiMhPAC2Okum8zSWT1QT1kXOo1AYMX\/view?usp=sharing\">COM055 &#8211; COMUNICA\u00c7\u00c3O E POL\u00cdTICA<\/a><\/p>\n<p><a href=\"https:\/\/drive.google.com\/file\/d\/1hl8tNFT05WqgoCMsXwdeo6GajeYxnnCM\/view?usp=sharing\">COM056 &#8211; TEORIAS DA IMAGEM<\/a><\/p>\n<p><a href=\"https:\/\/drive.google.com\/file\/d\/14MRdK2Ia1FQ5qJjWCGAqgMH-fobyOtS3\/view?usp=sharing\">COM086 &#8211; TEORIAS DA OPINI\u00c3O P\u00daBLICA<\/a><\/p>\n<p><a href=\"https:\/\/drive.google.com\/file\/d\/11f8fZZetHqXRTMQkRcpiAFOj0pybVdSL\/view?usp=sharing\">COM330 &#8211; NOVAS EST\u00c9TICAS DA IMAGEM<\/a><\/p>\n<p><a href=\"https:\/\/drive.google.com\/file\/d\/1znxFcls0Jp4_z2342BUg5XUaPbcAD031\/view?usp=sharing\">COM331 &#8211; COMUNICA\u00c7\u00c3O E INTERA\u00c7\u00d5ES SOCIAIS<\/a><\/p>\n<p><a href=\"https:\/\/drive.google.com\/file\/d\/1uplxdrg5e_jJGKkDJApIyGwWXdWbChkO\/view?usp=sharing\">COM332 &#8211; ESTUDOS EM COMUNICA\u00c7\u00c3O<\/a><\/p>\n<p><a href=\"https:\/\/drive.google.com\/file\/d\/1EP8OSJvARcPDzzAhEPlVy0KND9Bc5_Co\/view?usp=sharing\">COM680 &#8211; PESQUISA NA \u00c1REA DE COMUNICA\u00c7\u00c3O<\/a><\/p>\n<p>\u00a0<\/p>\n<h2><strong>&#8211; LABORAT\u00d3RIO (G2)<\/strong><\/h2>\n<p><a href=\"https:\/\/drive.google.com\/file\/d\/1vLXB43_DLkhkkWq8LuPr2gEC_eHtJPfn\/view?usp=drive_link\">COM335 &#8211; LABORAT\u00d3RIO DE PRODU\u00c7\u00c3O DE REPORTAGEM<\/a><\/p>\n<p><a href=\"https:\/\/drive.google.com\/open?id=1HJfHO5vGqCo7gTIigtgdyhtH4zDiq-Qu&amp;usp=drive_copy\">COM336 &#8211; LABORAT\u00d3RIO DE ASSESSORIA EM COMUNICA\u00c7\u00c3O<\/a><\/p>\n<p><a href=\"https:\/\/drive.google.com\/file\/d\/1PTkaZOpgTKG1CUbeKYaRiZyoDO9RCq5L\/view?usp=drive_link\">COM337 &#8211; LABORAT\u00d3RIO DE PESQUISA<\/a><\/p>\n<p><a href=\"https:\/\/drive.google.com\/file\/d\/1gmIHuC1Is8F7LMN7DihtGCyus5v1guqg\/view?usp=drive_link\">COM338 &#8211; LABORAT\u00d3RIO DE JORNALISMO ESPECIALIZADO<\/a><\/p>\n<p><a href=\"https:\/\/drive.google.com\/file\/d\/11m-aVNVbxUcmMLZdz63Nmxg5c6Ww2SUw\/view?usp=drive_link\">COM348 &#8211; LABORAT\u00d3RIO DE CRIA\u00c7\u00c3O PUBLICIT\u00c1RIA<\/a><\/p>\n<p><a href=\"https:\/\/drive.google.com\/file\/d\/18tMAVbh2XnrLYjYyv5sbSxRO7QVe_XbQ\/view?usp=drive_link\">COM349 &#8211; LABORAT\u00d3RIO DE CRIA\u00c7\u00c3O VISUAL<\/a><\/p>\n<p><a href=\"https:\/\/drive.google.com\/file\/d\/1y4bunLSn9WzyG4W7HwkYjKfwATYCjl-P\/view?usp=drive_link\">COM350 &#8211; LABORAT\u00d3RIO DE PLANEJAMENTO DE CAMPANHA<\/a><\/p>\n<p><a href=\"https:\/\/drive.google.com\/file\/d\/1msAgF4y1Szqj_YD_PAdhLKYei2FvzepS\/view?usp=drive_link\">COM354 &#8211; T\u00d3PICOS EM LABORAT\u00d3RIO DE COMUNICA\u00c7\u00c3O SOCIAL: COMUNICA\u00c7\u00c3O E ESPORTE<\/a><\/p>\n<p><a href=\"https:\/\/drive.google.com\/file\/d\/1ggZRS32WMBBWie7VmrI3C1G7lnp_okRb\/view?usp=drive_link\">COM354 &#8211; T\u00d3PICOS EM LABORAT\u00d3RIO DE COMUNICA\u00c7\u00c3O SOCIAL: AN\u00c1LISE CR\u00cdTICA DE DADOS<\/a><\/p>\n<p><a href=\"https:\/\/drive.google.com\/file\/d\/1Vz7J7HW7dhjraxuDLK7eHS6sOkHhLLGS\/view?usp=drive_link\">COM354 T\u00d3PICOS EM LABORAT\u00d3RIO DE COMUNICA\u00c7\u00c3O SOCIAL: Produ\u00e7\u00e3o e Cria\u00e7\u00e3o em \u00c1udio<\/a><\/p>\n<p><a href=\"https:\/\/drive.google.com\/file\/d\/1vvpdyAte2gixdL4FmHXbD6Wl1x0B8cSK\/view?usp=drive_link\">COM354 T\u00d3PICOS EM LABORAT\u00d3RIO DE COMUNICA\u00c7\u00c3O SOCIAL COMUNICA\u00c7\u00c3O_ E EXPRESS\u00c3O \u2013 A \u00a0PERFORMANCE DA PRESEN\u00c7A<\/a><\/p>\n<p><a href=\"https:\/\/drive.google.com\/file\/d\/12MJk_Pe6DI7TcmUzqKt5-0Uiz5u90CcW\/view?usp=drive_link\">COM354 T\u00d3PICOS EM LABORAT\u00d3RIO DE COMUNICA\u00c7\u00c3O SOCIAL_ Podcast e M\u00eddia Sonora\u00a0<\/a><\/p>\n<p><a href=\"https:\/\/drive.google.com\/file\/d\/1E7TQPwiumytlAnf8S6nX7x_QuT2wXbAO\/view?usp=drive_link\">COM354 T\u00d3PICOS EM LABORAT\u00d3RIO DE COMUNICA\u00c7\u00c3O SOCIAL_ V\u00cdDEO DOCUMENT\u00c1RIO<\/a><\/p>\n<p><a href=\"https:\/\/drive.google.com\/file\/d\/1lR7uymSw2GrorYpJiJlksu1yBFuE7oJW\/view?usp=drive_link\">COM354 T\u00d3PICOS EM LABORAT\u00d3RIO DE COMUNICA\u00c7\u00c3O SOCIAL_ YouTube Lab<\/a><\/p>\n<p><a href=\"https:\/\/drive.google.com\/open?id=1RdhK-sox2gS0HahHDmicZUK9SV6_yFKx&amp;usp=drive_copy\">COM681 &#8211; T\u00d3PICOS EM LABORAT\u00d3RIO DE RELA\u00c7\u00d5ES P\u00daBLICAS: Planejamento e Reda\u00e7\u00e3o para Branding Digital<\/a><\/p>\n<p><a href=\"https:\/\/drive.google.com\/file\/d\/1Vrz2Lv_b4ngZvM_okSKaiv-BxVesj5L7\/view?usp=drive_link\">COM681 &#8211; T\u00d3PICOS EM LABORAT\u00d3RIO DE RELA\u00c7\u00d5ES P\u00daBLICAS: Laborat\u00f3rio de Gerenciamento de Crise de Comunica\u00e7\u00e3o<\/a><\/p>\n<p>\u00a0<\/p>\n<h2><strong>&#8211; OPTATIVAS GERAIS (G9)<\/strong><\/h2>\n<p><a href=\"https:\/\/drive.google.com\/file\/d\/1OiSyxi6rKk1ZINY9nOzRIf-FlNyDB0d1\/view?usp=drive_link\">COM034 &#8211; AULA ESPECIAL: UNIVERSIDADE_PUBLICIDADE E PANDEMIA REFLEX\u00d5ES<\/a><\/p>\n<p><a href=\"https:\/\/drive.google.com\/file\/d\/1ev6-ShJ-8_7teDD2-uFYlTA_VtHhisr0\/view?usp=drive_link\">COM034 &#8211; AULA ESPECIAL: T\u00c9CNICAS, PROCESSOS E LINGUAGENS DA PUBLICIDADE<\/a><\/p>\n<p><a href=\"https:\/\/drive.google.com\/file\/d\/1OntnaTzpZGSakWkUtXUXmaJrCvH7YVC2\/view?usp=drive_link\">COM050 &#8211; OFICINA DE VIDEO DOCUMENT\u00c1RIO<\/a><\/p>\n<p><a href=\"https:\/\/drive.google.com\/file\/d\/1LjET2TBtl0Bk95IOL8EuBy4sGEagxH1B\/view?usp=drive_link\">COM087 &#8211; T\u00d3PICOS EM COMUNICA\u00c7\u00c3O SOCIAL: EST\u00c1GIO EM PUBLICIDADE E PROPAGANDA SUPERVIS\u00c3O E ACOMPANHAMENTO<\/a><\/p>\n<p><a href=\"https:\/\/drive.google.com\/file\/d\/1TUI6rISsY-gu3yUg2TBHJOKxphmG6OY5\/view?usp=drive_link\">COM088 &#8211; T\u00d3PICOS EM COMUNICA\u00c7\u00c3O SOCIAL: Letramento Midi\u00e1tico_Princ\u00edpios e pressupostos conceituais e estrat\u00e9gias no combate \u00e0 desinforma\u00e7\u00e3o, manipula\u00e7\u00e3o e fake news:<\/a><\/p>\n<p><a href=\"https:\/\/drive.google.com\/file\/d\/1wMLuwIzbAHKu5B1BIGE6QjwsLr4E1gjk\/view?usp=drive_link\">COM088 &#8211; T\u00d3PICOS EM COMUNICA\u00c7\u00c3O SOCIAL:<\/a><a href=\"https:\/\/drive.google.com\/file\/d\/1wMLuwIzbAHKu5B1BIGE6QjwsLr4E1gjk\/view?usp=drive_link\"> M\u00fasica e Comunica\u00e7\u00e3o abordagens contempor\u00e2neas brasileiras<\/a><\/p>\n<p><a href=\"https:\/\/drive.google.com\/file\/d\/13o9bOcTfChY0D85pvZdCef0eP9eLtgCx\/view?usp=drive_link\">COM088 &#8211; T\u00d3PICOS EM COMUNICA\u00c7\u00c3O SOCIAL: COMUNICA\u00c7\u00c3O E QUADRINHOS<\/a><\/p>\n<p><a href=\"https:\/\/drive.google.com\/file\/d\/1lc0-qkxsKTqEn5n1Ufmf8su0qWAHmsy2\/view?usp=drive_link\">COM088 &#8211; TOPICOS EM COMUNICA\u00c7\u00c3O SOCIAL:_DESINFORMA\u00c7\u00c3O<\/a><\/p>\n<p><a href=\"https:\/\/drive.google.com\/file\/d\/1Olk9JpRAPLGdgWaNt3dMfmZQnnWIa65s\/view?usp=drive_link\">COM088 T\u00d3PICOS EM COMUNICA\u00c7\u00c3O SOCIAL_ Estrat\u00e9gias de Conte\u00fado, M\u00eddia e Tr\u00e1fego Digital<\/a><\/p>\n<p><a href=\"https:\/\/drive.google.com\/file\/d\/1z8YJfgy8ZcgL_1oBJ-AGPSIZ0vKp3o3Z\/view?usp=drive_link\">COM088 T\u00d3PICOS EM COMUNICA\u00c7\u00c3O SOCIAL_Comunica\u00e7\u00e3o e Interseccionalidade<\/a><\/p>\n<p><a href=\"https:\/\/drive.google.com\/file\/d\/1XVLVy7V9lRD5flxWuk9XLodInKsKeH3a\/view?usp=drive_link\">COM327 &#8211; T\u00c9CNICAS DE COMUNICA\u00c7\u00c3O DIRIGIDA<\/a><\/p>\n<p><a href=\"https:\/\/drive.google.com\/file\/d\/1OQIuiYZOrTNkhfR2I9UhOXK9Q2YygE4u\/view?usp=drive_link\">COM339 &#8211; AN\u00c1LISES SEMI\u00d3TICAS EM PUBLICIDADE E PROPAGANDA<\/a><\/p>\n<p><a href=\"https:\/\/drive.google.com\/file\/d\/1sdZqmvG2JY4VUhA5EAf28U5NSH3Nzag-\/view?usp=drive_link\">COM340 &#8211; ASSESSORIA DE IMPRENSA<\/a><\/p>\n<p><a href=\"https:\/\/drive.google.com\/file\/d\/17Zfcf8WxkYVfm6lPW4EekQe3pT5lWOny\/view?usp=drive_link\">COM341 &#8211; EST\u00c9TICAS DA COMUNICA\u00c7\u00c3O<\/a><\/p>\n<p><a href=\"https:\/\/drive.google.com\/file\/d\/1CfmePGd1nEn_UZq3SESo5Xw5j9oDXeMR\/view?usp=drive_link\">COM342 &#8211; EST\u00c9TICAS DA TELEVIS\u00c3O<\/a><\/p>\n<p><a href=\"https:\/\/drive.google.com\/file\/d\/1U1I9I1-XiP23Z1onB8Qun5pgdv7AvcZl\/view?usp=drive_link\">COM343 &#8211; ESTUDOS CONTEMPOR\u00c2NEOS DO JORNALISMO<\/a><\/p>\n<p><a href=\"https:\/\/drive.google.com\/file\/d\/1adapAiLzVmS9OE8BWuAt0xModQqEuvjW\/view?usp=drive_link\">COM344 &#8211; ESTUDOS DO JORNALISMO<\/a><\/p>\n<p><a href=\"https:\/\/drive.google.com\/file\/d\/1WadMJZ6sZVR9TGbrWaacgDrcfM1HqIqP\/view?usp=drive_link\">COM345 &#8211; FORMA\u00c7\u00c3O EM COMUNICA\u00c7\u00c3O<\/a><\/p>\n<p><a href=\"https:\/\/drive.google.com\/file\/d\/1NzJzU6-YJ4q-KMWgfcz3ci2VveX9ortf\/view?usp=drive_link\">COM346 &#8211; FORMA\u00c7\u00c3O EM COMUNICA\u00c7\u00c3O<\/a><\/p>\n<p><a href=\"https:\/\/drive.google.com\/file\/d\/1G9OuC5g5C4HC7AR-qAdkO7QZZnMqwtgI\/view?usp=drive_link\">COM352 &#8211; PLANEJAMENTO DE M\u00cdDIA<\/a><\/p>\n<p><a href=\"https:\/\/drive.google.com\/file\/d\/1VqqTGNjXye5Vv6fd064eRhiEG1k9pgRs\/view?usp=drive_link\">COM673 &#8211; FUNDAMENTOS DA COMUNICA\u00c7\u00c3O ORGANIZACIONAL<\/a><\/p>\n<p><a href=\"https:\/\/drive.google.com\/file\/d\/1mBJHptKTyChWQOlvacBaA3pWoKyzEI_l\/view?usp=drive_link\">ECN101 &#8211; ECONOMIA AI<\/a><\/p>\n<p><a href=\"https:\/\/drive.google.com\/file\/d\/1ngPzbNyTMBTFnDjRy5nFYQteCQoJixdW\/view?usp=drive_link\">FCH003 &#8211; PROGRAMA DE INICIA\u00c7\u00c3O \u00c0 PESQUISA<\/a><\/p>\n<p><a href=\"https:\/\/drive.google.com\/file\/d\/1bymYYYCKCcxriufYrqkKpYxN8eEqD9iR\/view?usp=drive_link\">FCH004 &#8211; PROGRAMA DE INCIA\u00c7\u00c3O \u00c0 DOC\u00caNCIA<\/a><\/p>\n<p><a href=\"https:\/\/drive.google.com\/file\/d\/1ugURAKIytE1g1ifahUr4xvMIcFOaDyKz\/view?usp=drive_link\">FCH005 &#8211; PROGRAMA DE INICIAN\u00c7\u00c3O \u00c0 EXTENS\u00c3O I<\/a><\/p>\n<p><a href=\"https:\/\/drive.google.com\/file\/d\/1f7wPmhTRxqO95ADVwmbyohWBxsmkulo0\/view?usp=drive_link\">FCH006 &#8211; PROGRAMA DE INCIA\u00c7\u00c3O \u00c0 EXTENS\u00c3O II<\/a><\/p>\n<p><a href=\"https:\/\/drive.google.com\/file\/d\/1WGDFSjMcVMos1dx6AXPMdRUnZ3CWZCUT\/view?usp=drive_link\">FCH007 &#8211; PROGRAMA DE INICIA\u00c7\u00c3O \u00c0 EXTENS\u00c3O III<\/a><\/p>\n<p><a href=\"https:\/\/drive.google.com\/file\/d\/1UnV630peb16MtsGGDB73wh6_tjruU7Hs\/view?usp=drive_link\">FCH008 &#8211; DISCUSS\u00d5ES TEM\u00c1TICAS<\/a><\/p>\n<p><a href=\"https:\/\/drive.google.com\/file\/d\/1a_kPfGVjDhFOaJbZxQE3WXer4XAaUY-k\/view?usp=drive_link\">FCH009 &#8211; PARTICIPA\u00c7\u00c3O EM EVENTOS I<\/a><\/p>\n<p><a href=\"https:\/\/drive.google.com\/file\/d\/1Z78odlx_CsV_1KxmRs3ZgAWoJzxLqL9k\/view?usp=drive_link\">FCH010 &#8211; PARTICIPA\u00c7\u00c3O EM EVENTOS II<\/a><\/p>\n<p><a href=\"https:\/\/drive.google.com\/file\/d\/19cl-Zo49awmbftTziiGb6FHMD9thZMms\/view?usp=drive_link\">FCH015 &#8211; VIV\u00caNCIA PROFISSIONAL COMPLEMENTAR<\/a><\/p>\n<p><a href=\"https:\/\/drive.google.com\/file\/d\/18j_kVvuEPNRL_Xx-mrKey4eeKwSQ1Me6\/view?usp=drive_link\">FIL028 &#8211; INTRODU\u00c7\u00c3O \u00c0 FILOSOFIA \u00c9TICA<\/a><\/p>\n<p><a href=\"https:\/\/drive.google.com\/file\/d\/14JeMvbI6tJ1K_IHlJqVhnhbGNpcEyUTM\/view?usp=drive_link\">FIL029 &#8211; INTRODU\u00c7\u00c3O \u00c0 FILOSOFIA FILOSOFIA DA CI\u00caNCIA E EPISTEMOLOGIA<\/a><\/p>\n<p><a href=\"https:\/\/drive.google.com\/file\/d\/1EkGMXcOFkvxheml6S67mvv-zobd7bgsX\/view?usp=drive_link\">HIS039 &#8211; INTRODU\u00c7\u00c3O \u00c0 HIST\u00d3RIA DA CULTURA<\/a><\/p>\n<p><a href=\"https:\/\/drive.google.com\/file\/d\/1jGsEDS4J2iC681eJ8UxGU1owPXBVqMQC\/view?usp=drive_link\">HIS040 &#8211; T\u00d3PICOS EM HIST\u00d3RIA DO BRASIL<\/a><\/p>\n<p><a href=\"https:\/\/drive.google.com\/file\/d\/1vz-OGLinzSBYIdW6od7ooPeYsr-iq-CS\/view?usp=drive_link\">LET223 &#8211; FUNDAMENTOS DE LIBRAS<\/a><\/p>\n<p><a href=\"https:\/\/drive.google.com\/file\/d\/1TAGd0PKIyaCCjo5YEx9vRvaR6vHZ27wz\/view?usp=drive_link\">SOA046 &#8211; ABORDAGENS TEM\u00c1TICAS EM SOCIOLOGIA<\/a><\/p>\n<p style=\"text-align: left;\"><a href=\"https:\/\/drive.google.com\/file\/d\/18qm3_wkv2GbFdC82BTN3VWAwDhvojtIa\/view?usp=drive_link\">SOA050 &#8211; MODERNIDADE E MUDAN\u00c7A SOCIAL<\/a><\/p>\n","protected":false},"excerpt":{"rendered":"<p>DISCIPLINAS OBRIGAT\u00d3RIAS (OB) &nbsp; CAD032 &#8211; PESQUISA DE MERCADO CAD610 &#8211; MERCADOLOGIA DCP021 &#8211; INTRODU\u00c7\u00c3O \u00c0 TEORIA DEMOCR\u00c1TICA COM027 &#8211; HIST\u00d3RIA SOCIAL DOS MEIOS FTC051 &#8211; OFICINA DE FOTOGRAFIA SOA048 &#8211; FUNDAMENTOS DE AN\u00c1LISE SOCIOL\u00d3GICA COM085 &#8211; T\u00c9CNICAS, PROCESSOS E LINGUAGEM DA PUBLICIDADE COM306 &#8211; INTRODU\u00c7\u00c3O AOS ESTUDOS DA LINGUAGEM COM309 &#8211; OFICINA DE NARRATIVAS [&hellip;]<\/p>\n","protected":false},"author":1,"featured_media":0,"parent":0,"menu_order":0,"comment_status":"closed","ping_status":"closed","template":"","meta":[],"categories":[],"_links":{"self":[{"href":"https:\/\/www.fafich.ufmg.br\/publicidadeepropaganda\/wp-json\/wp\/v2\/pages\/2225"}],"collection":[{"href":"https:\/\/www.fafich.ufmg.br\/publicidadeepropaganda\/wp-json\/wp\/v2\/pages"}],"about":[{"href":"https:\/\/www.fafich.ufmg.br\/publicidadeepropaganda\/wp-json\/wp\/v2\/types\/page"}],"author":[{"embeddable":true,"href":"https:\/\/www.fafich.ufmg.br\/publicidadeepropaganda\/wp-json\/wp\/v2\/users\/1"}],"replies":[{"embeddable":true,"href":"https:\/\/www.fafich.ufmg.br\/publicidadeepropaganda\/wp-json\/wp\/v2\/comments?post=2225"}],"version-history":[{"count":13,"href":"https:\/\/www.fafich.ufmg.br\/publicidadeepropaganda\/wp-json\/wp\/v2\/pages\/2225\/revisions"}],"predecessor-version":[{"id":2257,"href":"https:\/\/www.fafich.ufmg.br\/publicidadeepropaganda\/wp-json\/wp\/v2\/pages\/2225\/revisions\/2257"}],"wp:attachment":[{"href":"https:\/\/www.fafich.ufmg.br\/publicidadeepropaganda\/wp-json\/wp\/v2\/media?parent=2225"}],"wp:term":[{"taxonomy":"category","embeddable":true,"href":"https:\/\/www.fafich.ufmg.br\/publicidadeepropaganda\/wp-json\/wp\/v2\/categories?post=2225"}],"curies":[{"name":"wp","href":"https:\/\/api.w.org\/{rel}","templated":true}]}}