{"id":2412,"date":"2025-05-06T09:17:52","date_gmt":"2025-05-06T12:17:52","guid":{"rendered":"https:\/\/www.fafich.ufmg.br\/publicidadeepropaganda\/?page_id=2412"},"modified":"2025-05-08T10:28:50","modified_gmt":"2025-05-08T13:28:50","slug":"2020-2-2","status":"publish","type":"page","link":"https:\/\/www.fafich.ufmg.br\/publicidadeepropaganda\/2020-2-2\/","title":{"rendered":"2020\/2"},"content":{"rendered":"\n<p><\/p>\n<p><a href=\"https:\/\/drive.google.com\/file\/d\/1l45OsCdNMcECFL0opS18ZyrD3mHtM5Th\/view?usp=drive_link\"><span style=\"background-color: #ffffff;\"><strong>&#8220;VOC\u00ca \u00c9 UMA EXPERI\u00caNCIA&#8221;: UM ESTUDO SOBRE A PERCEP\u00c7\u00c3O QUEER NA ANIMA\u00c7\u00c3O STEVEN UNIVERSO POR\u00a0 PARTE DE PESSOAS LGBTQIA+ F\u00c3S E N\u00c3O F\u00c3S<\/strong><\/span><\/a><\/p>\n<ul>\n<li>Estudante: <span data-sheets-root=\"1\">Gustavo Henrique Alves Silva<\/span><\/li>\n<li>Palavras-chave: Anima\u00e7\u00e3o. G\u00eaneros e sexualidades. Queer. Fandom. Double coding.<\/li>\n<li>Orienta\u00e7\u00e3o: Prof. Carlos Magno Camargos Mendon\u00e7a<\/li>\n<li>Coorienta\u00e7\u00e3o: Ettore Stefani de Medeiros<\/li>\n<li>Data de Defesa: <span data-sheets-root=\"1\">03\/03\/2021<\/span><\/li>\n<\/ul>\n<p><strong><span style=\"background-color: #ffffff;\"><a style=\"background-color: #ffffff;\" href=\"https:\/\/drive.google.com\/file\/d\/1YqprzrJIS7xeKfptGm4nH0b4x0gvApBT\/view?usp=drive_link\">A FOTOGRAFIA COMO RECURSO DE DESCONSTRU\u00c7\u00c3O DOS PADR\u00d5ES DE\u00a0BELEZA FEMININOS<\/a><\/span><\/strong><\/p>\n<p><a href=\"https:\/\/drive.google.com\/file\/d\/1D7GLCOQnR-gZ0cBjgwXO1pg6w_JT1O1E\/view?usp=drive_link\"><strong><span style=\"background-color: #ffffff;\">Foto livro: A imagem feminina e suas singularidades<\/span><\/strong><\/a><\/p>\n<ul>\n<li>Estudantes: Brenda Mac\u00eado Santos e Catharini Martins de Oliveira\u00a0<\/li>\n<li>Palavras-chave: fotografia, feminismo, padr\u00f5es de beleza, autoestima, empoderamento feminino.<\/li>\n<li>Orienta\u00e7\u00e3o: Profa. Roberta Oliveira Veiga<\/li>\n<li>Coorienta\u00e7\u00e3o: Carla Alice Apolin\u00e1rio Italiano<\/li>\n<li>Data de Defesa: 08\/03\/2021<\/li>\n<\/ul>\n<p><strong><span style=\"background-color: #ffffff;\"><a style=\"background-color: #ffffff;\" href=\"https:\/\/drive.google.com\/file\/d\/1Fxn9g8cGqWhX1W0o84WVmxmqj3FsQxgU\/view?usp=drive_link\">O CANAL INFANTIL DO YOUTUBE COMO FERRAMENTA DE PUBLICIDADE NO\u00a0CONTEXTO DIGITAL: ESTUDO DE CASO<\/a><\/span><\/strong><\/p>\n<ul>\n<li>Estudantes: <span data-sheets-root=\"1\">Ana Clara Borges Moreira e J\u00falia da Costa Carvalho Silva<\/span><\/li>\n<li>Palavras-chave: Influenciador digital mirim. \u00c9tica. Marketing Digital.<\/li>\n<li>Orienta\u00e7\u00e3o: Profa.\u00a0Camila Maciel C. Alves Mantovani<\/li>\n<li>\u00a0Data de Defesa: <span data-sheets-root=\"1\">09\/03\/2021<\/span><\/li>\n<\/ul>\n<p><a href=\"https:\/\/drive.google.com\/file\/d\/1RX3VE1518oPUb_DOlAkxRWhz27YuY-Ph\/view?usp=drive_link\"><strong><span data-sheets-root=\"1\">QUEM SABE? Hist\u00f3rias do Adultecer<\/span><\/strong><\/a><\/p>\n<ul>\n<li>Estudantes: <span data-sheets-root=\"1\">\u00c2ngela Lara Resende Machado e Gustavo Henrique de Oliveira e Lima Andrade<\/span><\/li>\n<li>Palavras-chave: literatura para jovem adulto; adultecer; jovem adulto; literatura Young Adult; livro ilustrado; perguntas; contos.<\/li>\n<li>Orienta\u00e7\u00e3o: Profa. Vanessa Cardozo Brand\u00e3o<\/li>\n<li>Coorienta\u00e7\u00e3o: Matheus Henrique da Silva Salvino<\/li>\n<li>Data de Defesa: <span data-sheets-root=\"1\">11\/03\/2021<\/span><\/li>\n<\/ul>\n<p><a href=\"https:\/\/drive.google.com\/file\/d\/14PVTcCS71N9nl64o6K_37oVNMKi2siQ5\/view?usp=drive_link\"><strong><span data-sheets-root=\"1\">Compreendendo o Contexto Atual do Marketing de Influ\u00eancia: as principais estrat\u00e9gias estudadas pela academia de 2010 a 2019 e os novos caminhos para seguir no campo <\/span><\/strong><\/a><\/p>\n<ul>\n<li>Estudante: <span data-sheets-root=\"1\">Ana Luiza Abreu Paolucci <\/span><\/li>\n<li>Palavras-chave: marketing de influ\u00eancia, influenciador digital, estrat\u00e9gias empresariais, bibliometria, revis\u00e3o sistem\u00e1tica.<\/li>\n<li>Orienta\u00e7\u00e3o: Profa. Juliana Maria Magalh\u00e3es Christino<\/li>\n<li>Data de Defesa: <span data-sheets-root=\"1\">11\/03\/2021<\/span><\/li>\n<\/ul>\n<p><strong style=\"font-size: inherit;\"><a href=\"https:\/\/drive.google.com\/file\/d\/19HTeALhV2rKj0EQi0IUydQz0RvhAaVCR\/view?usp=drive_link\">Notas e Reflex\u00f5es de uma Criadora de Conte\u00fado no TikTok<\/a><\/strong><\/p>\n<ul>\n<li>Estudante: <span data-sheets-root=\"1\">Helena Luttembarck de Almeida Lima<\/span><\/li>\n<li>Palavras-chave: TikTok. Plataforma. Algoritimos. Criador de conte\u00fado.<\/li>\n<li>Orienta\u00e7\u00e3o: Prof. Carlos Frederico de Brito d\u2019Andr\u00e9a<\/li>\n<li>Data de Defesa: <span data-sheets-root=\"1\">11\/03\/2021<\/span><\/li>\n<\/ul>\n<p><a href=\"https:\/\/drive.google.com\/file\/d\/1UzqFc0r2-9DQfkXIfN6TS9C5nRk6fgKj\/view?usp=drive_link\"><strong><span data-sheets-root=\"1\">FUTEBOL, DATIFICA\u00c7\u00c3O E APOSTAS: uma an\u00e1lise do app SofaScore<\/span><\/strong><\/a><\/p>\n<ul>\n<li>Estudante: <span data-sheets-root=\"1\">Eduardo Lopes Oliveira<\/span><\/li>\n<li>Palavras-chave: SofaScore, datifica\u00e7\u00e3o, Walkthrough Method, apostas online, futebol<\/li>\n<li>Orienta\u00e7\u00e3o: Prof. Carlos Frederico de Brito D\u2019Andr\u00e9a<\/li>\n<li>Data de Defesa: <span data-sheets-root=\"1\">11\/03\/2021<\/span><\/li>\n<\/ul>\n<p><a href=\"https:\/\/drive.google.com\/file\/d\/1uGv1QEwsZ-nY-BJ85snp6YvRzVOB1hY2\/view?usp=drive_link\"><strong><span data-sheets-root=\"1\">Janelas: um filme-ensaio em torno da presen\u00e7a feminina na m\u00fasica eletr\u00f4nica<\/span><\/strong><\/a><\/p>\n<ul>\n<li>Estudantes: <span data-sheets-root=\"1\">Izabela Alves de Carvalho, Let\u00edcia Alves Azevedo, e Rafael Troncoso Esposito<\/span><\/li>\n<li>Palavras-chave: m\u00fasica eletr\u00f4nica; DJs; mulheres na m\u00fasica; mulheres na m\u00fasica eletr\u00f4nica; filme-ensaio.<\/li>\n<li>Orienta\u00e7\u00e3o: Prof. Eduardo de Jesus<\/li>\n<li>Data de Defesa: <span data-sheets-root=\"1\">12\/03\/2021<\/span><\/li>\n<\/ul>\n<p><a href=\"https:\/\/drive.google.com\/file\/d\/13F8MlOxGkl_fLxLl9GGykHcXsd8GLPDA\/view?usp=drive_link\"><strong><span data-sheets-root=\"1\">O Outono de Lis: a trajet\u00f3ria do nascimento de uma artista musical independente em Belo Horizonte<\/span><\/strong><\/a><\/p>\n<ul>\n<li>Estudantes: <span data-sheets-root=\"1\">La\u00eds Nogueira Skackauskas Vaz de Mello, Luiza Gabriela Monteiro Ramos, e Pedro Augusto Silva Moreira Duarte<\/span><\/li>\n<li>Orienta\u00e7\u00e3o: Profa. Camila Maciel Campolina Alves Mantovani<\/li>\n<li>Data de Defesa: <span data-sheets-root=\"1\">12\/03\/2021<\/span><\/li>\n<\/ul>\n<p><a href=\"https:\/\/drive.google.com\/file\/d\/1_dzdqrh5S0OF46yGXEpbQMclCtXMfAVR\/view?usp=drive_link\"><strong><span data-sheets-root=\"1\">+1Sportivo: Quebrando estere\u00f3tipos do jornalismo esportivo<\/span><\/strong><\/a><\/p>\n<ul>\n<li>Estudantes: <span data-sheets-root=\"1\">Alexandre Sander Serra e Meira (Jor), Gabriel Marques Freitas Barbosa (Jor) Rebeca Braga Batista (Com \u2013 RP), Valter Saldanha de Souza (PP)<\/span><\/li>\n<li>Orienta\u00e7\u00e3o: Profa. Ana Carolina Vimieiro<\/li>\n<li>Data de Defesa: <span data-sheets-root=\"1\">12\/03\/2021<\/span><\/li>\n<\/ul>\n<p><a href=\"https:\/\/drive.google.com\/file\/d\/12CRY4hhAXXmodeQjDxdU-THd0TwPhXjJ\/view?usp=drive_link\"><strong><span data-sheets-root=\"1\">Gabinetes contempor\u00e2neos de curiosidades: experimenta\u00e7\u00e3o art\u00edstica a partir da viv\u00eancia da ansiedade<\/span><\/strong><\/a><\/p>\n<ul>\n<li>Estudantes: <span data-sheets-root=\"1\">Paulo Henrique Puiati Ferreira e Giovanni Marino<\/span><\/li>\n<li>Orienta\u00e7\u00e3o: Prof. Eduardo Ant\u00f4nio de Jesus.<\/li>\n<li>Data de Defesa: <span data-sheets-root=\"1\">19\/03\/2021<\/span><\/li>\n<\/ul>\n<p>\u00a0<\/p>\n<p><\/p>\n","protected":false},"excerpt":{"rendered":"","protected":false},"author":1,"featured_media":0,"parent":0,"menu_order":0,"comment_status":"closed","ping_status":"closed","template":"","meta":[],"categories":[],"_links":{"self":[{"href":"https:\/\/www.fafich.ufmg.br\/publicidadeepropaganda\/wp-json\/wp\/v2\/pages\/2412"}],"collection":[{"href":"https:\/\/www.fafich.ufmg.br\/publicidadeepropaganda\/wp-json\/wp\/v2\/pages"}],"about":[{"href":"https:\/\/www.fafich.ufmg.br\/publicidadeepropaganda\/wp-json\/wp\/v2\/types\/page"}],"author":[{"embeddable":true,"href":"https:\/\/www.fafich.ufmg.br\/publicidadeepropaganda\/wp-json\/wp\/v2\/users\/1"}],"replies":[{"embeddable":true,"href":"https:\/\/www.fafich.ufmg.br\/publicidadeepropaganda\/wp-json\/wp\/v2\/comments?post=2412"}],"version-history":[{"count":14,"href":"https:\/\/www.fafich.ufmg.br\/publicidadeepropaganda\/wp-json\/wp\/v2\/pages\/2412\/revisions"}],"predecessor-version":[{"id":2442,"href":"https:\/\/www.fafich.ufmg.br\/publicidadeepropaganda\/wp-json\/wp\/v2\/pages\/2412\/revisions\/2442"}],"wp:attachment":[{"href":"https:\/\/www.fafich.ufmg.br\/publicidadeepropaganda\/wp-json\/wp\/v2\/media?parent=2412"}],"wp:term":[{"taxonomy":"category","embeddable":true,"href":"https:\/\/www.fafich.ufmg.br\/publicidadeepropaganda\/wp-json\/wp\/v2\/categories?post=2412"}],"curies":[{"name":"wp","href":"https:\/\/api.w.org\/{rel}","templated":true}]}}