{"id":692,"date":"2019-12-11T10:46:01","date_gmt":"2019-12-11T13:46:01","guid":{"rendered":"http:\/\/www.fafich.ufmg.br\/publicidadeepropaganda\/?page_id=692\/"},"modified":"2020-02-28T20:17:12","modified_gmt":"2020-02-28T23:17:12","slug":"apresentacao","status":"publish","type":"page","link":"https:\/\/www.fafich.ufmg.br\/publicidadeepropaganda\/o-curso\/apresentacao\/","title":{"rendered":"Apresenta\u00e7\u00e3o"},"content":{"rendered":"<p>O curso de Publicidade e Propaganda da UFMG oferta anualmente 40 vagas, preenchidas no 1\u00ba semestre de cada ano, no turno da manh\u00e3. A forma\u00e7\u00e3o \u00e9 em n\u00edvel bacharelado e a carga-hor\u00e1ria total a ser cumprida pelos estudantes \u00e9 de 2.700 horas, distribu\u00eddas em 8 semestres. O percurso curricular da forma\u00e7\u00e3o em Publicidade e Propaganda valoriza a autonomia discente, que pode escolher as disciplinas a cursar, em um conjunto de atividades obrigat\u00f3rias, optativas, forma\u00e7\u00e3o livre e forma\u00e7\u00e3o complementar.<\/p>\n<p>A UFMG oferta o curso de Publicidade e Propaganda desde\u00a01975, quando foram criados os cursos polivalentes de Comunica\u00e7\u00e3o Social, por meio das habilita\u00e7\u00f5es que o dividiam: Jornalismo, Rela\u00e7\u00f5es P\u00fablicas e Publicidade e Propaganda. Desde 2014, as habilita\u00e7\u00f5es foram extintas e o curso passou a existir de forma independente, vinculado ao Departamento de Comunica\u00e7\u00e3o Social.\u00a0Inserido no campo acad\u00eamico desta \u00e1rea, o curso fomenta a pr\u00e1tica profissional\u00a0em\u00a0Publicidade por meio do fazer acad\u00eamico e da reflex\u00e3o sobre o of\u00edcio.<\/p>\n<p>O curso \u00e9 destaque nas avalia\u00e7\u00f5es realizadas pelo Minist\u00e9rio da Educa\u00e7\u00e3o (MEC) e tamb\u00e9m se destaca em rankings produzidos pela imprensa especializada, como o Guia do Estudante e o Ranking Universit\u00e1rio Folha. Al\u00e9m disso, o mercado de trabalho reconhece\u00a0sua qualidade do Curso, ao absorver os alunos que se formam, seja no campo profissional, seja no campo acad\u00eamico. Por se tratar de um dos poucos cursos de gradua\u00e7\u00e3o em Publicidade e Propaganda oferecido em uma universidade p\u00fablica no estado de Minas Gerais, sua import\u00e2ncia pol\u00edtica \u00e9 destaque no \u00e2mbito da produ\u00e7\u00e3o acad\u00eamica e cient\u00edfica sobre a Comunica\u00e7\u00e3o Social.<\/p>\n<p>Por meio de uma forma\u00e7\u00e3o transversal, que organiza a oferta de conte\u00fados curriculares em disciplinas gerais e espec\u00edficas, o curso de Publicidade e Propaganda proporciona uma forma\u00e7\u00e3o profissionalizante somada \u00e0 consistente forma\u00e7\u00e3o te\u00f3rica. Isso se d\u00e1 por meio de uma flexibiliza\u00e7\u00e3o cujo objetivo \u00e9 permitir a conjuga\u00e7\u00e3o de conte\u00fados de \u00e1reas diversas, como letras, artes visuais, demais ci\u00eancias humanas e sociais, ci\u00eancias gerenciais.<\/p>\n<ul>\n<li><strong>Unidade:<\/strong>\u00a0FACULDADE DE FILOSOFIA E CI\u00caNCIAS HUMANAS<\/li>\n<li><strong>Modalidade:\u00a0<\/strong>Bacharelado presencial<\/li>\n<li><strong>Dura\u00e7\u00e3o (semestre):<br \/>\n<\/strong>Padr\u00e3o: 8 (diurno)<br \/>\nM\u00e1xima: 14 (diurno)<\/li>\n<li><strong>Carga hor\u00e1ria (horas): <\/strong>2.700 horas<\/li>\n<\/ul>\n","protected":false},"excerpt":{"rendered":"<p>O curso de Publicidade e Propaganda da UFMG oferta anualmente 40 vagas, preenchidas no 1\u00ba semestre de cada ano, no turno da manh\u00e3. A forma\u00e7\u00e3o \u00e9 em n\u00edvel bacharelado e a carga-hor\u00e1ria total a ser cumprida pelos estudantes \u00e9 de 2.700 horas, distribu\u00eddas em 8 semestres. O percurso curricular da forma\u00e7\u00e3o em Publicidade e Propaganda [&hellip;]<\/p>\n","protected":false},"author":1,"featured_media":0,"parent":690,"menu_order":0,"comment_status":"closed","ping_status":"closed","template":"","meta":[],"categories":[],"_links":{"self":[{"href":"https:\/\/www.fafich.ufmg.br\/publicidadeepropaganda\/wp-json\/wp\/v2\/pages\/692"}],"collection":[{"href":"https:\/\/www.fafich.ufmg.br\/publicidadeepropaganda\/wp-json\/wp\/v2\/pages"}],"about":[{"href":"https:\/\/www.fafich.ufmg.br\/publicidadeepropaganda\/wp-json\/wp\/v2\/types\/page"}],"author":[{"embeddable":true,"href":"https:\/\/www.fafich.ufmg.br\/publicidadeepropaganda\/wp-json\/wp\/v2\/users\/1"}],"replies":[{"embeddable":true,"href":"https:\/\/www.fafich.ufmg.br\/publicidadeepropaganda\/wp-json\/wp\/v2\/comments?post=692"}],"version-history":[{"count":6,"href":"https:\/\/www.fafich.ufmg.br\/publicidadeepropaganda\/wp-json\/wp\/v2\/pages\/692\/revisions"}],"predecessor-version":[{"id":979,"href":"https:\/\/www.fafich.ufmg.br\/publicidadeepropaganda\/wp-json\/wp\/v2\/pages\/692\/revisions\/979"}],"up":[{"embeddable":true,"href":"https:\/\/www.fafich.ufmg.br\/publicidadeepropaganda\/wp-json\/wp\/v2\/pages\/690"}],"wp:attachment":[{"href":"https:\/\/www.fafich.ufmg.br\/publicidadeepropaganda\/wp-json\/wp\/v2\/media?parent=692"}],"wp:term":[{"taxonomy":"category","embeddable":true,"href":"https:\/\/www.fafich.ufmg.br\/publicidadeepropaganda\/wp-json\/wp\/v2\/categories?post=692"}],"curies":[{"name":"wp","href":"https:\/\/api.w.org\/{rel}","templated":true}]}}