{"id":702,"date":"2019-12-11T10:48:33","date_gmt":"2019-12-11T13:48:33","guid":{"rendered":"http:\/\/www.fafich.ufmg.br\/publicidadeepropaganda\/?page_id=702\/"},"modified":"2024-04-01T08:46:05","modified_gmt":"2024-04-01T11:46:05","slug":"o-colegiado","status":"publish","type":"page","link":"https:\/\/www.fafich.ufmg.br\/publicidadeepropaganda\/o-colegiado\/","title":{"rendered":"O Colegiado"},"content":{"rendered":"<p><strong>Coordena\u00e7\u00e3o do Curso de Publicidade e Propaganda<\/strong><\/p>\n<p>Mandato: 14\/12\/2023 &#8211; 13\/12\/2025<\/p>\n<ul>\n<li>Prof. Bruno Guimar\u00e3es Martins (Coordenador)<\/li>\n<li>N\u00e3o h\u00e1 no momento (Subcoordenador)<\/li>\n<\/ul>\n<p><strong>Departamento de Comunica\u00e7\u00e3o Social (FAFICH)<\/strong><\/p>\n<p>Mandato: 18\/09\/2023 &#8211; 17\/09\/2025<\/p>\n<ul>\n<li>Prof. Juarez Guimar\u00e3es (titular)<\/li>\n<li>Profa. <span style=\"font-weight: 400;\">Graziela Valadares Gomes de Mello Vianna<\/span> (suplente)<\/li>\n<\/ul>\n<p>Mandato:<\/p>\n<ul>\n<li>Prof. N\u00e3o houve indica\u00e7\u00e3o (titular)<\/li>\n<li>Prof. N\u00e3o houve indica\u00e7\u00e3o (suplente)<\/li>\n<\/ul>\n<p>Mandato: 16\/11\/2023 &#8211; 15\/11\/2025<\/p>\n<ul>\n<li>Prof. <span style=\"font-weight: 400;\">Andr\u00e9 Melo Mendes<\/span> (titular)<\/li>\n<li>Prof\u00aa. <span style=\"font-weight: 400;\">Roberta Oliveira V<\/span><span style=\"font-weight: 400;\">eiga<\/span> (suplente)<\/li>\n<\/ul>\n<p><strong>Departamento de Ci\u00eancias Administrativas (FACE)<\/strong><\/p>\n<p>Mandato: 11\/04\/2024 &#8211; 10\/04\/2026<\/p>\n<ul>\n<li>Prof\u00aa. Marlusa de Sevilha Gosling (titular)<\/li>\n<li>Prof. F\u00e1bio Roberto Ferreira Borges (suplente)<\/li>\n<\/ul>\n<p><strong>Departamento de Fotografia e Cinema (EBA)<\/strong><\/p>\n<p>Mandato: 20\/12\/2023 a 19\/12\/2025<\/p>\n<ul>\n<li>Prof. <span style=\"font-weight: 400;\">Adolfo Enrique Cifuentes Porras<\/span> (titular)<\/li>\n<li>Prof. <span style=\"font-weight: 400;\">Eduardo Queiroga<\/span> (suplente)<\/li>\n<\/ul>\n<p><strong>Faculdade de Filosofia e Ci\u00eancias Humanas<\/strong><\/p>\n<p>Mandato: 19\/12\/2023 a 18\/12\/2025<\/p>\n<ul>\n<li>Prof. <span style=\"font-weight: 400;\">Ana Paula Vasconcelos Gon\u00e7alves<\/span> (titular)<\/li>\n<li>Prof. <span style=\"font-weight: 400;\">Felipe Nunes<\/span> (suplente)<\/li>\n<\/ul>\n<p><strong>Representantes Discentes<\/strong><\/p>\n<p>Mandato:<\/p>\n<ul>\n<li>N\u00e3o houve indica\u00e7\u00e3o pelos discentes (titular)<\/li>\n<li>N\u00e3o houve indica\u00e7\u00e3o pelos discentes (suplente)<\/li>\n<\/ul>\n<p class=\"p1\">O Colegiado de Gradua\u00e7\u00e3o \u00e9 o \u00f3rg\u00e3o deliberativo respons\u00e1vel pela edi\u00e7\u00e3o das normas que disciplinam quest\u00f5es did\u00e1ticas relativas ao curso de Rela\u00e7\u00f5es P\u00fablicas. \u00c9 dirigido por docentes que assumem a fun\u00e7\u00e3o de coordena\u00e7\u00e3o e subcoordena\u00e7\u00e3o e que s\u00e3o eleitos pelos membros do colegiado.<\/p>\n<p class=\"p1\">Possui representantes discentes; al\u00e9m de professores da\u00a0<a href=\"http:\/\/www.fafich.ufmg.br\/\" target=\"_blank\" rel=\"noopener noreferrer\">Faculdade de Filosofia e Ci\u00eancias Humanas<\/a>\u00a0e dos Departamentos de\u00a0<a href=\"http:\/\/www.fafich.ufmg.br\/dcs\/\" target=\"_blank\" rel=\"noopener noreferrer\">Comunica\u00e7\u00e3o Social<\/a>,\u00a0<a href=\"https:\/\/www.eba.ufmg.br\/\" target=\"_blank\" rel=\"noopener noreferrer\">Fotografia, Teatro e Cinema<\/a>\u00a0e\u00a0<a href=\"https:\/\/www.face.ufmg.br\/departamentos\/ciencias-administrativas\/o-departamento.html\" target=\"_blank\" rel=\"noopener noreferrer\">Ci\u00eancias Administrativas<\/a>, que oferecem disciplinas ao curso de Rela\u00e7\u00f5es P\u00fablicas.<\/p>\n<p class=\"p1\">Dentre as fun\u00e7\u00f5es do Colegiado est\u00e3o: coordenar e orientar as atividades do curso; requerer e organizar ofertas de disciplinas de sua matriz curricular; avaliar representa\u00e7\u00f5es e recursos sobre mat\u00e9ria did\u00e1tica; representar ao \u00f3rg\u00e3o competente no caso de infra\u00e7\u00e3o disciplinar; al\u00e9m de deliberar sobre quest\u00f5es relativas \u00e0 matr\u00edcula, trancamentos, reop\u00e7\u00e3o, dispensa de disciplina, transfer\u00eancia e obten\u00e7\u00e3o de novo t\u00edtulo.<\/p>\n<p class=\"p1\">Veja, no\u00a0<a href=\"https:\/\/www2.ufmg.br\/sods\/Sods\/Sobre-a-UFMG\/Regimento-Geral\" target=\"_blank\" rel=\"noopener noreferrer\">regimento geral da UFMG<\/a>, as normativas e atribui\u00e7\u00f5es completas dos \u00f3rg\u00e3os colegiados.<\/p>\n","protected":false},"excerpt":{"rendered":"<p>Coordena\u00e7\u00e3o do Curso de Publicidade e Propaganda Mandato: 14\/12\/2023 &#8211; 13\/12\/2025 Prof. Bruno Guimar\u00e3es Martins (Coordenador) N\u00e3o h\u00e1 no momento (Subcoordenador) Departamento de Comunica\u00e7\u00e3o Social (FAFICH) Mandato: 18\/09\/2023 &#8211; 17\/09\/2025 Prof. Juarez Guimar\u00e3es (titular) Profa. Graziela Valadares Gomes de Mello Vianna (suplente) Mandato: Prof. N\u00e3o houve indica\u00e7\u00e3o (titular) Prof. N\u00e3o houve indica\u00e7\u00e3o (suplente) Mandato: 16\/11\/2023 [&hellip;]<\/p>\n","protected":false},"author":1,"featured_media":0,"parent":0,"menu_order":0,"comment_status":"closed","ping_status":"closed","template":"","meta":[],"categories":[],"_links":{"self":[{"href":"https:\/\/www.fafich.ufmg.br\/publicidadeepropaganda\/wp-json\/wp\/v2\/pages\/702"}],"collection":[{"href":"https:\/\/www.fafich.ufmg.br\/publicidadeepropaganda\/wp-json\/wp\/v2\/pages"}],"about":[{"href":"https:\/\/www.fafich.ufmg.br\/publicidadeepropaganda\/wp-json\/wp\/v2\/types\/page"}],"author":[{"embeddable":true,"href":"https:\/\/www.fafich.ufmg.br\/publicidadeepropaganda\/wp-json\/wp\/v2\/users\/1"}],"replies":[{"embeddable":true,"href":"https:\/\/www.fafich.ufmg.br\/publicidadeepropaganda\/wp-json\/wp\/v2\/comments?post=702"}],"version-history":[{"count":14,"href":"https:\/\/www.fafich.ufmg.br\/publicidadeepropaganda\/wp-json\/wp\/v2\/pages\/702\/revisions"}],"predecessor-version":[{"id":1968,"href":"https:\/\/www.fafich.ufmg.br\/publicidadeepropaganda\/wp-json\/wp\/v2\/pages\/702\/revisions\/1968"}],"wp:attachment":[{"href":"https:\/\/www.fafich.ufmg.br\/publicidadeepropaganda\/wp-json\/wp\/v2\/media?parent=702"}],"wp:term":[{"taxonomy":"category","embeddable":true,"href":"https:\/\/www.fafich.ufmg.br\/publicidadeepropaganda\/wp-json\/wp\/v2\/categories?post=702"}],"curies":[{"name":"wp","href":"https:\/\/api.w.org\/{rel}","templated":true}]}}