{"id":704,"date":"2019-12-11T11:01:20","date_gmt":"2019-12-11T14:01:20","guid":{"rendered":"http:\/\/www.fafich.ufmg.br\/publicidadeepropaganda\/?page_id=704\/"},"modified":"2022-05-16T11:52:28","modified_gmt":"2022-05-16T14:52:28","slug":"sobre-o-colegiado","status":"publish","type":"page","link":"https:\/\/www.fafich.ufmg.br\/publicidadeepropaganda\/o-colegiado\/sobre-o-colegiado\/","title":{"rendered":"Sobre o Colegiado"},"content":{"rendered":"<p class=\"p1\">O Colegiado de Gradua\u00e7\u00e3o \u00e9 o \u00f3rg\u00e3o deliberativo respons\u00e1vel pela edi\u00e7\u00e3o das normas que disciplinam quest\u00f5es did\u00e1ticas relativas ao curso de Rela\u00e7\u00f5es P\u00fablicas. \u00c9 dirigido por docentes que assumem a fun\u00e7\u00e3o de coordena\u00e7\u00e3o e subcoordena\u00e7\u00e3o e que s\u00e3o eleitos pelos membros do colegiado.<\/p>\n<p class=\"p1\">Possui representantes discentes; al\u00e9m de professores da\u00a0<a href=\"http:\/\/www.fafich.ufmg.br\/\" target=\"_blank\" rel=\"noopener noreferrer\">Faculdade de Filosofia e Ci\u00eancias Humanas<\/a>\u00a0e dos Departamentos de\u00a0<a href=\"http:\/\/www.fafich.ufmg.br\/dcs\/\" target=\"_blank\" rel=\"noopener noreferrer\">Comunica\u00e7\u00e3o Social<\/a>,\u00a0<a href=\"https:\/\/www.eba.ufmg.br\/\" target=\"_blank\" rel=\"noopener noreferrer\">Fotografia, Teatro e Cinema<\/a>\u00a0e\u00a0<a href=\"https:\/\/www.face.ufmg.br\/departamentos\/ciencias-administrativas\/o-departamento.html\" target=\"_blank\" rel=\"noopener noreferrer\">Ci\u00eancias Administrativas<\/a>, que oferecem disciplinas ao curso de Rela\u00e7\u00f5es P\u00fablicas.<\/p>\n<p class=\"p1\">Dentre as fun\u00e7\u00f5es do Colegiado est\u00e3o: coordenar e orientar as atividades do curso; requerer e organizar ofertas de disciplinas de sua matriz curricular; avaliar representa\u00e7\u00f5es e recursos sobre mat\u00e9ria did\u00e1tica; representar ao \u00f3rg\u00e3o competente no caso de infra\u00e7\u00e3o disciplinar; al\u00e9m de deliberar sobre quest\u00f5es relativas \u00e0 matr\u00edcula, trancamentos, reop\u00e7\u00e3o, dispensa de disciplina, transfer\u00eancia e obten\u00e7\u00e3o de novo t\u00edtulo.<\/p>\n<p class=\"p1\">Veja, no\u00a0<a href=\"https:\/\/www2.ufmg.br\/sods\/Sods\/Sobre-a-UFMG\/Regimento-Geral\" target=\"_blank\" rel=\"noopener noreferrer\">regimento geral da UFMG<\/a>, as normativas e atribui\u00e7\u00f5es completas dos \u00f3rg\u00e3os colegiados.<\/p>\n","protected":false},"excerpt":{"rendered":"<p>O Colegiado de Gradua\u00e7\u00e3o \u00e9 o \u00f3rg\u00e3o deliberativo respons\u00e1vel pela edi\u00e7\u00e3o das normas que disciplinam quest\u00f5es did\u00e1ticas relativas ao curso de Rela\u00e7\u00f5es P\u00fablicas. \u00c9 dirigido por docentes que assumem a fun\u00e7\u00e3o de coordena\u00e7\u00e3o e subcoordena\u00e7\u00e3o e que s\u00e3o eleitos pelos membros do colegiado. Possui representantes discentes; al\u00e9m de professores da\u00a0Faculdade de Filosofia e Ci\u00eancias Humanas\u00a0e [&hellip;]<\/p>\n","protected":false},"author":1,"featured_media":0,"parent":702,"menu_order":0,"comment_status":"closed","ping_status":"closed","template":"","meta":[],"categories":[],"_links":{"self":[{"href":"https:\/\/www.fafich.ufmg.br\/publicidadeepropaganda\/wp-json\/wp\/v2\/pages\/704"}],"collection":[{"href":"https:\/\/www.fafich.ufmg.br\/publicidadeepropaganda\/wp-json\/wp\/v2\/pages"}],"about":[{"href":"https:\/\/www.fafich.ufmg.br\/publicidadeepropaganda\/wp-json\/wp\/v2\/types\/page"}],"author":[{"embeddable":true,"href":"https:\/\/www.fafich.ufmg.br\/publicidadeepropaganda\/wp-json\/wp\/v2\/users\/1"}],"replies":[{"embeddable":true,"href":"https:\/\/www.fafich.ufmg.br\/publicidadeepropaganda\/wp-json\/wp\/v2\/comments?post=704"}],"version-history":[{"count":2,"href":"https:\/\/www.fafich.ufmg.br\/publicidadeepropaganda\/wp-json\/wp\/v2\/pages\/704\/revisions"}],"predecessor-version":[{"id":891,"href":"https:\/\/www.fafich.ufmg.br\/publicidadeepropaganda\/wp-json\/wp\/v2\/pages\/704\/revisions\/891"}],"up":[{"embeddable":true,"href":"https:\/\/www.fafich.ufmg.br\/publicidadeepropaganda\/wp-json\/wp\/v2\/pages\/702"}],"wp:attachment":[{"href":"https:\/\/www.fafich.ufmg.br\/publicidadeepropaganda\/wp-json\/wp\/v2\/media?parent=704"}],"wp:term":[{"taxonomy":"category","embeddable":true,"href":"https:\/\/www.fafich.ufmg.br\/publicidadeepropaganda\/wp-json\/wp\/v2\/categories?post=704"}],"curies":[{"name":"wp","href":"https:\/\/api.w.org\/{rel}","templated":true}]}}