{"id":714,"date":"2019-12-11T11:04:03","date_gmt":"2019-12-11T14:04:03","guid":{"rendered":"http:\/\/www.fafich.ufmg.br\/publicidadeepropaganda\/?page_id=714\/"},"modified":"2026-03-30T08:02:50","modified_gmt":"2026-03-30T11:02:50","slug":"membros-do-nde","status":"publish","type":"page","link":"https:\/\/www.fafich.ufmg.br\/publicidadeepropaganda\/nucleo-docente-estruturante-nde\/membros-do-nde\/","title":{"rendered":"Composi\u00e7\u00e3o do NDE"},"content":{"rendered":"<p>O N\u00facleo Docente Estruturante integrado (NDE)\u00a0 do curso de Publicidade e Propaganda \u00e9 \u00e9 uma inst\u00e2ncia de car\u00e1ter consultivo que deve acompanhar os cursos de gradua\u00e7\u00e3o, visando promover a sua qualidade.<\/p>\n<p>Os membros do NDE foram eleitos em conformidade com a\u00a0<a class=\"file-to-download\" href=\"https:\/\/www2.ufmg.br\/sods\/content\/download\/2301\/15780\/version\/1\/file\/10rescepe2018+NDE.pdf\" target=\"_blank\" rel=\"noopener noreferrer\">Resolu\u00e7\u00e3o 10\/2018 do Conselho de Ensino, Pesquisa e Extens\u00e3o (CEPE) da UFMG<\/a> e a <a href=\"https:\/\/www.fafich.ufmg.br\/publicidadeepropaganda\/wp-content\/uploads\/2021\/06\/Resolucao-001-Col.-PP.pdf\">Resolu\u00e7\u00e3o 001\/2021 do Colegiado de Publicidade e Propaganda<\/a>.<\/p>\n<h2>Membros do NDE de Publicidade e Propaganda<\/h2>\n<ul>\n<li>Prof. <span style=\"font-weight: 400;\">Bruno <\/span><span style=\"font-weight: 400;\">Guimaraes Martins<\/span> &#8211; Membro Nato: Coordenador de Curso (Mandato: <span style=\"font-weight: 400;\">22\/12\/2025 a 21\/12\/2027<\/span>)<\/li>\n<li>Profa. <span style=\"font-weight: 400;\">Paula Guimar\u00e3es Sim\u00f5es (Mandato: 04\/09\/2025 a 03\/09\/2029)<\/span><\/li>\n<li>Profa. <span style=\"font-weight: 400;\">Ana Karina de Carvalho Oliveira (Mandato: 04\/09\/2025 a 03\/09\/2029)<\/span><\/li>\n<li>Prof. <span style=\"font-weight: 400;\">Andr\u00e9 Goes Mintz (Mandato: 26\/03\/2026 a 25\/03\/2030)<\/span><\/li>\n<li>Profa. Roberta Oliveira Veiga (Mandato: <span style=\"font-weight: 400;\">26\/03\/2026 a 25\/03\/2030)<\/span><\/li>\n<\/ul>\n\n","protected":false},"excerpt":{"rendered":"<p>O N\u00facleo Docente Estruturante integrado (NDE)\u00a0 do curso de Publicidade e Propaganda \u00e9 \u00e9 uma inst\u00e2ncia de car\u00e1ter consultivo que deve acompanhar os cursos de gradua\u00e7\u00e3o, visando promover a sua qualidade. Os membros do NDE foram eleitos em conformidade com a\u00a0Resolu\u00e7\u00e3o 10\/2018 do Conselho de Ensino, Pesquisa e Extens\u00e3o (CEPE) da UFMG e a Resolu\u00e7\u00e3o [&hellip;]<\/p>\n","protected":false},"author":1,"featured_media":0,"parent":710,"menu_order":0,"comment_status":"closed","ping_status":"closed","template":"","meta":[],"categories":[],"_links":{"self":[{"href":"https:\/\/www.fafich.ufmg.br\/publicidadeepropaganda\/wp-json\/wp\/v2\/pages\/714"}],"collection":[{"href":"https:\/\/www.fafich.ufmg.br\/publicidadeepropaganda\/wp-json\/wp\/v2\/pages"}],"about":[{"href":"https:\/\/www.fafich.ufmg.br\/publicidadeepropaganda\/wp-json\/wp\/v2\/types\/page"}],"author":[{"embeddable":true,"href":"https:\/\/www.fafich.ufmg.br\/publicidadeepropaganda\/wp-json\/wp\/v2\/users\/1"}],"replies":[{"embeddable":true,"href":"https:\/\/www.fafich.ufmg.br\/publicidadeepropaganda\/wp-json\/wp\/v2\/comments?post=714"}],"version-history":[{"count":13,"href":"https:\/\/www.fafich.ufmg.br\/publicidadeepropaganda\/wp-json\/wp\/v2\/pages\/714\/revisions"}],"predecessor-version":[{"id":2493,"href":"https:\/\/www.fafich.ufmg.br\/publicidadeepropaganda\/wp-json\/wp\/v2\/pages\/714\/revisions\/2493"}],"up":[{"embeddable":true,"href":"https:\/\/www.fafich.ufmg.br\/publicidadeepropaganda\/wp-json\/wp\/v2\/pages\/710"}],"wp:attachment":[{"href":"https:\/\/www.fafich.ufmg.br\/publicidadeepropaganda\/wp-json\/wp\/v2\/media?parent=714"}],"wp:term":[{"taxonomy":"category","embeddable":true,"href":"https:\/\/www.fafich.ufmg.br\/publicidadeepropaganda\/wp-json\/wp\/v2\/categories?post=714"}],"curies":[{"name":"wp","href":"https:\/\/api.w.org\/{rel}","templated":true}]}}