{"id":724,"date":"2019-12-11T11:05:29","date_gmt":"2019-12-11T14:05:29","guid":{"rendered":"http:\/\/www.fafich.ufmg.br\/publicidadeepropaganda\/?page_id=724\/"},"modified":"2024-05-15T08:11:14","modified_gmt":"2024-05-15T11:11:14","slug":"formularios","status":"publish","type":"page","link":"https:\/\/www.fafich.ufmg.br\/publicidadeepropaganda\/secretaria\/formularios\/","title":{"rendered":"Formul\u00e1rios"},"content":{"rendered":"<p><a href=\"https:\/\/www.fafich.ufmg.br\/publicidadeepropaganda\/wp-content\/uploads\/2024\/03\/Aceite-de-Orientacao-de-Projeto-Experimental-04_2024.doc\" target=\"_blank\" rel=\"noopener\">Aceite para orienta\u00e7\u00e3o de Projeto Experimental<\/a><\/p>\n<p><a href=\"https:\/\/www.fafich.ufmg.br\/publicidadeepropaganda\/wp-content\/uploads\/2024\/03\/Requerimento-Mudanca-de-Percurso-Curricular-04_2024.doc\">Mudan\u00e7a de Percurso Curricular (FCA\/FL)<\/a><\/p>\n<p><a href=\"https:\/\/www.fafich.ufmg.br\/publicidadeepropaganda\/wp-content\/uploads\/2019\/12\/Requerimento-de-Regime-Especial.pdf\">Regime Especial<\/a><\/p>\n<p><a href=\"https:\/\/www.fafich.ufmg.br\/publicidadeepropaganda\/wp-content\/uploads\/2019\/12\/Requerimento-de-Avaliac\u0327a\u0303o-Me\u0301dica.pdf\">Avalia\u00e7\u00e3o M\u00e9dica<\/a><\/p>\n<p><a href=\"https:\/\/www.fafich.ufmg.br\/publicidadeepropaganda\/wp-content\/uploads\/2024\/03\/Aproveitamento-de-Estudos-04_2024.doc\">Aproveitamento de Estudos<\/a><\/p>\n<p><a href=\"https:\/\/www.fafich.ufmg.br\/publicidadeepropaganda\/wp-content\/uploads\/2024\/03\/Requerimento-Aproveitamento-a-Posteriori-Atividades-Extracurriculares-04_2024.doc\">Aproveitamento de Estudos a Posteriori (Atividades Extracurriculares)<\/a><\/p>\n<p><a href=\"https:\/\/www.fafich.ufmg.br\/publicidadeepropaganda\/wp-content\/uploads\/2024\/03\/REQUERIMENTO-COLACAO-DE-GRAU-04_2024.doc\">Inscri\u00e7\u00e3o \u00e0 Cola\u00e7\u00e3o de Grau<\/a><\/p>\n<p><a href=\"https:\/\/www2.ufmg.br\/drca\/content\/download\/21108\/145531\/file\/form-22_Inscr-EXAME-ESPEC.pdf\">Inscri\u00e7\u00e3o ao Exame Especial<\/a><\/p>\n<p><a href=\"https:\/\/www.fafich.ufmg.br\/publicidadeepropaganda\/wp-content\/uploads\/2019\/12\/Requerimento-de-Diploma-1\u00aa-Via.pdf\">Emiss\u00e3o de diploma (1\u00aa via)<\/a><\/p>\n<p><a href=\"https:\/\/www.fafich.ufmg.br\/publicidadeepropaganda\/wp-content\/uploads\/2019\/12\/Requerimento-de-Diploma-2\u00aa-Via.pdf\">Emiss\u00e3o de diploma (2\u00aa via)<\/a><\/p>\n<p><a href=\"https:\/\/www2.ufmg.br\/drca\/content\/download\/21947\/150433\/file\/form-31_Prioridade-REG_DIPLOMA.pdf\">Prioridade de registro de diploma<\/a><\/p>\n<p><a href=\"http:\/\/www.fafich.ufmg.br\/relacoespublicas\/wp-content\/uploads\/2019\/12\/Requerimento_Utilizac%CC%A7a%CC%83o-NOME_SOCIAL.pdf\">Inclus\u00e3o de nome social<\/a><\/p>\n","protected":false},"excerpt":{"rendered":"<p>Aceite para orienta\u00e7\u00e3o de Projeto Experimental Mudan\u00e7a de Percurso Curricular (FCA\/FL) Regime Especial Avalia\u00e7\u00e3o M\u00e9dica Aproveitamento de Estudos Aproveitamento de Estudos a Posteriori (Atividades Extracurriculares) Inscri\u00e7\u00e3o \u00e0 Cola\u00e7\u00e3o de Grau Inscri\u00e7\u00e3o ao Exame Especial Emiss\u00e3o de diploma (1\u00aa via) Emiss\u00e3o de diploma (2\u00aa via) Prioridade de registro de diploma Inclus\u00e3o de nome social<\/p>\n","protected":false},"author":1,"featured_media":0,"parent":720,"menu_order":0,"comment_status":"closed","ping_status":"closed","template":"","meta":[],"categories":[],"_links":{"self":[{"href":"https:\/\/www.fafich.ufmg.br\/publicidadeepropaganda\/wp-json\/wp\/v2\/pages\/724"}],"collection":[{"href":"https:\/\/www.fafich.ufmg.br\/publicidadeepropaganda\/wp-json\/wp\/v2\/pages"}],"about":[{"href":"https:\/\/www.fafich.ufmg.br\/publicidadeepropaganda\/wp-json\/wp\/v2\/types\/page"}],"author":[{"embeddable":true,"href":"https:\/\/www.fafich.ufmg.br\/publicidadeepropaganda\/wp-json\/wp\/v2\/users\/1"}],"replies":[{"embeddable":true,"href":"https:\/\/www.fafich.ufmg.br\/publicidadeepropaganda\/wp-json\/wp\/v2\/comments?post=724"}],"version-history":[{"count":14,"href":"https:\/\/www.fafich.ufmg.br\/publicidadeepropaganda\/wp-json\/wp\/v2\/pages\/724\/revisions"}],"predecessor-version":[{"id":2006,"href":"https:\/\/www.fafich.ufmg.br\/publicidadeepropaganda\/wp-json\/wp\/v2\/pages\/724\/revisions\/2006"}],"up":[{"embeddable":true,"href":"https:\/\/www.fafich.ufmg.br\/publicidadeepropaganda\/wp-json\/wp\/v2\/pages\/720"}],"wp:attachment":[{"href":"https:\/\/www.fafich.ufmg.br\/publicidadeepropaganda\/wp-json\/wp\/v2\/media?parent=724"}],"wp:term":[{"taxonomy":"category","embeddable":true,"href":"https:\/\/www.fafich.ufmg.br\/publicidadeepropaganda\/wp-json\/wp\/v2\/categories?post=724"}],"curies":[{"name":"wp","href":"https:\/\/api.w.org\/{rel}","templated":true}]}}