{"id":744,"date":"2019-12-11T11:08:43","date_gmt":"2019-12-11T14:08:43","guid":{"rendered":"http:\/\/www.fafich.ufmg.br\/publicidadeepropaganda\/?page_id=744\/"},"modified":"2022-05-16T12:04:02","modified_gmt":"2022-05-16T15:04:02","slug":"estagio","status":"publish","type":"page","link":"https:\/\/www.fafich.ufmg.br\/publicidadeepropaganda\/estagio\/","title":{"rendered":"Est\u00e1gio"},"content":{"rendered":"<p>Est\u00e1gio \u00e9 o ato educativo escolar supervisionado, desenvolvido no ambiente de trabalho, que visa \u00e0 prepara\u00e7\u00e3o para o trabalho produtivo de estudantes. De acordo com a Lei de Est\u00e1gio (11.788\/2008), o objetivo do est\u00e1gio \u00e9 o aprendizado de compet\u00eancias pr\u00f3prias da atividade profissional e a contextualiza\u00e7\u00e3o curricular, objetivando o desenvolvimento do educando para a vida cidad\u00e3 e para o trabalho. No curso de Publicidade e Propaganda da UFMG, o est\u00e1gio faz parte do projeto pedag\u00f3gico na modalidade <u>n\u00e3o obrigat\u00f3rio<\/u>. O que significa que os alunos podem se formar sem terem feito est\u00e1gio, mas que o est\u00e1gio \u00e9 incentivado pois oportuniza viv\u00eancias profissionais muito importantes para os discentes.<\/p>\n<p>A universidade (representada pelos colegiados de curso) \u00e9 quem media a assinatura da documenta\u00e7\u00e3o de est\u00e1gio e \u00e9 respons\u00e1vel por avaliar a adequa\u00e7\u00e3o do est\u00e1gio \u00e0 proposta pedag\u00f3gica do curso, zelando pelo cumprimento do termo de compromisso e orientando os discentes sobre seus direitos e deveres. Quem analisa e assina a documenta\u00e7\u00e3o \u00e9 a Comiss\u00e3o de Est\u00e1gio.<\/p>\n<p>O est\u00e1gio no curso de Publicidade e Propaganda \u00e9 regulamentado pela <a href=\"https:\/\/www.fafich.ufmg.br\/publicidadeepropaganda\/wp-content\/uploads\/2021\/06\/Resolucao-002-Col.-PP.pdf\" target=\"_blank\" rel=\"noopener\">Resolu\u00e7\u00e3o 002\/2021<\/a>. Trata-se de uma oportunidade de aprendizado para o estudante e n\u00e3o \u00e9 obrigat\u00f3rio para o curso de Publicidade e Propaganda. Ele consiste na atividade de Viv\u00eancia Profissional Complementar e pode ser aproveitado para integraliza\u00e7\u00e3o de at\u00e9 8 (oito) cr\u00e9ditos em Atividades Complementares, conforme previsto no Projeto Pedag\u00f3gico.<\/p>\n<p><a href=\"https:\/\/www.fafich.ufmg.br\/publicidadeepropaganda\/wp-content\/uploads\/2019\/12\/Cartilha-estagio.pdf\">Consulte a cartilha sobre a lei de est\u00e1gio e a \u00edntegra da Lei do est\u00e1gio: LEI N\u00ba 11.788, de 25 de setembro de 2008<\/a>.<\/p>\n","protected":false},"excerpt":{"rendered":"<p>Est\u00e1gio \u00e9 o ato educativo escolar supervisionado, desenvolvido no ambiente de trabalho, que visa \u00e0 prepara\u00e7\u00e3o para o trabalho produtivo de estudantes. De acordo com a Lei de Est\u00e1gio (11.788\/2008), o objetivo do est\u00e1gio \u00e9 o aprendizado de compet\u00eancias pr\u00f3prias da atividade profissional e a contextualiza\u00e7\u00e3o curricular, objetivando o desenvolvimento do educando para a vida [&hellip;]<\/p>\n","protected":false},"author":1,"featured_media":0,"parent":0,"menu_order":0,"comment_status":"closed","ping_status":"closed","template":"page-sanfona.php","meta":[],"categories":[],"_links":{"self":[{"href":"https:\/\/www.fafich.ufmg.br\/publicidadeepropaganda\/wp-json\/wp\/v2\/pages\/744"}],"collection":[{"href":"https:\/\/www.fafich.ufmg.br\/publicidadeepropaganda\/wp-json\/wp\/v2\/pages"}],"about":[{"href":"https:\/\/www.fafich.ufmg.br\/publicidadeepropaganda\/wp-json\/wp\/v2\/types\/page"}],"author":[{"embeddable":true,"href":"https:\/\/www.fafich.ufmg.br\/publicidadeepropaganda\/wp-json\/wp\/v2\/users\/1"}],"replies":[{"embeddable":true,"href":"https:\/\/www.fafich.ufmg.br\/publicidadeepropaganda\/wp-json\/wp\/v2\/comments?post=744"}],"version-history":[{"count":7,"href":"https:\/\/www.fafich.ufmg.br\/publicidadeepropaganda\/wp-json\/wp\/v2\/pages\/744\/revisions"}],"predecessor-version":[{"id":1699,"href":"https:\/\/www.fafich.ufmg.br\/publicidadeepropaganda\/wp-json\/wp\/v2\/pages\/744\/revisions\/1699"}],"wp:attachment":[{"href":"https:\/\/www.fafich.ufmg.br\/publicidadeepropaganda\/wp-json\/wp\/v2\/media?parent=744"}],"wp:term":[{"taxonomy":"category","embeddable":true,"href":"https:\/\/www.fafich.ufmg.br\/publicidadeepropaganda\/wp-json\/wp\/v2\/categories?post=744"}],"curies":[{"name":"wp","href":"https:\/\/api.w.org\/{rel}","templated":true}]}}