{"id":791,"date":"2019-12-12T11:51:07","date_gmt":"2019-12-12T14:51:07","guid":{"rendered":"http:\/\/www.fafich.ufmg.br\/publicidadeepropaganda\/?page_id=791\/"},"modified":"2021-03-06T11:04:47","modified_gmt":"2021-03-06T14:04:47","slug":"forma-de-ingresso","status":"publish","type":"page","link":"https:\/\/www.fafich.ufmg.br\/publicidadeepropaganda\/o-curso\/forma-de-ingresso\/","title":{"rendered":"Formas de Ingresso"},"content":{"rendered":"<p>O curso de Publicidade e Propaganda oferece 40 vagas anuais, no turno da manh\u00e3, no primeiro semestre de cada ano. O processo seletivo ocorre por meio do Sistema de Sele\u00e7\u00e3o Unificada (SISU),\u00a0a partir das notas do Enem.<\/p>\n<p>Para informa\u00e7\u00f5es sobre o processo seletivo,\u00a0acompanhe, na p\u00e1gina do <a href=\"http:\/\/www.ufmg.br\/sisu\/\" target=\"_blank\" rel=\"noopener noreferrer\">Sisu UFMG<\/a>, informa\u00e7\u00f5es atualizadas sobre:<\/p>\n<ul>\n<li>Vagas \/ Nota de corte<\/li>\n<li>Reserva de vagas<\/li>\n<li>Perguntas frequentes<\/li>\n<li>Assist\u00eancia Estudantil<\/li>\n<\/ul>\n<p>Al\u00e9m do SISU, outras formas de ingresso ao curso s\u00e3o:<\/p>\n<ul>\n<li><em>Transfere\u0302ncia Comum <\/em>&#8211; A aceitac\u0327a\u0303o de um estudante de outra Instituic\u0327a\u0303o de Ensino Superior (IES), seja ela nacional ou estrangeira, e\u0301 condicionada a\u0300 existe\u0302ncia de vagas remanescentes;<\/li>\n<li><em>Transfere\u0302ncia Especial de servidores pu\u0301blicos federais<\/em>, ou seus dependentes &#8211; para estudantes de cursos de Publicidade e Propaganda ou da A\u0301rea de Comunicac\u0327a\u0303o Social de outras instituic\u0327o\u0303es pu\u0301blicas de ensino superior, cujo munici\u0301pio sede de reside\u0302ncia seja Belo Horizonte ou munici\u0301pio pro\u0301ximo a Belo Horizonte que na\u0303o possua instituic\u0327a\u0303o pu\u0301blica de ensino superior que oferte curso de Publicidade e Propaganda ou da A\u0301rea de Comunicac\u0327a\u0303o Social.<\/li>\n<li><em>Programa Estudante Conve\u0302nio (PEC-G) <\/em>&#8211; O Programa Estudante-Conve\u0302nio de Graduac\u0327a\u0303o e\u0301 resultado de acordos de cooperac\u0327a\u0303o cultural, cienti\u0301fica e tecnolo\u0301gica assinados entre pai\u0301ses em desenvolvimento visando a\u0300 formac\u0327a\u0303o de recursos humanos. Possibilita que estudantes desses pai\u0301ses realizem seus estudos no Brasil;<\/li>\n<li><em>Obtenc\u0327a\u0303o de Novo Ti\u0301tulo <\/em>&#8211; Oportunidade oferecida aos diplomados em curso superior de ingressarem no Curso de Publicidade e Propaganda, na ocorre\u0302ncia de vagas remanescentes ofertadas em processo seletivo;<\/li>\n<li><em>Reopc\u0327a\u0303o <\/em>&#8211; possibilidade dada aos estudantes da UFMG, ingressos via SiSu, de se transferirem para o Curso de Publicidade e Propaganda, por meio de processo seletivo interno (desde que exista a oferta de vagas remanescentes) e seja satisfeita a integralizac\u0327a\u0303o de 35 e 75% dos cre\u0301ditos do curso de origem.<\/li>\n<li><em>Refugiados pol\u00edticos &#8211;<\/em> Ingresso decorrente da aceita\u00e7\u00e3o de refugiados pol\u00edticos como alunos de cursos de gradua\u00e7\u00e3o, de acordo com a Resolu\u00e7\u00e3o n\u00b0 03\/2004, do CEPE\/UFMG.<\/li>\n<\/ul>\n<p>Em todos os casos, a avaliac\u0327a\u0303o das possibilidades de aproveitamento de estudos e\u0301 feita pelo Colegiado de Curso.<\/p>\n<p>Para informa\u00e7\u00f5es de vagas remanescentes, consulte o <a href=\"http:\/\/www2.ufmg.br\/drca\/\" target=\"_blank\" rel=\"noopener noreferrer\">DRCA<\/a>.<\/p>\n","protected":false},"excerpt":{"rendered":"<p>O curso de Publicidade e Propaganda oferece 40 vagas anuais, no turno da manh\u00e3, no primeiro semestre de cada ano. O processo seletivo ocorre por meio do Sistema de Sele\u00e7\u00e3o Unificada (SISU),\u00a0a partir das notas do Enem. Para informa\u00e7\u00f5es sobre o processo seletivo,\u00a0acompanhe, na p\u00e1gina do Sisu UFMG, informa\u00e7\u00f5es atualizadas sobre: Vagas \/ Nota de [&hellip;]<\/p>\n","protected":false},"author":1,"featured_media":0,"parent":690,"menu_order":0,"comment_status":"closed","ping_status":"closed","template":"","meta":[],"categories":[],"_links":{"self":[{"href":"https:\/\/www.fafich.ufmg.br\/publicidadeepropaganda\/wp-json\/wp\/v2\/pages\/791"}],"collection":[{"href":"https:\/\/www.fafich.ufmg.br\/publicidadeepropaganda\/wp-json\/wp\/v2\/pages"}],"about":[{"href":"https:\/\/www.fafich.ufmg.br\/publicidadeepropaganda\/wp-json\/wp\/v2\/types\/page"}],"author":[{"embeddable":true,"href":"https:\/\/www.fafich.ufmg.br\/publicidadeepropaganda\/wp-json\/wp\/v2\/users\/1"}],"replies":[{"embeddable":true,"href":"https:\/\/www.fafich.ufmg.br\/publicidadeepropaganda\/wp-json\/wp\/v2\/comments?post=791"}],"version-history":[{"count":3,"href":"https:\/\/www.fafich.ufmg.br\/publicidadeepropaganda\/wp-json\/wp\/v2\/pages\/791\/revisions"}],"predecessor-version":[{"id":1421,"href":"https:\/\/www.fafich.ufmg.br\/publicidadeepropaganda\/wp-json\/wp\/v2\/pages\/791\/revisions\/1421"}],"up":[{"embeddable":true,"href":"https:\/\/www.fafich.ufmg.br\/publicidadeepropaganda\/wp-json\/wp\/v2\/pages\/690"}],"wp:attachment":[{"href":"https:\/\/www.fafich.ufmg.br\/publicidadeepropaganda\/wp-json\/wp\/v2\/media?parent=791"}],"wp:term":[{"taxonomy":"category","embeddable":true,"href":"https:\/\/www.fafich.ufmg.br\/publicidadeepropaganda\/wp-json\/wp\/v2\/categories?post=791"}],"curies":[{"name":"wp","href":"https:\/\/api.w.org\/{rel}","templated":true}]}}