{"id":793,"date":"2019-12-12T11:52:00","date_gmt":"2019-12-12T14:52:00","guid":{"rendered":"http:\/\/www.fafich.ufmg.br\/publicidadeepropaganda\/?page_id=793\/"},"modified":"2026-04-10T09:12:07","modified_gmt":"2026-04-10T12:12:07","slug":"coordenacao-e-membros-do-colegiado","status":"publish","type":"page","link":"https:\/\/www.fafich.ufmg.br\/publicidadeepropaganda\/o-colegiado\/coordenacao-e-membros-do-colegiado\/","title":{"rendered":"Coordena\u00e7\u00e3o e membros do Colegiado"},"content":{"rendered":"<p><strong>Coordena\u00e7\u00e3o do Curso de Publicidade e Propaganda<\/strong><\/p>\n<ul>\n<li>Prof.\u00a0 <span style=\"font-weight: 400;\">Bruno <\/span><span style=\"font-weight: 400;\">Guimaraes Martins <\/span>(coordenador) &#8211; Mandato: <span style=\"font-weight: 400;\">22\/12\/2025 a 21\/12\/2027<\/span><\/li>\n<li>Profa. Laura Guimar\u00e3es Corr\u00eaa (Subcoordenadora) &#8211; Mandato: <span style=\"font-weight: 400;\">07\/04\/2026 a 06\/04\/2028<\/span><\/li>\n<\/ul>\n<p><strong>Departamento de Comunica\u00e7\u00e3o Social (FAFICH)<\/strong><\/p>\n<ul>\n<li>Prof\u00aa. Graziela Valadares Gomes de Mello Vianna (suplente)<\/li>\n<li><span style=\"font-weight: 400;\">Andr\u00e9 Melo Mendes (suplente)<\/span><\/li>\n<li><span style=\"font-size: inherit;\">Mandato:<\/span> <span style=\"font-weight: 400;\">17\/09\/2025 a 16\/09\/2027<\/span><\/li>\n<\/ul>\n<ul>\n<li>Profa. <span style=\"font-weight: 400;\">Ana Karina de Carvalho Oliveira<\/span>\u00a0(titular)<\/li>\n<li>Prof. <span style=\"font-weight: 400;\">Thales Vilela Lelo<\/span>\u00a0(suplente)<\/li>\n<li><span style=\"font-size: inherit;\"><span style=\"font-size: inherit;\">Mandato: <\/span><\/span>08\/04\/2026 <span style=\"font-weight: 400;\">a 07\/04\/2028<\/span><\/li>\n<\/ul>\n<ul>\n<li>Prof. <span style=\"font-weight: 400;\">Ettore Stefani de Medeiros <\/span><span style=\"font-weight: 400;\">(titular)<\/span><\/li>\n<li>Prof. <span style=\"font-weight: 400;\">Tiago Barcelos Pereira Salgado (suplente)<\/span><\/li>\n<li><span style=\"font-size: inherit;\">Mandato: <span style=\"font-weight: 400;\">16\/11\/2025 a 15\/11\/2027<\/span><\/span><\/li>\n<\/ul>\n<p><strong>Faculdade de Filosofia e Ci\u00eancias Humanas &#8211; FAFICH<\/strong><\/p>\n<ul>\n<li>Prof. <span style=\"font-weight: 400;\">Filipe Mendes Motta (titular)<\/span><\/li>\n<li><span style=\"font-weight: 400;\">Ana Paula Vasconcelos Gon\u00e7alves<\/span> (suplente)<\/li>\n<li>Mandato: <span style=\"font-weight: 400;\">11\/03\/2026 a 10\/03\/2028<\/span><\/li>\n<\/ul>\n<p><strong>Departamento de Ci\u00eancias Administrativas (FACE)<\/strong><\/p>\n<ul>\n<li>Prof.\u00a0<span style=\"font-weight: 400;\">F\u00e1bio <\/span><span style=\"font-weight: 400;\">Roberto Ferreira Borges\u00a0<\/span>\u00a0(titular)<\/li>\n<li>Profa.\u00a0<span style=\"font-weight: 400;\">Marlusa de<\/span><span style=\"font-weight: 400;\"> Sevilha Gosling\u00a0<\/span>\u00a0(suplente)<\/li>\n<li>Mandato: <span style=\"font-weight: 400;\">11\/04\/2026 \u2013 10\/04\/2028<\/span><\/li>\n<\/ul>\n<p><strong>Departamento de Fotografia e Cinema (EBA)<\/strong><\/p>\n<ul>\n<li>Prof. <span style=\"font-weight: 400;\">Adolfo Enrique Cifuentes Porras<\/span> (Titular)<\/li>\n<li>Prof. <span style=\"font-weight: 400;\">Eduardo Queiroga (Suplente)<\/span><\/li>\n<li>Mandato: <span style=\"font-weight: 400;\">2<\/span><strong><span style=\"font-weight: 400;\">0\/12\/2023 \u2013 19\/12\/2025<\/span><\/strong><\/li>\n<\/ul>\n<p><b>Representantes discentes<\/b><\/p>\n<ul>\n<li>N\u00e3o h\u00e1 no momento<\/li>\n<\/ul>\n","protected":false},"excerpt":{"rendered":"<p>Coordena\u00e7\u00e3o do Curso de Publicidade e Propaganda Prof.\u00a0 Bruno Guimaraes Martins (coordenador) &#8211; Mandato: 22\/12\/2025 a 21\/12\/2027 Profa. Laura Guimar\u00e3es Corr\u00eaa (Subcoordenadora) &#8211; Mandato: 07\/04\/2026 a 06\/04\/2028 Departamento de Comunica\u00e7\u00e3o Social (FAFICH) Prof\u00aa. Graziela Valadares Gomes de Mello Vianna (suplente) Andr\u00e9 Melo Mendes (suplente) Mandato: 17\/09\/2025 a 16\/09\/2027 Profa. Ana Karina de Carvalho Oliveira\u00a0(titular) Prof. [&hellip;]<\/p>\n","protected":false},"author":1,"featured_media":0,"parent":702,"menu_order":0,"comment_status":"closed","ping_status":"closed","template":"","meta":[],"categories":[],"_links":{"self":[{"href":"https:\/\/www.fafich.ufmg.br\/publicidadeepropaganda\/wp-json\/wp\/v2\/pages\/793"}],"collection":[{"href":"https:\/\/www.fafich.ufmg.br\/publicidadeepropaganda\/wp-json\/wp\/v2\/pages"}],"about":[{"href":"https:\/\/www.fafich.ufmg.br\/publicidadeepropaganda\/wp-json\/wp\/v2\/types\/page"}],"author":[{"embeddable":true,"href":"https:\/\/www.fafich.ufmg.br\/publicidadeepropaganda\/wp-json\/wp\/v2\/users\/1"}],"replies":[{"embeddable":true,"href":"https:\/\/www.fafich.ufmg.br\/publicidadeepropaganda\/wp-json\/wp\/v2\/comments?post=793"}],"version-history":[{"count":34,"href":"https:\/\/www.fafich.ufmg.br\/publicidadeepropaganda\/wp-json\/wp\/v2\/pages\/793\/revisions"}],"predecessor-version":[{"id":2500,"href":"https:\/\/www.fafich.ufmg.br\/publicidadeepropaganda\/wp-json\/wp\/v2\/pages\/793\/revisions\/2500"}],"up":[{"embeddable":true,"href":"https:\/\/www.fafich.ufmg.br\/publicidadeepropaganda\/wp-json\/wp\/v2\/pages\/702"}],"wp:attachment":[{"href":"https:\/\/www.fafich.ufmg.br\/publicidadeepropaganda\/wp-json\/wp\/v2\/media?parent=793"}],"wp:term":[{"taxonomy":"category","embeddable":true,"href":"https:\/\/www.fafich.ufmg.br\/publicidadeepropaganda\/wp-json\/wp\/v2\/categories?post=793"}],"curies":[{"name":"wp","href":"https:\/\/api.w.org\/{rel}","templated":true}]}}