{"id":839,"date":"2019-12-16T09:49:32","date_gmt":"2019-12-16T12:49:32","guid":{"rendered":"http:\/\/www.fafich.ufmg.br\/publicidadeepropaganda\/?page_id=839\/"},"modified":"2025-08-11T10:15:50","modified_gmt":"2025-08-11T13:15:50","slug":"horarios-de-atendimento","status":"publish","type":"page","link":"https:\/\/www.fafich.ufmg.br\/publicidadeepropaganda\/estagio\/horarios-de-atendimento\/","title":{"rendered":"Hor\u00e1rios de atendimento"},"content":{"rendered":"<p><strong>Comiss\u00e3o de Est\u00e1gio do curso de Publicidade e Propaganda 2025\/2<\/strong><\/p>\n<ul>\n<li>Orientador: Prof. Thales Vilela Lelo<\/li>\n<li>Atendimento: ter\u00e7as-feiras, de 9h00 \u00e0s 12h00, remoto, via <a style=\"font-size: inherit; font-family: -apple-system, BlinkMacSystemFont, 'Segoe UI', Roboto, Oxygen-Sans, Ubuntu, Cantarell, 'Helvetica Neue', sans-serif;\" href=\"mailto:estagiosppufmg@gmail.com\">estagiosppufmg@gmail.com<\/a><\/li>\n<\/ul>\n\n","protected":false},"excerpt":{"rendered":"<p>Comiss\u00e3o de Est\u00e1gio do curso de Publicidade e Propaganda 2025\/2 Orientador: Prof. Thales Vilela Lelo Atendimento: ter\u00e7as-feiras, de 9h00 \u00e0s 12h00, remoto, via estagiosppufmg@gmail.com<\/p>\n","protected":false},"author":1,"featured_media":0,"parent":744,"menu_order":0,"comment_status":"closed","ping_status":"closed","template":"","meta":[],"categories":[],"_links":{"self":[{"href":"https:\/\/www.fafich.ufmg.br\/publicidadeepropaganda\/wp-json\/wp\/v2\/pages\/839"}],"collection":[{"href":"https:\/\/www.fafich.ufmg.br\/publicidadeepropaganda\/wp-json\/wp\/v2\/pages"}],"about":[{"href":"https:\/\/www.fafich.ufmg.br\/publicidadeepropaganda\/wp-json\/wp\/v2\/types\/page"}],"author":[{"embeddable":true,"href":"https:\/\/www.fafich.ufmg.br\/publicidadeepropaganda\/wp-json\/wp\/v2\/users\/1"}],"replies":[{"embeddable":true,"href":"https:\/\/www.fafich.ufmg.br\/publicidadeepropaganda\/wp-json\/wp\/v2\/comments?post=839"}],"version-history":[{"count":14,"href":"https:\/\/www.fafich.ufmg.br\/publicidadeepropaganda\/wp-json\/wp\/v2\/pages\/839\/revisions"}],"predecessor-version":[{"id":2467,"href":"https:\/\/www.fafich.ufmg.br\/publicidadeepropaganda\/wp-json\/wp\/v2\/pages\/839\/revisions\/2467"}],"up":[{"embeddable":true,"href":"https:\/\/www.fafich.ufmg.br\/publicidadeepropaganda\/wp-json\/wp\/v2\/pages\/744"}],"wp:attachment":[{"href":"https:\/\/www.fafich.ufmg.br\/publicidadeepropaganda\/wp-json\/wp\/v2\/media?parent=839"}],"wp:term":[{"taxonomy":"category","embeddable":true,"href":"https:\/\/www.fafich.ufmg.br\/publicidadeepropaganda\/wp-json\/wp\/v2\/categories?post=839"}],"curies":[{"name":"wp","href":"https:\/\/api.w.org\/{rel}","templated":true}]}}