{"id":841,"date":"2019-12-16T09:49:52","date_gmt":"2019-12-16T12:49:52","guid":{"rendered":"http:\/\/www.fafich.ufmg.br\/publicidadeepropaganda\/?page_id=841\/"},"modified":"2025-04-15T09:09:51","modified_gmt":"2025-04-15T12:09:51","slug":"informacoes","status":"publish","type":"page","link":"https:\/\/www.fafich.ufmg.br\/publicidadeepropaganda\/estagio\/informacoes\/","title":{"rendered":"Informa\u00e7\u00f5es sobre est\u00e1gio"},"content":{"rendered":"<div>\u00a0<\/div>\n<p>O est\u00e1gio deve contemplar um plano de atividades que descreva a\u00e7\u00f5es realizadas pelo estudante na \u00e1rea da Comunica\u00e7\u00e3o.<\/p>\n<p>A carga hor\u00e1ria m\u00e1xima do est\u00e1gio \u00e9 de 30 horas semanais e poder\u00e1 ser eventualmente alterada para n\u00e3o prejudicar o bom aproveitamento do estudante no curso (caso de provas ou comparecimento \u00e0 Comiss\u00e3o de Est\u00e1gio, por exemplo).<\/p>\n<p>O est\u00e1gio do estudante do Curso de Publicidade e Propaganda \u00e9 acompanhado pela Comiss\u00e3o de Est\u00e1gio deste curso de forma conjunta com a Coordena\u00e7\u00e3o de Curso.<\/p>\n<p>A Comiss\u00e3o de Est\u00e1gio \u00e9 respons\u00e1vel por aprovar o plano de atividades proposto ao in\u00edcio do est\u00e1gio, receber e avaliar os relat\u00f3rios parciais e finais do est\u00e1gio.<\/p>\n<p>As atividades did\u00e1ticas do estudante s\u00e3o priorit\u00e1rias e a participa\u00e7\u00e3o e aproveitamento do aluno no curso n\u00e3o podem ser prejudicadas pela participa\u00e7\u00e3o no est\u00e1gio.<\/p>\n<h2 style=\"text-align: center;\">Fluxo de formaliza\u00e7\u00e3o de est\u00e1gio<\/h2>\n<p>A formaliza\u00e7\u00e3o de v\u00ednculos de est\u00e1gio acontece por meio do SISTEMA ELETR\u00d4NICO DE INFORMA\u00c7\u00c3O (SEI-UFMG).<\/p>\n<p><strong>Primeiro passo:<\/strong> Discentes, Respons\u00e1veis Legais da Empresa\/Institui\u00e7\u00e3o, Supervisores de Est\u00e1gio devem realizar cadastro como usu\u00e1rios externos no SEI <a href=\"https:\/\/sei.ufmg.br\/sei\/controlador_externo.php?acao=usuario_externo_avisar_cadastro&amp;id_orgao_acesso_externo=0\" target=\"_blank\" rel=\"noopener\">(clique no link para se cadastrar)<\/a>.\u00a0<\/p>\n<p><strong>Segundo passo:<\/strong> Discente ou respons\u00e1vel pela empresa envia documentos ao <a href=\"mailto:estagiosppufmg@gmail.com\" target=\"_blank\" rel=\"noopener\">e-mail da Comiss\u00e3o de Est\u00e1gio<\/a>.<\/p>\n<p><strong>Terceiro passo:<\/strong> Comiss\u00e3o de Est\u00e1gio confere os documentos e cria um processo no SEI para as assinaturas.<\/p>\n<ul>\n<li>Aten\u00e7\u00e3o: A partir do dia 16\/09\/2024, o Orientador de Est\u00e1gio a ser indicado nos Termos de Compromisso de Est\u00e1gio \u00e9 o prof. Thales Vilela Lelo.<\/li>\n<\/ul>\n<h2 style=\"text-align: center;\">Atendimento da Comiss\u00e3o de Est\u00e1gio<\/h2>\n<ul>\n<li>Ter\u00e7as-feiras, de 9h00 \u00e0s 12h00, remoto, via <a style=\"font-size: inherit; font-family: -apple-system, BlinkMacSystemFont, 'Segoe UI', Roboto, Oxygen-Sans, Ubuntu, Cantarell, 'Helvetica Neue', sans-serif;\" href=\"mailto:estagiosppufmg@gmail.com\">estagiosppufmg@gmail.com<\/a><\/li>\n<\/ul>\n\n","protected":false},"excerpt":{"rendered":"<p>\u00a0 O est\u00e1gio deve contemplar um plano de atividades que descreva a\u00e7\u00f5es realizadas pelo estudante na \u00e1rea da Comunica\u00e7\u00e3o. A carga hor\u00e1ria m\u00e1xima do est\u00e1gio \u00e9 de 30 horas semanais e poder\u00e1 ser eventualmente alterada para n\u00e3o prejudicar o bom aproveitamento do estudante no curso (caso de provas ou comparecimento \u00e0 Comiss\u00e3o de Est\u00e1gio, por [&hellip;]<\/p>\n","protected":false},"author":1,"featured_media":0,"parent":744,"menu_order":0,"comment_status":"closed","ping_status":"closed","template":"page-sanfona.php","meta":[],"categories":[47],"_links":{"self":[{"href":"https:\/\/www.fafich.ufmg.br\/publicidadeepropaganda\/wp-json\/wp\/v2\/pages\/841"}],"collection":[{"href":"https:\/\/www.fafich.ufmg.br\/publicidadeepropaganda\/wp-json\/wp\/v2\/pages"}],"about":[{"href":"https:\/\/www.fafich.ufmg.br\/publicidadeepropaganda\/wp-json\/wp\/v2\/types\/page"}],"author":[{"embeddable":true,"href":"https:\/\/www.fafich.ufmg.br\/publicidadeepropaganda\/wp-json\/wp\/v2\/users\/1"}],"replies":[{"embeddable":true,"href":"https:\/\/www.fafich.ufmg.br\/publicidadeepropaganda\/wp-json\/wp\/v2\/comments?post=841"}],"version-history":[{"count":20,"href":"https:\/\/www.fafich.ufmg.br\/publicidadeepropaganda\/wp-json\/wp\/v2\/pages\/841\/revisions"}],"predecessor-version":[{"id":2297,"href":"https:\/\/www.fafich.ufmg.br\/publicidadeepropaganda\/wp-json\/wp\/v2\/pages\/841\/revisions\/2297"}],"up":[{"embeddable":true,"href":"https:\/\/www.fafich.ufmg.br\/publicidadeepropaganda\/wp-json\/wp\/v2\/pages\/744"}],"wp:attachment":[{"href":"https:\/\/www.fafich.ufmg.br\/publicidadeepropaganda\/wp-json\/wp\/v2\/media?parent=841"}],"wp:term":[{"taxonomy":"category","embeddable":true,"href":"https:\/\/www.fafich.ufmg.br\/publicidadeepropaganda\/wp-json\/wp\/v2\/categories?post=841"}],"curies":[{"name":"wp","href":"https:\/\/api.w.org\/{rel}","templated":true}]}}