{"id":851,"date":"2019-12-16T09:53:21","date_gmt":"2019-12-16T12:53:21","guid":{"rendered":"http:\/\/www.fafich.ufmg.br\/publicidadeepropaganda\/?page_id=851\/"},"modified":"2025-04-01T10:56:59","modified_gmt":"2025-04-01T13:56:59","slug":"trabalho-de-conclusao-de-curso","status":"publish","type":"page","link":"https:\/\/www.fafich.ufmg.br\/publicidadeepropaganda\/o-curso\/trabalho-de-conclusao-de-curso\/","title":{"rendered":"Trabalho de Conclus\u00e3o de Curso"},"content":{"rendered":"\n<p>No curso de Publicidade e Propaganda, o Trabalho de Conclus\u00e3o de Curso e\u0301 chamado de Projeto Experimental. Trata-se de um dos momentos em que o estudante pode conceber e realizar as mais diferentes pr\u00e1ticas de Publicidade e Propaganda articuladas a um pensamento estrat\u00e9gico acerca do seu papel. E\u0301 uma possibilidade concreta de articular ensino, pesquisa e extens\u00e3o ao demandar que se organizem trabalhos que necessitam associar intrinsecamente o diagn\u00f3stico e a resolu\u00e7\u00e3o do problema com o aprendizado e o ensino.<\/p>\n\n\n\n<p>O Projeto Experimental compreende a elabora\u00e7\u00e3o de monografia ou produ\u00e7\u00e3o espec\u00edfica, em torno de tem\u00e1tica e\/ou pr\u00e1tica da Publicidade e Propaganda.<\/p>\n\n\n\n<p>No sexto semestre o(a) estudante devera\u0301 cursar o Semin\u00e1rio de Projeto Experimental, no qual formulara\u0301 a proposta de trabalho a ser executada e definir\u00e1 o(a) professor(a) que ir\u00e1 orient\u00e1-lo(a) nos dois semestres seguintes. No final do semestre, <strong>conforme data estabelecida no calend\u00e1rio do curso<\/strong>, o(a) aluno(a) dever\u00e1 enviar, via <a href=\"https:\/\/virtual.ufmg.br\/plataforma\/mod\/assign\/view.php?id=32564\">moodle<\/a> ao Colegiado, o formul\u00e1rio de <a href=\"https:\/\/www.fafich.ufmg.br\/publicidadeepropaganda\/wp-content\/uploads\/2025\/04\/Aceite-de-Orientacao-de-Projeto-Experimental-08_2024-1.pdf\">Aceite de Orienta\u00e7\u00e3o em Projeto Experimental<\/a> .\u00a0Com a entrega do formul\u00e1rio, o(a) aluno(a) formalizar\u00e1, junto ao Colegiado, a escolha do(a) seu(sua) orientador(a) e o aceite do(a) mesmo(a) em orient\u00e1-lo(a).<\/p>\n\n\n\n<p>A orienta\u00e7\u00e3o do Projeto Experimental \u00e9 realizada por um\/uma docente atuante no Departamento de Comunica\u00e7\u00e3o Social, ou de outro departamento da UFMG (desde que haja anu\u00eancia do Colegiado do curso), com compet\u00eancia reconhecida na \u00e1rea a que se vincula o trabalho.&nbsp; Havendo necessidade, pode haver uma coorienta\u00e7\u00e3o, realizada por docente ou profissional de forma\u00e7\u00e3o superior e compet\u00eancia reconhecida.<\/p>\n\n\n\n<p><span style=\"color: #ff6600;\"><a style=\"color: #ff6600;\" href=\"https:\/\/www.fafich.ufmg.br\/publicidadeepropaganda\/portifolio-de-tccc\/\">Veja os TCCs que j\u00e1 foram defendidos<\/a><\/span><\/p>\n<p>&nbsp;<\/p>\n\n\n\n<div class=\"wp-block-buttons\">\n<div class=\"wp-block-button\"><a class=\"wp-block-button__link\"><\/a><\/div>\n<\/div>\n\n\n\n<p><strong>Importante<\/strong>:<\/p>\n\n\n\n<p>As orienta\u00e7\u00f5es dos trabalhos de TCC dever\u00e3o ser realizadas exclusivamente por professor do quadro efetivo da UFMG.<\/p>\n\n\n\n<p>Estudantes da p\u00f3s-gradua\u00e7\u00e3o (mestrando(a) ou doutorando(a)), poder\u00e3o atuar nestes trabalhos. Neste caso, dever\u00e3o ser <strong>coorientadores<\/strong>, n\u00e3o sendo permitido a atua\u00e7\u00e3o como orientador(a).<\/p>\n\n\n\n<p>O Colegiado de Publicidade e Propaganda conduz a realiza\u00e7\u00e3o de Trabalhos de Conclus\u00e3o de Cursos a partir da resolu\u00e7\u00e3o <strong><a href=\"https:\/\/www.fafich.ufmg.br\/publicidadeepropaganda\/wp-content\/uploads\/2019\/12\/Resolu%C3%A7%C3%A3o-05.2018-Estabelece-Normas-para-a-Realiza%C3%A7%C3%A3o-dos-Projetos-Experimentais.pdf\">COL.PP. 005\/2018<\/a>.<\/strong><\/p>\n\n\n\n<p class=\"has-text-align-center\"><strong>Procedimentos para Realiza\u00e7\u00e3o da Defesa de TCC<\/strong><\/p>\n\n\n\n<p>\u25cf Passo 1 &#8211; O(A) estudante dever\u00e1, juntamente com seu(sua) orientador(a), organizar a apresenta\u00e7\u00e3o da defesa escolhendo a banca, data, hor\u00e1rio, agendando o local e providenciando os equipamentos necess\u00e1rios.<\/p>\n\n\n\n<p>\u25cf Passo 2 &#8211; O(A) estudante dever\u00e1 enviar via <a href=\"https:\/\/virtual.ufmg.br\/plataforma\/mod\/assign\/view.php?id=34109\">moodle<\/a> para o colegiado, <strong>conforme data estabelecida no calend\u00e1rio do Curso<\/strong>, o <a href=\"https:\/\/www.fafich.ufmg.br\/publicidadeepropaganda\/wp-content\/uploads\/2025\/04\/Agendamento-de-Defesa-de-TCC-08_2024-2.pdf\">Formul\u00e1rio de Agendamento de Defesa de TCC<\/a> contendo todas as informa\u00e7\u00f5es preenchidas.<\/p>\n\n\n\n\n\n<p>\u25cf Passo 3 &#8211; Ap\u00f3s o recebimento do Formul\u00e1rio de Registro de Defesa, o Colegiado far\u00e1 a divulga\u00e7\u00e3o da apresenta\u00e7\u00e3o do trabalho e enviar\u00e1 ao(\u00e0) orientador(a) as informa\u00e7\u00f5es sobre os demais procedimentos.<\/p>\n\n\n\n<p><em>Importante: Ap\u00f3s a defesa, as notas somente ser\u00e3o lan\u00e7adas ap\u00f3s o recebimento pelo Colegiado da vers\u00e3o final do trabalho, da ata e da s\u00famula contendo as assinaturas de todos os membros da banca.<\/em><\/p>\n\n\n\n<p><strong>Fa\u00e7a o download dos formul\u00e1rios necess\u00e1rios para o TCC<\/strong><\/p>\n\n\n\n<div class=\"wp-block-file\"><a href=\"https:\/\/www.fafich.ufmg.br\/publicidadeepropaganda\/wp-content\/uploads\/2025\/04\/Aceite-de-Orientacao-de-Projeto-Experimental-08_2024.pdf\">Formul\u00e1rio de Aceite de Orienta\u00e7\u00e3o de Projeto Experimental<\/a><\/div>\n\n\n","protected":false},"excerpt":{"rendered":"<p>No curso de Publicidade e Propaganda, o Trabalho de Conclus\u00e3o de Curso e\u0301 chamado de Projeto Experimental. Trata-se de um dos momentos em que o estudante pode conceber e realizar as mais diferentes pr\u00e1ticas de Publicidade e Propaganda articuladas a um pensamento estrat\u00e9gico acerca do seu papel. E\u0301 uma possibilidade concreta de articular ensino, pesquisa [&hellip;]<\/p>\n","protected":false},"author":1,"featured_media":0,"parent":690,"menu_order":0,"comment_status":"closed","ping_status":"closed","template":"","meta":[],"categories":[],"_links":{"self":[{"href":"https:\/\/www.fafich.ufmg.br\/publicidadeepropaganda\/wp-json\/wp\/v2\/pages\/851"}],"collection":[{"href":"https:\/\/www.fafich.ufmg.br\/publicidadeepropaganda\/wp-json\/wp\/v2\/pages"}],"about":[{"href":"https:\/\/www.fafich.ufmg.br\/publicidadeepropaganda\/wp-json\/wp\/v2\/types\/page"}],"author":[{"embeddable":true,"href":"https:\/\/www.fafich.ufmg.br\/publicidadeepropaganda\/wp-json\/wp\/v2\/users\/1"}],"replies":[{"embeddable":true,"href":"https:\/\/www.fafich.ufmg.br\/publicidadeepropaganda\/wp-json\/wp\/v2\/comments?post=851"}],"version-history":[{"count":42,"href":"https:\/\/www.fafich.ufmg.br\/publicidadeepropaganda\/wp-json\/wp\/v2\/pages\/851\/revisions"}],"predecessor-version":[{"id":2281,"href":"https:\/\/www.fafich.ufmg.br\/publicidadeepropaganda\/wp-json\/wp\/v2\/pages\/851\/revisions\/2281"}],"up":[{"embeddable":true,"href":"https:\/\/www.fafich.ufmg.br\/publicidadeepropaganda\/wp-json\/wp\/v2\/pages\/690"}],"wp:attachment":[{"href":"https:\/\/www.fafich.ufmg.br\/publicidadeepropaganda\/wp-json\/wp\/v2\/media?parent=851"}],"wp:term":[{"taxonomy":"category","embeddable":true,"href":"https:\/\/www.fafich.ufmg.br\/publicidadeepropaganda\/wp-json\/wp\/v2\/categories?post=851"}],"curies":[{"name":"wp","href":"https:\/\/api.w.org\/{rel}","templated":true}]}}