{"id":860,"date":"2019-12-17T14:51:41","date_gmt":"2019-12-17T17:51:41","guid":{"rendered":"http:\/\/www.fafich.ufmg.br\/publicidadeepropaganda\/?page_id=860\/"},"modified":"2023-08-08T09:38:27","modified_gmt":"2023-08-08T12:38:27","slug":"resolucoes-do-colegiado","status":"publish","type":"page","link":"https:\/\/www.fafich.ufmg.br\/publicidadeepropaganda\/normas-e-resolucoes\/resolucoes-do-colegiado\/","title":{"rendered":"Resolu\u00e7\u00f5es do Colegiado"},"content":{"rendered":"<p>Resolu\u00e7\u00e3o 001\/ 2022 &#8211; <a href=\"https:\/\/www.fafich.ufmg.br\/publicidadeepropaganda\/wp-content\/uploads\/2023\/08\/Resoluc\u0327a\u0303o-001-2022-AAC-optativas.pdf\" target=\"_blank\" rel=\"noopener\">Disp\u00f5e sobre n\u00famero m\u00ednimo de vagas em Atividades Acad\u00eamicas Curriculares optativas no Curso de Gradua\u00e7\u00e3o em Publicidade e Propaganda<\/a><\/p>\n<p>Resolu\u00e7\u00e3o 001\/ 2021 &#8211; <a href=\"https:\/\/www.fafich.ufmg.br\/publicidadeepropaganda\/wp-content\/uploads\/2021\/06\/Resolucao-001-Col.-PP.pdf\" target=\"_blank\" rel=\"noopener\">Disp\u00f5e sobre cria\u00e7\u00e3o e regulamenta o funcionamento do N\u00facleo Docente Estruturante (NDE) no Curso de Gradua\u00e7\u00e3o em Publicidade e Propaganda<\/a><\/p>\n<p>Resolu\u00e7\u00e3o 002\/ 2021 &#8211; <a href=\"https:\/\/www.fafich.ufmg.br\/publicidadeepropaganda\/wp-content\/uploads\/2021\/06\/Resolucao-002-Col.-PP.pdf\" target=\"_blank\" rel=\"noopener\">Regulamenta normas para realiza\u00e7\u00e3o de est\u00e1gio curricular supervisionado para alunos do curso de Publicidade e Propaganda<\/a><\/p>\n<p>Resolu\u00e7\u00e3o 001\/2020 &#8211; <a href=\"https:\/\/www.fafich.ufmg.br\/publicidadeepropaganda\/wp-content\/uploads\/2019\/12\/2.2-Resoluc\u0327a\u0303o-COL.-PP_01_2020_-ATIVIDADES-COMPLEMENTARES-aprovada-em-29-06-2020.pdf\">Estabelece os crit\u00e9rios para atribui\u00e7\u00e3o de cr\u00e9ditos em atividades acad\u00eamicas curriculares com registro a posteriori (Atividades do Grupo G9)<\/a><\/p>\n<p>Resolu\u00e7\u00e3o 003\/2019 &#8211; <a href=\"https:\/\/www.fafich.ufmg.br\/publicidadeepropaganda\/wp-content\/uploads\/2019\/12\/003-2019.pdf\">Regulamenta sobre normas para provimento de vagas remanescentes de reop\u00e7\u00e3o para o curso de Publicidade e Propaganda<\/a><\/p>\n<p>Resolu\u00e7\u00e3o 006\/2018 &#8211; <a href=\"https:\/\/www.fafich.ufmg.br\/publicidadeepropaganda\/wp-content\/uploads\/2019\/12\/Resolu\u00e7\u00e3o-06.2018-Disp\u00f5e-sobre-a-Mobilidade-Acad\u00eamica-Estudantil.pdf\">Disp\u00f5e sobre a Mobilidade Acad\u00eamica] Estudantil<\/a><\/p>\n<p>Resolu\u00e7\u00e3o 005\/2018 &#8211; <a href=\"https:\/\/www.fafich.ufmg.br\/publicidadeepropaganda\/wp-content\/uploads\/2019\/12\/Resolu\u00e7\u00e3o-05.2018-Estabelece-Normas-para-a-Realiza\u00e7\u00e3o-dos-Projetos-Experimentais.pdf\">Estabelece Normas para a Realiza\u00e7\u00e3o dos Projetos Experimentais<\/a><\/p>\n<p>Resolu\u00e7\u00e3o 004\/2018 &#8211; <a href=\"https:\/\/www.fafich.ufmg.br\/publicidadeepropaganda\/wp-content\/uploads\/2019\/12\/Resolu\u00e7\u00e3o-04.2018-Regulamenta-as-vagas-de-Refugiados-Pol\u00edticos.pdf\">Regulamenta as vagas de Refugiados Pol\u00edticos<\/a><\/p>\n<p>Resolu\u00e7\u00e3o 003\/2018 &#8211; <a href=\"https:\/\/www.fafich.ufmg.br\/publicidadeepropaganda\/wp-content\/uploads\/2019\/12\/Resolu\u00e7\u00e3o-03.2018-Regulamenta-a-Vincula\u00e7\u00e3o-de-FCA-FL.pdf\" target=\"_blank\" rel=\"noopener\">Regulamenta a Vincula\u00e7\u00e3o de FCA-FL<\/a><\/p>\n<p>Resolu\u00e7\u00e3o 002\/2018 &#8211; <a href=\"https:\/\/www.fafich.ufmg.br\/publicidadeepropaganda\/wp-content\/uploads\/2019\/12\/Resolu\u00e7\u00e3o-02.2018-Regulamenta-as-Atividades-de-Projetos.pdf\">Regulamenta as Atividades de Projetos<\/a><\/p>\n<p>Resolu\u00e7\u00e3o 003\/2017 &#8211; <a href=\"https:\/\/www.fafich.ufmg.br\/publicidadeepropaganda\/wp-content\/uploads\/2019\/12\/Resolu\u00e7\u00e3o-03.2017-Estabelece-normas-para-distribui\u00e7\u00e3o-de-vaga-especial-para-refugiados-no-curso-de-Publicidade-e-Propaganda.pdf\">Estabelece normas para distribui\u00e7\u00e3o de vaga especial para refugiados no curso de Publicidade e Propaganda<\/a><\/p>\n<p>Resolu\u00e7\u00e3o 002\/2017 &#8211; <a href=\"https:\/\/www.fafich.ufmg.br\/publicidadeepropaganda\/wp-content\/uploads\/2019\/12\/Resolu\u00e7\u00e3o-02.2017-Estabelece-normas-para-distribui\u00e7\u00e3o-de-vagas-remanescentes-nas-modalidades-de-reop\u00e7\u00e3o-e-rematr\u00edcula-no-curso-de-Publicidade-e-Proopaganda.pdf\">Estabelece normas para distribui\u00e7\u00e3o de vagas remanescentes, nas modalidades de reop\u00e7\u00e3o e rematr\u00edcula no curso de Publicidade e Propaganda<\/a><\/p>\n","protected":false},"excerpt":{"rendered":"<p>Resolu\u00e7\u00e3o 001\/ 2022 &#8211; Disp\u00f5e sobre n\u00famero m\u00ednimo de vagas em Atividades Acad\u00eamicas Curriculares optativas no Curso de Gradua\u00e7\u00e3o em Publicidade e Propaganda Resolu\u00e7\u00e3o 001\/ 2021 &#8211; Disp\u00f5e sobre cria\u00e7\u00e3o e regulamenta o funcionamento do N\u00facleo Docente Estruturante (NDE) no Curso de Gradua\u00e7\u00e3o em Publicidade e Propaganda Resolu\u00e7\u00e3o 002\/ 2021 &#8211; Regulamenta normas para realiza\u00e7\u00e3o [&hellip;]<\/p>\n","protected":false},"author":1,"featured_media":0,"parent":802,"menu_order":0,"comment_status":"closed","ping_status":"closed","template":"","meta":[],"categories":[],"_links":{"self":[{"href":"https:\/\/www.fafich.ufmg.br\/publicidadeepropaganda\/wp-json\/wp\/v2\/pages\/860"}],"collection":[{"href":"https:\/\/www.fafich.ufmg.br\/publicidadeepropaganda\/wp-json\/wp\/v2\/pages"}],"about":[{"href":"https:\/\/www.fafich.ufmg.br\/publicidadeepropaganda\/wp-json\/wp\/v2\/types\/page"}],"author":[{"embeddable":true,"href":"https:\/\/www.fafich.ufmg.br\/publicidadeepropaganda\/wp-json\/wp\/v2\/users\/1"}],"replies":[{"embeddable":true,"href":"https:\/\/www.fafich.ufmg.br\/publicidadeepropaganda\/wp-json\/wp\/v2\/comments?post=860"}],"version-history":[{"count":15,"href":"https:\/\/www.fafich.ufmg.br\/publicidadeepropaganda\/wp-json\/wp\/v2\/pages\/860\/revisions"}],"predecessor-version":[{"id":1888,"href":"https:\/\/www.fafich.ufmg.br\/publicidadeepropaganda\/wp-json\/wp\/v2\/pages\/860\/revisions\/1888"}],"up":[{"embeddable":true,"href":"https:\/\/www.fafich.ufmg.br\/publicidadeepropaganda\/wp-json\/wp\/v2\/pages\/802"}],"wp:attachment":[{"href":"https:\/\/www.fafich.ufmg.br\/publicidadeepropaganda\/wp-json\/wp\/v2\/media?parent=860"}],"wp:term":[{"taxonomy":"category","embeddable":true,"href":"https:\/\/www.fafich.ufmg.br\/publicidadeepropaganda\/wp-json\/wp\/v2\/categories?post=860"}],"curies":[{"name":"wp","href":"https:\/\/api.w.org\/{rel}","templated":true}]}}