{"id":991,"date":"2020-02-28T20:36:06","date_gmt":"2020-02-28T23:36:06","guid":{"rendered":"http:\/\/www.fafich.ufmg.br\/publicidadeepropaganda\/?page_id=991\/"},"modified":"2026-02-25T07:59:15","modified_gmt":"2026-02-25T10:59:15","slug":"calendario","status":"publish","type":"page","link":"https:\/\/www.fafich.ufmg.br\/publicidadeepropaganda\/secretaria\/calendario\/","title":{"rendered":"Calend\u00e1rio Acad\u00eamico 2026\/1"},"content":{"rendered":"<p>O Colegiado de Publicidade e Propaganda divulga o seu calend\u00e1rio para o 1\u00ba semestre letivo de 2026. Neste calend\u00e1rio constam as datas espec\u00edficas do curso. <a href=\"https:\/\/docs.google.com\/document\/d\/1jhOtbf6pGiEDBs-53dbO_81fWx0ektSU\/edit?usp=sharing&amp;ouid=102616374057883660270&amp;rtpof=true&amp;sd=true\" target=\"_blank\" rel=\"noopener\">Clique aqui para acess\u00e1-lo<\/a>.<\/p>\n<p>Para acessar o calend\u00e1rio da UFMG,\u00a0 <a href=\"https:\/\/drive.google.com\/file\/d\/1dbpCS-pGH9HUTKoStV003zJx9yTIT-6x\/view?usp=drive_link\">clique aqui<\/a>.<\/p>\n<p>Fa\u00e7a uma leitura completa e detalhada de ambos os calend\u00e1rios e anote as datas que julgar mais importantes.<\/p>\n<p>Fique atento(a) para n\u00e3o perder nenhuma data, pois o Colegiado n\u00e3o aceitar\u00e1 requerimentos fora dos prazos.<\/p>\n\n\n<p><\/p>\n\n\n","protected":false},"excerpt":{"rendered":"<p>O Colegiado de Publicidade e Propaganda divulga o seu calend\u00e1rio para o 1\u00ba semestre letivo de 2026. Neste calend\u00e1rio constam as datas espec\u00edficas do curso. Clique aqui para acess\u00e1-lo. Para acessar o calend\u00e1rio da UFMG,\u00a0 clique aqui. Fa\u00e7a uma leitura completa e detalhada de ambos os calend\u00e1rios e anote as datas que julgar mais importantes. [&hellip;]<\/p>\n","protected":false},"author":1,"featured_media":0,"parent":720,"menu_order":0,"comment_status":"closed","ping_status":"closed","template":"page-sanfona.php","meta":[],"categories":[],"_links":{"self":[{"href":"https:\/\/www.fafich.ufmg.br\/publicidadeepropaganda\/wp-json\/wp\/v2\/pages\/991"}],"collection":[{"href":"https:\/\/www.fafich.ufmg.br\/publicidadeepropaganda\/wp-json\/wp\/v2\/pages"}],"about":[{"href":"https:\/\/www.fafich.ufmg.br\/publicidadeepropaganda\/wp-json\/wp\/v2\/types\/page"}],"author":[{"embeddable":true,"href":"https:\/\/www.fafich.ufmg.br\/publicidadeepropaganda\/wp-json\/wp\/v2\/users\/1"}],"replies":[{"embeddable":true,"href":"https:\/\/www.fafich.ufmg.br\/publicidadeepropaganda\/wp-json\/wp\/v2\/comments?post=991"}],"version-history":[{"count":33,"href":"https:\/\/www.fafich.ufmg.br\/publicidadeepropaganda\/wp-json\/wp\/v2\/pages\/991\/revisions"}],"predecessor-version":[{"id":2484,"href":"https:\/\/www.fafich.ufmg.br\/publicidadeepropaganda\/wp-json\/wp\/v2\/pages\/991\/revisions\/2484"}],"up":[{"embeddable":true,"href":"https:\/\/www.fafich.ufmg.br\/publicidadeepropaganda\/wp-json\/wp\/v2\/pages\/720"}],"wp:attachment":[{"href":"https:\/\/www.fafich.ufmg.br\/publicidadeepropaganda\/wp-json\/wp\/v2\/media?parent=991"}],"wp:term":[{"taxonomy":"category","embeddable":true,"href":"https:\/\/www.fafich.ufmg.br\/publicidadeepropaganda\/wp-json\/wp\/v2\/categories?post=991"}],"curies":[{"name":"wp","href":"https:\/\/api.w.org\/{rel}","templated":true}]}}