{"id":508,"date":"2025-03-21T15:53:03","date_gmt":"2025-03-21T18:53:03","guid":{"rendered":"https:\/\/www.fafich.ufmg.br\/relacoespublicas\/?page_id=508"},"modified":"2026-03-04T11:26:13","modified_gmt":"2026-03-04T14:26:13","slug":"origem-da-fafich","status":"publish","type":"page","link":"https:\/\/www.fafich.ufmg.br\/relacoespublicas\/?page_id=508","title":{"rendered":"Origem da Fafich"},"content":{"rendered":"\n<p>A Fafich nasceu na Rua dos Tamoios, no&nbsp;pr\u00e9dio da Casa d\u2019It\u00e1lia, em 21 de abril de 1939. No fim dos anos 1930, foi com a autoriza\u00e7\u00e3o do ministro da Educa\u00e7\u00e3o do governo Vargas, Gustavo Capanema, que um grupo de intelectuais mineiros, em sua maioria vinculados ao Col\u00e9gio Marconi, fundou a Faculdade de Filosofia (Fafi), institui\u00e7\u00e3o de ensino superior destinada a formar professores em Belo Horizonte. Na \u00e9poca, o col\u00e9gio era vinculado \u00e0 Casa d\u2019It\u00e1lia, institui\u00e7\u00e3o criada pelo governo de Benito Mussolini (1922-1943), com unidades espalhadas pelo Brasil, para atender \u00e0s necessidades dos imigrantes italianos. \u201cPor incr\u00edvel que pare\u00e7a, os prim\u00f3rdios da Fafich t\u00eam certa rela\u00e7\u00e3o com o fascismo\u201d, conta Vanessa Veiga, professora do Departamento de Comunica\u00e7\u00e3o da UFMG e ex-aluna da Faculdade.<\/p>\n\n\n\n<p>Entre os fundadores&nbsp;da Fafi, est\u00e3o&nbsp;Arthur Versiani Velloso, Braz Pellegrino, Padre Cl\u00f3vis de Souza e Silva, Jos\u00e9 Louren\u00e7o de Oliveira e L\u00facio Jos\u00e9 dos Santos. Nos primeiros seis anos, todos eles&nbsp;trabalharam sem remunera\u00e7\u00e3o.<\/p>\n\n\n\n<p>Com o in\u00edcio da Segunda&nbsp;Guerra Mundial, a Fafi transferiu-se para as instala\u00e7\u00f5es do Instituto de Educa\u00e7\u00e3o e, posteriormente, para o Edif\u00edcio Acaiaca, sua primeira sede pr\u00f3pria. Nos primeiros anos, abrigou os cursos de Filosofia, Pedagogia, Letras, Hist\u00f3ria Natural, Geografia, Matem\u00e1tica, F\u00edsica, Qu\u00edmica, Ci\u00eancias Sociais e Hist\u00f3ria.<\/p>\n\n\n\n<p>No in\u00edcio da d\u00e9cada de 1960, a unidade mudou-se para o pr\u00e9dio da Rua Carangola, no bairro Santo Ant\u00f4nio. Ainda nos anos 60, foram implantados os cursos de Jornalismo e Psicologia e o&nbsp;Departamento de Ci\u00eancia Pol\u00edtica.<\/p>\n\n\n\n<p>Com a reforma Universit\u00e1ria de 1968, foi adotado o nome Faculdade de Filosofia e Ci\u00eancias Humanas. Enquanto alguns cursos foram realocados para outros pr\u00e9dios, ficaram no \u00e2mbito da Fafich as gradua\u00e7\u00f5es em&nbsp;Ci\u00eancias Sociais, Comunica\u00e7\u00e3o Social, Filosofia, Hist\u00f3ria e Psicologia. A Fafich foi foco de resist\u00eancia durante o regime militar. Em 1968, o pr\u00e9dio da Carangola foi cercado pela pol\u00edcia, mas os militares acabaram&nbsp;impedidos de entrar pelo ent\u00e3o diretor, professor Pedro Parafita de Bessa. No ano seguinte, Parafita de&nbsp;Bessa foi destitu\u00eddo do cargo e aposentado compulsoriamente pelo governo militar, com base no Ato Institucional n\u00b0 5, o AI-5.<\/p>\n\n\n\n<p>A transfer\u00eancia da sede para o campus Pampulha deu-se em 1990. Mais recentemente, foram incorporadas as gradua\u00e7\u00f5es em Ci\u00eancias Socioambientais, Gest\u00e3o P\u00fablica e Antropologia. Hoje, a Fafich abriga tamb\u00e9m o mestrado em Antropologia e seis programas de p\u00f3s-gradua\u00e7\u00e3o, que incluem tamb\u00e9m o doutorado: Ci\u00eancia Pol\u00edtica, Comunica\u00e7\u00e3o Social, Filosofia, Hist\u00f3ria, Psicologia e Sociologia.<\/p>\n\n\n\n<p>FONTE:&nbsp;https:\/\/ufmg.br\/comunicacao\/noticias\/as-mesas-a-placa-e-o-busto-fafich-comemora-80-anos-de-historia<\/p>\n","protected":false},"excerpt":{"rendered":"<p>A Fafich nasceu na Rua dos Tamoios, no&nbsp;pr\u00e9dio da Casa d\u2019It\u00e1lia, em 21 de abril de 1939. No fim dos anos 1930, foi com a autoriza\u00e7\u00e3o do ministro da Educa\u00e7\u00e3o do governo Vargas, Gustavo Capanema, que um grupo de intelectuais mineiros, em sua maioria vinculados ao Col\u00e9gio Marconi, fundou a Faculdade de Filosofia (Fafi), institui\u00e7\u00e3o [&hellip;]<\/p>\n","protected":false},"author":2,"featured_media":0,"parent":0,"menu_order":0,"comment_status":"closed","ping_status":"closed","template":"","meta":{"_acf_changed":false,"footnotes":""},"class_list":["post-508","page","type-page","status-publish","hentry"],"acf":[],"_links":{"self":[{"href":"https:\/\/www.fafich.ufmg.br\/relacoespublicas\/index.php?rest_route=\/wp\/v2\/pages\/508"}],"collection":[{"href":"https:\/\/www.fafich.ufmg.br\/relacoespublicas\/index.php?rest_route=\/wp\/v2\/pages"}],"about":[{"href":"https:\/\/www.fafich.ufmg.br\/relacoespublicas\/index.php?rest_route=\/wp\/v2\/types\/page"}],"author":[{"embeddable":true,"href":"https:\/\/www.fafich.ufmg.br\/relacoespublicas\/index.php?rest_route=\/wp\/v2\/users\/2"}],"replies":[{"embeddable":true,"href":"https:\/\/www.fafich.ufmg.br\/relacoespublicas\/index.php?rest_route=%2Fwp%2Fv2%2Fcomments&post=508"}],"version-history":[{"count":3,"href":"https:\/\/www.fafich.ufmg.br\/relacoespublicas\/index.php?rest_route=\/wp\/v2\/pages\/508\/revisions"}],"predecessor-version":[{"id":1071,"href":"https:\/\/www.fafich.ufmg.br\/relacoespublicas\/index.php?rest_route=\/wp\/v2\/pages\/508\/revisions\/1071"}],"wp:attachment":[{"href":"https:\/\/www.fafich.ufmg.br\/relacoespublicas\/index.php?rest_route=%2Fwp%2Fv2%2Fmedia&parent=508"}],"curies":[{"name":"wp","href":"https:\/\/api.w.org\/{rel}","templated":true}]}}