{"id":510,"date":"2025-03-21T15:53:03","date_gmt":"2025-03-21T18:53:03","guid":{"rendered":"https:\/\/www.fafich.ufmg.br\/relacoespublicas\/?page_id=510"},"modified":"2026-03-04T11:18:36","modified_gmt":"2026-03-04T14:18:36","slug":"auditorio-carangola","status":"publish","type":"page","link":"https:\/\/www.fafich.ufmg.br\/relacoespublicas\/?page_id=510","title":{"rendered":"Audit\u00f3rio Carangola"},"content":{"rendered":"\n<p>O audit\u00f3rio Carangola \u00e9 um dos mais recentes audit\u00f3rios da FAFICH. At\u00e9 pouco tempo essa era uma sala de aula, mas considerando o tamanho ampliado da sala, foi transformado em audit\u00f3rio, recebendo o nome de Carangola oficialmente em 2018, ap\u00f3s uma sugest\u00e3o dos representantes dos alunos na Congrega\u00e7\u00e3o da FAFICH.<br>E por que Carangola? Porque esse era o nome da rua onde antigamente ficava o emblem\u00e1tico pr\u00e9dio da FAFICH.<\/p>\n\n\n\n<p>A FAFICH come\u00e7ou suas atividades em 1939 na antiga Casa de It\u00e1lia, situada \u00e0 rua dos Tamoios. Tamb\u00e9m j\u00e1 ocupou as instala\u00e7\u00f5es do Instituto de Educa\u00e7\u00e3o, quando o governo brasileiro rompeu rela\u00e7\u00f5es com a It\u00e1lia, durante a 2\u00aa. Grande Guerra. Depois, foi para o edif\u00edcio Acaiaca, onde ocupou, por mais de uma d\u00e9cada, quatro andares. Finalmente na d\u00e9cada de 1960, a Faculdade de Filosofia transferiu-se para o pr\u00e9dio da Rua Carangola, n\u00famero 288, no bairro Santo Ant\u00f4nio onde ficou at\u00e9 1990. O predio da rua Carangola foi tombado em 2014 como s\u00edmbolo da resist\u00eancia ao regime militar que se instalou no pa\u00eds em 1964 e existe um projeto para abrigar o Memorial da Anistia.<br>O pr\u00e9dio da rua Carangola guarda muitas hist\u00f3rias e muitos afetos por quem ali passou. Foram 30 anos abrigando os cursos da FAFICH e muitos professores e funcion\u00e1rios que por ali passaram, ainda est\u00e3o na FAFICH e sempre trazem \u00e0 tona essas lembran\u00e7as. O pr\u00e9dio da Carangola foi palco tamb\u00e9m de resist\u00eancia durante o per\u00edodo da ditadura militar.<br>Para quem n\u00e3o sabe, em 5 de outubro de 1968, o predio da Carangola foi cercado pela Pol\u00edcia Militar que amea\u00e7ava entrar para prender o presidente do Diret\u00f3rio Acad\u00eamico (DA) da Fafich, \u00e0 \u00e9poca o estudante de hist\u00f3ria Waldo Silva, e outros l\u00edderes estudantis, que se encontravam no subsolo do pr\u00e9dio, organizando a viagem ao Congresso da UNE (Uni\u00e3o Nacional de Estudantes).<br>Esse foi um dos grandes epis\u00f3dios de resist\u00eancia pol\u00edtica da Universidade \u00e0 ditadura. Do subsolo, os estudantes foram para os andares mais altos da Fafich (7\u00ba e 8\u00ba) e, no caminho, montaram barricadas nas rampas internas, com carteiras e mesas recolhidas nas salas de aula. Os elevadores foram desligados e apenas uma linha de telefone foi mantida, para que os entrincheirados pudessem se comunicar. Aos integrantes da Uni\u00e3o Estadual de Estudantes (UEE) juntaram-se os demais alunos que assistiam \u00e0s aulas no dia, al\u00e9m de professores e funcion\u00e1rios. Calcula-se que mais de 700 pessoas ficaram sitiadas no pr\u00e9dio. Aos poucos, os parentes dos estudantes come\u00e7aram a se juntar, do lado de fora, em busca de not\u00edcias.<br>A resist\u00eancia dos alunos, professores e funcion\u00e1rios e a coragem e habilidade do professor Pedro Parafita de Bessa \u00e0 \u00e9poca diretor da FAFICH, impediram a invas\u00e3o. Entre outras coisas, Bessa e os sitiados rejeitaram sumariamente a proposta dos militares de levantar o cerco em troca de Waldo e de outros nove l\u00edderes do movimento estudantil. Ap\u00f3s muitas negocia\u00e7\u00f5es&nbsp;e uma carta da dire\u00e7\u00e3o da Fafich negando a exist\u00eancia da reuni\u00e3o clandestina, o cerco foi levantado. J\u00e1 era noite em Belo Horizonte quando os estudantes come\u00e7aram a sair do pr\u00e9dio, ainda temerosos de que tudo n\u00e3o passasse de um truque.<br>A sa\u00edda foi emblem\u00e1tica do esp\u00edrito de solidariedade que unia a comunidade acad\u00eamica contra as inger\u00eancias da ditadura na Universidade. Os professores foram os respons\u00e1veis por tirar do pr\u00e9dio os alunos mais visados e lev\u00e1-los para locais seguros.<br>O professor Bessa, diretor da FAFICH na \u00e9poca, foi fundamental nesse processo de impedir a entrada dos militates.<\/p>\n\n\n\n<p>Provavelmente em raz\u00e3o disso, foi v\u00edtima da ditadura militar. Pouco tempo depois dessa tentativa de invas\u00e3o da Pol\u00edcia Militar, em 1969, Bessa foi aposentado compulsoriamente pelo governo militar, atrav\u00e9s do Ato institucional no. 5.<\/p>\n","protected":false},"excerpt":{"rendered":"<p>O audit\u00f3rio Carangola \u00e9 um dos mais recentes audit\u00f3rios da FAFICH. At\u00e9 pouco tempo essa era uma sala de aula, mas considerando o tamanho ampliado da sala, foi transformado em audit\u00f3rio, recebendo o nome de Carangola oficialmente em 2018, ap\u00f3s uma sugest\u00e3o dos representantes dos alunos na Congrega\u00e7\u00e3o da FAFICH.E por que Carangola? Porque esse [&hellip;]<\/p>\n","protected":false},"author":2,"featured_media":0,"parent":0,"menu_order":0,"comment_status":"closed","ping_status":"closed","template":"","meta":{"_acf_changed":false,"footnotes":""},"class_list":["post-510","page","type-page","status-publish","hentry"],"acf":[],"_links":{"self":[{"href":"https:\/\/www.fafich.ufmg.br\/relacoespublicas\/index.php?rest_route=\/wp\/v2\/pages\/510"}],"collection":[{"href":"https:\/\/www.fafich.ufmg.br\/relacoespublicas\/index.php?rest_route=\/wp\/v2\/pages"}],"about":[{"href":"https:\/\/www.fafich.ufmg.br\/relacoespublicas\/index.php?rest_route=\/wp\/v2\/types\/page"}],"author":[{"embeddable":true,"href":"https:\/\/www.fafich.ufmg.br\/relacoespublicas\/index.php?rest_route=\/wp\/v2\/users\/2"}],"replies":[{"embeddable":true,"href":"https:\/\/www.fafich.ufmg.br\/relacoespublicas\/index.php?rest_route=%2Fwp%2Fv2%2Fcomments&post=510"}],"version-history":[{"count":3,"href":"https:\/\/www.fafich.ufmg.br\/relacoespublicas\/index.php?rest_route=\/wp\/v2\/pages\/510\/revisions"}],"predecessor-version":[{"id":1043,"href":"https:\/\/www.fafich.ufmg.br\/relacoespublicas\/index.php?rest_route=\/wp\/v2\/pages\/510\/revisions\/1043"}],"wp:attachment":[{"href":"https:\/\/www.fafich.ufmg.br\/relacoespublicas\/index.php?rest_route=%2Fwp%2Fv2%2Fmedia&parent=510"}],"curies":[{"name":"wp","href":"https:\/\/api.w.org\/{rel}","templated":true}]}}