{"id":511,"date":"2025-03-21T15:53:03","date_gmt":"2025-03-21T18:53:03","guid":{"rendered":"https:\/\/www.fafich.ufmg.br\/relacoespublicas\/?page_id=511"},"modified":"2026-03-04T11:18:30","modified_gmt":"2026-03-04T14:18:30","slug":"auditorio-baesse","status":"publish","type":"page","link":"https:\/\/www.fafich.ufmg.br\/relacoespublicas\/?page_id=511","title":{"rendered":"Audit\u00f3rio Baesse"},"content":{"rendered":"\n<p>O Audit\u00f3rio Baesse homenageia o professor Carlos Eduardo Baesse de Souza que foi professor do Departamento de Ci\u00eancia Pol\u00edtica da UFMG por 17 anos, no per\u00edodo entre 1977 e 1994.<br>Baesse, como era chamado pelos amigos, colegas e alunos, foi professor de teoria pol\u00edtica com s\u00f3lida forma\u00e7\u00e3o filos\u00f3fica. Apresentava destacado dom\u00ednio das obras de Montesquieu, Voltaire, Diderot e Rousseau, al\u00e9m de ser um estudioso do idealismo alem\u00e3o, tendo se dedicado nos \u00faltimos anos de vida ao estudo de Hegel. Baesse foi Diretor do Centro de Estudos Mineiros e membro da Congrega\u00e7\u00e3o da FAFICH. Definido pelos colegas como inteligente, bem humorado, espirituoso, afetuoso e respeitoso, Baesse foi um intransigente defensor da democracia, mas n\u00e3o era engajado apenas politicamente, sendo profundamente dedicado \u00e0s suas aulas e aos estudos.<\/p>\n\n\n\n<p>Segundo a ex-professora Laura da Veiga, Baesse \u201c\u2026transformava a inquietude intelectual em trabalho, em esfor\u00e7o profundo para o entendimento dos desafios e paradoxos colocados pela filosofia, ci\u00eancia pol\u00edtica, hist\u00f3ria, sociologia e antropologia e, inclusive, literatura\u2026\u201d. Baesse faleceu prematuramente em 1994, ainda com menos de 50 anos, e sua aus\u00eancia causou grande como\u00e7\u00e3o na FAFICH, tendo sido seu nome atribu\u00eddo pouco tempo depois ao audit\u00f3rio localizado no 4\u00ba andar. Na vis\u00e3o da professora F\u00e1tima Anastasia, \u201cBaesse viveu entre n\u00f3s e morreu. E a marca que ele deixou no mundo, n\u00e3o a deixou nas coisas, mas nas pessoas: nos seus amigos, nos seus alunos, em todos n\u00f3s, gravadas indelevelmente com a sua lembran\u00e7a e condenados \u00e0 tristeza da sua aus\u00eancia \u2026 A excel\u00eancia dele era algo natural, que flu\u00eda na sua fala e nos seus atos e iluminava sua express\u00e3o. O conv\u00edvio com ele era sempre uma experi\u00eancia fascinante, e quem teve esse privil\u00e9gio sabe que \u00e9 imposs\u00edvel esquecer Baesse\u201d.<br>Por tudo isso, quase que imediatamente ap\u00f3s a morte prematura de Baesse, os alunos, professores e funcion\u00e1rios da FAFICH foram un\u00e2nimes em homenagear Baesse como o nome de um dos audit\u00f3rios.<\/p>\n","protected":false},"excerpt":{"rendered":"<p>O Audit\u00f3rio Baesse homenageia o professor Carlos Eduardo Baesse de Souza que foi professor do Departamento de Ci\u00eancia Pol\u00edtica da UFMG por 17 anos, no per\u00edodo entre 1977 e 1994.Baesse, como era chamado pelos amigos, colegas e alunos, foi professor de teoria pol\u00edtica com s\u00f3lida forma\u00e7\u00e3o filos\u00f3fica. Apresentava destacado dom\u00ednio das obras de Montesquieu, Voltaire, [&hellip;]<\/p>\n","protected":false},"author":2,"featured_media":0,"parent":0,"menu_order":0,"comment_status":"closed","ping_status":"closed","template":"","meta":{"_acf_changed":false,"footnotes":""},"class_list":["post-511","page","type-page","status-publish","hentry"],"acf":[],"_links":{"self":[{"href":"https:\/\/www.fafich.ufmg.br\/relacoespublicas\/index.php?rest_route=\/wp\/v2\/pages\/511"}],"collection":[{"href":"https:\/\/www.fafich.ufmg.br\/relacoespublicas\/index.php?rest_route=\/wp\/v2\/pages"}],"about":[{"href":"https:\/\/www.fafich.ufmg.br\/relacoespublicas\/index.php?rest_route=\/wp\/v2\/types\/page"}],"author":[{"embeddable":true,"href":"https:\/\/www.fafich.ufmg.br\/relacoespublicas\/index.php?rest_route=\/wp\/v2\/users\/2"}],"replies":[{"embeddable":true,"href":"https:\/\/www.fafich.ufmg.br\/relacoespublicas\/index.php?rest_route=%2Fwp%2Fv2%2Fcomments&post=511"}],"version-history":[{"count":3,"href":"https:\/\/www.fafich.ufmg.br\/relacoespublicas\/index.php?rest_route=\/wp\/v2\/pages\/511\/revisions"}],"predecessor-version":[{"id":1042,"href":"https:\/\/www.fafich.ufmg.br\/relacoespublicas\/index.php?rest_route=\/wp\/v2\/pages\/511\/revisions\/1042"}],"wp:attachment":[{"href":"https:\/\/www.fafich.ufmg.br\/relacoespublicas\/index.php?rest_route=%2Fwp%2Fv2%2Fmedia&parent=511"}],"curies":[{"name":"wp","href":"https:\/\/api.w.org\/{rel}","templated":true}]}}