{"id":551,"date":"2025-03-21T15:56:12","date_gmt":"2025-03-21T18:56:12","guid":{"rendered":"https:\/\/www.fafich.ufmg.br\/relacoespublicas\/?page_id=551"},"modified":"2026-03-19T16:04:34","modified_gmt":"2026-03-19T19:04:34","slug":"composicao-do-nde","status":"publish","type":"page","link":"https:\/\/www.fafich.ufmg.br\/relacoespublicas\/?page_id=551","title":{"rendered":"Composi\u00e7\u00e3o do NDE"},"content":{"rendered":"\n<p><\/p>\n\n\n\n<p>O N\u00facleo Docente Estruturante integrado (NDE) do curso de Rela\u00e7\u00f5es P\u00fablicas foi criado pela Resolu\u00e7\u00e3o 01\/2021.&nbsp;O NDE \u00e9 uma inst\u00e2ncia de car\u00e1ter consultivo que deve acompanhar os cursos de gradua\u00e7\u00e3o, visando promover a sua qualidade.<\/p>\n\n\n\n<p>Os membros do NDE foram eleitos em conformidade com a&nbsp;<a href=\"https:\/\/www2.ufmg.br\/sods\/content\/download\/2301\/15780\/version\/1\/file\/10rescepe2018+NDE.pdf\" target=\"_blank\" rel=\"noreferrer noopener\">Resolu\u00e7\u00e3o 10\/2018 do Conselho de Ensino, Pesquisa e Extens\u00e3o (CEPE) da UFMG<\/a>&nbsp;e apresenta a seguinte configura\u00e7\u00e3o:<\/p>\n\n\n\n<p>\u2013 Prof. Eduardo de Jesus (membro nato, coordenador do Colegiado \u2013 mandato 12\/07\/2024 \u2013 12\/07\/2026)<\/p>\n\n\n\n<p>\u2013 Prof.&nbsp;Daniel Reis Silva (mandato: 12\/4\/2022 \u2013 12\/4\/2026)<\/p>\n\n\n\n<p>\u2013 Prof.\u00a0Leandro Augusto Borges Lima (mandato: 24\/01\/2025 \u2013 24\/01\/2029)<\/p>\n\n\n\n<p>\u2013 Profa. Vanessa Veiga de Oliveira (mandato: 29\/09\/2025 \u2013 29\/09\/2029)<\/p>\n\n\n\n<p>\u2013 Prof.\u00a0D\u00f4uglas Aparecido Ferreira (mandato: 29\/09\/2025 \u2013 29\/09\/2029)<\/p>\n\n\n\n<p><\/p>\n\n\n\n<p><\/p>\n","protected":false},"excerpt":{"rendered":"<p>O N\u00facleo Docente Estruturante integrado (NDE) do curso de Rela\u00e7\u00f5es P\u00fablicas foi criado pela Resolu\u00e7\u00e3o 01\/2021.&nbsp;O NDE \u00e9 uma inst\u00e2ncia de car\u00e1ter consultivo que deve acompanhar os cursos de gradua\u00e7\u00e3o, visando promover a sua qualidade. Os membros do NDE foram eleitos em conformidade com a&nbsp;Resolu\u00e7\u00e3o 10\/2018 do Conselho de Ensino, Pesquisa e Extens\u00e3o (CEPE) da [&hellip;]<\/p>\n","protected":false},"author":2,"featured_media":0,"parent":0,"menu_order":0,"comment_status":"closed","ping_status":"closed","template":"","meta":{"_acf_changed":false,"footnotes":""},"class_list":["post-551","page","type-page","status-publish","hentry"],"acf":[],"_links":{"self":[{"href":"https:\/\/www.fafich.ufmg.br\/relacoespublicas\/index.php?rest_route=\/wp\/v2\/pages\/551"}],"collection":[{"href":"https:\/\/www.fafich.ufmg.br\/relacoespublicas\/index.php?rest_route=\/wp\/v2\/pages"}],"about":[{"href":"https:\/\/www.fafich.ufmg.br\/relacoespublicas\/index.php?rest_route=\/wp\/v2\/types\/page"}],"author":[{"embeddable":true,"href":"https:\/\/www.fafich.ufmg.br\/relacoespublicas\/index.php?rest_route=\/wp\/v2\/users\/2"}],"replies":[{"embeddable":true,"href":"https:\/\/www.fafich.ufmg.br\/relacoespublicas\/index.php?rest_route=%2Fwp%2Fv2%2Fcomments&post=551"}],"version-history":[{"count":5,"href":"https:\/\/www.fafich.ufmg.br\/relacoespublicas\/index.php?rest_route=\/wp\/v2\/pages\/551\/revisions"}],"predecessor-version":[{"id":1111,"href":"https:\/\/www.fafich.ufmg.br\/relacoespublicas\/index.php?rest_route=\/wp\/v2\/pages\/551\/revisions\/1111"}],"wp:attachment":[{"href":"https:\/\/www.fafich.ufmg.br\/relacoespublicas\/index.php?rest_route=%2Fwp%2Fv2%2Fmedia&parent=551"}],"curies":[{"name":"wp","href":"https:\/\/api.w.org\/{rel}","templated":true}]}}