{"id":587,"date":"2025-03-21T15:59:21","date_gmt":"2025-03-21T18:59:21","guid":{"rendered":"https:\/\/www.fafich.ufmg.br\/relacoespublicas\/?page_id=587"},"modified":"2026-03-04T11:20:29","modified_gmt":"2026-03-04T14:20:29","slug":"estagio","status":"publish","type":"page","link":"https:\/\/www.fafich.ufmg.br\/relacoespublicas\/?page_id=587","title":{"rendered":"Est\u00e1gio"},"content":{"rendered":"\n<p><\/p>\n\n\n\n<p><strong>COMISS\u00c3O DE EST\u00c1GIO DO CURSO DE RELA\u00c7\u00d5ES P\u00daBLICAS<\/strong><\/p>\n\n\n\n<p>\u2013 Professor Supervisor: Prof.&nbsp;Andr\u00e9 Guimar\u00e3es Brasil<\/p>\n\n\n\n<p>\u2013 e-mail:&nbsp;relacoespublicas@fafich.ufmg.br<\/p>\n\n\n\n<blockquote class=\"wp-block-quote is-layout-flow wp-block-quote-is-layout-flow\">\n<p><strong>PROCEDIMENTOS PARA INICIAR A REALIZA\u00c7\u00c3O DO&nbsp;<\/strong><strong>EST\u00c1GIO&nbsp;N\u00c3O-OBRIGAT\u00d3RIO<\/strong><\/p>\n<\/blockquote>\n\n\n\n<p>Providenciar a documenta\u00e7\u00e3o at\u00e9 no m\u00e1ximo 30 dias&nbsp;<strong>ap\u00f3s<\/strong>&nbsp;o in\u00edcio do seu est\u00e1gio.<\/p>\n\n\n\n<p>A documenta\u00e7\u00e3o deve&nbsp;<strong>SEMPRE<\/strong>&nbsp;ser enviada pelo&nbsp;<strong>Moodle do Colegiado<\/strong>&nbsp;na tarefa \u201csolicitar formaliza\u00e7\u00e3o de est\u00e1gio.<\/p>\n\n\n\n<p><strong>N\u00e3o recebemos documenta\u00e7\u00e3o pelo email do Colegiado!<\/strong><\/p>\n\n\n\n<p>A documenta\u00e7\u00e3o \u00e9 recebida em fluxo cont\u00ednuo.&nbsp;<\/p>\n\n\n\n<p><em><strong>Passo 1 \u2013 Cadastro no SEI<\/strong><\/em><\/p>\n\n\n\n<p>Os&nbsp;<strong>discentes<\/strong>&nbsp;devem se cadastrar no Sistema Eletr\u00f4nico de Informa\u00e7\u00e3o (SEI), assim como os&nbsp;<strong>representantes<\/strong>&nbsp;da empresa.<\/p>\n\n\n\n<ol class=\"wp-block-list\">\n<li>Ir em\u00a0<a href=\"https:\/\/sei.ufmg.br\/sei\/controlador_externo.php?acao=usuario_externo_logar&amp;id_orgao_acesso_externo=0\">cadastro de usu\u00e1rio externo<\/a>\u00a0e preencher as informa\u00e7\u00f5es<\/li>\n\n\n\n<li>Imediatamente ap\u00f3s preencher o formul\u00e1rio, enviar email para sei@ufmg.br com c\u00f3pia do RG informando que trata-se de libera\u00e7\u00e3o de cadastro externo para est\u00e1gio n\u00e3o obrigat\u00f3rio<\/li>\n<\/ol>\n\n\n\n<p><em><strong>Passo 2 \u2013 Submiss\u00e3o dos Documentos<\/strong><\/em><\/p>\n\n\n\n<p>O&nbsp;discente deve enviar, por meio do Moodle do Colegiado do Curso de Rela\u00e7\u00f5es P\u00fablicas , a solicita\u00e7\u00e3o de formaliza\u00e7\u00e3o do est\u00e1gio, anexando os seguintes documentos em formato edit\u00e1vel (.doc ou equivalente):<br>\u2013&nbsp;<a href=\"https:\/\/www.fafich.ufmg.br\/relacoespublicas\/wp-content\/uploads\/2019\/12\/modTermoCompromissoNVinculo-1-1.pdf\">Termo de Compromisso<\/a>&nbsp;(dispon\u00edvel no Moodle do Colegiado do Curso de Rela\u00e7\u00f5es P\u00fablicas)&nbsp;<br>\u2013&nbsp;<a href=\"https:\/\/www.fafich.ufmg.br\/relacoespublicas\/wp-content\/uploads\/2019\/12\/Plano-de-atividades-7.pdf\">Plano de Atividades<\/a>&nbsp;(dispon\u00edvel no Moodle do Colegiado do Curso de Rela\u00e7\u00f5es P\u00fablicas)<\/p>\n\n\n\n<p><em><strong>Passo 3 \u2013&nbsp;<\/strong><strong>Abertura de processo e assinatura<\/strong><\/em><br>A Comiss\u00e3o de Est\u00e1gio criar\u00e1 um processo espec\u00edfico no Sistema Eletr\u00f4nico de Informa\u00e7\u00e3o (SEI) para que discente e representantes da empresa assinem digitalmente os documentos.<\/p>\n\n\n\n<p>Quando o processo for criado, um e-mail ser\u00e1 enviado pela Comiss\u00e3o para o discente.<\/p>\n\n\n\n<p>Ap\u00f3s a assinatura do discente, dos representantes da empresa, e do Colegiado, uma c\u00f3pia do processo \u00e9 enviada pela secretaria do Colegiado a todos os interessados<\/p>\n\n\n\n<blockquote class=\"wp-block-quote is-layout-flow wp-block-quote-is-layout-flow\">\n<p><strong>PROCEDIMENTOS DURANTE E AP\u00d3S O EST\u00c1GIO<\/strong><\/p>\n<\/blockquote>\n\n\n\n<p>Em todos os procedimentos abaixo, os documentos devem ser enviados por meio do&nbsp;<strong>Moodle do Colegiado do Curso de Rela\u00e7\u00f5es P\u00fablicas<\/strong>&nbsp;em formato edit\u00e1vel (.doc ou similares).<\/p>\n\n\n\n<p><strong>1.&nbsp;<a href=\"https:\/\/www.fafich.ufmg.br\/relacoespublicas\/wp-content\/uploads\/2019\/12\/Relato%CC%81rio-de-Atividades-Parcial-e-Final-4-2.pdf\">RELAT\u00d3RIO DE ATIVIDADES DE EST\u00c1GIO<\/a>:<\/strong>&nbsp;A cada&nbsp;<strong>seis meses<\/strong>, enviar RELAT\u00d3RIO DE ATIVIDADES DE EST\u00c1GIO. (tamb\u00e9m dispon\u00edvel no Moodle do Colegiado do Curso de Rela\u00e7\u00f5es P\u00fablicas no formato doc) .&nbsp;<\/p>\n\n\n\n<p><strong>2.&nbsp;<a href=\"https:\/\/www.fafich.ufmg.br\/relacoespublicas\/wp-content\/uploads\/2019\/12\/Rescisa%CC%83o-3.pdf\">RESCIS\u00c3O:&nbsp;<\/a><\/strong>Se o estudante interromper o est\u00e1gio antes do prazo descrito no Termo de Compromisso, deve enviar o&nbsp;termo de rescis\u00e3o. (tamb\u00e9m dispon\u00edvel no Moodle do Colegiado do Curso de Rela\u00e7\u00f5es P\u00fablicas)<\/p>\n\n\n\n<p><strong>3.&nbsp;<a href=\"https:\/\/www.fafich.ufmg.br\/relacoespublicas\/wp-content\/uploads\/2019\/12\/Termo-Aditivo-6.pdf\">PRORROGA\u00c7\u00c3O DO EST\u00c1GIO<\/a><\/strong>&nbsp;(Termo Aditivo de Compromisso): Enviar o TERMO DE ADITAMENTO. (dispon\u00edvel no Moodle do Colegiado do Curso de Rela\u00e7\u00f5es P\u00fablicas)<\/p>\n\n\n\n<p><strong>4.&nbsp;<a href=\"https:\/\/www.fafich.ufmg.br\/relacoespublicas\/wp-content\/uploads\/2019\/12\/Relato%CC%81rio-de-Atividades-Parcial-e-Final-4-2.pdf\">FINAL DO EST\u00c1GIO<\/a>:<\/strong>&nbsp;Ao final do Est\u00e1gio, o discente deve enviar o RELAT\u00d3RIO DE ATIVIDADES DE EST\u00c1GIO. (tamb\u00e9m dispon\u00edvel no Moodle do Colegiado do Curso de Rela\u00e7\u00f5es P\u00fablicas)<\/p>\n\n\n\n<blockquote class=\"wp-block-quote is-layout-flow wp-block-quote-is-layout-flow\">\n<p><strong>DISCIPLINA OBRIGAT\u00d3RIA DE EST\u00c1GIO&nbsp;(COM698 \u2013 Est\u00e1gio Supervisionado Obrigat\u00f3rio)<\/strong><\/p>\n<\/blockquote>\n\n\n\n<p>Para se matricular na disciplina obrigat\u00f3ria \u201cEst\u00e1gio Supervisionado Obrigat\u00f3rio\u201d (c\u00f3digo COM 698),&nbsp;<strong>os&nbsp;discentes&nbsp;devem cumprir&nbsp;as seguintes condi\u00e7\u00f5es:<\/strong><\/p>\n\n\n\n<p>1) J\u00c1 FIZERAM EST\u00c1GIO com a produ\u00e7\u00e3o de relat\u00f3rio semestral entregue ao colegiado;&nbsp;<strong>OU<\/strong><\/p>\n\n\n\n<p>2) Realizam est\u00e1gio no mesmo per\u00edodo em que se matriculou na disciplina e t\u00eam a perspectiva de nele permanecer e cumprir, pelo menos, 210 horas. Essa carga hor\u00e1ria deve ser completada at\u00e9 45 dias antes da finaliza\u00e7\u00e3o do semestre letivo.<\/p>\n\n\n\n<p>QUEM N\u00c3O REALIZOU EST\u00c1GIO antes da disciplina, N\u00c3O deve se matricular nela.<\/p>\n\n\n\n<blockquote class=\"wp-block-quote is-layout-flow wp-block-quote-is-layout-flow\">\n<p><strong>NORMAS SOBRE EST\u00c1GIO<\/strong><\/p>\n<\/blockquote>\n\n\n\n<p>O est\u00e1gio no curso de Rela\u00e7\u00f5es P\u00fablicas \u00e9 obrigat\u00f3rio, \u00e9 regulamentado pela&nbsp;<a href=\"https:\/\/www.fafich.ufmg.br\/relacoespublicas\/wp-content\/uploads\/2020\/01\/Resolu%C3%A7%C3%A3o-02-2019-estagio-obrigatorio.pdf\">Resolu\u00e7\u00e3o 002\/2019<\/a>&nbsp;e possui as seguintes caracter\u00edsticas:<\/p>\n\n\n\n<ul class=\"wp-block-list\">\n<li>Deve contemplar um plano de atividades que descreva a\u00e7\u00f5es realizadas pelo estudante na \u00e1rea de Rela\u00e7\u00f5es P\u00fablicas.<\/li>\n\n\n\n<li>A carga hor\u00e1ria m\u00e1xima do est\u00e1gio \u00e9 de 30 horas semanais<\/li>\n\n\n\n<li>O est\u00e1gio \u00e9 acompanhado pela Comiss\u00e3o de Est\u00e1gio de forma conjunta com a Coordena\u00e7\u00e3o de Curso.<\/li>\n\n\n\n<li>A Comiss\u00e3o de Est\u00e1gio \u00e9 respons\u00e1vel por aprovar o plano de atividades proposto ao in\u00edcio do est\u00e1gio, receber e avaliar os relat\u00f3rios parciais e finais.<\/li>\n\n\n\n<li>As atividades did\u00e1ticas do estudante s\u00e3o priorit\u00e1rias e a participa\u00e7\u00e3o e aproveitamento do discente no curso n\u00e3o podem ser prejudicadas pela participa\u00e7\u00e3o no est\u00e1gio.<\/li>\n<\/ul>\n\n\n\n<p>Sobre os instrumentos jur\u00eddicos que regem as atividades do est\u00e1gio, consulte:<\/p>\n\n\n\n<p>a&nbsp;<a href=\"https:\/\/www.ufmg.br\/prograd\/arquivos\/estagio\/Cartilha.pdf\">cartilha sobre a lei de est\u00e1gio<\/a>&nbsp;e a&nbsp;<a href=\"http:\/\/www.planalto.gov.br\/ccivil_03\/_ato2007-2010\/2008\/lei\/l11788.htm\">\u00edntegra da Lei do est\u00e1gio: LEI N\u00ba 11.788, de 25 de setembro de 2008<\/a>.<\/p>\n","protected":false},"excerpt":{"rendered":"<p>COMISS\u00c3O DE EST\u00c1GIO DO CURSO DE RELA\u00c7\u00d5ES P\u00daBLICAS \u2013 Professor Supervisor: Prof.&nbsp;Andr\u00e9 Guimar\u00e3es Brasil \u2013 e-mail:&nbsp;relacoespublicas@fafich.ufmg.br PROCEDIMENTOS PARA INICIAR A REALIZA\u00c7\u00c3O DO&nbsp;EST\u00c1GIO&nbsp;N\u00c3O-OBRIGAT\u00d3RIO Providenciar a documenta\u00e7\u00e3o at\u00e9 no m\u00e1ximo 30 dias&nbsp;ap\u00f3s&nbsp;o in\u00edcio do seu est\u00e1gio. A documenta\u00e7\u00e3o deve&nbsp;SEMPRE&nbsp;ser enviada pelo&nbsp;Moodle do Colegiado&nbsp;na tarefa \u201csolicitar formaliza\u00e7\u00e3o de est\u00e1gio. N\u00e3o recebemos documenta\u00e7\u00e3o pelo email do Colegiado! A documenta\u00e7\u00e3o [&hellip;]<\/p>\n","protected":false},"author":2,"featured_media":0,"parent":0,"menu_order":0,"comment_status":"closed","ping_status":"closed","template":"","meta":{"_acf_changed":false,"footnotes":""},"class_list":["post-587","page","type-page","status-publish","hentry"],"acf":[],"_links":{"self":[{"href":"https:\/\/www.fafich.ufmg.br\/relacoespublicas\/index.php?rest_route=\/wp\/v2\/pages\/587"}],"collection":[{"href":"https:\/\/www.fafich.ufmg.br\/relacoespublicas\/index.php?rest_route=\/wp\/v2\/pages"}],"about":[{"href":"https:\/\/www.fafich.ufmg.br\/relacoespublicas\/index.php?rest_route=\/wp\/v2\/types\/page"}],"author":[{"embeddable":true,"href":"https:\/\/www.fafich.ufmg.br\/relacoespublicas\/index.php?rest_route=\/wp\/v2\/users\/2"}],"replies":[{"embeddable":true,"href":"https:\/\/www.fafich.ufmg.br\/relacoespublicas\/index.php?rest_route=%2Fwp%2Fv2%2Fcomments&post=587"}],"version-history":[{"count":4,"href":"https:\/\/www.fafich.ufmg.br\/relacoespublicas\/index.php?rest_route=\/wp\/v2\/pages\/587\/revisions"}],"predecessor-version":[{"id":1056,"href":"https:\/\/www.fafich.ufmg.br\/relacoespublicas\/index.php?rest_route=\/wp\/v2\/pages\/587\/revisions\/1056"}],"wp:attachment":[{"href":"https:\/\/www.fafich.ufmg.br\/relacoespublicas\/index.php?rest_route=%2Fwp%2Fv2%2Fmedia&parent=587"}],"curies":[{"name":"wp","href":"https:\/\/api.w.org\/{rel}","templated":true}]}}